{"id":7493,"date":"2025-10-06T21:53:46","date_gmt":"2025-10-06T14:53:46","guid":{"rendered":"https:\/\/bitcoinvn.io\/shop\/?post_type=product&#038;p=7493"},"modified":"2025-10-06T21:53:46","modified_gmt":"2025-10-06T14:53:46","slug":"the-little-hodler-vietnam-version","status":"publish","type":"product","link":"https:\/\/bitcoinvn.io\/shop\/product\/the-little-hodler-vietnam-version\/","title":{"rendered":"The Little Hodler Vietnam Version"},"content":{"rendered":"<h4>Dimensions<\/h4>\n<p>ca. 30 x 21 x 5 cm<\/p>\n<h4>Materials<\/h4>\n<p>100% Polyester<\/p>\n","protected":false},"excerpt":{"rendered":"<p><b>Little Hodler goes Vietnam!<\/b><\/p>\n<p><span style=\"font-weight: 400;\">Enjoying a mighty Vietnamese-style B\u00e1nh m\u00ec and protected from the scorching tropical sun with the traditional Vietnamese n\u00f3n l\u00e1, Little Hodler is ready to embark on his adventures in Vietnam!<\/span><\/p>\n<p><span style=\"font-weight: 400;\">The Vietnam edition of Little Hodler is an official collaboration between <\/span><b>BitcoinVN Shop<\/b><span style=\"font-weight: 400;\"> and the <\/span><b>Little Hodler<\/b><span style=\"font-weight: 400;\"> team around its creator Lina, based in El Salvador. It\u2019s part of our ongoing collaborative efforts to strengthen ties between the Bitcoin communities and businesses of \u201cBitcoin Country\u201d El Salvador and Vietnam.<\/span><\/p>\n<p><span style=\"font-weight: 400;\">The Vietnam Little Hodler is a <\/span><b>limited edition<\/b><span style=\"font-weight: 400;\">, capped at the symbolic number of <\/span><b>210 units<\/b><span style=\"font-weight: 400;\">.<\/span><\/p>\n<p><span style=\"font-weight: 400;\">Once they\u2019re gone, they\u2019re gone &#8211; a rare collector\u2019s item that will stand out on the shelf of every Bitcoiner with a connection to Vietnam.<\/span><\/p>\n<p><span style=\"font-weight: 400;\">\u2014<\/span><\/p>\n<p><span style=\"font-weight: 400;\">The team of BitcoinVN Shop will donate 2.1% of the total proceeds from Little HODLer sales to community and charitable causes &#8211; split between initiatives in El Salvador and the domestic <\/span><a href=\"https:\/\/bitcoinsaigon.org\/donate-satoshis\"><span style=\"font-weight: 400;\">Bitcoin community in our hometown of Saigon<\/span><\/a><span style=\"font-weight: 400;\">, Vietnam.<\/span><\/p>\n","protected":false},"featured_media":7497,"comment_status":"open","ping_status":"closed","template":"","meta":[],"product_brand":[],"product_cat":[858,415],"product_tag":[],"class_list":{"0":"post-7493","1":"product","2":"type-product","3":"status-publish","4":"has-post-thumbnail","6":"product_cat-little-hodler","7":"product_cat-arts-collectibles","9":"first","10":"instock","11":"taxable","12":"shipping-taxable","13":"purchasable","14":"product-type-simple"},"yoast_head":"<!-- This site is optimized with the Yoast SEO plugin v26.6 - https:\/\/yoast.com\/wordpress\/plugins\/seo\/ -->\n<title>The Little Hodler Vietnam Version - BitcoinVN Shop<\/title>\n<meta name=\"description\" content=\"Buy The Little Hodler Vietnam Version on BitcoinVN Shop - Official Hardware Wallet Distributor in Vietnam.\" \/>\n<meta name=\"robots\" content=\"index, follow, max-snippet:-1, max-image-preview:large, max-video-preview:-1\" \/>\n<link rel=\"canonical\" href=\"https:\/\/bitcoinvn.io\/shop\/product\/the-little-hodler-vietnam-version\/\" \/>\n<meta property=\"og:locale\" content=\"en_US\" \/>\n<meta property=\"og:type\" content=\"article\" \/>\n<meta property=\"og:title\" content=\"The Little Hodler Vietnam Version - BitcoinVN Shop\" \/>\n<meta property=\"og:description\" content=\"Buy The Little Hodler Vietnam Version on BitcoinVN Shop - Official Hardware Wallet Distributor in Vietnam.\" \/>\n<meta property=\"og:url\" content=\"https:\/\/bitcoinvn.io\/shop\/product\/the-little-hodler-vietnam-version\/\" \/>\n<meta property=\"og:site_name\" content=\"BitcoinVN Shop\" \/>\n<meta property=\"article:publisher\" content=\"https:\/\/www.facebook.com\/BitcoinVNShop\/\" \/>\n<meta property=\"og:image\" content=\"https:\/\/bitcoinvn.io\/shop\/wp-content\/uploads\/2025\/10\/photo_6201982580321010365_y.jpg\" \/>\n\t<meta property=\"og:image:width\" content=\"962\" \/>\n\t<meta property=\"og:image:height\" content=\"1280\" \/>\n\t<meta property=\"og:image:type\" content=\"image\/jpeg\" \/>\n<meta name=\"twitter:card\" content=\"summary_large_image\" \/>\n<meta name=\"twitter:site\" content=\"@bitcoinvnshop\" \/>\n<meta name=\"twitter:label1\" content=\"Est. reading time\" \/>\n\t<meta name=\"twitter:data1\" content=\"1 minute\" \/>\n<script type=\"application\/ld+json\" class=\"yoast-schema-graph\">{\"@context\":\"https:\/\/schema.org\",\"@graph\":[{\"@type\":\"WebPage\",\"@id\":\"https:\/\/bitcoinvn.io\/shop\/product\/the-little-hodler-vietnam-version\/\",\"url\":\"https:\/\/bitcoinvn.io\/shop\/product\/the-little-hodler-vietnam-version\/\",\"name\":\"The Little Hodler Vietnam Version - BitcoinVN Shop\",\"isPartOf\":{\"@id\":\"https:\/\/bitcoinvn.io\/shop\/#website\"},\"primaryImageOfPage\":{\"@id\":\"https:\/\/bitcoinvn.io\/shop\/product\/the-little-hodler-vietnam-version\/#primaryimage\"},\"image\":{\"@id\":\"https:\/\/bitcoinvn.io\/shop\/product\/the-little-hodler-vietnam-version\/#primaryimage\"},\"thumbnailUrl\":\"https:\/\/bitcoinvn.io\/shop\/wp-content\/uploads\/2025\/10\/photo_6201982580321010365_y.jpg\",\"datePublished\":\"2025-10-06T14:53:46+00:00\",\"description\":\"Buy The Little Hodler Vietnam Version on BitcoinVN Shop - Official Hardware Wallet Distributor in Vietnam.\",\"breadcrumb\":{\"@id\":\"https:\/\/bitcoinvn.io\/shop\/product\/the-little-hodler-vietnam-version\/#breadcrumb\"},\"inLanguage\":\"en-US\",\"potentialAction\":[{\"@type\":\"ReadAction\",\"target\":[\"https:\/\/bitcoinvn.io\/shop\/product\/the-little-hodler-vietnam-version\/\"]}]},{\"@type\":\"ImageObject\",\"inLanguage\":\"en-US\",\"@id\":\"https:\/\/bitcoinvn.io\/shop\/product\/the-little-hodler-vietnam-version\/#primaryimage\",\"url\":\"https:\/\/bitcoinvn.io\/shop\/wp-content\/uploads\/2025\/10\/photo_6201982580321010365_y.jpg\",\"contentUrl\":\"https:\/\/bitcoinvn.io\/shop\/wp-content\/uploads\/2025\/10\/photo_6201982580321010365_y.jpg\",\"width\":962,\"height\":1280},{\"@type\":\"BreadcrumbList\",\"@id\":\"https:\/\/bitcoinvn.io\/shop\/product\/the-little-hodler-vietnam-version\/#breadcrumb\",\"itemListElement\":[{\"@type\":\"ListItem\",\"position\":1,\"name\":\"Home\",\"item\":\"https:\/\/bitcoinvn.io\/shop\/store\/\"},{\"@type\":\"ListItem\",\"position\":2,\"name\":\"Shop\",\"item\":\"https:\/\/bitcoinvn.io\/shop\/shop\/\"},{\"@type\":\"ListItem\",\"position\":3,\"name\":\"The Little Hodler Vietnam Version\"}]},{\"@type\":\"WebSite\",\"@id\":\"https:\/\/bitcoinvn.io\/shop\/#website\",\"url\":\"https:\/\/bitcoinvn.io\/shop\/\",\"name\":\"BitcoinVN Shop\",\"description\":\"Official Hardware Wallet Distributor in Vietnam\",\"publisher\":{\"@id\":\"https:\/\/bitcoinvn.io\/shop\/#organization\"},\"potentialAction\":[{\"@type\":\"SearchAction\",\"target\":{\"@type\":\"EntryPoint\",\"urlTemplate\":\"https:\/\/bitcoinvn.io\/shop\/?s={search_term_string}\"},\"query-input\":{\"@type\":\"PropertyValueSpecification\",\"valueRequired\":true,\"valueName\":\"search_term_string\"}}],\"inLanguage\":\"en-US\"},{\"@type\":\"Organization\",\"@id\":\"https:\/\/bitcoinvn.io\/shop\/#organization\",\"name\":\"BitcoinVN Shop\",\"url\":\"https:\/\/bitcoinvn.io\/shop\/\",\"logo\":{\"@type\":\"ImageObject\",\"inLanguage\":\"en-US\",\"@id\":\"https:\/\/bitcoinvn.io\/shop\/#\/schema\/logo\/image\/\",\"url\":\"https:\/\/bitcoinvn.io\/shop\/wp-content\/uploads\/2021\/03\/logo-bitcoinvn-shop.jpg\",\"contentUrl\":\"https:\/\/bitcoinvn.io\/shop\/wp-content\/uploads\/2021\/03\/logo-bitcoinvn-shop.jpg\",\"width\":1200,\"height\":675,\"caption\":\"BitcoinVN Shop\"},\"image\":{\"@id\":\"https:\/\/bitcoinvn.io\/shop\/#\/schema\/logo\/image\/\"},\"sameAs\":[\"https:\/\/www.facebook.com\/BitcoinVNShop\/\",\"https:\/\/x.com\/bitcoinvnshop\"]}]}<\/script>\n<!-- \/ Yoast SEO plugin. -->","yoast_head_json":{"title":"The Little Hodler Vietnam Version - BitcoinVN Shop","description":"Buy The Little Hodler Vietnam Version on BitcoinVN Shop - Official Hardware Wallet Distributor in Vietnam.","robots":{"index":"index","follow":"follow","max-snippet":"max-snippet:-1","max-image-preview":"max-image-preview:large","max-video-preview":"max-video-preview:-1"},"canonical":"https:\/\/bitcoinvn.io\/shop\/product\/the-little-hodler-vietnam-version\/","og_locale":"en_US","og_type":"article","og_title":"The Little Hodler Vietnam Version - BitcoinVN Shop","og_description":"Buy The Little Hodler Vietnam Version on BitcoinVN Shop - Official Hardware Wallet Distributor in Vietnam.","og_url":"https:\/\/bitcoinvn.io\/shop\/product\/the-little-hodler-vietnam-version\/","og_site_name":"BitcoinVN Shop","article_publisher":"https:\/\/www.facebook.com\/BitcoinVNShop\/","og_image":[{"width":962,"height":1280,"url":"https:\/\/bitcoinvn.io\/shop\/wp-content\/uploads\/2025\/10\/photo_6201982580321010365_y.jpg","type":"image\/jpeg"}],"twitter_card":"summary_large_image","twitter_site":"@bitcoinvnshop","twitter_misc":{"Est. reading time":"1 minute"},"schema":{"@context":"https:\/\/schema.org","@graph":[{"@type":"WebPage","@id":"https:\/\/bitcoinvn.io\/shop\/product\/the-little-hodler-vietnam-version\/","url":"https:\/\/bitcoinvn.io\/shop\/product\/the-little-hodler-vietnam-version\/","name":"The Little Hodler Vietnam Version - BitcoinVN Shop","isPartOf":{"@id":"https:\/\/bitcoinvn.io\/shop\/#website"},"primaryImageOfPage":{"@id":"https:\/\/bitcoinvn.io\/shop\/product\/the-little-hodler-vietnam-version\/#primaryimage"},"image":{"@id":"https:\/\/bitcoinvn.io\/shop\/product\/the-little-hodler-vietnam-version\/#primaryimage"},"thumbnailUrl":"https:\/\/bitcoinvn.io\/shop\/wp-content\/uploads\/2025\/10\/photo_6201982580321010365_y.jpg","datePublished":"2025-10-06T14:53:46+00:00","description":"Buy The Little Hodler Vietnam Version on BitcoinVN Shop - Official Hardware Wallet Distributor in Vietnam.","breadcrumb":{"@id":"https:\/\/bitcoinvn.io\/shop\/product\/the-little-hodler-vietnam-version\/#breadcrumb"},"inLanguage":"en-US","potentialAction":[{"@type":"ReadAction","target":["https:\/\/bitcoinvn.io\/shop\/product\/the-little-hodler-vietnam-version\/"]}]},{"@type":"ImageObject","inLanguage":"en-US","@id":"https:\/\/bitcoinvn.io\/shop\/product\/the-little-hodler-vietnam-version\/#primaryimage","url":"https:\/\/bitcoinvn.io\/shop\/wp-content\/uploads\/2025\/10\/photo_6201982580321010365_y.jpg","contentUrl":"https:\/\/bitcoinvn.io\/shop\/wp-content\/uploads\/2025\/10\/photo_6201982580321010365_y.jpg","width":962,"height":1280},{"@type":"BreadcrumbList","@id":"https:\/\/bitcoinvn.io\/shop\/product\/the-little-hodler-vietnam-version\/#breadcrumb","itemListElement":[{"@type":"ListItem","position":1,"name":"Home","item":"https:\/\/bitcoinvn.io\/shop\/store\/"},{"@type":"ListItem","position":2,"name":"Shop","item":"https:\/\/bitcoinvn.io\/shop\/shop\/"},{"@type":"ListItem","position":3,"name":"The Little Hodler Vietnam Version"}]},{"@type":"WebSite","@id":"https:\/\/bitcoinvn.io\/shop\/#website","url":"https:\/\/bitcoinvn.io\/shop\/","name":"BitcoinVN Shop","description":"Official Hardware Wallet Distributor in Vietnam","publisher":{"@id":"https:\/\/bitcoinvn.io\/shop\/#organization"},"potentialAction":[{"@type":"SearchAction","target":{"@type":"EntryPoint","urlTemplate":"https:\/\/bitcoinvn.io\/shop\/?s={search_term_string}"},"query-input":{"@type":"PropertyValueSpecification","valueRequired":true,"valueName":"search_term_string"}}],"inLanguage":"en-US"},{"@type":"Organization","@id":"https:\/\/bitcoinvn.io\/shop\/#organization","name":"BitcoinVN Shop","url":"https:\/\/bitcoinvn.io\/shop\/","logo":{"@type":"ImageObject","inLanguage":"en-US","@id":"https:\/\/bitcoinvn.io\/shop\/#\/schema\/logo\/image\/","url":"https:\/\/bitcoinvn.io\/shop\/wp-content\/uploads\/2021\/03\/logo-bitcoinvn-shop.jpg","contentUrl":"https:\/\/bitcoinvn.io\/shop\/wp-content\/uploads\/2021\/03\/logo-bitcoinvn-shop.jpg","width":1200,"height":675,"caption":"BitcoinVN Shop"},"image":{"@id":"https:\/\/bitcoinvn.io\/shop\/#\/schema\/logo\/image\/"},"sameAs":["https:\/\/www.facebook.com\/BitcoinVNShop\/","https:\/\/x.com\/bitcoinvnshop"]}]}},"lang":"en","translations":{"en":7493},"pll_sync_post":[],"_links":{"self":[{"href":"https:\/\/bitcoinvn.io\/shop\/wp-json\/wp\/v2\/product\/7493","targetHints":{"allow":["GET"]}}],"collection":[{"href":"https:\/\/bitcoinvn.io\/shop\/wp-json\/wp\/v2\/product"}],"about":[{"href":"https:\/\/bitcoinvn.io\/shop\/wp-json\/wp\/v2\/types\/product"}],"replies":[{"embeddable":true,"href":"https:\/\/bitcoinvn.io\/shop\/wp-json\/wp\/v2\/comments?post=7493"}],"wp:featuredmedia":[{"embeddable":true,"href":"https:\/\/bitcoinvn.io\/shop\/wp-json\/wp\/v2\/media\/7497"}],"wp:attachment":[{"href":"https:\/\/bitcoinvn.io\/shop\/wp-json\/wp\/v2\/media?parent=7493"}],"wp:term":[{"taxonomy":"product_brand","embeddable":true,"href":"https:\/\/bitcoinvn.io\/shop\/wp-json\/wp\/v2\/product_brand?post=7493"},{"taxonomy":"product_cat","embeddable":true,"href":"https:\/\/bitcoinvn.io\/shop\/wp-json\/wp\/v2\/product_cat?post=7493"},{"taxonomy":"product_tag","embeddable":true,"href":"https:\/\/bitcoinvn.io\/shop\/wp-json\/wp\/v2\/product_tag?post=7493"}],"curies":[{"name":"wp","href":"https:\/\/api.w.org\/{rel}","templated":true}]}}