{"id":7293,"date":"2025-08-19T15:20:17","date_gmt":"2025-08-19T08:20:17","guid":{"rendered":"https:\/\/bitcoinvn.io\/shop\/?post_type=product&#038;p=7293"},"modified":"2026-04-10T15:34:59","modified_gmt":"2026-04-10T08:34:59","slug":"ledger-stax","status":"publish","type":"product","link":"https:\/\/bitcoinvn.io\/shop\/vi\/product\/ledger-stax\/","title":{"rendered":"Ledger Stax\u2122"},"content":{"rendered":"<p><span style=\"font-weight: 400;\">Ledger Stax\u2122 \u0111\u01b0\u1ee3c thi\u1ebft k\u1ebf d\u00e0nh ri\u00eang cho vi\u1ec7c qu\u1ea3n l\u00fd ti\u1ec1n \u0111i\u1ec7n t\u1eed v\u00e0 NFT h\u00e0ng ng\u00e0y, mang \u0111\u1ebfn s\u1ef1 an to\u00e0n, tr\u1ef1c quan v\u00e0 ti\u1ec7n l\u1ee3i h\u01a1n bao gi\u1edd h\u1ebft. V\u1edbi m\u00e0n h\u00ecnh c\u1ea3m \u1ee9ng E Ink\u00ae cong \u0111\u1ed9c \u0111\u00e1o, kh\u1ea3 n\u0103ng c\u00e1 nh\u00e2n h\u00f3a cao v\u00e0 c\u00f4ng ngh\u1ec7 b\u1ea3o m\u1eadt chu\u1ea9n ng\u00e2n h\u00e0ng, Ledger Stax\u2122 mang l\u1ea1i s\u1ef1 k\u1ebft h\u1ee3p ho\u00e0n h\u1ea3o gi\u1eefa an to\u00e0n tuy\u1ec7t \u0111\u1ed1i v\u00e0 tr\u1ea3i nghi\u1ec7m ng\u01b0\u1eddi d\u00f9ng hi\u1ec7n \u0111\u1ea1i.<\/span><\/p>\n<p><span style=\"font-weight: 400;\">Ledger Stax\u2122 nguy\u00ean seal, nh\u1eadp kh\u1ea9u ch\u00ednh h\u00e3ng t\u1eeb nh\u00e0 s\u1ea3n xu\u1ea5t hi\u1ec7n \u0111\u00e3 c\u00f3 m\u1eb7t tr\u00ean BitcoinVN Shop.<\/span><\/p>\n<h2><b>Ledger Stax\u2122 \u2013 V\u00ed c\u1ee9ng th\u1ebf h\u1ec7 m\u1edbi v\u1edbi b\u1ea3o m\u1eadt t\u1ed1i \u0111a<\/b><\/h2>\n<h3><b>B\u1ea3o m\u1eadt h\u00e0ng \u0111\u1ea7u th\u1ebf gi\u1edbi v\u1edbi Secure Element &amp; CC EAL6+<\/b><\/h3>\n<p><span style=\"font-weight: 400;\">\u0110i\u1ec3m m\u1ea1nh nh\u1ea5t c\u1ee7a Ledger Stax\u2122 ch\u00ednh l\u00e0 chip Secure Element ST33K1M5, \u0111\u1ea1t ch\u1ee9ng nh\u1eadn CC EAL6+ \u2013 m\u1ed9t trong nh\u1eefng c\u1ea5p \u0111\u1ed9 b\u1ea3o m\u1eadt cao nh\u1ea5t hi\u1ec7n nay, th\u01b0\u1eddng ch\u1ec9 \u0111\u01b0\u1ee3c s\u1eed d\u1ee5ng trong h\u1ed9 chi\u1ebfu sinh tr\u1eafc h\u1ecdc, th\u1ebb t\u00edn d\u1ee5ng cao c\u1ea5p v\u00e0 h\u1ec7 th\u1ed1ng ng\u00e2n h\u00e0ng.\u00a0<\/span><\/p>\n<p><span style=\"font-weight: 400;\">Secure Element gi\u00fap gi\u1eef private key c\u1ee7a b\u1ea1n trong m\u1ed9t v\u00f9ng b\u1ea3o m\u1eadt t\u00e1ch bi\u1ec7t ho\u00e0n to\u00e0n v\u1edbi k\u1ebft n\u1ed1i internet, kh\u00f4ng th\u1ec3 b\u1ecb hacker x\u00e2m nh\u1eadp t\u1eeb xa. Nh\u1edd v\u1eady, Ledger Stax\u2122 g\u1ea7n nh\u01b0 <\/span><b>b\u1ea5t kh\u1ea3 x\u00e2m ph\u1ea1m<\/b><span style=\"font-weight: 400;\"> tr\u01b0\u1edbc c\u00e1c cu\u1ed9c t\u1ea5n c\u00f4ng tr\u1ef1c tuy\u1ebfn v\u00e0 gi\u1ea3 m\u1ea1o ph\u1ea7n m\u1ec1m, \u0111\u1ea3m b\u1ea3o t\u00e0i s\u1ea3n s\u1ed1 lu\u00f4n n\u1eb1m trong t\u1ea7m ki\u1ec3m so\u00e1t c\u1ee7a b\u1ea1n.<\/span><\/p>\n<h3><b>T\u00ednh n\u0103ng Clear Signing<\/b><\/h3>\n<p><span style=\"font-weight: 400;\">M\u1ed9t trong nh\u1eefng \u0111i\u1ec3m n\u1ed5i b\u1eadt v\u1ec1 b\u1ea3o m\u1eadt l\u00e0 t\u00ednh n\u0103ng Clear Signing (k\u00fd giao d\u1ecbch minh b\u1ea1ch). Thay v\u00ec ch\u1ec9 hi\u1ec3n th\u1ecb th\u00f4ng tin m\u00e3 h\u00f3a, Ledger Stax\u2122 cho ph\u00e9p b\u1ea1n:<\/span><\/p>\n<ul>\n<li style=\"font-weight: 400;\" aria-level=\"1\"><span style=\"font-weight: 400;\">Xem to\u00e0n b\u1ed9 chi ti\u1ebft giao d\u1ecbch b\u1eb1ng ng\u00f4n ng\u1eef d\u1ec5 hi\u1ec3u ngay tr\u00ean m\u00e0n h\u00ecnh E Ink\u00ae.<\/span><\/li>\n<li style=\"font-weight: 400;\" aria-level=\"1\"><span style=\"font-weight: 400;\">X\u00e1c nh\u1eadn ch\u00ednh x\u00e1c s\u1ed1 l\u01b0\u1ee3ng coin\/token, \u0111\u1ecba ch\u1ec9 v\u00ed v\u00e0 ph\u00ed giao d\u1ecbch tr\u01b0\u1edbc khi k\u00fd.<\/span><\/li>\n<li style=\"font-weight: 400;\" aria-level=\"1\"><span style=\"font-weight: 400;\">\u0110\u1ea3m b\u1ea3o b\u1ea1n th\u1ef1c s\u1ef1 bi\u1ebft m\u00ecnh \u0111ang k\u00fd c\u00e1i g\u00ec, lo\u1ea1i b\u1ecf nguy c\u01a1 b\u1ecb t\u1ea5n c\u00f4ng b\u1edfi c\u00e1c ph\u1ea7n m\u1ec1m gi\u1ea3 m\u1ea1o ho\u1eb7c giao d\u1ecbch \u1ea9n.<\/span><\/li>\n<\/ul>\n<h3><b>PIN Code v\u00e0 Ledger Recovery Key<\/b><\/h3>\n<ul>\n<li style=\"font-weight: 400;\" aria-level=\"1\"><b>PIN Code (4 \u2013 8 s\u1ed1): <\/b><span style=\"font-weight: 400;\">Thi\u1ebft b\u1ecb ch\u1ec9 c\u00f3 th\u1ec3 \u0111\u01b0\u1ee3c m\u1edf kh\u00f3a b\u1eb1ng m\u00e3 PIN b\u1ea1n t\u1ef1 ch\u1ecdn. N\u1ebfu b\u1ecb m\u1ea5t, k\u1ebb x\u1ea5u kh\u00f4ng th\u1ec3 truy c\u1eadp t\u00e0i s\u1ea3n c\u1ee7a b\u1ea1n.<\/span><\/li>\n<li style=\"font-weight: 400;\" aria-level=\"1\"><b>Ledger Recovery Key: <\/b><span style=\"font-weight: 400;\">M\u1ed9t h\u1ec7 th\u1ed1ng sao l\u01b0u th\u00f4ng minh, \u0111\u01b0\u1ee3c b\u1ea3o v\u1ec7 b\u1edfi th\u1ebb th\u00f4ng minh (smart card) v\u1edbi PIN ri\u00eang, \u0111\u1ea3m b\u1ea3o ch\u1ec9 b\u1ea1n m\u1edbi c\u00f3 th\u1ec3 ph\u1ee5c h\u1ed3i t\u00e0i s\u1ea3n trong tr\u01b0\u1eddng h\u1ee3p kh\u1ea9n c\u1ea5p.<\/span><\/li>\n<\/ul>\n<h3><b>H\u1ed7 tr\u1ee3 kh\u1ed1i l\u01b0\u1ee3ng l\u1edbn t\u00e0i s\u1ea3n s\u1ed1<\/b><\/h3>\n<ul>\n<li style=\"font-weight: 400;\" aria-level=\"1\"><span style=\"font-weight: 400;\">Qu\u1ea3n l\u00fd 5.500+ coin v\u00e0 token, bao g\u1ed3m Bitcoin, Ethereum, XRP v\u00e0 nhi\u1ec1u lo\u1ea1i altcoin ph\u1ed5 bi\u1ebfn kh\u00e1c.<\/span><\/li>\n<li style=\"font-weight: 400;\" aria-level=\"1\"><span style=\"font-weight: 400;\">H\u1ed7 tr\u1ee3 NFT tr\u00ean Ethereum v\u00e0 Polygon qua Ledger Live.<\/span><\/li>\n<li style=\"font-weight: 400;\" aria-level=\"1\"><span style=\"font-weight: 400;\">T\u01b0\u01a1ng th\u00edch v\u1edbi v\u00ed b\u00ean th\u1ee9 ba, gi\u00fap m\u1edf r\u1ed9ng ph\u1ea1m vi l\u01b0u tr\u1eef h\u00e0ng ng\u00e0n token v\u00e0 NFT kh\u00e1c.<\/span><\/li>\n<\/ul>\n<h3><b>M\u00e0n h\u00ecnh c\u1ea3m \u1ee9ng E Ink\u00ae cong 3.7 inch<\/b><\/h3>\n<p><span style=\"font-weight: 400;\">L\u1ea7n \u0111\u1ea7u ti\u00ean tr\u00ean m\u1ed9t v\u00ed c\u1ee9ng, Ledger Stax\u2122 s\u1edf h\u1eefu <\/span><b>m\u00e0n h\u00ecnh c\u1ea3m \u1ee9ng E Ink\u00ae cong<\/b><span style=\"font-weight: 400;\">, d\u1ec5 \u0111\u1ecdc d\u01b0\u1edbi \u00e1nh s\u00e1ng m\u1ea1nh, ti\u1ebft ki\u1ec7m pin v\u00e0 hi\u1ec3n th\u1ecb r\u00f5 r\u00e0ng to\u00e0n b\u1ed9 chi ti\u1ebft giao d\u1ecbch. Ngo\u00e0i ra v\u00ed c\u00f2n h\u1ed7 tr\u1ee3 <\/span><b>c\u00e1 nh\u00e2n h\u00f3a m\u00e0n h\u00ecnh kh\u00f3a<\/b><span style=\"font-weight: 400;\"> b\u1eb1ng NFT ho\u1eb7c \u1ea3nh y\u00eau th\u00edch, gi\u00fap v\u00ed tr\u1edf th\u00e0nh m\u1ed9t thi\u1ebft b\u1ecb v\u1eeba b\u1ea3o m\u1eadt, v\u1eeba mang t\u00ednh c\u00e1 nh\u00e2n.<\/span><\/p>\n<h3><b>K\u1ebft n\u1ed1i linh ho\u1ea1t<\/b><\/h3>\n<ul>\n<li style=\"font-weight: 400;\" aria-level=\"1\"><b>Bluetooth\u00ae 5.2: <\/b><span style=\"font-weight: 400;\">Qu\u1ea3n l\u00fd crypto m\u1ecdi l\u00fac, m\u1ecdi n\u01a1i th\u00f4ng qua \u1ee9ng d\u1ee5ng Ledger Live tr\u00ean smartphone.<\/span><\/li>\n<li style=\"font-weight: 400;\" aria-level=\"1\"><b>USB-C: <\/b><span style=\"font-weight: 400;\">K\u1ebft n\u1ed1i tr\u1ef1c ti\u1ebfp v\u1edbi m\u00e1y t\u00ednh Windows, macOS, Linux \u0111\u1ec3 thao t\u00e1c nhanh ch\u00f3ng v\u00e0 \u1ed5n \u0111\u1ecbnh.<\/span><\/li>\n<\/ul>\n<h3><b>Tr\u1ea3i nghi\u1ec7m ng\u01b0\u1eddi d\u00f9ng v\u01b0\u1ee3t tr\u1ed9i<\/b><\/h3>\n<ul>\n<li style=\"font-weight: 400;\" aria-level=\"1\"><b>Dung l\u01b0\u1ee3ng c\u00e0i \u0111\u1eb7t l\u1edbn:<\/b><span style=\"font-weight: 400;\"> C\u00f3 th\u1ec3 c\u00e0i t\u1edbi <\/span><b>100 \u1ee9ng d\u1ee5ng<\/b><span style=\"font-weight: 400;\"> c\u00f9ng l\u00fac, kh\u1eafc ph\u1ee5c h\u1ea1n ch\u1ebf b\u1ed9 nh\u1edb nh\u1ecf tr\u00ean Nano S.<\/span><\/li>\n<li style=\"font-weight: 400;\" aria-level=\"1\"><b>Thi\u1ebft k\u1ebf stackable:<\/b><span style=\"font-weight: 400;\"> C\u00e1c c\u1ea1nh c\u1ee7a Ledger Stax\u2122 c\u00f3 nam ch\u00e2m, cho ph\u00e9p x\u1ebfp ch\u1ed3ng nhi\u1ec1u v\u00ed v\u1edbi nhau g\u1ecdn g\u00e0ng v\u00e0 ti\u1ec7n l\u1ee3i.<\/span><\/li>\n<li style=\"font-weight: 400;\" aria-level=\"1\"><b>Pin l\u00e2u d\u00e0i:<\/b><span style=\"font-weight: 400;\"> C\u00f4ng ngh\u1ec7 m\u00e0n h\u00ecnh E Ink\u00ae si\u00eau ti\u1ebft ki\u1ec7m n\u0103ng l\u01b0\u1ee3ng, pin c\u00f3 th\u1ec3 ho\u1ea1t \u0111\u1ed9ng nhi\u1ec1u tu\u1ea7n ch\u1ec9 sau m\u1ed9t l\u1ea7n s\u1ea1c.<\/span><\/li>\n<\/ul>\n<h2><b>Th\u00f4ng s\u1ed1 k\u1ef9 thu\u1eadt c\u1ee7a Ledger Stax<\/b><\/h2>\n<table>\n<tbody>\n<tr>\n<td><b>Thi\u1ebft k\u1ebf<\/b><\/td>\n<td><span style=\"font-weight: 400;\">Nh\u00f4m &amp; nh\u1ef1a, nam ch\u00e2m t\u00edch h\u1ee3p (stackable) M\u00e0u: Graphite\u00a0<\/span><\/td>\n<\/tr>\n<tr>\n<td><b>Tr\u1ecdng l\u01b0\u1ee3ng<\/b><\/td>\n<td><span style=\"font-weight: 400;\">85 \u00d7 54 \u00d7 6 mm, 45.2g<\/span><\/td>\n<\/tr>\n<tr>\n<td><b>M\u00e0n h\u00ecnh<\/b><\/td>\n<td><span style=\"font-weight: 400;\">C\u1ea3m \u1ee9ng E Ink\u00ae cong 3.7 inch 16 thang \u0111\u1ed9 x\u00e1m<\/span><\/td>\n<\/tr>\n<tr>\n<td><b>K\u1ebft n\u1ed1i<\/b><\/td>\n<td><span style=\"font-weight: 400;\">Bluetooth\u00ae 5.2 USB-C<\/span><\/td>\n<\/tr>\n<tr>\n<td><b>B\u1ea3o m\u1eadt<\/b><\/td>\n<td><span style=\"font-weight: 400;\">Chip Secure Element ST33K1M5 Ch\u1ee9ng nh\u1eadn CC EAL6+ PIN code 4-8 s\u1ed1 Ledger Recovery Key<\/span><\/td>\n<\/tr>\n<tr>\n<td><b>H\u1ec7 \u0111i\u1ec1u h\u00e0nh<\/b><\/td>\n<td><span style=\"font-weight: 400;\">Windows 10\/11, macOS, Ubuntu 20.04\/22.04 (64-bit) iOS 14+, Android 10+ Kh\u00f4ng h\u1ed7 tr\u1ee3 Chromebook, mining<\/span><\/td>\n<\/tr>\n<tr>\n<td><b>T\u00e0i s\u1ea3n s\u1ed1<\/b><\/td>\n<td><span style=\"font-weight: 400;\">500+ coin\/token tr\u00ean Ledger Live NFT Ethereum &amp; Polygon h\u00e0ng ng\u00e0n coin\/token kh\u00e1c qua v\u00ed th\u1ee9 ba<\/span><\/td>\n<\/tr>\n<\/tbody>\n<\/table>\n<h2><b>B\u1ea1n s\u1ebd nh\u1eadn \u0111\u01b0\u1ee3c g\u00ec khi m\u1edf h\u1ed9p Ledger Stax ch\u00ednh h\u00e3ng?<\/b><\/h2>\n<ul>\n<li style=\"font-weight: 400;\" aria-level=\"1\"><span style=\"font-weight: 400;\">1 Ledger Stax<\/span><\/li>\n<li style=\"font-weight: 400;\" aria-level=\"1\"><span style=\"font-weight: 400;\">1 C\u00e1p USB-C to USB-C<\/span><\/li>\n<li style=\"font-weight: 400;\" aria-level=\"1\"><span style=\"font-weight: 400;\">3 T\u1edd gi\u1ea5y Recovery Sheet<\/span><\/li>\n<li style=\"font-weight: 400;\" aria-level=\"1\"><span style=\"font-weight: 400;\">1 V\u1ecf b\u1ea3o v\u1ec7 Ledger Stax Magnet Shell \u2013 M\u00e0u \u0110en Midnight<\/span><\/li>\n<li style=\"font-weight: 400;\" aria-level=\"1\"><span style=\"font-weight: 400;\">1 Ledger Recovery Key<\/span><\/li>\n<li style=\"font-weight: 400;\" aria-level=\"1\"><span style=\"font-weight: 400;\">S\u00e1ch h\u01b0\u1edbng d\u1eabn Ledger Stax<\/span><\/li>\n<\/ul>\n<p><img loading=\"lazy\" decoding=\"async\" class=\"aligncenter wp-image-7303 size-full\" src=\"https:\/\/bitcoinvn.io\/shop\/wp-content\/uploads\/2025\/08\/ledger-stax.jpg\" alt=\"\" width=\"800\" height=\"512\" srcset=\"https:\/\/bitcoinvn.io\/shop\/wp-content\/uploads\/2025\/08\/ledger-stax.jpg 800w, https:\/\/bitcoinvn.io\/shop\/wp-content\/uploads\/2025\/08\/ledger-stax-300x192.jpg 300w, https:\/\/bitcoinvn.io\/shop\/wp-content\/uploads\/2025\/08\/ledger-stax-768x492.jpg 768w, https:\/\/bitcoinvn.io\/shop\/wp-content\/uploads\/2025\/08\/ledger-stax-600x384.jpg 600w\" sizes=\"auto, (max-width: 800px) 100vw, 800px\" \/><\/p>\n<h2><b>V\u00ec sao n\u00ean mua Ledger Stax t\u1ea1i BitcoinVN Shop?<\/b><\/h2>\n<ul>\n<li style=\"font-weight: 400;\" aria-level=\"1\"><span style=\"font-weight: 400;\">S\u1ea3n ph\u1ea9m Ledger Stax\u2122 t\u1ea1i BitcoinVN Shop \u0111\u01b0\u1ee3c nh\u1eadp kh\u1ea9u tr\u1ef1c ti\u1ebfp, nguy\u00ean seal, nguy\u00ean h\u1ed9p t\u1eeb nh\u00e0 s\u1ea3n xu\u1ea5t, ch\u01b0a qua s\u1eed d\u1ee5ng hay can thi\u1ec7p.<\/span><\/li>\n<li style=\"font-weight: 400;\" aria-level=\"1\"><span style=\"font-weight: 400;\">H\u1ed7 tr\u1ee3 \u0111\u1ed5i tr\u1ea3 n\u1ebfu ph\u00e1t sinh l\u1ed7i t\u1eeb nh\u00e0 s\u1ea3n xu\u1ea5t v\u00e0 cho ph\u00e9p tr\u1ea3 h\u00e0ng n\u1ebfu ph\u00e1t hi\u1ec7n v\u00ed \u0111\u00e3 b\u1ecb can thi\u1ec7p tr\u01b0\u1edbc khi b\u1ea1n m\u1edf h\u1ed9p (cung c\u1ea5p video m\u1edf h\u1ed9p \u0111\u1ec3 \u0111\u01b0\u1ee3c gi\u1ea3i quy\u1ebft).<\/span><\/li>\n<li style=\"font-weight: 400;\" aria-level=\"1\"><span style=\"font-weight: 400;\">T\u1eb7ng k\u00e8m <\/span><b>01 gi\u1edd t\u01b0 v\u1ea5n b\u1ea3o m\u1eadt mi\u1ec5n ph\u00ed c\u00f9ng chuy\u00ean gia<\/b><span style=\"font-weight: 400;\"> khi mua Ledger Stax\u2122, gi\u00fap b\u1ea1n thi\u1ebft l\u1eadp v\u00ed \u0111\u00fang c\u00e1ch, h\u1ea1n ch\u1ebf t\u1ed1i \u0111a r\u1ee7i ro.<\/span><\/li>\n<li style=\"font-weight: 400;\" aria-level=\"1\"><span style=\"font-weight: 400;\">Giao h\u00e0ng nhanh ch\u00f3ng v\u00e0 mi\u1ec5n ph\u00ed khi mua Ledger Stax tr\u00ean m\u1ecdi t\u1ec9nh th\u00e0nh t\u1ea1i Vi\u1ec7t Nam.<\/span><\/li>\n<\/ul>\n<p>&nbsp;<\/p>\n<p style=\"text-align: center;\"><b><i>S\u1edf h\u1eefu ngay v\u00ed l\u1ea1nh Ledger Stax ngay \u0111\u1ec3 b\u1ea3o v\u1ec7 t\u00e0i s\u1ea3n s\u1ed1 c\u1ee7a b\u1ea1n!<\/i><\/b><\/p>\n","protected":false},"excerpt":{"rendered":"<ul>\n<li style=\"font-weight: 400;\" aria-level=\"1\"><span style=\"font-weight: 400;\">Qu\u1ea3n l\u00fd h\u01a1n 5.500+ coin v\u00e0 token, bao g\u1ed3m Bitcoin, Ethereum, XRP. H\u1ed7 tr\u1ee3 NFT tr\u00ean Ethereum v\u00e0 Polygon<\/span><\/li>\n<li style=\"font-weight: 400;\" aria-level=\"1\"><span style=\"font-weight: 400;\">Chip b\u1ea3o m\u1eadt Secure Element ST33K1M5 \u0111\u1ea1t ch\u1ee9ng nh\u1eadn CC EAL6+, chu\u1ea9n cao nh\u1ea5t hi\u1ec7n nay<\/span><\/li>\n<li style=\"font-weight: 400;\" aria-level=\"1\"><span style=\"font-weight: 400;\">T\u00edch h\u1ee3p NFC (Near Field Communication) \u0111\u1ec3 s\u1eed d\u1ee5ng v\u1edbi Ledger Live Mobile ho\u1eb7c \u1ee9ng d\u1ee5ng b\u00ean th\u1ee9 ba<\/span><\/li>\n<li style=\"font-weight: 400;\" aria-level=\"1\"><span style=\"font-weight: 400;\">\u0110\u1eb7t t\u00ean thi\u1ebft b\u1ecb, t\u00f9y ch\u1ec9nh m\u00e0n h\u00ecnh kh\u00f3a b\u1eb1ng NFT ho\u1eb7c \u1ea3nh y\u00eau th\u00edch<\/span><\/li>\n<\/ul>\n<p><em><strong>BitcoinVN Shop l\u00e0 nh\u00e0 ph\u00e2n ph\u1ed1i ch\u00ednh th\u1ee9c s\u1ea3n ph\u1ea9m Ledger Stax t\u1ea1i Vi\u1ec7t Nam.<\/strong><\/em><\/p>\n<hr \/>\n<p><em>B\u1ea1n \u1edf n\u01b0\u1edbc ngo\u00e0i?<\/em><\/p>\n<p><em>\u0110\u1eb7t h\u00e0ng tr\u1ef1c ti\u1ebfp t\u1eeb\u00a0<a href=\"https:\/\/shop.ledger.com\/pages\/ledger-stax?r=58783e684a3d\" target=\"_blank\" rel=\"noopener\">c\u1eeda h\u00e0ng Ledger<\/a>.<\/em><\/p>\n","protected":false},"featured_media":7294,"comment_status":"open","ping_status":"closed","template":"","meta":[],"product_brand":[],"product_cat":[337,145],"product_tag":[],"class_list":{"0":"post-7293","1":"product","2":"type-product","3":"status-publish","4":"has-post-thumbnail","6":"product_cat-hardware-wallets","7":"product_cat-ledger","9":"first","10":"instock","11":"taxable","12":"shipping-taxable","13":"purchasable","14":"product-type-simple"},"yoast_head":"<!-- This site is optimized with the Yoast SEO plugin v26.6 - https:\/\/yoast.com\/wordpress\/plugins\/seo\/ -->\n<title>Ledger Stax\u2122 - BitcoinVN Shop<\/title>\n<meta name=\"description\" content=\"Ledger Stax ch\u00ednh h\u00e3ng t\u1ea1i BitcoinVN Shop \u2013 b\u1ea3o m\u1eadt t\u1ed1i \u0111a, nguy\u00ean seal, h\u1ed7 tr\u1ee3 b\u1ea3o h\u00e0nh. Mua ngay \u0111\u1ec3 b\u1ea3o v\u1ec7 t\u00e0i s\u1ea3n s\u1ed1 c\u1ee7a b\u1ea1n!\" \/>\n<meta name=\"robots\" content=\"index, follow, max-snippet:-1, max-image-preview:large, max-video-preview:-1\" \/>\n<link rel=\"canonical\" href=\"https:\/\/bitcoinvn.io\/shop\/vi\/product\/ledger-stax\/\" \/>\n<meta property=\"og:locale\" content=\"en_US\" \/>\n<meta property=\"og:type\" content=\"article\" \/>\n<meta property=\"og:title\" content=\"Ledger Stax\u2122 - BitcoinVN Shop\" \/>\n<meta property=\"og:description\" content=\"Ledger Stax ch\u00ednh h\u00e3ng t\u1ea1i BitcoinVN Shop \u2013 b\u1ea3o m\u1eadt t\u1ed1i \u0111a, nguy\u00ean seal, h\u1ed7 tr\u1ee3 b\u1ea3o h\u00e0nh. Mua ngay \u0111\u1ec3 b\u1ea3o v\u1ec7 t\u00e0i s\u1ea3n s\u1ed1 c\u1ee7a b\u1ea1n!\" \/>\n<meta property=\"og:url\" content=\"https:\/\/bitcoinvn.io\/shop\/vi\/product\/ledger-stax\/\" \/>\n<meta property=\"og:site_name\" content=\"BitcoinVN Shop\" \/>\n<meta property=\"article:publisher\" content=\"https:\/\/www.facebook.com\/BitcoinVNShop\/\" \/>\n<meta property=\"article:modified_time\" content=\"2026-04-10T08:34:59+00:00\" \/>\n<meta property=\"og:image\" content=\"https:\/\/bitcoinvn.io\/shop\/wp-content\/uploads\/2025\/08\/Capture.jpg\" \/>\n\t<meta property=\"og:image:width\" content=\"679\" \/>\n\t<meta property=\"og:image:height\" content=\"681\" \/>\n\t<meta property=\"og:image:type\" content=\"image\/jpeg\" \/>\n<meta name=\"twitter:card\" content=\"summary_large_image\" \/>\n<meta name=\"twitter:site\" content=\"@bitcoinvnshop\" \/>\n<meta name=\"twitter:label1\" content=\"Est. reading time\" \/>\n\t<meta name=\"twitter:data1\" content=\"5 minutes\" \/>\n<script type=\"application\/ld+json\" class=\"yoast-schema-graph\">{\"@context\":\"https:\/\/schema.org\",\"@graph\":[{\"@type\":\"WebPage\",\"@id\":\"https:\/\/bitcoinvn.io\/shop\/vi\/product\/ledger-stax\/\",\"url\":\"https:\/\/bitcoinvn.io\/shop\/vi\/product\/ledger-stax\/\",\"name\":\"Ledger Stax\u2122 - BitcoinVN Shop\",\"isPartOf\":{\"@id\":\"https:\/\/bitcoinvn.io\/shop\/#website\"},\"primaryImageOfPage\":{\"@id\":\"https:\/\/bitcoinvn.io\/shop\/vi\/product\/ledger-stax\/#primaryimage\"},\"image\":{\"@id\":\"https:\/\/bitcoinvn.io\/shop\/vi\/product\/ledger-stax\/#primaryimage\"},\"thumbnailUrl\":\"https:\/\/bitcoinvn.io\/shop\/wp-content\/uploads\/2025\/08\/Capture.jpg\",\"datePublished\":\"2025-08-19T08:20:17+00:00\",\"dateModified\":\"2026-04-10T08:34:59+00:00\",\"description\":\"Ledger Stax ch\u00ednh h\u00e3ng t\u1ea1i BitcoinVN Shop \u2013 b\u1ea3o m\u1eadt t\u1ed1i \u0111a, nguy\u00ean seal, h\u1ed7 tr\u1ee3 b\u1ea3o h\u00e0nh. Mua ngay \u0111\u1ec3 b\u1ea3o v\u1ec7 t\u00e0i s\u1ea3n s\u1ed1 c\u1ee7a b\u1ea1n!\",\"breadcrumb\":{\"@id\":\"https:\/\/bitcoinvn.io\/shop\/vi\/product\/ledger-stax\/#breadcrumb\"},\"inLanguage\":\"en-US\",\"potentialAction\":[{\"@type\":\"ReadAction\",\"target\":[\"https:\/\/bitcoinvn.io\/shop\/vi\/product\/ledger-stax\/\"]}]},{\"@type\":\"ImageObject\",\"inLanguage\":\"en-US\",\"@id\":\"https:\/\/bitcoinvn.io\/shop\/vi\/product\/ledger-stax\/#primaryimage\",\"url\":\"https:\/\/bitcoinvn.io\/shop\/wp-content\/uploads\/2025\/08\/Capture.jpg\",\"contentUrl\":\"https:\/\/bitcoinvn.io\/shop\/wp-content\/uploads\/2025\/08\/Capture.jpg\",\"width\":679,\"height\":681},{\"@type\":\"BreadcrumbList\",\"@id\":\"https:\/\/bitcoinvn.io\/shop\/vi\/product\/ledger-stax\/#breadcrumb\",\"itemListElement\":[{\"@type\":\"ListItem\",\"position\":1,\"name\":\"Home\",\"item\":\"https:\/\/bitcoinvn.io\/shop\/store\/\"},{\"@type\":\"ListItem\",\"position\":2,\"name\":\"Shop\",\"item\":\"https:\/\/bitcoinvn.io\/shop\/shop\/\"},{\"@type\":\"ListItem\",\"position\":3,\"name\":\"Ledger Stax\u2122\"}]},{\"@type\":\"WebSite\",\"@id\":\"https:\/\/bitcoinvn.io\/shop\/#website\",\"url\":\"https:\/\/bitcoinvn.io\/shop\/\",\"name\":\"BitcoinVN Shop\",\"description\":\"Official Hardware Wallet Distributor in Vietnam\",\"publisher\":{\"@id\":\"https:\/\/bitcoinvn.io\/shop\/#organization\"},\"potentialAction\":[{\"@type\":\"SearchAction\",\"target\":{\"@type\":\"EntryPoint\",\"urlTemplate\":\"https:\/\/bitcoinvn.io\/shop\/?s={search_term_string}\"},\"query-input\":{\"@type\":\"PropertyValueSpecification\",\"valueRequired\":true,\"valueName\":\"search_term_string\"}}],\"inLanguage\":\"en-US\"},{\"@type\":\"Organization\",\"@id\":\"https:\/\/bitcoinvn.io\/shop\/#organization\",\"name\":\"BitcoinVN Shop\",\"url\":\"https:\/\/bitcoinvn.io\/shop\/\",\"logo\":{\"@type\":\"ImageObject\",\"inLanguage\":\"en-US\",\"@id\":\"https:\/\/bitcoinvn.io\/shop\/#\/schema\/logo\/image\/\",\"url\":\"https:\/\/bitcoinvn.io\/shop\/wp-content\/uploads\/2021\/03\/logo-bitcoinvn-shop.jpg\",\"contentUrl\":\"https:\/\/bitcoinvn.io\/shop\/wp-content\/uploads\/2021\/03\/logo-bitcoinvn-shop.jpg\",\"width\":1200,\"height\":675,\"caption\":\"BitcoinVN Shop\"},\"image\":{\"@id\":\"https:\/\/bitcoinvn.io\/shop\/#\/schema\/logo\/image\/\"},\"sameAs\":[\"https:\/\/www.facebook.com\/BitcoinVNShop\/\",\"https:\/\/x.com\/bitcoinvnshop\"]}]}<\/script>\n<!-- \/ Yoast SEO plugin. -->","yoast_head_json":{"title":"Ledger Stax\u2122 - BitcoinVN Shop","description":"Ledger Stax ch\u00ednh h\u00e3ng t\u1ea1i BitcoinVN Shop \u2013 b\u1ea3o m\u1eadt t\u1ed1i \u0111a, nguy\u00ean seal, h\u1ed7 tr\u1ee3 b\u1ea3o h\u00e0nh. Mua ngay \u0111\u1ec3 b\u1ea3o v\u1ec7 t\u00e0i s\u1ea3n s\u1ed1 c\u1ee7a b\u1ea1n!","robots":{"index":"index","follow":"follow","max-snippet":"max-snippet:-1","max-image-preview":"max-image-preview:large","max-video-preview":"max-video-preview:-1"},"canonical":"https:\/\/bitcoinvn.io\/shop\/vi\/product\/ledger-stax\/","og_locale":"en_US","og_type":"article","og_title":"Ledger Stax\u2122 - BitcoinVN Shop","og_description":"Ledger Stax ch\u00ednh h\u00e3ng t\u1ea1i BitcoinVN Shop \u2013 b\u1ea3o m\u1eadt t\u1ed1i \u0111a, nguy\u00ean seal, h\u1ed7 tr\u1ee3 b\u1ea3o h\u00e0nh. Mua ngay \u0111\u1ec3 b\u1ea3o v\u1ec7 t\u00e0i s\u1ea3n s\u1ed1 c\u1ee7a b\u1ea1n!","og_url":"https:\/\/bitcoinvn.io\/shop\/vi\/product\/ledger-stax\/","og_site_name":"BitcoinVN Shop","article_publisher":"https:\/\/www.facebook.com\/BitcoinVNShop\/","article_modified_time":"2026-04-10T08:34:59+00:00","og_image":[{"width":679,"height":681,"url":"https:\/\/bitcoinvn.io\/shop\/wp-content\/uploads\/2025\/08\/Capture.jpg","type":"image\/jpeg"}],"twitter_card":"summary_large_image","twitter_site":"@bitcoinvnshop","twitter_misc":{"Est. reading time":"5 minutes"},"schema":{"@context":"https:\/\/schema.org","@graph":[{"@type":"WebPage","@id":"https:\/\/bitcoinvn.io\/shop\/vi\/product\/ledger-stax\/","url":"https:\/\/bitcoinvn.io\/shop\/vi\/product\/ledger-stax\/","name":"Ledger Stax\u2122 - BitcoinVN Shop","isPartOf":{"@id":"https:\/\/bitcoinvn.io\/shop\/#website"},"primaryImageOfPage":{"@id":"https:\/\/bitcoinvn.io\/shop\/vi\/product\/ledger-stax\/#primaryimage"},"image":{"@id":"https:\/\/bitcoinvn.io\/shop\/vi\/product\/ledger-stax\/#primaryimage"},"thumbnailUrl":"https:\/\/bitcoinvn.io\/shop\/wp-content\/uploads\/2025\/08\/Capture.jpg","datePublished":"2025-08-19T08:20:17+00:00","dateModified":"2026-04-10T08:34:59+00:00","description":"Ledger Stax ch\u00ednh h\u00e3ng t\u1ea1i BitcoinVN Shop \u2013 b\u1ea3o m\u1eadt t\u1ed1i \u0111a, nguy\u00ean seal, h\u1ed7 tr\u1ee3 b\u1ea3o h\u00e0nh. Mua ngay \u0111\u1ec3 b\u1ea3o v\u1ec7 t\u00e0i s\u1ea3n s\u1ed1 c\u1ee7a b\u1ea1n!","breadcrumb":{"@id":"https:\/\/bitcoinvn.io\/shop\/vi\/product\/ledger-stax\/#breadcrumb"},"inLanguage":"en-US","potentialAction":[{"@type":"ReadAction","target":["https:\/\/bitcoinvn.io\/shop\/vi\/product\/ledger-stax\/"]}]},{"@type":"ImageObject","inLanguage":"en-US","@id":"https:\/\/bitcoinvn.io\/shop\/vi\/product\/ledger-stax\/#primaryimage","url":"https:\/\/bitcoinvn.io\/shop\/wp-content\/uploads\/2025\/08\/Capture.jpg","contentUrl":"https:\/\/bitcoinvn.io\/shop\/wp-content\/uploads\/2025\/08\/Capture.jpg","width":679,"height":681},{"@type":"BreadcrumbList","@id":"https:\/\/bitcoinvn.io\/shop\/vi\/product\/ledger-stax\/#breadcrumb","itemListElement":[{"@type":"ListItem","position":1,"name":"Home","item":"https:\/\/bitcoinvn.io\/shop\/store\/"},{"@type":"ListItem","position":2,"name":"Shop","item":"https:\/\/bitcoinvn.io\/shop\/shop\/"},{"@type":"ListItem","position":3,"name":"Ledger Stax\u2122"}]},{"@type":"WebSite","@id":"https:\/\/bitcoinvn.io\/shop\/#website","url":"https:\/\/bitcoinvn.io\/shop\/","name":"BitcoinVN Shop","description":"Official Hardware Wallet Distributor in Vietnam","publisher":{"@id":"https:\/\/bitcoinvn.io\/shop\/#organization"},"potentialAction":[{"@type":"SearchAction","target":{"@type":"EntryPoint","urlTemplate":"https:\/\/bitcoinvn.io\/shop\/?s={search_term_string}"},"query-input":{"@type":"PropertyValueSpecification","valueRequired":true,"valueName":"search_term_string"}}],"inLanguage":"en-US"},{"@type":"Organization","@id":"https:\/\/bitcoinvn.io\/shop\/#organization","name":"BitcoinVN Shop","url":"https:\/\/bitcoinvn.io\/shop\/","logo":{"@type":"ImageObject","inLanguage":"en-US","@id":"https:\/\/bitcoinvn.io\/shop\/#\/schema\/logo\/image\/","url":"https:\/\/bitcoinvn.io\/shop\/wp-content\/uploads\/2021\/03\/logo-bitcoinvn-shop.jpg","contentUrl":"https:\/\/bitcoinvn.io\/shop\/wp-content\/uploads\/2021\/03\/logo-bitcoinvn-shop.jpg","width":1200,"height":675,"caption":"BitcoinVN Shop"},"image":{"@id":"https:\/\/bitcoinvn.io\/shop\/#\/schema\/logo\/image\/"},"sameAs":["https:\/\/www.facebook.com\/BitcoinVNShop\/","https:\/\/x.com\/bitcoinvnshop"]}]}},"lang":"vi","translations":{"vi":7293,"en":7240,"ru":7304,"ja":7315},"pll_sync_post":[],"_links":{"self":[{"href":"https:\/\/bitcoinvn.io\/shop\/wp-json\/wp\/v2\/product\/7293","targetHints":{"allow":["GET"]}}],"collection":[{"href":"https:\/\/bitcoinvn.io\/shop\/wp-json\/wp\/v2\/product"}],"about":[{"href":"https:\/\/bitcoinvn.io\/shop\/wp-json\/wp\/v2\/types\/product"}],"replies":[{"embeddable":true,"href":"https:\/\/bitcoinvn.io\/shop\/wp-json\/wp\/v2\/comments?post=7293"}],"wp:featuredmedia":[{"embeddable":true,"href":"https:\/\/bitcoinvn.io\/shop\/wp-json\/wp\/v2\/media\/7294"}],"wp:attachment":[{"href":"https:\/\/bitcoinvn.io\/shop\/wp-json\/wp\/v2\/media?parent=7293"}],"wp:term":[{"taxonomy":"product_brand","embeddable":true,"href":"https:\/\/bitcoinvn.io\/shop\/wp-json\/wp\/v2\/product_brand?post=7293"},{"taxonomy":"product_cat","embeddable":true,"href":"https:\/\/bitcoinvn.io\/shop\/wp-json\/wp\/v2\/product_cat?post=7293"},{"taxonomy":"product_tag","embeddable":true,"href":"https:\/\/bitcoinvn.io\/shop\/wp-json\/wp\/v2\/product_tag?post=7293"}],"curies":[{"name":"wp","href":"https:\/\/api.w.org\/{rel}","templated":true}]}}