{"id":6285,"date":"2025-03-23T09:11:13","date_gmt":"2025-03-23T02:11:13","guid":{"rendered":"https:\/\/bitcoinvn.io\/shop\/?post_type=product&#038;p=6285"},"modified":"2026-04-16T16:10:07","modified_gmt":"2026-04-16T09:10:07","slug":"tapsigner","status":"publish","type":"product","link":"https:\/\/bitcoinvn.io\/shop\/ja\/product\/tapsigner\/","title":{"rendered":"TAPSIGNER\u30ab\u30fc\u30c9"},"content":{"rendered":"<h3><span style=\"font-weight: 400;\">Tapsigner \u2013 \u30dd\u30b1\u30c3\u30c8\u306b\u5165\u308b\u30d7\u30e9\u30a4\u30d9\u30fc\u30c8\u30ad\u30fc<\/span><\/h3>\n<p><span style=\"font-weight: 400;\">\u521d\u5fc3\u8005\u5411\u3051\u306e\u30cf\u30fc\u30c9\u30a6\u30a7\u30a2\u7f72\u540d\u30c7\u30d0\u30a4\u30b9\u3002<\/span><\/p>\n<p><span style=\"font-weight: 400;\">\u30e2\u30d0\u30a4\u30eb\u30a6\u30a9\u30ec\u30c3\u30c8\u304b\u3089\u30d7\u30e9\u30a4\u30d9\u30fc\u30c8\u30ad\u30fc\u3092\u5206\u96e2\u3057\u3001\u30cf\u30c3\u30ab\u30fc\u306e\u653b\u6483\u3092\u9632\u304e\u307e\u3059\u3002<\/span><\/p>\n<p><span style=\"font-weight: 400;\">\u4fbf\u5229\u306a\u30de\u30eb\u30c1\u30d9\u30f3\u30c0\u30fc\u30fb\u30de\u30eb\u30c1\u30b7\u30b0\u6226\u7565\u306b\u6700\u9069 &#8211; <\/span><a href=\"http:\/\/nunchuk.io\"><span style=\"font-weight: 400;\">Nunchuk<\/span><\/a><span style=\"font-weight: 400;\"> \u304a\u3088\u3073 Sparrow Wallet \u306b\u5bfe\u5fdc\u3002<\/span><\/p>\n<p><span style=\"font-weight: 400;\">__<\/span><\/p>\n<p><b>\u8a73\u7d30\u60c5\u5831\uff1a<\/b><\/p>\n<p><span style=\"font-weight: 400;\">\u6709\u52b9\u671f\u9650\u306a\u3057\u3001\u7121\u5236\u9650\u306b\u4f7f\u7528\u53ef\u80fd\u3002<\/span><\/p>\n<p><span style=\"font-weight: 400;\">\u3053\u306e\u30a6\u30a9\u30ec\u30c3\u30c8\u306f\u3001\u30d3\u30c3\u30c8\u30b3\u30a4\u30f3\u3092\u5b8c\u5168\u306b\u7ba1\u7406\u3067\u304d\u308b\u3088\u3046\u306b\u8a2d\u8a08\u3055\u308c\u3066\u3044\u307e\u3059\u3002\u7b2c\u4e09\u8005\u304c\u8cc7\u7523\u3092\u51cd\u7d50\u3057\u305f\u308a\u7d1b\u5931\u3057\u305f\u308a\u3059\u308b\u3053\u3068\u306f\u3042\u308a\u307e\u305b\u3093\u304c\u3001\u3054\u81ea\u8eab\u3067\u306e\u30bb\u30ad\u30e5\u30ea\u30c6\u30a3\u5bfe\u7b56\u3068\u30d0\u30c3\u30af\u30a2\u30c3\u30d7\u304c\u5fc5\u8981\u3067\u3059\u3002<\/span><\/p>\n<p><span style=\"font-weight: 400;\">\u30d7\u30e9\u30a4\u30d9\u30fc\u30c8\u30ad\u30fc\u306f\u3001\u30bb\u30c3\u30c8\u30a2\u30c3\u30d7\u6642\u306b\u30e6\u30fc\u30b6\u30fc\u306b\u3088\u3063\u3066\u751f\u6210\u3055\u308c\u307e\u3059\u3002<\/span><\/p>\n<p><span style=\"font-weight: 400;\">\u9069\u5207\u306b\u4fdd\u7ba1\u3059\u308c\u3070\u3001\u307b\u3068\u3093\u3069\u306e\u96fb\u5b50\u6a5f\u5668\u3068\u540c\u69d8\u306b\u4f55\u5341\u5e74\u3082\u4f7f\u7528\u53ef\u80fd\u3067\u3059\u3002<\/span><\/p>\n<p><span style=\"font-weight: 400;\">\u96fb\u6ce2\uff08RF\uff09\u906e\u65ad\u30b9\u30ea\u30fc\u30d6\u4ed8\u304d\u3002<\/span><\/p>\n<p><span style=\"font-weight: 400;\">Nunchuk\u72ec\u81ea\u306e\u30c7\u30b6\u30a4\u30f3\u3092\u63a1\u7528 &#8211; \u9577\u671f\u7684\u306a\u30d3\u30c3\u30c8\u30b3\u30a4\u30f3\u8caf\u84c4\u6226\u7565\u306e\u305f\u3081\u306e\u6a19\u6e96\u8a2d\u5b9a\u30de\u30eb\u30c1\u30b7\u30b0\u30a6\u30a9\u30ec\u30c3\u30c8\u3002<\/span><\/p>\n<p><span style=\"font-weight: 400;\">Mempool Space\u72ec\u81ea\u306e\u30c7\u30b6\u30a4\u30f3\u3092\u63a1\u7528 &#8211; \u30d3\u30c3\u30c8\u30b3\u30a4\u30f3\u30b3\u30df\u30e5\u30cb\u30c6\u30a3\u5411\u3051\u306e\u6a19\u6e96\u7684\u306a\u30e1\u30f3\u30d7\u30fc\u30eb\u304a\u3088\u3073\u30d6\u30ed\u30c3\u30af\u30c1\u30a7\u30fc\u30f3\u30a8\u30af\u30b9\u30d7\u30ed\u30fc\u30e9\u30fc\u3002<\/span><\/p>\n<p><a href=\"https:\/\/tapsigner.com\/faq\"><span style=\"font-weight: 400;\">FAQ\u306f\u3053\u3061\u3089<\/span><\/a><\/p>\n<p><i><span style=\"font-weight: 400;\">\u30d9\u30c8\u30ca\u30e0\u5168\u56fd\u3078\u306e\u8fc5\u901f\u914d\u9001 \u2013 \u30db\u30fc\u30c1\u30df\u30f3\u5e02\u5185\u306f\u5373\u65e5\u914d\u9001\uff01<\/span><\/i><\/p>\n<p><span style=\"font-weight: 400;\">\uff08Nunchuk\u3092\u4f7f\u7528\u3057\u305f\u30de\u30eb\u30c1\u30b7\u30b0\u8a2d\u5b9a\u306b\u6700\u9069\uff09<\/span><\/p>\n","protected":false},"excerpt":{"rendered":"<h2><span style=\"font-weight: 400;\">Tapsigner \u2013 \u30dd\u30b1\u30c3\u30c8\u306b\u5165\u308b\u30d7\u30e9\u30a4\u30d9\u30fc\u30c8\u30ad\u30fc<\/span><\/h2>\n<p><span style=\"font-weight: 400;\">\u30a8\u30f3\u30c8\u30ea\u30fc\u30ec\u30d9\u30eb\u306e\u30cf\u30fc\u30c9\u30a6\u30a7\u30a2\u7f72\u540d\u30c7\u30d0\u30a4\u30b9\u3002<\/span><\/p>\n<p><span style=\"font-weight: 400;\">\u30e2\u30d0\u30a4\u30eb\u30a6\u30a9\u30ec\u30c3\u30c8\u304b\u3089\u30d7\u30e9\u30a4\u30d9\u30fc\u30c8\u30ad\u30fc\u3092\u5206\u96e2\u3057\u3001\u30cf\u30c3\u30ab\u30fc\u306e\u653b\u6483\u3092\u9632\u304e\u307e\u3059\u3002<\/span><\/p>\n<p><span style=\"font-weight: 400;\">\u4fbf\u5229\u306a\u30de\u30eb\u30c1\u30d9\u30f3\u30c0\u30fc\u30fb\u30de\u30eb\u30c1\u30b7\u30b0\u6226\u7565\u306b\u6700\u9069 &#8211; <\/span><a href=\"http:\/\/nunchuk.io\"><span style=\"font-weight: 400;\">Nunchuk<\/span><\/a><span style=\"font-weight: 400;\"> \u304a\u3088\u3073 Sparrow Wallet \u306b\u5bfe\u5fdc\u3002<\/span><\/p>\n<p><span style=\"font-weight: 400;\">__<\/span><\/p>\n<p><b>\u8a73\u7d30\u60c5\u5831\uff1a<\/b><\/p>\n<p><span style=\"font-weight: 400;\">\u6709\u52b9\u671f\u9650\u306a\u3057\u3001\u7121\u5236\u9650\u306b\u4f7f\u7528\u53ef\u80fd\u3002<\/span><\/p>\n<p><span style=\"font-weight: 400;\">\u3053\u306e\u30a6\u30a9\u30ec\u30c3\u30c8\u306f\u3001\u30d3\u30c3\u30c8\u30b3\u30a4\u30f3\u3092\u5b8c\u5168\u306b\u7ba1\u7406\u3067\u304d\u308b\u3088\u3046\u306b\u8a2d\u8a08\u3055\u308c\u3066\u3044\u307e\u3059\u3002\u7b2c\u4e09\u8005\u304c\u8cc7\u7523\u3092\u51cd\u7d50\u3057\u305f\u308a\u7d1b\u5931\u3057\u305f\u308a\u3059\u308b\u3053\u3068\u306f\u3042\u308a\u307e\u305b\u3093\u304c\u3001\u3054\u81ea\u8eab\u3067\u306e\u30bb\u30ad\u30e5\u30ea\u30c6\u30a3\u5bfe\u7b56\u3068\u30d0\u30c3\u30af\u30a2\u30c3\u30d7\u304c\u5fc5\u8981\u3067\u3059\u3002<\/span><\/p>\n<p><span style=\"font-weight: 400;\">\u30d7\u30e9\u30a4\u30d9\u30fc\u30c8\u30ad\u30fc\u306f\u3001\u30bb\u30c3\u30c8\u30a2\u30c3\u30d7\u6642\u306b\u30e6\u30fc\u30b6\u30fc\u306b\u3088\u3063\u3066\u751f\u6210\u3055\u308c\u307e\u3059\u3002<\/span><\/p>\n<p><span style=\"font-weight: 400;\">\u9069\u5207\u306b\u4fdd\u7ba1\u3059\u308c\u3070\u3001\u307b\u3068\u3093\u3069\u306e\u96fb\u5b50\u6a5f\u5668\u3068\u540c\u69d8\u306b\u4f55\u5341\u5e74\u3082\u4f7f\u7528\u53ef\u80fd\u3067\u3059\u3002<\/span><\/p>\n<p><span style=\"font-weight: 400;\">\u96fb\u6ce2\uff08RF\uff09\u906e\u65ad\u30b9\u30ea\u30fc\u30d6\u4ed8\u304d\u3002<\/span><\/p>\n<p><span style=\"font-weight: 400;\">Nunchuk\u72ec\u81ea\u306e\u30c7\u30b6\u30a4\u30f3\u3092\u63a1\u7528 &#8211; \u9577\u671f\u7684\u306a\u30d3\u30c3\u30c8\u30b3\u30a4\u30f3\u8caf\u84c4\u6226\u7565\u306e\u305f\u3081\u306e\u6a19\u6e96\u8a2d\u5b9a\u30de\u30eb\u30c1\u30b7\u30b0\u30a6\u30a9\u30ec\u30c3\u30c8\u3002<\/span><\/p>\n<p><span style=\"font-weight: 400;\">Mempool Space\u72ec\u81ea\u306e\u30c7\u30b6\u30a4\u30f3\u3092\u63a1\u7528 &#8211; \u30d3\u30c3\u30c8\u30b3\u30a4\u30f3\u30b3\u30df\u30e5\u30cb\u30c6\u30a3\u5411\u3051\u306e\u6a19\u6e96\u7684\u306a\u30e1\u30f3\u30d7\u30fc\u30eb\u304a\u3088\u3073\u30d6\u30ed\u30c3\u30af\u30c1\u30a7\u30fc\u30f3\u30a8\u30af\u30b9\u30d7\u30ed\u30fc\u30e9\u30fc\u3002<\/span><\/p>\n<p><a href=\"https:\/\/tapsigner.com\/faq\"><span style=\"font-weight: 400;\">FAQ\u306f\u3053\u3061\u3089<\/span><\/a><\/p>\n<p><i><span style=\"font-weight: 400;\">\u30d9\u30c8\u30ca\u30e0\u5168\u56fd\u3078\u306e\u8fc5\u901f\u914d\u9001 \u2013 \u30db\u30fc\u30c1\u30df\u30f3\u5e02\u5185\u306f\u5373\u65e5\u914d\u9001\uff01<\/span><\/i><\/p>\n<p><span style=\"font-weight: 400;\">\uff08Nunchuk\u3092\u4f7f\u7528\u3057\u305f\u30de\u30eb\u30c1\u30b7\u30b0\u8a2d\u5b9a\u306b\u6700\u9069\uff09<\/span><\/p>\n<hr \/>\n<p><em>\u30d9\u30c8\u30ca\u30e0\u56fd\u5916\u306b\u304a\u4f4f\u307e\u3044\u3067\u3059\u304b\uff1f<\/em><\/p>\n<p><em>\u3053\u3061\u3089\u304b\u3089\u76f4\u63a5\u3054\u6ce8\u6587\u304f\u3060\u3055\u3044: <strong><a href=\"https:\/\/store.coinkite.com\/promo\/4E790E123AB1EA5ECAAB\" target=\"_blank\" rel=\"noopener\">Coinkite \u30b9\u30c8\u30a2<\/a><\/strong>\u3002<\/em><\/p>\n","protected":false},"featured_media":6585,"comment_status":"open","ping_status":"closed","template":"","meta":[],"product_brand":[],"product_cat":[636,614],"product_tag":[],"class_list":{"0":"post-6285","1":"product","2":"type-product","3":"status-publish","4":"has-post-thumbnail","6":"product_cat-coinkite","7":"product_cat-hardware-wallets","9":"first","10":"instock","11":"taxable","12":"shipping-taxable","13":"purchasable","14":"product-type-variable"},"yoast_head":"<!-- This site is optimized with the Yoast SEO plugin v26.6 - https:\/\/yoast.com\/wordpress\/plugins\/seo\/ -->\n<title>TAPSIGNER\u30ab\u30fc\u30c9 ch\u00ednh h\u00e3ng, giao h\u00e0ng nhanh t\u1ea1i Vi\u1ec7t Nam - BitcoinVN Shop<\/title>\n<meta name=\"description\" content=\"Ngay b\u00e2y gi\u1edd, Th\u1ebb Tapsigner ch\u00ednh h\u00e3ng \u0111\u00e3 c\u00f3 m\u1eb7t t\u1ea1i Vi\u1ec7t Nam. Truy c\u1eadp ngay BitcoinVN Shop - \u0111\u01a1n v\u1ecb \u0111\u01b0\u1ee3c \u1ee7y quy\u1ec1n mua - b\u00e1n trao \u0111\u1ed5i th\u1ebb t\u1eeb Nunchuk. Xem ngay!\" \/>\n<meta name=\"robots\" content=\"index, follow, max-snippet:-1, max-image-preview:large, max-video-preview:-1\" \/>\n<link rel=\"canonical\" href=\"https:\/\/bitcoinvn.io\/shop\/ja\/product\/tapsigner\/\" \/>\n<meta property=\"og:locale\" content=\"en_US\" \/>\n<meta property=\"og:type\" content=\"article\" \/>\n<meta property=\"og:title\" content=\"TAPSIGNER\u30ab\u30fc\u30c9 ch\u00ednh h\u00e3ng, giao h\u00e0ng nhanh t\u1ea1i Vi\u1ec7t Nam - BitcoinVN Shop\" \/>\n<meta property=\"og:description\" content=\"Ngay b\u00e2y gi\u1edd, Th\u1ebb Tapsigner ch\u00ednh h\u00e3ng \u0111\u00e3 c\u00f3 m\u1eb7t t\u1ea1i Vi\u1ec7t Nam. Truy c\u1eadp ngay BitcoinVN Shop - \u0111\u01a1n v\u1ecb \u0111\u01b0\u1ee3c \u1ee7y quy\u1ec1n mua - b\u00e1n trao \u0111\u1ed5i th\u1ebb t\u1eeb Nunchuk. Xem ngay!\" \/>\n<meta property=\"og:url\" content=\"https:\/\/bitcoinvn.io\/shop\/ja\/product\/tapsigner\/\" \/>\n<meta property=\"og:site_name\" content=\"BitcoinVN Shop\" \/>\n<meta property=\"article:publisher\" content=\"https:\/\/www.facebook.com\/BitcoinVNShop\/\" \/>\n<meta property=\"article:modified_time\" content=\"2026-04-16T09:10:07+00:00\" \/>\n<meta property=\"og:image\" content=\"https:\/\/bitcoinvn.io\/shop\/wp-content\/uploads\/2024\/06\/Tapsigner.jpg\" \/>\n\t<meta property=\"og:image:width\" content=\"1500\" \/>\n\t<meta property=\"og:image:height\" content=\"1500\" \/>\n\t<meta property=\"og:image:type\" content=\"image\/jpeg\" \/>\n<meta name=\"twitter:card\" content=\"summary_large_image\" \/>\n<meta name=\"twitter:site\" content=\"@bitcoinvnshop\" \/>\n<meta name=\"twitter:label1\" content=\"Est. reading time\" \/>\n\t<meta name=\"twitter:data1\" content=\"1 minute\" \/>\n<script type=\"application\/ld+json\" class=\"yoast-schema-graph\">{\"@context\":\"https:\/\/schema.org\",\"@graph\":[{\"@type\":\"WebPage\",\"@id\":\"https:\/\/bitcoinvn.io\/shop\/ja\/product\/tapsigner\/\",\"url\":\"https:\/\/bitcoinvn.io\/shop\/ja\/product\/tapsigner\/\",\"name\":\"TAPSIGNER\u30ab\u30fc\u30c9 ch\u00ednh h\u00e3ng, giao h\u00e0ng nhanh t\u1ea1i Vi\u1ec7t Nam - BitcoinVN Shop\",\"isPartOf\":{\"@id\":\"https:\/\/bitcoinvn.io\/shop\/#website\"},\"primaryImageOfPage\":{\"@id\":\"https:\/\/bitcoinvn.io\/shop\/ja\/product\/tapsigner\/#primaryimage\"},\"image\":{\"@id\":\"https:\/\/bitcoinvn.io\/shop\/ja\/product\/tapsigner\/#primaryimage\"},\"thumbnailUrl\":\"https:\/\/bitcoinvn.io\/shop\/wp-content\/uploads\/2024\/06\/Tapsigner.jpg\",\"datePublished\":\"2025-03-23T02:11:13+00:00\",\"dateModified\":\"2026-04-16T09:10:07+00:00\",\"description\":\"Ngay b\u00e2y gi\u1edd, Th\u1ebb Tapsigner ch\u00ednh h\u00e3ng \u0111\u00e3 c\u00f3 m\u1eb7t t\u1ea1i Vi\u1ec7t Nam. Truy c\u1eadp ngay BitcoinVN Shop - \u0111\u01a1n v\u1ecb \u0111\u01b0\u1ee3c \u1ee7y quy\u1ec1n mua - b\u00e1n trao \u0111\u1ed5i th\u1ebb t\u1eeb Nunchuk. Xem ngay!\",\"breadcrumb\":{\"@id\":\"https:\/\/bitcoinvn.io\/shop\/ja\/product\/tapsigner\/#breadcrumb\"},\"inLanguage\":\"en-US\",\"potentialAction\":[{\"@type\":\"ReadAction\",\"target\":[\"https:\/\/bitcoinvn.io\/shop\/ja\/product\/tapsigner\/\"]}]},{\"@type\":\"ImageObject\",\"inLanguage\":\"en-US\",\"@id\":\"https:\/\/bitcoinvn.io\/shop\/ja\/product\/tapsigner\/#primaryimage\",\"url\":\"https:\/\/bitcoinvn.io\/shop\/wp-content\/uploads\/2024\/06\/Tapsigner.jpg\",\"contentUrl\":\"https:\/\/bitcoinvn.io\/shop\/wp-content\/uploads\/2024\/06\/Tapsigner.jpg\",\"width\":1500,\"height\":1500},{\"@type\":\"BreadcrumbList\",\"@id\":\"https:\/\/bitcoinvn.io\/shop\/ja\/product\/tapsigner\/#breadcrumb\",\"itemListElement\":[{\"@type\":\"ListItem\",\"position\":1,\"name\":\"Home\",\"item\":\"https:\/\/bitcoinvn.io\/shop\/store\/\"},{\"@type\":\"ListItem\",\"position\":2,\"name\":\"Shop\",\"item\":\"https:\/\/bitcoinvn.io\/shop\/shop\/\"},{\"@type\":\"ListItem\",\"position\":3,\"name\":\"TAPSIGNER\u30ab\u30fc\u30c9\"}]},{\"@type\":\"WebSite\",\"@id\":\"https:\/\/bitcoinvn.io\/shop\/#website\",\"url\":\"https:\/\/bitcoinvn.io\/shop\/\",\"name\":\"BitcoinVN Shop\",\"description\":\"Official Hardware Wallet Distributor in Vietnam\",\"publisher\":{\"@id\":\"https:\/\/bitcoinvn.io\/shop\/#organization\"},\"potentialAction\":[{\"@type\":\"SearchAction\",\"target\":{\"@type\":\"EntryPoint\",\"urlTemplate\":\"https:\/\/bitcoinvn.io\/shop\/?s={search_term_string}\"},\"query-input\":{\"@type\":\"PropertyValueSpecification\",\"valueRequired\":true,\"valueName\":\"search_term_string\"}}],\"inLanguage\":\"en-US\"},{\"@type\":\"Organization\",\"@id\":\"https:\/\/bitcoinvn.io\/shop\/#organization\",\"name\":\"BitcoinVN Shop\",\"url\":\"https:\/\/bitcoinvn.io\/shop\/\",\"logo\":{\"@type\":\"ImageObject\",\"inLanguage\":\"en-US\",\"@id\":\"https:\/\/bitcoinvn.io\/shop\/#\/schema\/logo\/image\/\",\"url\":\"https:\/\/bitcoinvn.io\/shop\/wp-content\/uploads\/2021\/03\/logo-bitcoinvn-shop.jpg\",\"contentUrl\":\"https:\/\/bitcoinvn.io\/shop\/wp-content\/uploads\/2021\/03\/logo-bitcoinvn-shop.jpg\",\"width\":1200,\"height\":675,\"caption\":\"BitcoinVN Shop\"},\"image\":{\"@id\":\"https:\/\/bitcoinvn.io\/shop\/#\/schema\/logo\/image\/\"},\"sameAs\":[\"https:\/\/www.facebook.com\/BitcoinVNShop\/\",\"https:\/\/x.com\/bitcoinvnshop\"]}]}<\/script>\n<!-- \/ Yoast SEO plugin. -->","yoast_head_json":{"title":"TAPSIGNER\u30ab\u30fc\u30c9 ch\u00ednh h\u00e3ng, giao h\u00e0ng nhanh t\u1ea1i Vi\u1ec7t Nam - BitcoinVN Shop","description":"Ngay b\u00e2y gi\u1edd, Th\u1ebb Tapsigner ch\u00ednh h\u00e3ng \u0111\u00e3 c\u00f3 m\u1eb7t t\u1ea1i Vi\u1ec7t Nam. Truy c\u1eadp ngay BitcoinVN Shop - \u0111\u01a1n v\u1ecb \u0111\u01b0\u1ee3c \u1ee7y quy\u1ec1n mua - b\u00e1n trao \u0111\u1ed5i th\u1ebb t\u1eeb Nunchuk. Xem ngay!","robots":{"index":"index","follow":"follow","max-snippet":"max-snippet:-1","max-image-preview":"max-image-preview:large","max-video-preview":"max-video-preview:-1"},"canonical":"https:\/\/bitcoinvn.io\/shop\/ja\/product\/tapsigner\/","og_locale":"en_US","og_type":"article","og_title":"TAPSIGNER\u30ab\u30fc\u30c9 ch\u00ednh h\u00e3ng, giao h\u00e0ng nhanh t\u1ea1i Vi\u1ec7t Nam - BitcoinVN Shop","og_description":"Ngay b\u00e2y gi\u1edd, Th\u1ebb Tapsigner ch\u00ednh h\u00e3ng \u0111\u00e3 c\u00f3 m\u1eb7t t\u1ea1i Vi\u1ec7t Nam. Truy c\u1eadp ngay BitcoinVN Shop - \u0111\u01a1n v\u1ecb \u0111\u01b0\u1ee3c \u1ee7y quy\u1ec1n mua - b\u00e1n trao \u0111\u1ed5i th\u1ebb t\u1eeb Nunchuk. Xem ngay!","og_url":"https:\/\/bitcoinvn.io\/shop\/ja\/product\/tapsigner\/","og_site_name":"BitcoinVN Shop","article_publisher":"https:\/\/www.facebook.com\/BitcoinVNShop\/","article_modified_time":"2026-04-16T09:10:07+00:00","og_image":[{"width":1500,"height":1500,"url":"https:\/\/bitcoinvn.io\/shop\/wp-content\/uploads\/2024\/06\/Tapsigner.jpg","type":"image\/jpeg"}],"twitter_card":"summary_large_image","twitter_site":"@bitcoinvnshop","twitter_misc":{"Est. reading time":"1 minute"},"schema":{"@context":"https:\/\/schema.org","@graph":[{"@type":"WebPage","@id":"https:\/\/bitcoinvn.io\/shop\/ja\/product\/tapsigner\/","url":"https:\/\/bitcoinvn.io\/shop\/ja\/product\/tapsigner\/","name":"TAPSIGNER\u30ab\u30fc\u30c9 ch\u00ednh h\u00e3ng, giao h\u00e0ng nhanh t\u1ea1i Vi\u1ec7t Nam - BitcoinVN Shop","isPartOf":{"@id":"https:\/\/bitcoinvn.io\/shop\/#website"},"primaryImageOfPage":{"@id":"https:\/\/bitcoinvn.io\/shop\/ja\/product\/tapsigner\/#primaryimage"},"image":{"@id":"https:\/\/bitcoinvn.io\/shop\/ja\/product\/tapsigner\/#primaryimage"},"thumbnailUrl":"https:\/\/bitcoinvn.io\/shop\/wp-content\/uploads\/2024\/06\/Tapsigner.jpg","datePublished":"2025-03-23T02:11:13+00:00","dateModified":"2026-04-16T09:10:07+00:00","description":"Ngay b\u00e2y gi\u1edd, Th\u1ebb Tapsigner ch\u00ednh h\u00e3ng \u0111\u00e3 c\u00f3 m\u1eb7t t\u1ea1i Vi\u1ec7t Nam. Truy c\u1eadp ngay BitcoinVN Shop - \u0111\u01a1n v\u1ecb \u0111\u01b0\u1ee3c \u1ee7y quy\u1ec1n mua - b\u00e1n trao \u0111\u1ed5i th\u1ebb t\u1eeb Nunchuk. Xem ngay!","breadcrumb":{"@id":"https:\/\/bitcoinvn.io\/shop\/ja\/product\/tapsigner\/#breadcrumb"},"inLanguage":"en-US","potentialAction":[{"@type":"ReadAction","target":["https:\/\/bitcoinvn.io\/shop\/ja\/product\/tapsigner\/"]}]},{"@type":"ImageObject","inLanguage":"en-US","@id":"https:\/\/bitcoinvn.io\/shop\/ja\/product\/tapsigner\/#primaryimage","url":"https:\/\/bitcoinvn.io\/shop\/wp-content\/uploads\/2024\/06\/Tapsigner.jpg","contentUrl":"https:\/\/bitcoinvn.io\/shop\/wp-content\/uploads\/2024\/06\/Tapsigner.jpg","width":1500,"height":1500},{"@type":"BreadcrumbList","@id":"https:\/\/bitcoinvn.io\/shop\/ja\/product\/tapsigner\/#breadcrumb","itemListElement":[{"@type":"ListItem","position":1,"name":"Home","item":"https:\/\/bitcoinvn.io\/shop\/store\/"},{"@type":"ListItem","position":2,"name":"Shop","item":"https:\/\/bitcoinvn.io\/shop\/shop\/"},{"@type":"ListItem","position":3,"name":"TAPSIGNER\u30ab\u30fc\u30c9"}]},{"@type":"WebSite","@id":"https:\/\/bitcoinvn.io\/shop\/#website","url":"https:\/\/bitcoinvn.io\/shop\/","name":"BitcoinVN Shop","description":"Official Hardware Wallet Distributor in Vietnam","publisher":{"@id":"https:\/\/bitcoinvn.io\/shop\/#organization"},"potentialAction":[{"@type":"SearchAction","target":{"@type":"EntryPoint","urlTemplate":"https:\/\/bitcoinvn.io\/shop\/?s={search_term_string}"},"query-input":{"@type":"PropertyValueSpecification","valueRequired":true,"valueName":"search_term_string"}}],"inLanguage":"en-US"},{"@type":"Organization","@id":"https:\/\/bitcoinvn.io\/shop\/#organization","name":"BitcoinVN Shop","url":"https:\/\/bitcoinvn.io\/shop\/","logo":{"@type":"ImageObject","inLanguage":"en-US","@id":"https:\/\/bitcoinvn.io\/shop\/#\/schema\/logo\/image\/","url":"https:\/\/bitcoinvn.io\/shop\/wp-content\/uploads\/2021\/03\/logo-bitcoinvn-shop.jpg","contentUrl":"https:\/\/bitcoinvn.io\/shop\/wp-content\/uploads\/2021\/03\/logo-bitcoinvn-shop.jpg","width":1200,"height":675,"caption":"BitcoinVN Shop"},"image":{"@id":"https:\/\/bitcoinvn.io\/shop\/#\/schema\/logo\/image\/"},"sameAs":["https:\/\/www.facebook.com\/BitcoinVNShop\/","https:\/\/x.com\/bitcoinvnshop"]}]}},"lang":"ja","translations":{"ja":6285,"vi":5095,"en":5048,"ru":6821},"pll_sync_post":[],"_links":{"self":[{"href":"https:\/\/bitcoinvn.io\/shop\/wp-json\/wp\/v2\/product\/6285","targetHints":{"allow":["GET"]}}],"collection":[{"href":"https:\/\/bitcoinvn.io\/shop\/wp-json\/wp\/v2\/product"}],"about":[{"href":"https:\/\/bitcoinvn.io\/shop\/wp-json\/wp\/v2\/types\/product"}],"replies":[{"embeddable":true,"href":"https:\/\/bitcoinvn.io\/shop\/wp-json\/wp\/v2\/comments?post=6285"}],"wp:featuredmedia":[{"embeddable":true,"href":"https:\/\/bitcoinvn.io\/shop\/wp-json\/wp\/v2\/media\/6585"}],"wp:attachment":[{"href":"https:\/\/bitcoinvn.io\/shop\/wp-json\/wp\/v2\/media?parent=6285"}],"wp:term":[{"taxonomy":"product_brand","embeddable":true,"href":"https:\/\/bitcoinvn.io\/shop\/wp-json\/wp\/v2\/product_brand?post=6285"},{"taxonomy":"product_cat","embeddable":true,"href":"https:\/\/bitcoinvn.io\/shop\/wp-json\/wp\/v2\/product_cat?post=6285"},{"taxonomy":"product_tag","embeddable":true,"href":"https:\/\/bitcoinvn.io\/shop\/wp-json\/wp\/v2\/product_tag?post=6285"}],"curies":[{"name":"wp","href":"https:\/\/api.w.org\/{rel}","templated":true}]}}