{"id":623,"date":"2020-05-29T12:35:29","date_gmt":"2020-05-29T05:35:29","guid":{"rendered":"https:\/\/shop.bitcoinvn.io\/?post_type=product&#038;p=623"},"modified":"2025-08-27T11:41:43","modified_gmt":"2025-08-27T04:41:43","slug":"trezor-t","status":"publish","type":"product","link":"https:\/\/bitcoinvn.io\/shop\/vi\/product\/trezor-t\/","title":{"rendered":"V\u00ed Trezor T"},"content":{"rendered":"<p><a href=\"https:\/\/bitcoinvn.io\/shop\/vi\/product\/trezor-t\/\" target=\"_blank\" rel=\"noopener\"><i><span style=\"font-weight: 400;\">V\u00ed l\u1ea1nh Trezor T<\/span><\/i><\/a><i><span style=\"font-weight: 400;\"> l\u00e0 phi\u00ean b\u1ea3n n\u00e2ng c\u1ea5p c\u1ee7a Trezor One, mang \u0111\u1ebfn nhi\u1ec1u c\u1ea3i ti\u1ebfn v\u1ec1 t\u00ednh n\u0103ng, b\u1ea3o m\u1eadt v\u00e0 tr\u1ea3i nghi\u1ec7m ng\u01b0\u1eddi d\u00f9ng.<\/span><\/i><\/p>\n<h2><b>\u0110\u1eb7t \u0111i\u1ec3m n\u1ed5i b\u1eadt c\u1ee7a v\u00ed l\u1ea1nh Trezor T<\/b><\/h2>\n<h3><b>M\u00e0n h\u00ecnh c\u1ea3m \u1ee9ng hi\u1ec7n \u0111\u1ea1i<\/b><\/h3>\n<p><span style=\"font-weight: 400;\">Trezor Model T \u0111\u01b0\u1ee3c trang b\u1ecb <\/span><b>m\u00e0n h\u00ecnh c\u1ea3m \u1ee9ng m\u00e0u<\/b><span style=\"font-weight: 400;\">, gi\u00fap ng\u01b0\u1eddi d\u00f9ng thao t\u00e1c d\u1ec5 d\u00e0ng v\u00e0 tr\u1ef1c quan h\u01a1n so v\u1edbi c\u00e1c thi\u1ebft b\u1ecb s\u1eed d\u1ee5ng n\u00fat b\u1ea5m truy\u1ec1n th\u1ed1ng. M\u1ecdi x\u00e1c nh\u1eadn giao d\u1ecbch v\u00e0 thi\u1ebft l\u1eadp b\u1ea3o m\u1eadt \u0111\u1ec1u \u0111\u01b0\u1ee3c th\u1ef1c hi\u1ec7n ngay tr\u00ean thi\u1ebft b\u1ecb, \u0111\u1ea3m b\u1ea3o kh\u00f3a ri\u00eang t\u01b0 kh\u00f4ng bao gi\u1edd ti\u1ebfp x\u00fac v\u1edbi m\u00e1y t\u00ednh ho\u1eb7c thi\u1ebft b\u1ecb di \u0111\u1ed9ng, gi\u1ea3m thi\u1ec3u nguy c\u01a1 t\u1ea5n c\u00f4ng m\u1ea1ng.<\/span><\/p>\n<h3><b>Vi x\u1eed l\u00fd m\u1ea1nh m\u1ebd v\u00e0 m\u00e3 ngu\u1ed3n m\u1edf<\/b><\/h3>\n<p><span style=\"font-weight: 400;\">V\u00ed l\u1ea1nh Trezor T s\u1eed d\u1ee5ng <\/span><b>vi x\u1eed l\u00fd ARM Cortex-M4 ti\u00ean ti\u1ebfn<\/b><span style=\"font-weight: 400;\">, cung c\u1ea5p hi\u1ec7u su\u1ea5t x\u1eed l\u00fd nhanh ch\u00f3ng v\u00e0 \u1ed5n \u0111\u1ecbnh. Thi\u1ebft b\u1ecb ch\u1ea1y tr\u00ean ph\u1ea7n m\u1ec1m m\u00e3 ngu\u1ed3n m\u1edf, cho ph\u00e9p c\u1ed9ng \u0111\u1ed3ng ki\u1ec3m tra, x\u00e1c minh v\u00e0 n\u00e2ng c\u1ea5p, \u0111\u1ea3m b\u1ea3o t\u00ednh minh b\u1ea1ch v\u00e0 an to\u00e0n tuy\u1ec7t \u0111\u1ed1i.<\/span><\/p>\n<h3><b>Tr\u00ecnh qu\u1ea3n l\u00fd b\u1ea3o m\u1eadt to\u00e0n di\u1ec7n<\/b><\/h3>\n<p><span style=\"font-weight: 400;\">Kh\u00f4ng ch\u1ec9 l\u00e0 m\u1ed9t v\u00ed l\u1ea1nh l\u01b0u tr\u1eef ti\u1ec1n \u0111i\u1ec7n t\u1eed, Trezor Model T c\u00f2n t\u00edch h\u1ee3p nhi\u1ec1u c\u00f4ng ngh\u1ec7 b\u1ea3o m\u1eadt s\u1ed1:<\/span><\/p>\n<ul>\n<li style=\"font-weight: 400;\" aria-level=\"1\"><b>Tr\u00ecnh qu\u1ea3n l\u00fd m\u1eadt kh\u1ea9u:<\/b><span style=\"font-weight: 400;\"> L\u01b0u tr\u1eef v\u00e0 t\u1ef1 \u0111\u1ed9ng \u0111i\u1ec1n m\u1eadt kh\u1ea9u m\u1ed9t c\u00e1ch an to\u00e0n.<\/span><\/li>\n<li style=\"font-weight: 400;\" aria-level=\"1\"><b>SSH &amp; GPG: <\/b><span style=\"font-weight: 400;\">H\u1ed7 tr\u1ee3 \u0111\u0103ng nh\u1eadp m\u00e1y ch\u1ee7 v\u00e0 k\u00fd m\u00e3 h\u00f3a t\u00e0i li\u1ec7u m\u1ed9t c\u00e1ch an to\u00e0n.<\/span><\/li>\n<li style=\"font-weight: 400;\" aria-level=\"1\"><b>U2F (Universal 2nd Factor):<\/b><span style=\"font-weight: 400;\"> X\u00e1c th\u1ef1c hai y\u1ebfu t\u1ed1, gi\u00fap b\u1ea3o v\u1ec7 t\u00e0i kho\u1ea3n tr\u1ef1c tuy\u1ebfn kh\u1ecfi t\u1ea5n c\u00f4ng l\u1eeba \u0111\u1ea3o.<\/span><\/li>\n<\/ul>\n<h3><b>C\u01a1 ch\u1ebf kh\u00f4i ph\u1ee5c BIP39 &amp; Shamir Backup<\/b><\/h3>\n<p><span style=\"font-weight: 400;\">V\u00ed l\u1ea1nh Trezor T h\u1ed7 tr\u1ee3 c\u1ee5m t\u1eeb kh\u00f4i ph\u1ee5c (recovery seed) BIP39\/BIP44, gi\u00fap ng\u01b0\u1eddi d\u00f9ng d\u1ec5 d\u00e0ng kh\u00f4i ph\u1ee5c t\u00e0i s\u1ea3n trong tr\u01b0\u1eddng h\u1ee3p thi\u1ebft b\u1ecb b\u1ecb m\u1ea5t ho\u1eb7c h\u1ecfng. Ngo\u00e0i ra, thi\u1ebft b\u1ecb c\u00f2n t\u00edch h\u1ee3p Shamir Backup (SLIP-39) &#8211; c\u00f4ng ngh\u1ec7 chia nh\u1ecf seed phrase th\u00e0nh nhi\u1ec1u ph\u1ea7n \u0111\u1ec3 t\u0103ng c\u01b0\u1eddng b\u1ea3o m\u1eadt.<\/span><\/p>\n<ul>\n<li style=\"font-weight: 400;\" aria-level=\"1\"><b>BIP39 Standard:<\/b><span style=\"font-weight: 400;\"> C\u1ee5m t\u1eeb kh\u00f4i ph\u1ee5c 12-24 t\u1eeb \u0111\u1ec3 kh\u00f4i ph\u1ee5c v\u00ed trong tr\u01b0\u1eddng h\u1ee3p m\u1ea5t thi\u1ebft b\u1ecb.<\/span><\/li>\n<li style=\"font-weight: 400;\" aria-level=\"1\"><b>Shamir Secret Sharing (SLIP-39):<\/b><span style=\"font-weight: 400;\"> Ph\u00e2n chia seed phrase th\u00e0nh nhi\u1ec1u ph\u1ea7n, ch\u1ec9 c\u1ea7n m\u1ed9t s\u1ed1 l\u01b0\u1ee3ng nh\u1ea5t \u0111\u1ecbnh \u0111\u1ec3 kh\u00f4i ph\u1ee5c.<\/span><\/li>\n<\/ul>\n<h3><b>H\u1ed7 tr\u1ee3 h\u01a1n 1.800 lo\u1ea1i ti\u1ec1n \u0111i\u1ec7n t\u1eed<\/b><\/h3>\n<p><span style=\"font-weight: 400;\">Trezor T t\u01b0\u01a1ng th\u00edch v\u1edbi Bitcoin, Ethereum, USDT, BNB, Solana v\u00e0 h\u00e0ng ngh\u00ecn lo\u1ea1i ti\u1ec1n \u0111i\u1ec7n t\u1eed kh\u00e1c, gi\u00fap nh\u00e0 \u0111\u1ea7u t\u01b0 qu\u1ea3n l\u00fd t\u00e0i s\u1ea3n m\u1ed9t c\u00e1ch linh ho\u1ea1t v\u00e0 ti\u1ec7n l\u1ee3i.<\/span><\/p>\n<h2><b>Th\u00f4ng s\u1ed1 k\u1ef9 thu\u1eadt c\u1ee7a v\u00ed l\u1ea1nh Trezor T ch\u00ednh h\u00e3ng<\/b><\/h2>\n<table>\n<tbody>\n<tr>\n<td colspan=\"2\"><b>Th\u00f4ng s\u1ed1<\/b><\/td>\n<\/tr>\n<tr>\n<td><b>K\u00edch th\u01b0\u1edbc<\/b><\/td>\n<td><span style=\"font-weight: 400;\">6.4 x 3.9 x 1 cm<\/span><\/td>\n<\/tr>\n<tr>\n<td><b>Tr\u1ecdng l\u01b0\u1ee3ng<\/b><\/td>\n<td><span style=\"font-weight: 400;\">22g<\/span><\/td>\n<\/tr>\n<tr>\n<td><b>CPU<\/b><\/td>\n<td><span style=\"font-weight: 400;\">B\u1ed9 x\u1eed l\u00fd ARM Cortex M4, t\u1ed1c \u0111\u1ed9 168 MHz<\/span><\/td>\n<\/tr>\n<tr>\n<td><b>T\u01b0\u01a1ng th\u00edch<\/b><\/td>\n<td><span style=\"font-weight: 400;\">Windows, OS X, Linux<\/span><\/td>\n<\/tr>\n<tr>\n<td><b>M\u00e0n h\u00ecnh<\/b><\/td>\n<td><span style=\"font-weight: 400;\">C\u1ea3m \u1ee9ng \u0111a m\u00e0u s\u1eafc, tr\u1ef1c quan, 240&#215;240 pixel<\/span><\/td>\n<\/tr>\n<tr>\n<td><b>K\u1ebft n\u1ed1i<\/b><\/td>\n<td><span style=\"font-weight: 400;\">USB Type-C v\u1edbi m\u00e1y t\u00ednh \u0111\u1ec3 b\u00e0n ho\u1eb7c \u0111i\u1ec7n tho\u1ea1i<\/span><\/td>\n<\/tr>\n<\/tbody>\n<\/table>\n<h2><b>Trezor T \u0111i k\u00e8m \u0111\u1ea7y \u0111\u1ee7 nh\u1eefng ph\u1ee5 ki\u1ec7n g\u00ec?<\/b><\/h2>\n<p><span style=\"font-weight: 400;\">Khi mua v\u00ed l\u1ea1nh Trezor T t\u1ea1i <\/span><a href=\"https:\/\/bitcoinvn.io\/shop\/product-category\/hardware-wallets\/trezor\/\" target=\"_blank\" rel=\"noopener\"><span style=\"font-weight: 400;\">BitcoinVN Shop<\/span><\/a><span style=\"font-weight: 400;\">, b\u1ea1n s\u1ebd nh\u1eadn \u0111\u01b0\u1ee3c full box v\u00ed Trezor T ch\u00ednh h\u00e3ng nh\u1eadp kh\u1ea9u nguy\u00ean seal. Nh\u1eefng v\u1eadt d\u1ee5ng c\u00f3 trong v\u00ed Trezor T ch\u00ednh h\u00e3ng bao g\u1ed3m:<\/span><\/p>\n<ul>\n<li style=\"font-weight: 400;\" aria-level=\"1\"><span style=\"font-weight: 400;\">1 v\u00ed Trezor Model T v\u1edbi tem ni\u00eam phong hologram tr\u00ean c\u1ed5ng k\u1ebft n\u1ed1i (h\u1ed9p \u0111\u00f3ng g\u00f3i c\u1ee7a Trezor Model T kh\u00f4ng c\u00f3 tem ni\u00eam phong)<\/span><\/li>\n<li style=\"font-weight: 400;\" aria-level=\"1\"><span style=\"font-weight: 400;\">1 c\u00e1p USB (Type-C)<\/span><\/li>\n<li style=\"font-weight: 400;\" aria-level=\"1\"><span style=\"font-weight: 400;\">1 th\u1ebb h\u01b0\u1edbng d\u1eabn (trong h\u1ed9p)<\/span><\/li>\n<li style=\"font-weight: 400;\" aria-level=\"1\"><span style=\"font-weight: 400;\">1 \u0111\u1ebf nam ch\u00e2m<\/span><\/li>\n<li style=\"font-weight: 400;\" aria-level=\"1\"><span style=\"font-weight: 400;\">2 th\u1ebb kh\u00f4i ph\u1ee5c (12 t\u1eeb)<\/span><\/li>\n<li style=\"font-weight: 400;\" aria-level=\"1\"><span style=\"font-weight: 400;\">4 Sticker<\/span><\/li>\n<\/ul>\n<figure id=\"attachment_7055\" aria-describedby=\"caption-attachment-7055\" style=\"width: 800px\" class=\"wp-caption aligncenter\"><img loading=\"lazy\" decoding=\"async\" class=\"wp-image-7055 size-full\" src=\"https:\/\/bitcoinvn.io\/shop\/wp-content\/uploads\/2020\/05\/Trezor-t.jpg\" alt=\"Full box v\u00ed l\u1ea1nh Trezor T ch\u00ednh h\u00e3ng\" width=\"800\" height=\"768\" srcset=\"https:\/\/bitcoinvn.io\/shop\/wp-content\/uploads\/2020\/05\/Trezor-t.jpg 800w, https:\/\/bitcoinvn.io\/shop\/wp-content\/uploads\/2020\/05\/Trezor-t-300x288.jpg 300w, https:\/\/bitcoinvn.io\/shop\/wp-content\/uploads\/2020\/05\/Trezor-t-768x737.jpg 768w, https:\/\/bitcoinvn.io\/shop\/wp-content\/uploads\/2020\/05\/Trezor-t-600x576.jpg 600w\" sizes=\"auto, (max-width: 800px) 100vw, 800px\" \/><figcaption id=\"caption-attachment-7055\" class=\"wp-caption-text\">Full box v\u00ed l\u1ea1nh Trezor T ch\u00ednh h\u00e3ng<\/figcaption><\/figure>\n<h2><b>T\u1ea1i sao n\u00ean ch\u1ecdn mua v\u00ed Trezor T t\u1ea1i BitcoinVN Shop?<\/b><\/h2>\n<ul>\n<li style=\"font-weight: 400;\" aria-level=\"1\"><span style=\"font-weight: 400;\">Cam k\u1ebft 100% s\u1ea3n ph\u1ea9m ch\u00ednh h\u00e3ng, nguy\u00ean seal, fullbox t\u1eeb nh\u00e0 s\u1ea3n xu\u1ea5t.<\/span><\/li>\n<li style=\"font-weight: 400;\" aria-level=\"1\"><span style=\"font-weight: 400;\">B\u1ea3o h\u00e0nh<\/span><b> 1 \u0111\u1ed5i 1 trong v\u00f2ng 7 ng\u00e0y<\/b><span style=\"font-weight: 400;\"> n\u1ebfu c\u00f3 l\u1ed7i t\u1eeb nh\u00e0 s\u1ea3n xu\u1ea5t.<\/span><\/li>\n<li style=\"font-weight: 400;\" aria-level=\"1\"><span style=\"font-weight: 400;\">Giao h\u00e0ng nhanh ch\u00f3ng v\u00e0 mi\u1ec5n ph\u00ed ship tr\u00ean to\u00e0n qu\u1ed1c<\/span><\/li>\n<li style=\"font-weight: 400;\" aria-level=\"1\"><span style=\"font-weight: 400;\">H\u1ed7 tr\u1ee3 thanh to\u00e1n linh ho\u1ea1t qua COD, chuy\u1ec3n kho\u1ea3n ng\u00e2n h\u00e0ng.<\/span><\/li>\n<li style=\"font-weight: 400;\" aria-level=\"1\"><span style=\"font-weight: 400;\">D\u1ecbch v\u1ee5 ch\u0103m s\u00f3c kh\u00e1ch h\u00e0ng t\u1eadn t\u00e2m, s\u1eb5n s\u00e0ng h\u1ed7 tr\u1ee3 m\u1ecdi th\u1eafc m\u1eafc v\u1ec1 v\u00ed c\u1ee9ng v\u00e0 giao d\u1ecbch ti\u1ec1n \u0111i\u1ec7n t\u1eed.<\/span><\/li>\n<li style=\"font-weight: 400;\" aria-level=\"1\"><span style=\"font-weight: 400;\">T\u1eb7ng ngay 1 gi\u1edd t\u01b0 v\u1ea5n b\u1ea3o m\u1eadt khi mua <\/span><b>v\u00ed l\u1ea1nh Trezor T<\/b><span style=\"font-weight: 400;\"> v\u00e0 c\u00e1c thi\u1ebft b\u1ecb kh\u00e1c, gi\u00fap b\u1ea1n c\u00e0i \u0111\u1eb7t v\u00e0 s\u1eed d\u1ee5ng v\u00ed an to\u00e0n.<\/span><\/li>\n<\/ul>\n<p style=\"text-align: center;\"><span style=\"font-weight: 400;\">B\u1ea1n c\u00f2n ch\u1ea7n ch\u1edd g\u00ec n\u1eefa! Cho ngay s\u1ea3n ph\u1ea9m v\u00e0o gi\u1ecf v\u00e0 ti\u1ebfn h\u00e0nh \u0111\u1eb7t h\u00e0ng nhanh th\u00f4i!<\/span><\/p>\n","protected":false},"excerpt":{"rendered":"<ul>\n<li><b>M\u00e0n h\u00ecnh c\u1ea3m \u1ee9ng<\/b><span style=\"font-weight: 400;\"> tr\u1ef1c quan, b\u1ea3o m\u1eadt cao &#8211; lo\u1ea1i b\u1ecf nguy c\u01a1 thao t\u00e1c nh\u1ea7m.<\/span><\/li>\n<li><b>M\u00e3 ngu\u1ed3n m\u1edf ho\u00e0n to\u00e0n: <\/b><span style=\"font-weight: 400;\">Cho ph\u00e9p c\u1ed9ng \u0111\u1ed3ng ki\u1ec3m ch\u1ee9ng \u0111\u1ed9c l\u1eadp &#8211; kh\u00f4ng c\u1ea7n \u201ctin t\u01b0\u1edfng m\u00f9 qu\u00e1ng\u201d v\u00e0o nh\u00e0 s\u1ea3n xu\u1ea5t.<\/span><\/li>\n<li><b>B\u1ea3o m\u1eadt c\u1ef1c t\u1ed1t: <\/b><span style=\"font-weight: 400;\">T\u1ea5t c\u1ea3 thao t\u00e1c x\u00e1c nh\u1eadn (k\u00fd giao d\u1ecbch, nh\u1eadp m\u00e3 PIN) \u0111\u01b0\u1ee3c th\u1ef1c hi\u1ec7n tr\u00ean thi\u1ebft b\u1ecb, kh\u00f4ng ph\u1ee5 thu\u1ed9c v\u00e0o m\u00e1y t\u00ednh hay \u0111i\u1ec7n tho\u1ea1i &#8211; h\u1ea1n ch\u1ebf t\u1ed1i \u0111a r\u1ee7i ro t\u1ea5n c\u00f4ng.<\/span><\/li>\n<li><b>Kh\u1ea3 n\u0103ng m\u1edf r\u1ed9ng b\u1ea3o m\u1eadt: <\/b><span style=\"font-weight: 400;\">H\u1ed7 tr\u1ee3 x\u00e1c th\u1ef1c 2 l\u1edbp (U2F), FIDO2, k\u00fd GPG, SSH \u2013 ph\u00f9 h\u1ee3p v\u1edbi c\u1ea3 ng\u01b0\u1eddi d\u00f9ng c\u00e1 nh\u00e2n v\u00e0 k\u1ef9 thu\u1eadt chuy\u00ean s\u00e2u.<\/span><\/li>\n<li><b>H\u1ed7 tr\u1ee3<\/b><span style=\"font-weight: 400;\"> Bitcoin (BTC), Ethereum (ETH), USDT, BNB, Solana (SOL) v\u00e0<\/span><b> h\u01a1n 1.800 lo\u1ea1i ti\u1ec1n \u0111i\u1ec7n t\u1eed v\u00e0 token kh\u00e1c.<\/b><\/li>\n<li><b>C\u01a1 ch\u1ebf kh\u00f4i ph\u1ee5c an to\u00e0n:<\/b><span style=\"font-weight: 400;\"> Trong tr\u01b0\u1eddng h\u1ee3p m\u1ea5t\/h\u01b0 h\u1ecfng thi\u1ebft b\u1ecb, b\u1ea1n c\u00f3 th\u1ec3 kh\u00f4i ph\u1ee5c to\u00e0n b\u1ed9 t\u00e0i s\u1ea3n b\u1eb1ng c\u1ee5m t\u1eeb kh\u00f4i ph\u1ee5c (seed phrase) 12-24 t\u1eeb.<\/span><\/li>\n<\/ul>\n<hr \/>\n<p><span style=\"font-weight: 400;\">B\u1ea1n s\u1ed1ng \u1edf n\u01b0\u1edbc ngo\u00e0i? Mua tr\u1ef1c ti\u1ebfp t\u1ea1i <a href=\"https:\/\/trezor.io\/trezor-model-t?transaction_id=102eaf8a8a517ea83c3cc253f4795a&amp;offer_id=134&amp;affiliate_id=34273\" target=\"_blank\" rel=\"noopener\">Trezor<\/a><\/span><\/p>\n","protected":false},"featured_media":6798,"comment_status":"open","ping_status":"closed","template":"","meta":[],"product_brand":[],"product_cat":[337,144],"product_tag":[],"class_list":{"0":"post-623","1":"product","2":"type-product","3":"status-publish","4":"has-post-thumbnail","6":"product_cat-hardware-wallets","7":"product_cat-trezor","9":"first","10":"instock","11":"sale","12":"taxable","13":"shipping-taxable","14":"purchasable","15":"product-type-simple"},"yoast_head":"<!-- This site is optimized with the Yoast SEO plugin v26.6 - https:\/\/yoast.com\/wordpress\/plugins\/seo\/ -->\n<title>V\u00ed l\u1ea1nh Trezor T ch\u00ednh h\u00e3ng, gi\u00e1 t\u1ed1t, freeship to\u00e0n qu\u1ed1c<\/title>\n<meta name=\"description\" content=\"Mua ngay v\u00ed l\u1ea1nh Trezor T ch\u00ednh h\u00e3ng, b\u1ea3o h\u00e0nh 1 \u0111\u1ed5i 1 mi\u1ec5n ph\u00ed n\u1ebfu \u1ea3n ph\u1ea9m b\u1ecb l\u1ed7i. T\u1eb7ng 1h t\u01b0 v\u1ea5n b\u1ea3o m\u1eadt mi\u1ec5n ph\u00ed c\u00f9ng chuy\u00ean gia. Xem nhanh!\" \/>\n<meta name=\"robots\" content=\"index, follow, max-snippet:-1, max-image-preview:large, max-video-preview:-1\" \/>\n<link rel=\"canonical\" href=\"https:\/\/bitcoinvn.io\/shop\/vi\/product\/trezor-t\/\" \/>\n<meta property=\"og:locale\" content=\"en_US\" \/>\n<meta property=\"og:type\" content=\"article\" \/>\n<meta property=\"og:title\" content=\"V\u00ed l\u1ea1nh Trezor T ch\u00ednh h\u00e3ng, gi\u00e1 t\u1ed1t, freeship to\u00e0n qu\u1ed1c\" \/>\n<meta property=\"og:description\" content=\"Mua ngay v\u00ed l\u1ea1nh Trezor T ch\u00ednh h\u00e3ng, b\u1ea3o h\u00e0nh 1 \u0111\u1ed5i 1 mi\u1ec5n ph\u00ed n\u1ebfu \u1ea3n ph\u1ea9m b\u1ecb l\u1ed7i. T\u1eb7ng 1h t\u01b0 v\u1ea5n b\u1ea3o m\u1eadt mi\u1ec5n ph\u00ed c\u00f9ng chuy\u00ean gia. Xem nhanh!\" \/>\n<meta property=\"og:url\" content=\"https:\/\/bitcoinvn.io\/shop\/vi\/product\/trezor-t\/\" \/>\n<meta property=\"og:site_name\" content=\"BitcoinVN Shop\" \/>\n<meta property=\"article:publisher\" content=\"https:\/\/www.facebook.com\/BitcoinVNShop\/\" \/>\n<meta property=\"article:modified_time\" content=\"2025-08-27T04:41:43+00:00\" \/>\n<meta property=\"og:image\" content=\"https:\/\/bitcoinvn.io\/shop\/wp-content\/uploads\/2024\/06\/trezor-T.jpg\" \/>\n\t<meta property=\"og:image:width\" content=\"1500\" \/>\n\t<meta property=\"og:image:height\" content=\"1500\" \/>\n\t<meta property=\"og:image:type\" content=\"image\/jpeg\" \/>\n<meta name=\"twitter:card\" content=\"summary_large_image\" \/>\n<meta name=\"twitter:site\" content=\"@bitcoinvnshop\" \/>\n<meta name=\"twitter:label1\" content=\"Est. reading time\" \/>\n\t<meta name=\"twitter:data1\" content=\"4 minutes\" \/>\n<script type=\"application\/ld+json\" class=\"yoast-schema-graph\">{\"@context\":\"https:\/\/schema.org\",\"@graph\":[{\"@type\":\"WebPage\",\"@id\":\"https:\/\/bitcoinvn.io\/shop\/vi\/product\/trezor-t\/\",\"url\":\"https:\/\/bitcoinvn.io\/shop\/vi\/product\/trezor-t\/\",\"name\":\"V\u00ed l\u1ea1nh Trezor T ch\u00ednh h\u00e3ng, gi\u00e1 t\u1ed1t, freeship to\u00e0n qu\u1ed1c\",\"isPartOf\":{\"@id\":\"https:\/\/bitcoinvn.io\/shop\/#website\"},\"primaryImageOfPage\":{\"@id\":\"https:\/\/bitcoinvn.io\/shop\/vi\/product\/trezor-t\/#primaryimage\"},\"image\":{\"@id\":\"https:\/\/bitcoinvn.io\/shop\/vi\/product\/trezor-t\/#primaryimage\"},\"thumbnailUrl\":\"https:\/\/bitcoinvn.io\/shop\/wp-content\/uploads\/2024\/06\/trezor-T.jpg\",\"datePublished\":\"2020-05-29T05:35:29+00:00\",\"dateModified\":\"2025-08-27T04:41:43+00:00\",\"description\":\"Mua ngay v\u00ed l\u1ea1nh Trezor T ch\u00ednh h\u00e3ng, b\u1ea3o h\u00e0nh 1 \u0111\u1ed5i 1 mi\u1ec5n ph\u00ed n\u1ebfu \u1ea3n ph\u1ea9m b\u1ecb l\u1ed7i. T\u1eb7ng 1h t\u01b0 v\u1ea5n b\u1ea3o m\u1eadt mi\u1ec5n ph\u00ed c\u00f9ng chuy\u00ean gia. Xem nhanh!\",\"breadcrumb\":{\"@id\":\"https:\/\/bitcoinvn.io\/shop\/vi\/product\/trezor-t\/#breadcrumb\"},\"inLanguage\":\"en-US\",\"potentialAction\":[{\"@type\":\"ReadAction\",\"target\":[\"https:\/\/bitcoinvn.io\/shop\/vi\/product\/trezor-t\/\"]}]},{\"@type\":\"ImageObject\",\"inLanguage\":\"en-US\",\"@id\":\"https:\/\/bitcoinvn.io\/shop\/vi\/product\/trezor-t\/#primaryimage\",\"url\":\"https:\/\/bitcoinvn.io\/shop\/wp-content\/uploads\/2024\/06\/trezor-T.jpg\",\"contentUrl\":\"https:\/\/bitcoinvn.io\/shop\/wp-content\/uploads\/2024\/06\/trezor-T.jpg\",\"width\":1500,\"height\":1500},{\"@type\":\"BreadcrumbList\",\"@id\":\"https:\/\/bitcoinvn.io\/shop\/vi\/product\/trezor-t\/#breadcrumb\",\"itemListElement\":[{\"@type\":\"ListItem\",\"position\":1,\"name\":\"Home\",\"item\":\"https:\/\/bitcoinvn.io\/shop\/store\/\"},{\"@type\":\"ListItem\",\"position\":2,\"name\":\"Shop\",\"item\":\"https:\/\/bitcoinvn.io\/shop\/shop\/\"},{\"@type\":\"ListItem\",\"position\":3,\"name\":\"V\u00ed Trezor T\"}]},{\"@type\":\"WebSite\",\"@id\":\"https:\/\/bitcoinvn.io\/shop\/#website\",\"url\":\"https:\/\/bitcoinvn.io\/shop\/\",\"name\":\"BitcoinVN Shop\",\"description\":\"Official Hardware Wallet Distributor in Vietnam\",\"publisher\":{\"@id\":\"https:\/\/bitcoinvn.io\/shop\/#organization\"},\"potentialAction\":[{\"@type\":\"SearchAction\",\"target\":{\"@type\":\"EntryPoint\",\"urlTemplate\":\"https:\/\/bitcoinvn.io\/shop\/?s={search_term_string}\"},\"query-input\":{\"@type\":\"PropertyValueSpecification\",\"valueRequired\":true,\"valueName\":\"search_term_string\"}}],\"inLanguage\":\"en-US\"},{\"@type\":\"Organization\",\"@id\":\"https:\/\/bitcoinvn.io\/shop\/#organization\",\"name\":\"BitcoinVN Shop\",\"url\":\"https:\/\/bitcoinvn.io\/shop\/\",\"logo\":{\"@type\":\"ImageObject\",\"inLanguage\":\"en-US\",\"@id\":\"https:\/\/bitcoinvn.io\/shop\/#\/schema\/logo\/image\/\",\"url\":\"https:\/\/bitcoinvn.io\/shop\/wp-content\/uploads\/2021\/03\/logo-bitcoinvn-shop.jpg\",\"contentUrl\":\"https:\/\/bitcoinvn.io\/shop\/wp-content\/uploads\/2021\/03\/logo-bitcoinvn-shop.jpg\",\"width\":1200,\"height\":675,\"caption\":\"BitcoinVN Shop\"},\"image\":{\"@id\":\"https:\/\/bitcoinvn.io\/shop\/#\/schema\/logo\/image\/\"},\"sameAs\":[\"https:\/\/www.facebook.com\/BitcoinVNShop\/\",\"https:\/\/x.com\/bitcoinvnshop\"]}]}<\/script>\n<!-- \/ Yoast SEO plugin. -->","yoast_head_json":{"title":"V\u00ed l\u1ea1nh Trezor T ch\u00ednh h\u00e3ng, gi\u00e1 t\u1ed1t, freeship to\u00e0n qu\u1ed1c","description":"Mua ngay v\u00ed l\u1ea1nh Trezor T ch\u00ednh h\u00e3ng, b\u1ea3o h\u00e0nh 1 \u0111\u1ed5i 1 mi\u1ec5n ph\u00ed n\u1ebfu \u1ea3n ph\u1ea9m b\u1ecb l\u1ed7i. T\u1eb7ng 1h t\u01b0 v\u1ea5n b\u1ea3o m\u1eadt mi\u1ec5n ph\u00ed c\u00f9ng chuy\u00ean gia. Xem nhanh!","robots":{"index":"index","follow":"follow","max-snippet":"max-snippet:-1","max-image-preview":"max-image-preview:large","max-video-preview":"max-video-preview:-1"},"canonical":"https:\/\/bitcoinvn.io\/shop\/vi\/product\/trezor-t\/","og_locale":"en_US","og_type":"article","og_title":"V\u00ed l\u1ea1nh Trezor T ch\u00ednh h\u00e3ng, gi\u00e1 t\u1ed1t, freeship to\u00e0n qu\u1ed1c","og_description":"Mua ngay v\u00ed l\u1ea1nh Trezor T ch\u00ednh h\u00e3ng, b\u1ea3o h\u00e0nh 1 \u0111\u1ed5i 1 mi\u1ec5n ph\u00ed n\u1ebfu \u1ea3n ph\u1ea9m b\u1ecb l\u1ed7i. T\u1eb7ng 1h t\u01b0 v\u1ea5n b\u1ea3o m\u1eadt mi\u1ec5n ph\u00ed c\u00f9ng chuy\u00ean gia. Xem nhanh!","og_url":"https:\/\/bitcoinvn.io\/shop\/vi\/product\/trezor-t\/","og_site_name":"BitcoinVN Shop","article_publisher":"https:\/\/www.facebook.com\/BitcoinVNShop\/","article_modified_time":"2025-08-27T04:41:43+00:00","og_image":[{"width":1500,"height":1500,"url":"https:\/\/bitcoinvn.io\/shop\/wp-content\/uploads\/2024\/06\/trezor-T.jpg","type":"image\/jpeg"}],"twitter_card":"summary_large_image","twitter_site":"@bitcoinvnshop","twitter_misc":{"Est. reading time":"4 minutes"},"schema":{"@context":"https:\/\/schema.org","@graph":[{"@type":"WebPage","@id":"https:\/\/bitcoinvn.io\/shop\/vi\/product\/trezor-t\/","url":"https:\/\/bitcoinvn.io\/shop\/vi\/product\/trezor-t\/","name":"V\u00ed l\u1ea1nh Trezor T ch\u00ednh h\u00e3ng, gi\u00e1 t\u1ed1t, freeship to\u00e0n qu\u1ed1c","isPartOf":{"@id":"https:\/\/bitcoinvn.io\/shop\/#website"},"primaryImageOfPage":{"@id":"https:\/\/bitcoinvn.io\/shop\/vi\/product\/trezor-t\/#primaryimage"},"image":{"@id":"https:\/\/bitcoinvn.io\/shop\/vi\/product\/trezor-t\/#primaryimage"},"thumbnailUrl":"https:\/\/bitcoinvn.io\/shop\/wp-content\/uploads\/2024\/06\/trezor-T.jpg","datePublished":"2020-05-29T05:35:29+00:00","dateModified":"2025-08-27T04:41:43+00:00","description":"Mua ngay v\u00ed l\u1ea1nh Trezor T ch\u00ednh h\u00e3ng, b\u1ea3o h\u00e0nh 1 \u0111\u1ed5i 1 mi\u1ec5n ph\u00ed n\u1ebfu \u1ea3n ph\u1ea9m b\u1ecb l\u1ed7i. T\u1eb7ng 1h t\u01b0 v\u1ea5n b\u1ea3o m\u1eadt mi\u1ec5n ph\u00ed c\u00f9ng chuy\u00ean gia. Xem nhanh!","breadcrumb":{"@id":"https:\/\/bitcoinvn.io\/shop\/vi\/product\/trezor-t\/#breadcrumb"},"inLanguage":"en-US","potentialAction":[{"@type":"ReadAction","target":["https:\/\/bitcoinvn.io\/shop\/vi\/product\/trezor-t\/"]}]},{"@type":"ImageObject","inLanguage":"en-US","@id":"https:\/\/bitcoinvn.io\/shop\/vi\/product\/trezor-t\/#primaryimage","url":"https:\/\/bitcoinvn.io\/shop\/wp-content\/uploads\/2024\/06\/trezor-T.jpg","contentUrl":"https:\/\/bitcoinvn.io\/shop\/wp-content\/uploads\/2024\/06\/trezor-T.jpg","width":1500,"height":1500},{"@type":"BreadcrumbList","@id":"https:\/\/bitcoinvn.io\/shop\/vi\/product\/trezor-t\/#breadcrumb","itemListElement":[{"@type":"ListItem","position":1,"name":"Home","item":"https:\/\/bitcoinvn.io\/shop\/store\/"},{"@type":"ListItem","position":2,"name":"Shop","item":"https:\/\/bitcoinvn.io\/shop\/shop\/"},{"@type":"ListItem","position":3,"name":"V\u00ed Trezor T"}]},{"@type":"WebSite","@id":"https:\/\/bitcoinvn.io\/shop\/#website","url":"https:\/\/bitcoinvn.io\/shop\/","name":"BitcoinVN Shop","description":"Official Hardware Wallet Distributor in Vietnam","publisher":{"@id":"https:\/\/bitcoinvn.io\/shop\/#organization"},"potentialAction":[{"@type":"SearchAction","target":{"@type":"EntryPoint","urlTemplate":"https:\/\/bitcoinvn.io\/shop\/?s={search_term_string}"},"query-input":{"@type":"PropertyValueSpecification","valueRequired":true,"valueName":"search_term_string"}}],"inLanguage":"en-US"},{"@type":"Organization","@id":"https:\/\/bitcoinvn.io\/shop\/#organization","name":"BitcoinVN Shop","url":"https:\/\/bitcoinvn.io\/shop\/","logo":{"@type":"ImageObject","inLanguage":"en-US","@id":"https:\/\/bitcoinvn.io\/shop\/#\/schema\/logo\/image\/","url":"https:\/\/bitcoinvn.io\/shop\/wp-content\/uploads\/2021\/03\/logo-bitcoinvn-shop.jpg","contentUrl":"https:\/\/bitcoinvn.io\/shop\/wp-content\/uploads\/2021\/03\/logo-bitcoinvn-shop.jpg","width":1200,"height":675,"caption":"BitcoinVN Shop"},"image":{"@id":"https:\/\/bitcoinvn.io\/shop\/#\/schema\/logo\/image\/"},"sameAs":["https:\/\/www.facebook.com\/BitcoinVNShop\/","https:\/\/x.com\/bitcoinvnshop"]}]}},"lang":"vi","translations":{"vi":623,"en":117,"ru":6790},"pll_sync_post":[],"_links":{"self":[{"href":"https:\/\/bitcoinvn.io\/shop\/wp-json\/wp\/v2\/product\/623","targetHints":{"allow":["GET"]}}],"collection":[{"href":"https:\/\/bitcoinvn.io\/shop\/wp-json\/wp\/v2\/product"}],"about":[{"href":"https:\/\/bitcoinvn.io\/shop\/wp-json\/wp\/v2\/types\/product"}],"replies":[{"embeddable":true,"href":"https:\/\/bitcoinvn.io\/shop\/wp-json\/wp\/v2\/comments?post=623"}],"wp:featuredmedia":[{"embeddable":true,"href":"https:\/\/bitcoinvn.io\/shop\/wp-json\/wp\/v2\/media\/6798"}],"wp:attachment":[{"href":"https:\/\/bitcoinvn.io\/shop\/wp-json\/wp\/v2\/media?parent=623"}],"wp:term":[{"taxonomy":"product_brand","embeddable":true,"href":"https:\/\/bitcoinvn.io\/shop\/wp-json\/wp\/v2\/product_brand?post=623"},{"taxonomy":"product_cat","embeddable":true,"href":"https:\/\/bitcoinvn.io\/shop\/wp-json\/wp\/v2\/product_cat?post=623"},{"taxonomy":"product_tag","embeddable":true,"href":"https:\/\/bitcoinvn.io\/shop\/wp-json\/wp\/v2\/product_tag?post=623"}],"curies":[{"name":"wp","href":"https:\/\/api.w.org\/{rel}","templated":true}]}}