{"id":4579,"date":"2023-07-21T23:21:03","date_gmt":"2023-07-21T16:21:03","guid":{"rendered":"https:\/\/shop.bitcoinvn.io\/?post_type=product&#038;p=4579"},"modified":"2025-06-11T07:44:18","modified_gmt":"2025-06-11T00:44:18","slug":"bitcoin-baby","status":"publish","type":"product","link":"https:\/\/bitcoinvn.io\/shop\/vi\/product\/bitcoin-baby\/","title":{"rendered":"Em b\u00e9 Bitcoin \ud83d\udc76\ud83c\udffb"},"content":{"rendered":"<ul>\n<li>M\u00f3c th\u1ee7 c\u00f4ng b\u1eb1ng s\u1ee3i len (60% cotton &amp; 40% acrylic)<\/li>\n<li>B\u00f4ng nh\u1ed3i: 100% h\u1eefu c\u01a1<\/li>\n<li>Chi\u1ec1u cao: 22cm<\/li>\n<\/ul>\n","protected":false},"excerpt":{"rendered":"<p>Ch\u00e0o b\u1ea1n,<\/p>\n<p>M\u00ecnh l\u00e0 em b\u00e9 Bitcoin m\u0169m m\u0129m, sinh ra t\u1ea1i m\u1ed9t th\u00e0nh ph\u1ed1 bi\u1ec3n duy\u00ean d\u00e1ng. M\u1eb9 m\u00ecnh \u0111\u00e3 t\u1ea1o ra b\u1ed9 trang ph\u1ee5c c\u00e1 m\u1eadp cho m\u00ecnh, v\u00e0 n\u00f3 th\u1eadt ho\u00e0n h\u1ea3o cho cu\u1ed9c phi\u00eau l\u01b0u c\u00e2u c\u00e1 c\u1ee7a m\u00ecnh v\u00e0 M\u1eb9! Tuy nhi\u00ean, b\u00e0 \u1ea5y \u0111\u00e3 m\u1ea5t t\u1ea5t c\u1ea3 Bitcoin c\u1ea3u b\u00e0 trong m\u1ed9t tai n\u1ea1n ch\u00e8o thuy\u1ec1n, v\u00ec v\u1eady b\u00e2y gi\u1edd b\u00e0 \u1ea5y ph\u1ea3i m\u00f3c len \ud83e\uddf6 \u0111\u1ec3 ki\u1ebfm sats v\u00e0 ti\u1ebft ki\u1ec7m l\u1ea1i!<\/p>\n<p>M\u00ecnh \u0111\u01b0\u1ee3c l\u00e0m t\u1eeb s\u1ee3i len m\u1ec1m, g\u1ed3m 60% cotton v\u00e0 40% acrylic v\u00e0 r\u1ea5t nhi\u1ec1u t\u00ecnh y\u00eau! M\u1eb9 nh\u1ed3i m\u00ecnh b\u1eb1ng b\u00f4ng h\u1eefu c\u01a1 do ch\u00ednh tay gia \u0111\u00ecnh m\u00ecnh thu ho\u1ea1ch \ud83c\udf3f<\/p>\n<p>M\u00ecnh cao 22 cm v\u00e0 h\u01a1i m\u0169m m\u0129m \u2013 t\u1ea5t c\u1ea3 l\u00e0 nh\u1edd ch\u1ebf \u0111\u1ed9 \u0103n u\u1ed1ng h\u1eefu c\u01a1 c\u1ee7a m\u00ecnh. V\u00e0 \u0111\u1eebng qu\u00ean c\u00e1i m\u00f4ng nh\u1ecf d\u1ec5 th\u01b0\u01a1ng c\u1ee7a m\u00ecnh, n\u00f3 c\u0169ng to l\u1edbn nh\u01b0 t\u1ea5m l\u00f2ng c\u1ee7a m\u00ecnh!<\/p>\n<p>M\u00ecnh l\u00e0 m\u1ed9t \u0111\u1ee9a tr\u1ebb ho\u00e0i c\u1ed5. M\u00ecnh th\u00edch ch\u01a1i v\u1edbi thi\u00ean nhi\u00ean n\u00ean s\u1ebd r\u1ea5t d\u1ec5 l\u1ea5m b\u1ea9n. Nh\u01b0ng, \u0111\u1eebng gi\u1eb7t m\u00e1y, n\u00f3 s\u1ebd l\u00e0m h\u1ecfng qu\u1ea7n \u00e1o v\u00e0 t\u00e2m tr\u1ea1ng c\u1ee7a m\u00ecnh. H\u00e3y \u0111\u1eb7t m\u00ecnh v\u00e0o b\u1ed3n t\u1eafm v\u00e0 r\u1eeda cho m\u00ecnh b\u1eb1ng tay c\u1ee7a b\u1ea1n, nh\u01b0 m\u1eb9 v\u1eabn lu\u00f4n l\u00e0m!<\/p>\n<p>M\u1eb9 m\u00ecnh c\u00f3 nh\u1eefng \u01b0\u1edbc m\u01a1 l\u1edbn cho m\u00ecnh, v\u00e0 b\u00e0 mu\u1ed1n m\u00ecnh c\u00f3 nhi\u1ec1u b\u1ea1n b\u00e8 \u0111\u1ec3 ch\u01a1i c\u00f9ng. H\u00e3y \u0111\u01b0a m\u00ecnh v\u1ec1 nh\u00e0, v\u00e0 ch\u00fang ta h\u00e3y c\u00f9ng t\u1eadn h\u01b0\u1edfng cu\u1ed9c s\u1ed1ng v\u1edbi nhau! \ud83d\udc9e\ud83c\udfe1<\/p>\n","protected":false},"featured_media":4591,"comment_status":"open","ping_status":"closed","template":"","meta":[],"product_brand":[],"product_cat":[417,446],"product_tag":[],"class_list":{"0":"post-4579","1":"product","2":"type-product","3":"status-publish","4":"has-post-thumbnail","6":"product_cat-arts-collectibles","7":"product_cat-chubby-bitcoiners","9":"first","10":"instock","11":"taxable","12":"shipping-taxable","13":"purchasable","14":"product-type-simple"},"yoast_head":"<!-- This site is optimized with the Yoast SEO plugin v26.6 - https:\/\/yoast.com\/wordpress\/plugins\/seo\/ -->\n<title>Em b\u00e9 Bitcoin \ud83d\udc76\ud83c\udffb - BitcoinVN Shop<\/title>\n<meta name=\"description\" content=\"Em b\u00e9 Bitcoin b\u1eb1ng len m\u00f3c th\u1ee7 c\u00f4ng v\u00e0 nh\u1ed3i b\u00f4ng si\u00eau cute \u0111\u00e3 c\u00f3 m\u1eb7t t\u1ea1i BitcoinVN Shop. S\u1ea3n ph\u1ea9m ch\u00ednh h\u00e3ng, gi\u00e1 t\u1ed1t, ship COD t\u1eadn n\u01a1i. Mua ngay!\" \/>\n<meta name=\"robots\" content=\"index, follow, max-snippet:-1, max-image-preview:large, max-video-preview:-1\" \/>\n<link rel=\"canonical\" href=\"https:\/\/bitcoinvn.io\/shop\/vi\/product\/bitcoin-baby\/\" \/>\n<meta property=\"og:locale\" content=\"en_US\" \/>\n<meta property=\"og:type\" content=\"article\" \/>\n<meta property=\"og:title\" content=\"Em b\u00e9 Bitcoin \ud83d\udc76\ud83c\udffb - BitcoinVN Shop\" \/>\n<meta property=\"og:description\" content=\"Em b\u00e9 Bitcoin b\u1eb1ng len m\u00f3c th\u1ee7 c\u00f4ng v\u00e0 nh\u1ed3i b\u00f4ng si\u00eau cute \u0111\u00e3 c\u00f3 m\u1eb7t t\u1ea1i BitcoinVN Shop. S\u1ea3n ph\u1ea9m ch\u00ednh h\u00e3ng, gi\u00e1 t\u1ed1t, ship COD t\u1eadn n\u01a1i. Mua ngay!\" \/>\n<meta property=\"og:url\" content=\"https:\/\/bitcoinvn.io\/shop\/vi\/product\/bitcoin-baby\/\" \/>\n<meta property=\"og:site_name\" content=\"BitcoinVN Shop\" \/>\n<meta property=\"article:publisher\" content=\"https:\/\/www.facebook.com\/BitcoinVNShop\/\" \/>\n<meta property=\"article:modified_time\" content=\"2025-06-11T00:44:18+00:00\" \/>\n<meta property=\"og:image\" content=\"https:\/\/bitcoinvn.io\/shop\/wp-content\/uploads\/2023\/07\/photo_6194730025530537827_y.jpg\" \/>\n\t<meta property=\"og:image:width\" content=\"967\" \/>\n\t<meta property=\"og:image:height\" content=\"1280\" \/>\n\t<meta property=\"og:image:type\" content=\"image\/jpeg\" \/>\n<meta name=\"twitter:card\" content=\"summary_large_image\" \/>\n<meta name=\"twitter:site\" content=\"@bitcoinvnshop\" \/>\n<meta name=\"twitter:label1\" content=\"Est. reading time\" \/>\n\t<meta name=\"twitter:data1\" content=\"1 minute\" \/>\n<script type=\"application\/ld+json\" class=\"yoast-schema-graph\">{\"@context\":\"https:\/\/schema.org\",\"@graph\":[{\"@type\":\"WebPage\",\"@id\":\"https:\/\/bitcoinvn.io\/shop\/vi\/product\/bitcoin-baby\/\",\"url\":\"https:\/\/bitcoinvn.io\/shop\/vi\/product\/bitcoin-baby\/\",\"name\":\"Em b\u00e9 Bitcoin \ud83d\udc76\ud83c\udffb - BitcoinVN Shop\",\"isPartOf\":{\"@id\":\"https:\/\/bitcoinvn.io\/shop\/#website\"},\"primaryImageOfPage\":{\"@id\":\"https:\/\/bitcoinvn.io\/shop\/vi\/product\/bitcoin-baby\/#primaryimage\"},\"image\":{\"@id\":\"https:\/\/bitcoinvn.io\/shop\/vi\/product\/bitcoin-baby\/#primaryimage\"},\"thumbnailUrl\":\"https:\/\/bitcoinvn.io\/shop\/wp-content\/uploads\/2023\/07\/photo_6194730025530537827_y.jpg\",\"datePublished\":\"2023-07-21T16:21:03+00:00\",\"dateModified\":\"2025-06-11T00:44:18+00:00\",\"description\":\"Em b\u00e9 Bitcoin b\u1eb1ng len m\u00f3c th\u1ee7 c\u00f4ng v\u00e0 nh\u1ed3i b\u00f4ng si\u00eau cute \u0111\u00e3 c\u00f3 m\u1eb7t t\u1ea1i BitcoinVN Shop. S\u1ea3n ph\u1ea9m ch\u00ednh h\u00e3ng, gi\u00e1 t\u1ed1t, ship COD t\u1eadn n\u01a1i. Mua ngay!\",\"breadcrumb\":{\"@id\":\"https:\/\/bitcoinvn.io\/shop\/vi\/product\/bitcoin-baby\/#breadcrumb\"},\"inLanguage\":\"en-US\",\"potentialAction\":[{\"@type\":\"ReadAction\",\"target\":[\"https:\/\/bitcoinvn.io\/shop\/vi\/product\/bitcoin-baby\/\"]}]},{\"@type\":\"ImageObject\",\"inLanguage\":\"en-US\",\"@id\":\"https:\/\/bitcoinvn.io\/shop\/vi\/product\/bitcoin-baby\/#primaryimage\",\"url\":\"https:\/\/bitcoinvn.io\/shop\/wp-content\/uploads\/2023\/07\/photo_6194730025530537827_y.jpg\",\"contentUrl\":\"https:\/\/bitcoinvn.io\/shop\/wp-content\/uploads\/2023\/07\/photo_6194730025530537827_y.jpg\",\"width\":967,\"height\":1280},{\"@type\":\"BreadcrumbList\",\"@id\":\"https:\/\/bitcoinvn.io\/shop\/vi\/product\/bitcoin-baby\/#breadcrumb\",\"itemListElement\":[{\"@type\":\"ListItem\",\"position\":1,\"name\":\"Home\",\"item\":\"https:\/\/bitcoinvn.io\/shop\/store\/\"},{\"@type\":\"ListItem\",\"position\":2,\"name\":\"Shop\",\"item\":\"https:\/\/bitcoinvn.io\/shop\/shop\/\"},{\"@type\":\"ListItem\",\"position\":3,\"name\":\"Em b\u00e9 Bitcoin \ud83d\udc76\ud83c\udffb\"}]},{\"@type\":\"WebSite\",\"@id\":\"https:\/\/bitcoinvn.io\/shop\/#website\",\"url\":\"https:\/\/bitcoinvn.io\/shop\/\",\"name\":\"BitcoinVN Shop\",\"description\":\"Official Hardware Wallet Distributor in Vietnam\",\"publisher\":{\"@id\":\"https:\/\/bitcoinvn.io\/shop\/#organization\"},\"potentialAction\":[{\"@type\":\"SearchAction\",\"target\":{\"@type\":\"EntryPoint\",\"urlTemplate\":\"https:\/\/bitcoinvn.io\/shop\/?s={search_term_string}\"},\"query-input\":{\"@type\":\"PropertyValueSpecification\",\"valueRequired\":true,\"valueName\":\"search_term_string\"}}],\"inLanguage\":\"en-US\"},{\"@type\":\"Organization\",\"@id\":\"https:\/\/bitcoinvn.io\/shop\/#organization\",\"name\":\"BitcoinVN Shop\",\"url\":\"https:\/\/bitcoinvn.io\/shop\/\",\"logo\":{\"@type\":\"ImageObject\",\"inLanguage\":\"en-US\",\"@id\":\"https:\/\/bitcoinvn.io\/shop\/#\/schema\/logo\/image\/\",\"url\":\"https:\/\/bitcoinvn.io\/shop\/wp-content\/uploads\/2021\/03\/logo-bitcoinvn-shop.jpg\",\"contentUrl\":\"https:\/\/bitcoinvn.io\/shop\/wp-content\/uploads\/2021\/03\/logo-bitcoinvn-shop.jpg\",\"width\":1200,\"height\":675,\"caption\":\"BitcoinVN Shop\"},\"image\":{\"@id\":\"https:\/\/bitcoinvn.io\/shop\/#\/schema\/logo\/image\/\"},\"sameAs\":[\"https:\/\/www.facebook.com\/BitcoinVNShop\/\",\"https:\/\/x.com\/bitcoinvnshop\"]}]}<\/script>\n<!-- \/ Yoast SEO plugin. -->","yoast_head_json":{"title":"Em b\u00e9 Bitcoin \ud83d\udc76\ud83c\udffb - BitcoinVN Shop","description":"Em b\u00e9 Bitcoin b\u1eb1ng len m\u00f3c th\u1ee7 c\u00f4ng v\u00e0 nh\u1ed3i b\u00f4ng si\u00eau cute \u0111\u00e3 c\u00f3 m\u1eb7t t\u1ea1i BitcoinVN Shop. S\u1ea3n ph\u1ea9m ch\u00ednh h\u00e3ng, gi\u00e1 t\u1ed1t, ship COD t\u1eadn n\u01a1i. Mua ngay!","robots":{"index":"index","follow":"follow","max-snippet":"max-snippet:-1","max-image-preview":"max-image-preview:large","max-video-preview":"max-video-preview:-1"},"canonical":"https:\/\/bitcoinvn.io\/shop\/vi\/product\/bitcoin-baby\/","og_locale":"en_US","og_type":"article","og_title":"Em b\u00e9 Bitcoin \ud83d\udc76\ud83c\udffb - BitcoinVN Shop","og_description":"Em b\u00e9 Bitcoin b\u1eb1ng len m\u00f3c th\u1ee7 c\u00f4ng v\u00e0 nh\u1ed3i b\u00f4ng si\u00eau cute \u0111\u00e3 c\u00f3 m\u1eb7t t\u1ea1i BitcoinVN Shop. S\u1ea3n ph\u1ea9m ch\u00ednh h\u00e3ng, gi\u00e1 t\u1ed1t, ship COD t\u1eadn n\u01a1i. Mua ngay!","og_url":"https:\/\/bitcoinvn.io\/shop\/vi\/product\/bitcoin-baby\/","og_site_name":"BitcoinVN Shop","article_publisher":"https:\/\/www.facebook.com\/BitcoinVNShop\/","article_modified_time":"2025-06-11T00:44:18+00:00","og_image":[{"width":967,"height":1280,"url":"https:\/\/bitcoinvn.io\/shop\/wp-content\/uploads\/2023\/07\/photo_6194730025530537827_y.jpg","type":"image\/jpeg"}],"twitter_card":"summary_large_image","twitter_site":"@bitcoinvnshop","twitter_misc":{"Est. reading time":"1 minute"},"schema":{"@context":"https:\/\/schema.org","@graph":[{"@type":"WebPage","@id":"https:\/\/bitcoinvn.io\/shop\/vi\/product\/bitcoin-baby\/","url":"https:\/\/bitcoinvn.io\/shop\/vi\/product\/bitcoin-baby\/","name":"Em b\u00e9 Bitcoin \ud83d\udc76\ud83c\udffb - BitcoinVN Shop","isPartOf":{"@id":"https:\/\/bitcoinvn.io\/shop\/#website"},"primaryImageOfPage":{"@id":"https:\/\/bitcoinvn.io\/shop\/vi\/product\/bitcoin-baby\/#primaryimage"},"image":{"@id":"https:\/\/bitcoinvn.io\/shop\/vi\/product\/bitcoin-baby\/#primaryimage"},"thumbnailUrl":"https:\/\/bitcoinvn.io\/shop\/wp-content\/uploads\/2023\/07\/photo_6194730025530537827_y.jpg","datePublished":"2023-07-21T16:21:03+00:00","dateModified":"2025-06-11T00:44:18+00:00","description":"Em b\u00e9 Bitcoin b\u1eb1ng len m\u00f3c th\u1ee7 c\u00f4ng v\u00e0 nh\u1ed3i b\u00f4ng si\u00eau cute \u0111\u00e3 c\u00f3 m\u1eb7t t\u1ea1i BitcoinVN Shop. S\u1ea3n ph\u1ea9m ch\u00ednh h\u00e3ng, gi\u00e1 t\u1ed1t, ship COD t\u1eadn n\u01a1i. Mua ngay!","breadcrumb":{"@id":"https:\/\/bitcoinvn.io\/shop\/vi\/product\/bitcoin-baby\/#breadcrumb"},"inLanguage":"en-US","potentialAction":[{"@type":"ReadAction","target":["https:\/\/bitcoinvn.io\/shop\/vi\/product\/bitcoin-baby\/"]}]},{"@type":"ImageObject","inLanguage":"en-US","@id":"https:\/\/bitcoinvn.io\/shop\/vi\/product\/bitcoin-baby\/#primaryimage","url":"https:\/\/bitcoinvn.io\/shop\/wp-content\/uploads\/2023\/07\/photo_6194730025530537827_y.jpg","contentUrl":"https:\/\/bitcoinvn.io\/shop\/wp-content\/uploads\/2023\/07\/photo_6194730025530537827_y.jpg","width":967,"height":1280},{"@type":"BreadcrumbList","@id":"https:\/\/bitcoinvn.io\/shop\/vi\/product\/bitcoin-baby\/#breadcrumb","itemListElement":[{"@type":"ListItem","position":1,"name":"Home","item":"https:\/\/bitcoinvn.io\/shop\/store\/"},{"@type":"ListItem","position":2,"name":"Shop","item":"https:\/\/bitcoinvn.io\/shop\/shop\/"},{"@type":"ListItem","position":3,"name":"Em b\u00e9 Bitcoin \ud83d\udc76\ud83c\udffb"}]},{"@type":"WebSite","@id":"https:\/\/bitcoinvn.io\/shop\/#website","url":"https:\/\/bitcoinvn.io\/shop\/","name":"BitcoinVN Shop","description":"Official Hardware Wallet Distributor in Vietnam","publisher":{"@id":"https:\/\/bitcoinvn.io\/shop\/#organization"},"potentialAction":[{"@type":"SearchAction","target":{"@type":"EntryPoint","urlTemplate":"https:\/\/bitcoinvn.io\/shop\/?s={search_term_string}"},"query-input":{"@type":"PropertyValueSpecification","valueRequired":true,"valueName":"search_term_string"}}],"inLanguage":"en-US"},{"@type":"Organization","@id":"https:\/\/bitcoinvn.io\/shop\/#organization","name":"BitcoinVN Shop","url":"https:\/\/bitcoinvn.io\/shop\/","logo":{"@type":"ImageObject","inLanguage":"en-US","@id":"https:\/\/bitcoinvn.io\/shop\/#\/schema\/logo\/image\/","url":"https:\/\/bitcoinvn.io\/shop\/wp-content\/uploads\/2021\/03\/logo-bitcoinvn-shop.jpg","contentUrl":"https:\/\/bitcoinvn.io\/shop\/wp-content\/uploads\/2021\/03\/logo-bitcoinvn-shop.jpg","width":1200,"height":675,"caption":"BitcoinVN Shop"},"image":{"@id":"https:\/\/bitcoinvn.io\/shop\/#\/schema\/logo\/image\/"},"sameAs":["https:\/\/www.facebook.com\/BitcoinVNShop\/","https:\/\/x.com\/bitcoinvnshop"]}]}},"lang":"vi","translations":{"vi":4579,"en":4564,"ja":6319,"ru":6992},"pll_sync_post":[],"_links":{"self":[{"href":"https:\/\/bitcoinvn.io\/shop\/wp-json\/wp\/v2\/product\/4579","targetHints":{"allow":["GET"]}}],"collection":[{"href":"https:\/\/bitcoinvn.io\/shop\/wp-json\/wp\/v2\/product"}],"about":[{"href":"https:\/\/bitcoinvn.io\/shop\/wp-json\/wp\/v2\/types\/product"}],"replies":[{"embeddable":true,"href":"https:\/\/bitcoinvn.io\/shop\/wp-json\/wp\/v2\/comments?post=4579"}],"wp:featuredmedia":[{"embeddable":true,"href":"https:\/\/bitcoinvn.io\/shop\/wp-json\/wp\/v2\/media\/4591"}],"wp:attachment":[{"href":"https:\/\/bitcoinvn.io\/shop\/wp-json\/wp\/v2\/media?parent=4579"}],"wp:term":[{"taxonomy":"product_brand","embeddable":true,"href":"https:\/\/bitcoinvn.io\/shop\/wp-json\/wp\/v2\/product_brand?post=4579"},{"taxonomy":"product_cat","embeddable":true,"href":"https:\/\/bitcoinvn.io\/shop\/wp-json\/wp\/v2\/product_cat?post=4579"},{"taxonomy":"product_tag","embeddable":true,"href":"https:\/\/bitcoinvn.io\/shop\/wp-json\/wp\/v2\/product_tag?post=4579"}],"curies":[{"name":"wp","href":"https:\/\/api.w.org\/{rel}","templated":true}]}}