{"id":4569,"date":"2023-07-21T22:56:30","date_gmt":"2023-07-21T15:56:30","guid":{"rendered":"https:\/\/shop.bitcoinvn.io\/?post_type=product&#038;p=4569"},"modified":"2025-07-28T14:36:23","modified_gmt":"2025-07-28T07:36:23","slug":"bitcoin-turtle","status":"publish","type":"product","link":"https:\/\/bitcoinvn.io\/shop\/vi\/product\/bitcoin-turtle\/","title":{"rendered":"Ch\u00fa R\u00f9a Bitcoin"},"content":{"rendered":"<p><i><span style=\"font-weight: 400;\">R\u00f9a tuy ch\u1eadm m\u00e0 ch\u1eafc \u2013 nh\u01b0 ch\u00ednh h\u00e0nh tr\u00ecnh b\u1ec1n b\u1ec9 c\u1ee7a Bitcoin tr\u00ean con \u0111\u01b0\u1eddng h\u01b0\u1edbng t\u1edbi t\u1ef1 do t\u00e0i ch\u00ednh. V\u1edbi ph\u1ea7n mai mang logo Bitcoin, ch\u00fa R\u00f9a Bitcoin kh\u00f4ng ch\u1ec9 l\u00e0 m\u00f3n \u0111\u1ed3 ch\u01a1i, m\u00e0 l\u00e0 m\u00f3n qu\u00e0 \u0111\u1ea7y \u00fd ngh\u0129a d\u00e0nh t\u1eb7ng ng\u01b0\u1eddi th\u00e2n, b\u1ea1n b\u00e8 v\u00e0 nh\u1eefng ng\u01b0\u1eddi \u0111am m\u00ea \u0111\u1ed3ng ti\u1ec1n \u201cv\u00e0ng k\u1ef9 thu\u1eadt s\u1ed1\u201d.<\/span><\/i><\/p>\n<h2><b>T\u00f3m t\u1eaft nhanh v\u1ec1 s\u1ea3n ph\u1ea9m Ch\u00fa R\u00f9a Bitcoin<\/b><\/h2>\n<table>\n<tbody>\n<tr>\n<td><b>\u0110\u1eb7c \u0111i\u1ec3m<\/b><\/td>\n<td><b>M\u00f4 t\u1ea3 chi ti\u1ebft<\/b><\/td>\n<\/tr>\n<tr>\n<td><b>Th\u00e0nh ph\u1ea7n<\/b><\/td>\n<td><span style=\"font-weight: 400;\">Len s\u1ee3i g\u1ed3m 78% cotton h\u1eefu c\u01a1 v\u00e0 22% acrylic<\/span><\/td>\n<\/tr>\n<tr>\n<td><b>K\u00edch th\u01b0\u1edbc<\/b><\/td>\n<td><span style=\"font-weight: 400;\">15cm<\/span><\/td>\n<\/tr>\n<tr>\n<td><b>H\u00ecnh th\u1ee9c th\u1ef1c hi\u1ec7n<\/b><\/td>\n<td><span style=\"font-weight: 400;\">\u0110an m\u00f3c th\u1ee7 c\u00f4ng 100%<\/span><\/td>\n<\/tr>\n<\/tbody>\n<\/table>\n<h2><b>Ai n\u00ean s\u1eed d\u1ee5ng Ch\u00fa R\u00f9a Bitcoin?<\/b><\/h2>\n<ul>\n<li style=\"font-weight: 400;\" aria-level=\"1\"><span style=\"font-weight: 400;\">Bitcoiner y\u00eau th\u00edch \u0111\u1ed3 th\u1ee7 c\u00f4ng \u0111\u1ed9c \u0111\u00e1o, c\u00f3 \u00fd ngh\u0129a<\/span><\/li>\n<li style=\"font-weight: 400;\" aria-level=\"1\"><span style=\"font-weight: 400;\">Trang tr\u00ed g\u00f3c l\u00e0m vi\u1ec7c, studio crypto ho\u1eb7c ph\u00f2ng ng\u1ee7<\/span><\/li>\n<li style=\"font-weight: 400;\" aria-level=\"1\"><span style=\"font-weight: 400;\">L\u00e0m qu\u00e0 t\u1eb7ng cho b\u1ea1n b\u00e8, \u0111\u1ed3ng nghi\u1ec7p, ng\u01b0\u1eddi th\u00e2n trong ng\u00e0nh blockchain<\/span><\/li>\n<li style=\"font-weight: 400;\" aria-level=\"1\"><span style=\"font-weight: 400;\">Nh\u1eefng ai mu\u1ed1n lan to\u1ea3 tinh th\u1ea7n Bitcoin m\u1ed9t c\u00e1ch g\u1ea7n g\u0169i v\u00e0 d\u1ec5 th\u01b0\u01a1ng<\/span><\/li>\n<\/ul>\n<h2><b>H\u01b0\u1edbng d\u1eabn v\u1ec7 sinh<\/b><\/h2>\n<ul>\n<li style=\"font-weight: 400;\" aria-level=\"1\"><span style=\"font-weight: 400;\">Kh\u00f4ng gi\u1eb7t b\u1eb1ng m\u00e1y. Khi c\u1ea7n l\u00e0m s\u1ea1ch, h\u00e3y gi\u1eb7t nh\u1eb9 nh\u00e0ng b\u1eb1ng tay v\u00e0 \u0111\u1ec3 kh\u00f4 t\u1ef1 nhi\u00ean d\u01b0\u1edbi n\u1eafng<\/span><\/li>\n<li style=\"font-weight: 400;\" aria-level=\"1\"><span style=\"font-weight: 400;\">Ph\u00f9 h\u1ee3p \u0111\u1ec3 tr\u01b0ng b\u00e0y, s\u01b0u t\u1ea7m, ho\u1eb7c l\u00e0m qu\u00e0 t\u1eb7ng \u0111\u1ed9c \u0111\u00e1o cho nh\u1eefng ng\u01b0\u1eddi b\u1ea1n c\u00f9ng ch\u00ed h\u01b0\u1edbng trong th\u1ebf gi\u1edbi crypto.<\/span><\/li>\n<\/ul>\n<p><b><i>S\u1ea3n ph\u1ea9m gi\u1edbi h\u1ea1n \u2013 Mua ngay t\u1ea1i BitcoinVN Shop \u0111\u1ec3 mang Ch\u00fa R\u00f9a Bitcoin v\u1ec1 nh\u00e0 v\u00e0 c\u00f9ng nhau t\u1ea1o n\u00ean nh\u1eefng k\u1ec9 ni\u1ec7m \u0111\u00e1ng nh\u1edb!<\/i><\/b><\/p>\n","protected":false},"excerpt":{"rendered":"<p><span style=\"font-weight: 400;\">Xin ch\u00e0o, m\u00ecnh l\u00e0 Ch\u00fa R\u00f9a Bitcoin!<\/span><\/p>\n<p><span style=\"font-weight: 400;\">M\u00ecnh \u0111\u01b0\u1ee3c \u0111an th\u1ee7 c\u00f4ng t\u1eeb s\u1ee3i len 78% cotton v\u00e0 22% acrylic, v\u1eeba m\u1ec1m m\u1ea1i v\u1eeba b\u1ec1n. M\u00ecnh \u0111\u1eb7c bi\u1ec7t l\u1eafm, \u0111\u01b0\u1ee3c l\u00e0m t\u1eeb 100% g\u1ed7 s\u1ed3i kh\u1eafc ch\u1eef Bitcoin, v\u00ec m\u00ecnh y\u00eau Bitcoin!<\/span><\/p>\n<p><span style=\"font-weight: 400;\">M\u00ecnh tr\u00f2n tr\u1ecba, d\u00e0i 15cm, r\u1ea5t h\u1ee3p \u0111\u1ec3 treo l\u00ean ba l\u00f4 ho\u1eb7c l\u00e0m b\u1ea1n v\u1edbi nh\u1eefng m\u00f3n \u0111\u1ed3 ch\u01a1i nh\u1ed3i b\u00f4ng kh\u00e1c. Khi b\u1ecb b\u1ea9n, h\u00e3y \u201ct\u1eafm\u201d cho m\u00ecnh nh\u1eb9 nh\u00e0ng b\u1eb1ng tay v\u00e0 \u0111\u1ec3 m\u00ecnh ph\u01a1i kh\u00f4 t\u1ef1 nhi\u00ean nh\u00e9, m\u00ecnh kh\u00f4ng th\u00edch m\u00e1y gi\u1eb7t \u0111\u00e2u.\u00a0<\/span><\/p>\n<p><span style=\"font-weight: 400;\">M\u00ecnh \u0111\u01b0\u1ee3c t\u1ea1o ra v\u1edbi t\u1ea5t c\u1ea3 s\u1ef1 y\u00eau th\u01b0\u01a1ng t\u1eeb m\u1ed9t ngh\u1ec7 nh\u00e2n \u0111an m\u00f3c t\u1eadn t\u00e2m. \u0110\u01b0a m\u00ecnh v\u1ec1 nh\u00e0 nh\u00e9, m\u00ecnh h\u1ee9a s\u1ebd c\u00f9ng b\u1ea1n t\u1ea1o n\u00ean th\u1eadt nhi\u1ec1u k\u1ef7 ni\u1ec7m d\u1ec5 th\u01b0\u01a1ng!<\/span><\/p>\n","protected":false},"featured_media":4570,"comment_status":"open","ping_status":"closed","template":"","meta":[],"product_brand":[],"product_cat":[417,446],"product_tag":[],"class_list":{"0":"post-4569","1":"product","2":"type-product","3":"status-publish","4":"has-post-thumbnail","6":"product_cat-arts-collectibles","7":"product_cat-chubby-bitcoiners","9":"first","10":"instock","11":"taxable","12":"shipping-taxable","13":"purchasable","14":"product-type-simple"},"yoast_head":"<!-- This site is optimized with the Yoast SEO plugin v26.6 - https:\/\/yoast.com\/wordpress\/plugins\/seo\/ -->\n<title>Ch\u00fa R\u00f9a Bitcoin - BitcoinVN Shop<\/title>\n<meta name=\"description\" content=\"R\u00f9a Bitcoin th\u1ee7 c\u00f4ng v\u1edbi ph\u1ea7n b\u1ee5ng kh\u1eafc logo \u20bf t\u1eeb g\u1ed7 s\u1ed3i cao c\u1ea5p v\u1edbi thi\u1ebft k\u1ebf d\u1ec5 th\u01b0\u01a1ng. S\u1ed1 l\u01b0\u1ee3ng gi\u1edbi h\u1ea1n, mua ngay t\u1ea1i BitcoinVN Shop!\" \/>\n<meta name=\"robots\" content=\"index, follow, max-snippet:-1, max-image-preview:large, max-video-preview:-1\" \/>\n<link rel=\"canonical\" href=\"https:\/\/bitcoinvn.io\/shop\/vi\/product\/bitcoin-turtle\/\" \/>\n<meta property=\"og:locale\" content=\"en_US\" \/>\n<meta property=\"og:type\" content=\"article\" \/>\n<meta property=\"og:title\" content=\"Ch\u00fa R\u00f9a Bitcoin - BitcoinVN Shop\" \/>\n<meta property=\"og:description\" content=\"R\u00f9a Bitcoin th\u1ee7 c\u00f4ng v\u1edbi ph\u1ea7n b\u1ee5ng kh\u1eafc logo \u20bf t\u1eeb g\u1ed7 s\u1ed3i cao c\u1ea5p v\u1edbi thi\u1ebft k\u1ebf d\u1ec5 th\u01b0\u01a1ng. S\u1ed1 l\u01b0\u1ee3ng gi\u1edbi h\u1ea1n, mua ngay t\u1ea1i BitcoinVN Shop!\" \/>\n<meta property=\"og:url\" content=\"https:\/\/bitcoinvn.io\/shop\/vi\/product\/bitcoin-turtle\/\" \/>\n<meta property=\"og:site_name\" content=\"BitcoinVN Shop\" \/>\n<meta property=\"article:publisher\" content=\"https:\/\/www.facebook.com\/BitcoinVNShop\/\" \/>\n<meta property=\"article:modified_time\" content=\"2025-07-28T07:36:23+00:00\" \/>\n<meta property=\"og:image\" content=\"https:\/\/bitcoinvn.io\/shop\/wp-content\/uploads\/2023\/07\/photo_6147606473287514104_y-1-e1689872033818.jpg\" \/>\n\t<meta property=\"og:image:width\" content=\"672\" \/>\n\t<meta property=\"og:image:height\" content=\"679\" \/>\n\t<meta property=\"og:image:type\" content=\"image\/jpeg\" \/>\n<meta name=\"twitter:card\" content=\"summary_large_image\" \/>\n<meta name=\"twitter:site\" content=\"@bitcoinvnshop\" \/>\n<meta name=\"twitter:label1\" content=\"Est. reading time\" \/>\n\t<meta name=\"twitter:data1\" content=\"2 minutes\" \/>\n<script type=\"application\/ld+json\" class=\"yoast-schema-graph\">{\"@context\":\"https:\/\/schema.org\",\"@graph\":[{\"@type\":\"WebPage\",\"@id\":\"https:\/\/bitcoinvn.io\/shop\/vi\/product\/bitcoin-turtle\/\",\"url\":\"https:\/\/bitcoinvn.io\/shop\/vi\/product\/bitcoin-turtle\/\",\"name\":\"Ch\u00fa R\u00f9a Bitcoin - BitcoinVN Shop\",\"isPartOf\":{\"@id\":\"https:\/\/bitcoinvn.io\/shop\/#website\"},\"primaryImageOfPage\":{\"@id\":\"https:\/\/bitcoinvn.io\/shop\/vi\/product\/bitcoin-turtle\/#primaryimage\"},\"image\":{\"@id\":\"https:\/\/bitcoinvn.io\/shop\/vi\/product\/bitcoin-turtle\/#primaryimage\"},\"thumbnailUrl\":\"https:\/\/bitcoinvn.io\/shop\/wp-content\/uploads\/2023\/07\/photo_6147606473287514104_y-1-e1689872033818.jpg\",\"datePublished\":\"2023-07-21T15:56:30+00:00\",\"dateModified\":\"2025-07-28T07:36:23+00:00\",\"description\":\"R\u00f9a Bitcoin th\u1ee7 c\u00f4ng v\u1edbi ph\u1ea7n b\u1ee5ng kh\u1eafc logo \u20bf t\u1eeb g\u1ed7 s\u1ed3i cao c\u1ea5p v\u1edbi thi\u1ebft k\u1ebf d\u1ec5 th\u01b0\u01a1ng. S\u1ed1 l\u01b0\u1ee3ng gi\u1edbi h\u1ea1n, mua ngay t\u1ea1i BitcoinVN Shop!\",\"breadcrumb\":{\"@id\":\"https:\/\/bitcoinvn.io\/shop\/vi\/product\/bitcoin-turtle\/#breadcrumb\"},\"inLanguage\":\"en-US\",\"potentialAction\":[{\"@type\":\"ReadAction\",\"target\":[\"https:\/\/bitcoinvn.io\/shop\/vi\/product\/bitcoin-turtle\/\"]}]},{\"@type\":\"ImageObject\",\"inLanguage\":\"en-US\",\"@id\":\"https:\/\/bitcoinvn.io\/shop\/vi\/product\/bitcoin-turtle\/#primaryimage\",\"url\":\"https:\/\/bitcoinvn.io\/shop\/wp-content\/uploads\/2023\/07\/photo_6147606473287514104_y-1-e1689872033818.jpg\",\"contentUrl\":\"https:\/\/bitcoinvn.io\/shop\/wp-content\/uploads\/2023\/07\/photo_6147606473287514104_y-1-e1689872033818.jpg\",\"width\":672,\"height\":679},{\"@type\":\"BreadcrumbList\",\"@id\":\"https:\/\/bitcoinvn.io\/shop\/vi\/product\/bitcoin-turtle\/#breadcrumb\",\"itemListElement\":[{\"@type\":\"ListItem\",\"position\":1,\"name\":\"Home\",\"item\":\"https:\/\/bitcoinvn.io\/shop\/store\/\"},{\"@type\":\"ListItem\",\"position\":2,\"name\":\"Shop\",\"item\":\"https:\/\/bitcoinvn.io\/shop\/shop\/\"},{\"@type\":\"ListItem\",\"position\":3,\"name\":\"Ch\u00fa R\u00f9a Bitcoin\"}]},{\"@type\":\"WebSite\",\"@id\":\"https:\/\/bitcoinvn.io\/shop\/#website\",\"url\":\"https:\/\/bitcoinvn.io\/shop\/\",\"name\":\"BitcoinVN Shop\",\"description\":\"Official Hardware Wallet Distributor in Vietnam\",\"publisher\":{\"@id\":\"https:\/\/bitcoinvn.io\/shop\/#organization\"},\"potentialAction\":[{\"@type\":\"SearchAction\",\"target\":{\"@type\":\"EntryPoint\",\"urlTemplate\":\"https:\/\/bitcoinvn.io\/shop\/?s={search_term_string}\"},\"query-input\":{\"@type\":\"PropertyValueSpecification\",\"valueRequired\":true,\"valueName\":\"search_term_string\"}}],\"inLanguage\":\"en-US\"},{\"@type\":\"Organization\",\"@id\":\"https:\/\/bitcoinvn.io\/shop\/#organization\",\"name\":\"BitcoinVN Shop\",\"url\":\"https:\/\/bitcoinvn.io\/shop\/\",\"logo\":{\"@type\":\"ImageObject\",\"inLanguage\":\"en-US\",\"@id\":\"https:\/\/bitcoinvn.io\/shop\/#\/schema\/logo\/image\/\",\"url\":\"https:\/\/bitcoinvn.io\/shop\/wp-content\/uploads\/2021\/03\/logo-bitcoinvn-shop.jpg\",\"contentUrl\":\"https:\/\/bitcoinvn.io\/shop\/wp-content\/uploads\/2021\/03\/logo-bitcoinvn-shop.jpg\",\"width\":1200,\"height\":675,\"caption\":\"BitcoinVN Shop\"},\"image\":{\"@id\":\"https:\/\/bitcoinvn.io\/shop\/#\/schema\/logo\/image\/\"},\"sameAs\":[\"https:\/\/www.facebook.com\/BitcoinVNShop\/\",\"https:\/\/x.com\/bitcoinvnshop\"]}]}<\/script>\n<!-- \/ Yoast SEO plugin. -->","yoast_head_json":{"title":"Ch\u00fa R\u00f9a Bitcoin - BitcoinVN Shop","description":"R\u00f9a Bitcoin th\u1ee7 c\u00f4ng v\u1edbi ph\u1ea7n b\u1ee5ng kh\u1eafc logo \u20bf t\u1eeb g\u1ed7 s\u1ed3i cao c\u1ea5p v\u1edbi thi\u1ebft k\u1ebf d\u1ec5 th\u01b0\u01a1ng. S\u1ed1 l\u01b0\u1ee3ng gi\u1edbi h\u1ea1n, mua ngay t\u1ea1i BitcoinVN Shop!","robots":{"index":"index","follow":"follow","max-snippet":"max-snippet:-1","max-image-preview":"max-image-preview:large","max-video-preview":"max-video-preview:-1"},"canonical":"https:\/\/bitcoinvn.io\/shop\/vi\/product\/bitcoin-turtle\/","og_locale":"en_US","og_type":"article","og_title":"Ch\u00fa R\u00f9a Bitcoin - BitcoinVN Shop","og_description":"R\u00f9a Bitcoin th\u1ee7 c\u00f4ng v\u1edbi ph\u1ea7n b\u1ee5ng kh\u1eafc logo \u20bf t\u1eeb g\u1ed7 s\u1ed3i cao c\u1ea5p v\u1edbi thi\u1ebft k\u1ebf d\u1ec5 th\u01b0\u01a1ng. S\u1ed1 l\u01b0\u1ee3ng gi\u1edbi h\u1ea1n, mua ngay t\u1ea1i BitcoinVN Shop!","og_url":"https:\/\/bitcoinvn.io\/shop\/vi\/product\/bitcoin-turtle\/","og_site_name":"BitcoinVN Shop","article_publisher":"https:\/\/www.facebook.com\/BitcoinVNShop\/","article_modified_time":"2025-07-28T07:36:23+00:00","og_image":[{"width":672,"height":679,"url":"https:\/\/bitcoinvn.io\/shop\/wp-content\/uploads\/2023\/07\/photo_6147606473287514104_y-1-e1689872033818.jpg","type":"image\/jpeg"}],"twitter_card":"summary_large_image","twitter_site":"@bitcoinvnshop","twitter_misc":{"Est. reading time":"2 minutes"},"schema":{"@context":"https:\/\/schema.org","@graph":[{"@type":"WebPage","@id":"https:\/\/bitcoinvn.io\/shop\/vi\/product\/bitcoin-turtle\/","url":"https:\/\/bitcoinvn.io\/shop\/vi\/product\/bitcoin-turtle\/","name":"Ch\u00fa R\u00f9a Bitcoin - BitcoinVN Shop","isPartOf":{"@id":"https:\/\/bitcoinvn.io\/shop\/#website"},"primaryImageOfPage":{"@id":"https:\/\/bitcoinvn.io\/shop\/vi\/product\/bitcoin-turtle\/#primaryimage"},"image":{"@id":"https:\/\/bitcoinvn.io\/shop\/vi\/product\/bitcoin-turtle\/#primaryimage"},"thumbnailUrl":"https:\/\/bitcoinvn.io\/shop\/wp-content\/uploads\/2023\/07\/photo_6147606473287514104_y-1-e1689872033818.jpg","datePublished":"2023-07-21T15:56:30+00:00","dateModified":"2025-07-28T07:36:23+00:00","description":"R\u00f9a Bitcoin th\u1ee7 c\u00f4ng v\u1edbi ph\u1ea7n b\u1ee5ng kh\u1eafc logo \u20bf t\u1eeb g\u1ed7 s\u1ed3i cao c\u1ea5p v\u1edbi thi\u1ebft k\u1ebf d\u1ec5 th\u01b0\u01a1ng. S\u1ed1 l\u01b0\u1ee3ng gi\u1edbi h\u1ea1n, mua ngay t\u1ea1i BitcoinVN Shop!","breadcrumb":{"@id":"https:\/\/bitcoinvn.io\/shop\/vi\/product\/bitcoin-turtle\/#breadcrumb"},"inLanguage":"en-US","potentialAction":[{"@type":"ReadAction","target":["https:\/\/bitcoinvn.io\/shop\/vi\/product\/bitcoin-turtle\/"]}]},{"@type":"ImageObject","inLanguage":"en-US","@id":"https:\/\/bitcoinvn.io\/shop\/vi\/product\/bitcoin-turtle\/#primaryimage","url":"https:\/\/bitcoinvn.io\/shop\/wp-content\/uploads\/2023\/07\/photo_6147606473287514104_y-1-e1689872033818.jpg","contentUrl":"https:\/\/bitcoinvn.io\/shop\/wp-content\/uploads\/2023\/07\/photo_6147606473287514104_y-1-e1689872033818.jpg","width":672,"height":679},{"@type":"BreadcrumbList","@id":"https:\/\/bitcoinvn.io\/shop\/vi\/product\/bitcoin-turtle\/#breadcrumb","itemListElement":[{"@type":"ListItem","position":1,"name":"Home","item":"https:\/\/bitcoinvn.io\/shop\/store\/"},{"@type":"ListItem","position":2,"name":"Shop","item":"https:\/\/bitcoinvn.io\/shop\/shop\/"},{"@type":"ListItem","position":3,"name":"Ch\u00fa R\u00f9a Bitcoin"}]},{"@type":"WebSite","@id":"https:\/\/bitcoinvn.io\/shop\/#website","url":"https:\/\/bitcoinvn.io\/shop\/","name":"BitcoinVN Shop","description":"Official Hardware Wallet Distributor in Vietnam","publisher":{"@id":"https:\/\/bitcoinvn.io\/shop\/#organization"},"potentialAction":[{"@type":"SearchAction","target":{"@type":"EntryPoint","urlTemplate":"https:\/\/bitcoinvn.io\/shop\/?s={search_term_string}"},"query-input":{"@type":"PropertyValueSpecification","valueRequired":true,"valueName":"search_term_string"}}],"inLanguage":"en-US"},{"@type":"Organization","@id":"https:\/\/bitcoinvn.io\/shop\/#organization","name":"BitcoinVN Shop","url":"https:\/\/bitcoinvn.io\/shop\/","logo":{"@type":"ImageObject","inLanguage":"en-US","@id":"https:\/\/bitcoinvn.io\/shop\/#\/schema\/logo\/image\/","url":"https:\/\/bitcoinvn.io\/shop\/wp-content\/uploads\/2021\/03\/logo-bitcoinvn-shop.jpg","contentUrl":"https:\/\/bitcoinvn.io\/shop\/wp-content\/uploads\/2021\/03\/logo-bitcoinvn-shop.jpg","width":1200,"height":675,"caption":"BitcoinVN Shop"},"image":{"@id":"https:\/\/bitcoinvn.io\/shop\/#\/schema\/logo\/image\/"},"sameAs":["https:\/\/www.facebook.com\/BitcoinVNShop\/","https:\/\/x.com\/bitcoinvnshop"]}]}},"lang":"vi","translations":{"vi":4569,"en":4561,"ru":6996},"pll_sync_post":[],"_links":{"self":[{"href":"https:\/\/bitcoinvn.io\/shop\/wp-json\/wp\/v2\/product\/4569","targetHints":{"allow":["GET"]}}],"collection":[{"href":"https:\/\/bitcoinvn.io\/shop\/wp-json\/wp\/v2\/product"}],"about":[{"href":"https:\/\/bitcoinvn.io\/shop\/wp-json\/wp\/v2\/types\/product"}],"replies":[{"embeddable":true,"href":"https:\/\/bitcoinvn.io\/shop\/wp-json\/wp\/v2\/comments?post=4569"}],"wp:featuredmedia":[{"embeddable":true,"href":"https:\/\/bitcoinvn.io\/shop\/wp-json\/wp\/v2\/media\/4570"}],"wp:attachment":[{"href":"https:\/\/bitcoinvn.io\/shop\/wp-json\/wp\/v2\/media?parent=4569"}],"wp:term":[{"taxonomy":"product_brand","embeddable":true,"href":"https:\/\/bitcoinvn.io\/shop\/wp-json\/wp\/v2\/product_brand?post=4569"},{"taxonomy":"product_cat","embeddable":true,"href":"https:\/\/bitcoinvn.io\/shop\/wp-json\/wp\/v2\/product_cat?post=4569"},{"taxonomy":"product_tag","embeddable":true,"href":"https:\/\/bitcoinvn.io\/shop\/wp-json\/wp\/v2\/product_tag?post=4569"}],"curies":[{"name":"wp","href":"https:\/\/api.w.org\/{rel}","templated":true}]}}