{"id":3646,"date":"2022-09-29T10:32:56","date_gmt":"2022-09-29T03:32:56","guid":{"rendered":"https:\/\/shop.bitcoinvn.io\/?post_type=product&#038;p=3646"},"modified":"2025-01-24T21:28:29","modified_gmt":"2025-01-24T14:28:29","slug":"combo-3-trezor-one","status":"publish","type":"product","link":"https:\/\/bitcoinvn.io\/shop\/vi\/product\/combo-3-trezor-one\/","title":{"rendered":"Combo 3 Trezor One"},"content":{"rendered":"<p>Ti\u1ebft ki\u1ec7m chi ph\u00ed \u0111\u1ea7u t\u01b0 v\u1edbi b\u1ed9 s\u1ea3n ph\u1ea9m\u00a0<strong>3 v\u00ed l\u1ea1nh Trezor One<\/strong>, c\u00f9ng gia \u0111\u00ecnh v\u00e0 b\u1ea1n b\u00e8 tham gia v\u00e0o th\u1ebf gi\u1edbi \u0111\u1ea7y th\u00fa v\u1ecb c\u1ee7a ti\u1ec1n \u0111i\u1ec7n t\u1eed.<\/p>\n<p>L\u01b0u tr\u1eef, qu\u1ea3n l\u00fd v\u00e0 l\u00e0m gi\u00e0u an to\u00e0n v\u1edbi v\u00ed l\u1ea1nh\u00a0<strong>Trezor One <\/strong>cao c\u1ea5p.<\/p>\n<p>&nbsp;<\/p>\n","protected":false},"excerpt":{"rendered":"<p>Ti\u1ebft ki\u1ec7m chi ph\u00ed \u0111\u1ea7u t\u01b0 v\u1edbi b\u1ed9 s\u1ea3n ph\u1ea9m\u00a0<strong>3 v\u00ed l\u1ea1nh Trezor One<\/strong>, c\u00f9ng gia \u0111\u00ecnh v\u00e0 b\u1ea1n b\u00e8 tham gia v\u00e0o th\u1ebf gi\u1edbi \u0111\u1ea7y th\u00fa v\u1ecb c\u1ee7a ti\u1ec1n \u0111i\u1ec7n t\u1eed.<\/p>\n<p>L\u01b0u tr\u1eef, qu\u1ea3n l\u00fd v\u00e0 l\u00e0m gi\u00e0u an to\u00e0n v\u1edbi v\u00ed l\u1ea1nh\u00a0<strong>Trezor One <\/strong>cao c\u1ea5p.<\/p>\n<p>Th\u1eddi h\u1ea1n ch\u01b0\u01a1ng tr\u00ecnh khuy\u1ebfn m\u00e3i: 1.10.2022 \u0111\u1ebfn 16.10.2022<\/p>\n<p><a href=\"https:\/\/news.bitcoinvn.io\/bitcoinvn-shop-nha-phan-phoi-trezor-chinh-thuc\/\"><strong><em>BitcoinVN Shop l\u00e0 \u0111\u1ea1i l\u00fd ch\u00ednh th\u1ee9c nh\u1eadp kh\u1ea9u v\u00e0 ph\u00e2n ph\u1ed1i c\u00e1c s\u1ea3n ph\u1ea9m Trezor t\u1ea1i Vi\u1ec7t Nam<\/em><\/strong><\/a><\/p>\n","protected":false},"featured_media":3648,"comment_status":"open","ping_status":"closed","template":"","meta":[],"product_brand":[],"product_cat":[150,144],"product_tag":[],"class_list":{"0":"post-3646","1":"product","2":"type-product","3":"status-publish","4":"has-post-thumbnail","6":"product_cat-sale","7":"product_cat-trezor","9":"first","10":"instock","11":"sale","12":"taxable","13":"shipping-taxable","14":"purchasable","15":"product-type-simple"},"yoast_head":"<!-- This site is optimized with the Yoast SEO plugin v26.6 - https:\/\/yoast.com\/wordpress\/plugins\/seo\/ -->\n<title>Combo 3 Trezor One ch\u00ednh h\u00e3ng, gi\u00e1 t\u1ed1t, giao nhanh t\u1ea1i Vi\u1ec7t Nam<\/title>\n<meta name=\"description\" content=\"Nh\u1eadn ngay khuy\u1ebfn m\u00e3i l\u1edbn t\u1ea1i BitcoinVN Shop khi mua combo Trezor One g\u1ed3m 3 v\u00ed ch\u00ednh h\u00e3ng, b\u1ea3o m\u1eadt cao. S\u1ed1 l\u01b0\u1ee3ng c\u00f3 h\u1ea1ng, \u0111\u1eebng b\u1ecf l\u1ee1!\" \/>\n<meta name=\"robots\" content=\"index, follow, max-snippet:-1, max-image-preview:large, max-video-preview:-1\" \/>\n<link rel=\"canonical\" href=\"https:\/\/bitcoinvn.io\/shop\/vi\/product\/combo-3-trezor-one\/\" \/>\n<meta property=\"og:locale\" content=\"en_US\" \/>\n<meta property=\"og:type\" content=\"article\" \/>\n<meta property=\"og:title\" content=\"Combo 3 Trezor One ch\u00ednh h\u00e3ng, gi\u00e1 t\u1ed1t, giao nhanh t\u1ea1i Vi\u1ec7t Nam\" \/>\n<meta property=\"og:description\" content=\"Nh\u1eadn ngay khuy\u1ebfn m\u00e3i l\u1edbn t\u1ea1i BitcoinVN Shop khi mua combo Trezor One g\u1ed3m 3 v\u00ed ch\u00ednh h\u00e3ng, b\u1ea3o m\u1eadt cao. S\u1ed1 l\u01b0\u1ee3ng c\u00f3 h\u1ea1ng, \u0111\u1eebng b\u1ecf l\u1ee1!\" \/>\n<meta property=\"og:url\" content=\"https:\/\/bitcoinvn.io\/shop\/vi\/product\/combo-3-trezor-one\/\" \/>\n<meta property=\"og:site_name\" content=\"BitcoinVN Shop\" \/>\n<meta property=\"article:publisher\" content=\"https:\/\/www.facebook.com\/BitcoinVNShop\/\" \/>\n<meta property=\"article:modified_time\" content=\"2025-01-24T14:28:29+00:00\" \/>\n<meta property=\"og:image\" content=\"https:\/\/bitcoinvn.io\/shop\/wp-content\/uploads\/2022\/09\/combo-3-treone-2.jpg\" \/>\n\t<meta property=\"og:image:width\" content=\"980\" \/>\n\t<meta property=\"og:image:height\" content=\"980\" \/>\n\t<meta property=\"og:image:type\" content=\"image\/jpeg\" \/>\n<meta name=\"twitter:card\" content=\"summary_large_image\" \/>\n<meta name=\"twitter:site\" content=\"@bitcoinvnshop\" \/>\n<meta name=\"twitter:label1\" content=\"Est. reading time\" \/>\n\t<meta name=\"twitter:data1\" content=\"1 minute\" \/>\n<script type=\"application\/ld+json\" class=\"yoast-schema-graph\">{\"@context\":\"https:\/\/schema.org\",\"@graph\":[{\"@type\":\"WebPage\",\"@id\":\"https:\/\/bitcoinvn.io\/shop\/vi\/product\/combo-3-trezor-one\/\",\"url\":\"https:\/\/bitcoinvn.io\/shop\/vi\/product\/combo-3-trezor-one\/\",\"name\":\"Combo 3 Trezor One ch\u00ednh h\u00e3ng, gi\u00e1 t\u1ed1t, giao nhanh t\u1ea1i Vi\u1ec7t Nam\",\"isPartOf\":{\"@id\":\"https:\/\/bitcoinvn.io\/shop\/#website\"},\"primaryImageOfPage\":{\"@id\":\"https:\/\/bitcoinvn.io\/shop\/vi\/product\/combo-3-trezor-one\/#primaryimage\"},\"image\":{\"@id\":\"https:\/\/bitcoinvn.io\/shop\/vi\/product\/combo-3-trezor-one\/#primaryimage\"},\"thumbnailUrl\":\"https:\/\/bitcoinvn.io\/shop\/wp-content\/uploads\/2022\/09\/combo-3-treone-2.jpg\",\"datePublished\":\"2022-09-29T03:32:56+00:00\",\"dateModified\":\"2025-01-24T14:28:29+00:00\",\"description\":\"Nh\u1eadn ngay khuy\u1ebfn m\u00e3i l\u1edbn t\u1ea1i BitcoinVN Shop khi mua combo Trezor One g\u1ed3m 3 v\u00ed ch\u00ednh h\u00e3ng, b\u1ea3o m\u1eadt cao. S\u1ed1 l\u01b0\u1ee3ng c\u00f3 h\u1ea1ng, \u0111\u1eebng b\u1ecf l\u1ee1!\",\"breadcrumb\":{\"@id\":\"https:\/\/bitcoinvn.io\/shop\/vi\/product\/combo-3-trezor-one\/#breadcrumb\"},\"inLanguage\":\"en-US\",\"potentialAction\":[{\"@type\":\"ReadAction\",\"target\":[\"https:\/\/bitcoinvn.io\/shop\/vi\/product\/combo-3-trezor-one\/\"]}]},{\"@type\":\"ImageObject\",\"inLanguage\":\"en-US\",\"@id\":\"https:\/\/bitcoinvn.io\/shop\/vi\/product\/combo-3-trezor-one\/#primaryimage\",\"url\":\"https:\/\/bitcoinvn.io\/shop\/wp-content\/uploads\/2022\/09\/combo-3-treone-2.jpg\",\"contentUrl\":\"https:\/\/bitcoinvn.io\/shop\/wp-content\/uploads\/2022\/09\/combo-3-treone-2.jpg\",\"width\":980,\"height\":980},{\"@type\":\"BreadcrumbList\",\"@id\":\"https:\/\/bitcoinvn.io\/shop\/vi\/product\/combo-3-trezor-one\/#breadcrumb\",\"itemListElement\":[{\"@type\":\"ListItem\",\"position\":1,\"name\":\"Home\",\"item\":\"https:\/\/bitcoinvn.io\/shop\/store\/\"},{\"@type\":\"ListItem\",\"position\":2,\"name\":\"Shop\",\"item\":\"https:\/\/bitcoinvn.io\/shop\/shop\/\"},{\"@type\":\"ListItem\",\"position\":3,\"name\":\"Combo 3 Trezor One\"}]},{\"@type\":\"WebSite\",\"@id\":\"https:\/\/bitcoinvn.io\/shop\/#website\",\"url\":\"https:\/\/bitcoinvn.io\/shop\/\",\"name\":\"BitcoinVN Shop\",\"description\":\"Official Hardware Wallet Distributor in Vietnam\",\"publisher\":{\"@id\":\"https:\/\/bitcoinvn.io\/shop\/#organization\"},\"potentialAction\":[{\"@type\":\"SearchAction\",\"target\":{\"@type\":\"EntryPoint\",\"urlTemplate\":\"https:\/\/bitcoinvn.io\/shop\/?s={search_term_string}\"},\"query-input\":{\"@type\":\"PropertyValueSpecification\",\"valueRequired\":true,\"valueName\":\"search_term_string\"}}],\"inLanguage\":\"en-US\"},{\"@type\":\"Organization\",\"@id\":\"https:\/\/bitcoinvn.io\/shop\/#organization\",\"name\":\"BitcoinVN Shop\",\"url\":\"https:\/\/bitcoinvn.io\/shop\/\",\"logo\":{\"@type\":\"ImageObject\",\"inLanguage\":\"en-US\",\"@id\":\"https:\/\/bitcoinvn.io\/shop\/#\/schema\/logo\/image\/\",\"url\":\"https:\/\/bitcoinvn.io\/shop\/wp-content\/uploads\/2021\/03\/logo-bitcoinvn-shop.jpg\",\"contentUrl\":\"https:\/\/bitcoinvn.io\/shop\/wp-content\/uploads\/2021\/03\/logo-bitcoinvn-shop.jpg\",\"width\":1200,\"height\":675,\"caption\":\"BitcoinVN Shop\"},\"image\":{\"@id\":\"https:\/\/bitcoinvn.io\/shop\/#\/schema\/logo\/image\/\"},\"sameAs\":[\"https:\/\/www.facebook.com\/BitcoinVNShop\/\",\"https:\/\/x.com\/bitcoinvnshop\"]}]}<\/script>\n<!-- \/ Yoast SEO plugin. -->","yoast_head_json":{"title":"Combo 3 Trezor One ch\u00ednh h\u00e3ng, gi\u00e1 t\u1ed1t, giao nhanh t\u1ea1i Vi\u1ec7t Nam","description":"Nh\u1eadn ngay khuy\u1ebfn m\u00e3i l\u1edbn t\u1ea1i BitcoinVN Shop khi mua combo Trezor One g\u1ed3m 3 v\u00ed ch\u00ednh h\u00e3ng, b\u1ea3o m\u1eadt cao. S\u1ed1 l\u01b0\u1ee3ng c\u00f3 h\u1ea1ng, \u0111\u1eebng b\u1ecf l\u1ee1!","robots":{"index":"index","follow":"follow","max-snippet":"max-snippet:-1","max-image-preview":"max-image-preview:large","max-video-preview":"max-video-preview:-1"},"canonical":"https:\/\/bitcoinvn.io\/shop\/vi\/product\/combo-3-trezor-one\/","og_locale":"en_US","og_type":"article","og_title":"Combo 3 Trezor One ch\u00ednh h\u00e3ng, gi\u00e1 t\u1ed1t, giao nhanh t\u1ea1i Vi\u1ec7t Nam","og_description":"Nh\u1eadn ngay khuy\u1ebfn m\u00e3i l\u1edbn t\u1ea1i BitcoinVN Shop khi mua combo Trezor One g\u1ed3m 3 v\u00ed ch\u00ednh h\u00e3ng, b\u1ea3o m\u1eadt cao. S\u1ed1 l\u01b0\u1ee3ng c\u00f3 h\u1ea1ng, \u0111\u1eebng b\u1ecf l\u1ee1!","og_url":"https:\/\/bitcoinvn.io\/shop\/vi\/product\/combo-3-trezor-one\/","og_site_name":"BitcoinVN Shop","article_publisher":"https:\/\/www.facebook.com\/BitcoinVNShop\/","article_modified_time":"2025-01-24T14:28:29+00:00","og_image":[{"width":980,"height":980,"url":"https:\/\/bitcoinvn.io\/shop\/wp-content\/uploads\/2022\/09\/combo-3-treone-2.jpg","type":"image\/jpeg"}],"twitter_card":"summary_large_image","twitter_site":"@bitcoinvnshop","twitter_misc":{"Est. reading time":"1 minute"},"schema":{"@context":"https:\/\/schema.org","@graph":[{"@type":"WebPage","@id":"https:\/\/bitcoinvn.io\/shop\/vi\/product\/combo-3-trezor-one\/","url":"https:\/\/bitcoinvn.io\/shop\/vi\/product\/combo-3-trezor-one\/","name":"Combo 3 Trezor One ch\u00ednh h\u00e3ng, gi\u00e1 t\u1ed1t, giao nhanh t\u1ea1i Vi\u1ec7t Nam","isPartOf":{"@id":"https:\/\/bitcoinvn.io\/shop\/#website"},"primaryImageOfPage":{"@id":"https:\/\/bitcoinvn.io\/shop\/vi\/product\/combo-3-trezor-one\/#primaryimage"},"image":{"@id":"https:\/\/bitcoinvn.io\/shop\/vi\/product\/combo-3-trezor-one\/#primaryimage"},"thumbnailUrl":"https:\/\/bitcoinvn.io\/shop\/wp-content\/uploads\/2022\/09\/combo-3-treone-2.jpg","datePublished":"2022-09-29T03:32:56+00:00","dateModified":"2025-01-24T14:28:29+00:00","description":"Nh\u1eadn ngay khuy\u1ebfn m\u00e3i l\u1edbn t\u1ea1i BitcoinVN Shop khi mua combo Trezor One g\u1ed3m 3 v\u00ed ch\u00ednh h\u00e3ng, b\u1ea3o m\u1eadt cao. S\u1ed1 l\u01b0\u1ee3ng c\u00f3 h\u1ea1ng, \u0111\u1eebng b\u1ecf l\u1ee1!","breadcrumb":{"@id":"https:\/\/bitcoinvn.io\/shop\/vi\/product\/combo-3-trezor-one\/#breadcrumb"},"inLanguage":"en-US","potentialAction":[{"@type":"ReadAction","target":["https:\/\/bitcoinvn.io\/shop\/vi\/product\/combo-3-trezor-one\/"]}]},{"@type":"ImageObject","inLanguage":"en-US","@id":"https:\/\/bitcoinvn.io\/shop\/vi\/product\/combo-3-trezor-one\/#primaryimage","url":"https:\/\/bitcoinvn.io\/shop\/wp-content\/uploads\/2022\/09\/combo-3-treone-2.jpg","contentUrl":"https:\/\/bitcoinvn.io\/shop\/wp-content\/uploads\/2022\/09\/combo-3-treone-2.jpg","width":980,"height":980},{"@type":"BreadcrumbList","@id":"https:\/\/bitcoinvn.io\/shop\/vi\/product\/combo-3-trezor-one\/#breadcrumb","itemListElement":[{"@type":"ListItem","position":1,"name":"Home","item":"https:\/\/bitcoinvn.io\/shop\/store\/"},{"@type":"ListItem","position":2,"name":"Shop","item":"https:\/\/bitcoinvn.io\/shop\/shop\/"},{"@type":"ListItem","position":3,"name":"Combo 3 Trezor One"}]},{"@type":"WebSite","@id":"https:\/\/bitcoinvn.io\/shop\/#website","url":"https:\/\/bitcoinvn.io\/shop\/","name":"BitcoinVN Shop","description":"Official Hardware Wallet Distributor in Vietnam","publisher":{"@id":"https:\/\/bitcoinvn.io\/shop\/#organization"},"potentialAction":[{"@type":"SearchAction","target":{"@type":"EntryPoint","urlTemplate":"https:\/\/bitcoinvn.io\/shop\/?s={search_term_string}"},"query-input":{"@type":"PropertyValueSpecification","valueRequired":true,"valueName":"search_term_string"}}],"inLanguage":"en-US"},{"@type":"Organization","@id":"https:\/\/bitcoinvn.io\/shop\/#organization","name":"BitcoinVN Shop","url":"https:\/\/bitcoinvn.io\/shop\/","logo":{"@type":"ImageObject","inLanguage":"en-US","@id":"https:\/\/bitcoinvn.io\/shop\/#\/schema\/logo\/image\/","url":"https:\/\/bitcoinvn.io\/shop\/wp-content\/uploads\/2021\/03\/logo-bitcoinvn-shop.jpg","contentUrl":"https:\/\/bitcoinvn.io\/shop\/wp-content\/uploads\/2021\/03\/logo-bitcoinvn-shop.jpg","width":1200,"height":675,"caption":"BitcoinVN Shop"},"image":{"@id":"https:\/\/bitcoinvn.io\/shop\/#\/schema\/logo\/image\/"},"sameAs":["https:\/\/www.facebook.com\/BitcoinVNShop\/","https:\/\/x.com\/bitcoinvnshop"]}]}},"lang":"vi","translations":{"vi":3646},"pll_sync_post":[],"_links":{"self":[{"href":"https:\/\/bitcoinvn.io\/shop\/wp-json\/wp\/v2\/product\/3646","targetHints":{"allow":["GET"]}}],"collection":[{"href":"https:\/\/bitcoinvn.io\/shop\/wp-json\/wp\/v2\/product"}],"about":[{"href":"https:\/\/bitcoinvn.io\/shop\/wp-json\/wp\/v2\/types\/product"}],"replies":[{"embeddable":true,"href":"https:\/\/bitcoinvn.io\/shop\/wp-json\/wp\/v2\/comments?post=3646"}],"wp:featuredmedia":[{"embeddable":true,"href":"https:\/\/bitcoinvn.io\/shop\/wp-json\/wp\/v2\/media\/3648"}],"wp:attachment":[{"href":"https:\/\/bitcoinvn.io\/shop\/wp-json\/wp\/v2\/media?parent=3646"}],"wp:term":[{"taxonomy":"product_brand","embeddable":true,"href":"https:\/\/bitcoinvn.io\/shop\/wp-json\/wp\/v2\/product_brand?post=3646"},{"taxonomy":"product_cat","embeddable":true,"href":"https:\/\/bitcoinvn.io\/shop\/wp-json\/wp\/v2\/product_cat?post=3646"},{"taxonomy":"product_tag","embeddable":true,"href":"https:\/\/bitcoinvn.io\/shop\/wp-json\/wp\/v2\/product_tag?post=3646"}],"curies":[{"name":"wp","href":"https:\/\/api.w.org\/{rel}","templated":true}]}}