{"id":7587,"date":"2025-10-14T22:25:42","date_gmt":"2025-10-14T15:25:42","guid":{"rendered":"https:\/\/bitcoinvn.io\/shop-2\/?post_type=product&#038;p=7587"},"modified":"2025-10-14T22:29:18","modified_gmt":"2025-10-14T15:29:18","slug":"cryptoeconomics","status":"publish","type":"product","link":"https:\/\/bitcoinvn.io\/shop-2\/vi\/product\/cryptoeconomics\/","title":{"rendered":"C\u1ea9m nang Cryptoeconomics: Gi\u1ea3i m\u00e3 Bitcoin t\u1eeb A-Z!"},"content":{"rendered":"<h2><b>T\u00e1c ph\u1ea9m Cryptoeconomics c\u00f3 g\u00ec \u0111\u1ed9c \u0111\u00e1o?<\/b><\/h2>\n<p><span style=\"font-weight: 400;\">Bitcoin g\u1ed3m<\/span> <span style=\"font-weight: 400;\">3 y\u1ebfu t\u1ed1 quan tr\u1ecdng: <\/span><b>kinh t\u1ebf, c\u00f4ng ngh\u1ec7<\/b><span style=\"font-weight: 400;\"> v\u00e0 <\/span><b>b\u1ea3o m\u1eadt<\/b><span style=\"font-weight: 400;\">. N\u1ebfu thi\u1ebfu 1 trong 3 y\u1ebfu t\u1ed1 n\u00e0y, s\u1ebd x\u1ea3y ra sai s\u00f3t. Nhi\u1ec1u chuy\u00ean gia kinh t\u1ebf, c\u00f4ng ngh\u1ec7, b\u1ea3o m\u1eadt\u2026 \u0111\u00e3 t\u1eebng c\u1ed1 gi\u1ea3i th\u00edch Bitcoin, nh\u01b0ng \u0111\u00e2y m\u1edbi l\u00e0 c\u00e1ch nh\u00ecn t\u1ed5ng th\u1ec3 \u0111\u1ea7y \u0111\u1ee7 nh\u1ea5t!<\/span><\/p>\n<p><span style=\"font-weight: 400;\">N\u1ebfu b\u1ea1n t\u1eebng th\u1eafc m\u1eafc <\/span><b>Bitcoin c\u00f3 b\u1ec1n v\u1eefng kh\u00f4ng? R\u1ee7i ro l\u1edbn c\u1ee7a n\u00f3 l\u00e0 g\u00ec?<\/b><span style=\"font-weight: 400;\">&#8230; th\u00ec h\u1ea7u h\u1ebft c\u00e2u tr\u1ea3 l\u1eddi b\u1ea1n c\u1ea7n \u0111\u1ec1u n\u1eb1m trong ki\u1ec7t t\u00e1c <\/span><b>\u201c<\/b><a href=\"https:\/\/voskuil.org\/cryptoeconomics\/\" target=\"_blank\" rel=\"noopener\"><b>Cryptoeconomics<\/b><\/a><b>\u201d <\/b><span style=\"font-weight: 400;\">c\u1ee7a \u00f4ng Eric Voskuil.<\/span><\/p>\n<p><span style=\"font-weight: 400;\">Cu\u1ed1n s\u00e1ch t\u00f3m g\u1ecdn <\/span><b>nguy\u00ean l\u00fd &amp; c\u00e1ch Bitcoin ho\u1ea1t \u0111\u1ed9ng<\/b><span style=\"font-weight: 400;\"> th\u00e0nh c\u00e1c ch\u01b0\u01a1ng ng\u1eafn, d\u1ec5 \u0111\u1ecdc, k\u00e8m <\/span><b>h\u01a1n 50 hi\u1ec3u l\u1ea7m ph\u1ed5 bi\u1ebfn<\/b><span style=\"font-weight: 400;\"> v\u1ec1 Bitcoin m\u00e0 nhi\u1ec1u ng\u01b0\u1eddi m\u1eafc ph\u1ea3i.<\/span><\/p>\n<p><span style=\"font-weight: 400;\">C\u00f3 th\u1ec3 kh\u00f4ng ph\u1ea3i l\u00fac n\u00e0o b\u1ea1n c\u0169ng \u0111\u1ed3ng t\u00ecnh theo c\u00e1ch suy lu\u1eadn c\u1ee7a \u00f4ng, nh\u01b0ng b\u1ea1n s\u1ebd th\u1ea5y r\u1eb1ng \u00f4ng \u1ea5y \u0111\u00e3 \u0111\u01b0a ra nh\u1eefng l\u1eadp lu\u1eadn kh\u00f3 c\u00f3 th\u1ec3 b\u00e1c b\u1ecf. \u0110\u1ecdc k\u1ef9 t\u1eebng n\u1ed9i dung, b\u1ea1n s\u1ebd hi\u1ec3u s\u00e2u h\u01a1n v\u1ec1 Bitcoin v\u00e0 n\u00e2ng cao kh\u1ea3 n\u0103ng trao \u0111\u1ed5i, th\u1ea3o lu\u1eadn v\u1ec1 n\u00f3.<\/span><\/p>\n<h2><b>V\u1ec1 t\u00e1c gi\u1ea3:<\/b><\/h2>\n<p><span style=\"font-weight: 400;\">\u00d4ng Eric s\u1edf h\u1eefu b\u1ec1 d\u00e0y kinh nghi\u1ec7m v\u00e0 v\u1ed1n s\u1ed1ng phong ph\u00fa, hi\u1ebfm ai c\u00f9ng th\u1eddi c\u00f3 \u0111\u01b0\u1ee3c:<\/span><\/p>\n<ul>\n<li style=\"font-weight: 400;\" aria-level=\"1\"><span style=\"font-weight: 400;\">\u00d4ng l\u00e0 c\u1ef1u phi c\u00f4ng chi\u1ebfn \u0111\u1ea5u c\u1ee7a M\u1ef9, v\u00f5 s\u01b0,<\/span> <a href=\"https:\/\/github.com\/libbitcoin\" target=\"_blank\" rel=\"noopener\"><span style=\"font-weight: 400;\">nh\u00e0 ph\u00e1t tri\u1ec3n giao th\u1ee9c Bitcoin<\/span><\/a><span style=\"font-weight: 400;\">, s\u00e1ng l\u1eadp startup &amp; CTO c\u00f4ng ngh\u1ec7, t\u1eebng l\u00e0m vi\u1ec7c t\u1ea1i IBM v\u00e0 Microsoft.<\/span><\/li>\n<li style=\"font-weight: 400;\" aria-level=\"1\"><span style=\"font-weight: 400;\">\u00d4ng am hi\u1ec3u s\u00e2u s\u1eafc v\u1ec1 Tr\u01b0\u1eddng ph\u00e1i kinh t\u1ebf h\u1ecdc \u00c1o v\u00e0 t\u1eebng du l\u1ecbch h\u01a1n 80 qu\u1ed1c gia tr\u00ean m\u1ecdi ch\u00e2u l\u1ee5c. Nh\u1eefng tr\u1ea3i nghi\u1ec7m th\u1ef1c t\u1ebf n\u00e0y l\u00e0 n\u1ec1n t\u1ea3ng quan tr\u1ecdng \u0111\u1ec3 \u00f4ng \u00e1p d\u1ee5ng v\u00e0o vi\u1ec7c nghi\u00ean c\u1ee9u &amp; ph\u00e2n t\u00edch h\u1ec7 th\u1ed1ng Bitcoin.\u00a0<\/span><\/li>\n<li style=\"font-weight: 400;\" aria-level=\"1\"><span style=\"font-weight: 400;\">N\u0103m 2020, Eric v\u00e0 nh\u00f3m c\u1ee7a \u00f4ng \u0111\u00e3 t\u1ed5 ch\u1ee9c <\/span><a href=\"https:\/\/cryptoecon.org\/\" target=\"_blank\" rel=\"noopener\"><span style=\"font-weight: 400;\">CryptoEcon 2020 t\u1ea1i H\u00e0 N\u1ed9i<\/span><\/a><span style=\"font-weight: 400;\"> &#8211; m\u1ed9t trong nh\u1eefng s\u1ef1 ki\u1ec7n hi\u1ebfm hoi v\u1ec1 Bitcoin t\u1ea1i Vi\u1ec7t Nam trong th\u1eadp k\u1ef7 qua.<\/span><\/li>\n<\/ul>\n<p><span style=\"font-weight: 400;\">N\u1ebfu b\u1ea1n \u0111ang \u1edf ngo\u00e0i l\u00e3nh th\u1ed5 Vi\u1ec7t Nam, b\u1ea1n c\u00f3 th\u1ec3 v\u00e0o Amazon <\/span><a href=\"https:\/\/amzn.to\/48YsT7F\" target=\"_blank\" rel=\"noopener\"><span style=\"font-weight: 400;\">t\u1ea1i \u0111\u00e2y<\/span><\/a><span style=\"font-weight: 400;\"> \u0111\u1ec3 \u0111\u1eb7t mua t\u00e1c ph\u1ea9m <\/span><b>Cryptoeconomics <\/b><span style=\"font-weight: 400;\">b\u1ea3n s\u00e1ch gi\u1ea5y, ti\u1ebfng Anh.<\/span><\/p>\n","protected":false},"excerpt":{"rendered":"<p><span style=\"font-weight: 400;\">Th\u1ebf gi\u1edbi \u0111\u00e3 bao gi\u1edd t\u1ed3n t\u1ea1i m\u1ed9t lo\u1ea1i ti\u1ec1n c\u00f3 ngu\u1ed3n cung c\u1ed1 \u0111\u1ecbnh hay ch\u01b0a? C\u00f3 tr\u01b0\u1eddng h\u1ee3p n\u00e0o m\u00e0 chi ph\u00ed s\u1ea3n xu\u1ea5t thay \u0111\u1ed5i tr\u1ef1c ti\u1ebfp theo gi\u00e1 s\u1ea3n ph\u1ea9m? C\u00f3 th\u1ee9 g\u00ec m\u00e0 m\u1ee9c \u0111\u1ed9 giao d\u1ecbch c\u1ea1nh tranh cao nh\u01b0ng chi ph\u00ed giao d\u1ecbch l\u1ea1i kh\u00f4ng \u0111\u1ed5i? N\u1ebfu b\u1ea1n mu\u1ed1n <\/span><b>nh\u00ecn th\u1ea5u c\u01a1n s\u1ed1t Bitcoin, hi\u1ec3u gi\u00e1 tr\u1ecb th\u1eadt, c\u00e1ch b\u1ea3o m\u1eadt v\u00e0 c\u00e1ch ho\u1ea1t \u0111\u1ed9ng c\u1ee7a n\u00f3<\/b><span style=\"font-weight: 400;\">, cu\u1ed1n s\u00e1ch n\u00e0y l\u00e0 m\u1ed9t ngu\u1ed3n th\u00f4ng tin c\u1ef1c k\u1ef3 h\u1eefu \u00edch cho b\u1ea1n!<\/span><\/p>\n","protected":false},"featured_media":7588,"comment_status":"open","ping_status":"closed","template":"","meta":[],"product_brand":[],"product_cat":[155,134],"product_tag":[],"class_list":{"0":"post-7587","1":"product","2":"type-product","3":"status-publish","4":"has-post-thumbnail","6":"product_cat-physical-books","7":"product_cat-books-magazines","9":"first","10":"instock","11":"virtual","12":"taxable","13":"purchasable","14":"product-type-simple"},"yoast_head":"<!-- This site is optimized with the Yoast SEO plugin v27.2 - https:\/\/yoast.com\/product\/yoast-seo-wordpress\/ -->\n<title>CryptoEconomics by Eric Voskuil - BitcoinVN Shop<\/title>\n<meta name=\"description\" content=\"CryptoEconomics \u2013 cung c\u1ea5p ki\u1ebfn th\u1ee9c chuy\u00ean s\u00e2u v\u1ec1 blockchain v\u00e0 th\u1ecb tr\u01b0\u1eddng ti\u1ec1n \u0111i\u1ec7n t\u1eed. Mua ngay h\u00f4m nay t\u1ea1i BitcoinVM Shop!\" \/>\n<meta name=\"robots\" content=\"index, follow, max-snippet:-1, max-image-preview:large, max-video-preview:-1\" \/>\n<link rel=\"canonical\" href=\"https:\/\/bitcoinvn.io\/shop-2\/vi\/product\/cryptoeconomics\/\" \/>\n<meta property=\"og:locale\" content=\"en_US\" \/>\n<meta property=\"og:type\" content=\"article\" \/>\n<meta property=\"og:title\" content=\"CryptoEconomics by Eric Voskuil - BitcoinVN Shop\" \/>\n<meta property=\"og:description\" content=\"CryptoEconomics \u2013 cung c\u1ea5p ki\u1ebfn th\u1ee9c chuy\u00ean s\u00e2u v\u1ec1 blockchain v\u00e0 th\u1ecb tr\u01b0\u1eddng ti\u1ec1n \u0111i\u1ec7n t\u1eed. Mua ngay h\u00f4m nay t\u1ea1i BitcoinVM Shop!\" \/>\n<meta property=\"og:url\" content=\"https:\/\/bitcoinvn.io\/shop-2\/vi\/product\/cryptoeconomics\/\" \/>\n<meta property=\"og:site_name\" content=\"BitcoinVN Shop\" \/>\n<meta property=\"article:publisher\" content=\"https:\/\/www.facebook.com\/BitcoinVNShop\/\" \/>\n<meta property=\"article:modified_time\" content=\"2025-10-14T15:29:18+00:00\" \/>\n<meta property=\"og:image\" content=\"https:\/\/bitcoinvn.io\/shop-2\/wp-content\/uploads\/2023\/05\/548dd1b8525b8d05d44a.jpg\" \/>\n\t<meta property=\"og:image:width\" content=\"1756\" \/>\n\t<meta property=\"og:image:height\" content=\"2560\" \/>\n\t<meta property=\"og:image:type\" content=\"image\/jpeg\" \/>\n<meta name=\"twitter:card\" content=\"summary_large_image\" \/>\n<meta name=\"twitter:site\" content=\"@bitcoinvnshop\" \/>\n<meta name=\"twitter:label1\" content=\"Est. reading time\" \/>\n\t<meta name=\"twitter:data1\" content=\"2 minutes\" \/>\n<script type=\"application\/ld+json\" class=\"yoast-schema-graph\">{\"@context\":\"https:\/\/schema.org\",\"@graph\":[{\"@type\":\"WebPage\",\"@id\":\"https:\/\/bitcoinvn.io\/shop-2\/vi\/product\/cryptoeconomics\/\",\"url\":\"https:\/\/bitcoinvn.io\/shop-2\/vi\/product\/cryptoeconomics\/\",\"name\":\"CryptoEconomics by Eric Voskuil - BitcoinVN Shop\",\"isPartOf\":{\"@id\":\"https:\/\/bitcoinvn.io\/shop-2\/#website\"},\"primaryImageOfPage\":{\"@id\":\"https:\/\/bitcoinvn.io\/shop-2\/vi\/product\/cryptoeconomics\/#primaryimage\"},\"image\":{\"@id\":\"https:\/\/bitcoinvn.io\/shop-2\/vi\/product\/cryptoeconomics\/#primaryimage\"},\"thumbnailUrl\":\"https:\/\/bitcoinvn.io\/shop-2\/wp-content\/uploads\/2023\/05\/548dd1b8525b8d05d44a.jpg\",\"datePublished\":\"2025-10-14T15:25:42+00:00\",\"dateModified\":\"2025-10-14T15:29:18+00:00\",\"description\":\"CryptoEconomics \u2013 cung c\u1ea5p ki\u1ebfn th\u1ee9c chuy\u00ean s\u00e2u v\u1ec1 blockchain v\u00e0 th\u1ecb tr\u01b0\u1eddng ti\u1ec1n \u0111i\u1ec7n t\u1eed. Mua ngay h\u00f4m nay t\u1ea1i BitcoinVM Shop!\",\"breadcrumb\":{\"@id\":\"https:\/\/bitcoinvn.io\/shop-2\/vi\/product\/cryptoeconomics\/#breadcrumb\"},\"inLanguage\":\"en-US\",\"potentialAction\":[{\"@type\":\"ReadAction\",\"target\":[\"https:\/\/bitcoinvn.io\/shop-2\/vi\/product\/cryptoeconomics\/\"]}]},{\"@type\":\"ImageObject\",\"inLanguage\":\"en-US\",\"@id\":\"https:\/\/bitcoinvn.io\/shop-2\/vi\/product\/cryptoeconomics\/#primaryimage\",\"url\":\"https:\/\/bitcoinvn.io\/shop-2\/wp-content\/uploads\/2023\/05\/548dd1b8525b8d05d44a.jpg\",\"contentUrl\":\"https:\/\/bitcoinvn.io\/shop-2\/wp-content\/uploads\/2023\/05\/548dd1b8525b8d05d44a.jpg\",\"width\":1756,\"height\":2560},{\"@type\":\"BreadcrumbList\",\"@id\":\"https:\/\/bitcoinvn.io\/shop-2\/vi\/product\/cryptoeconomics\/#breadcrumb\",\"itemListElement\":[{\"@type\":\"ListItem\",\"position\":1,\"name\":\"Home\",\"item\":\"https:\/\/bitcoinvn.io\/shop-2\/store\/\"},{\"@type\":\"ListItem\",\"position\":2,\"name\":\"Shop\",\"item\":\"https:\/\/bitcoinvn.io\/shop-2\/shop\/\"},{\"@type\":\"ListItem\",\"position\":3,\"name\":\"C\u1ea9m nang Cryptoeconomics: Gi\u1ea3i m\u00e3 Bitcoin t\u1eeb A-Z!\"}]},{\"@type\":\"WebSite\",\"@id\":\"https:\/\/bitcoinvn.io\/shop-2\/#website\",\"url\":\"https:\/\/bitcoinvn.io\/shop-2\/\",\"name\":\"BitcoinVN Shop\",\"description\":\"Official Hardware Wallet Distributor in Vietnam\",\"publisher\":{\"@id\":\"https:\/\/bitcoinvn.io\/shop-2\/#organization\"},\"potentialAction\":[{\"@type\":\"SearchAction\",\"target\":{\"@type\":\"EntryPoint\",\"urlTemplate\":\"https:\/\/bitcoinvn.io\/shop-2\/?s={search_term_string}\"},\"query-input\":{\"@type\":\"PropertyValueSpecification\",\"valueRequired\":true,\"valueName\":\"search_term_string\"}}],\"inLanguage\":\"en-US\"},{\"@type\":\"Organization\",\"@id\":\"https:\/\/bitcoinvn.io\/shop-2\/#organization\",\"name\":\"BitcoinVN Shop\",\"url\":\"https:\/\/bitcoinvn.io\/shop-2\/\",\"logo\":{\"@type\":\"ImageObject\",\"inLanguage\":\"en-US\",\"@id\":\"https:\/\/bitcoinvn.io\/shop-2\/#\/schema\/logo\/image\/\",\"url\":\"https:\/\/bitcoinvn.io\/shop-2\/wp-content\/uploads\/2021\/03\/logo-bitcoinvn-shop.jpg\",\"contentUrl\":\"https:\/\/bitcoinvn.io\/shop-2\/wp-content\/uploads\/2021\/03\/logo-bitcoinvn-shop.jpg\",\"width\":1200,\"height\":675,\"caption\":\"BitcoinVN Shop\"},\"image\":{\"@id\":\"https:\/\/bitcoinvn.io\/shop-2\/#\/schema\/logo\/image\/\"},\"sameAs\":[\"https:\/\/www.facebook.com\/BitcoinVNShop\/\",\"https:\/\/x.com\/bitcoinvnshop\"]}]}<\/script>\n<!-- \/ Yoast SEO plugin. -->","yoast_head_json":{"title":"CryptoEconomics by Eric Voskuil - BitcoinVN Shop","description":"CryptoEconomics \u2013 cung c\u1ea5p ki\u1ebfn th\u1ee9c chuy\u00ean s\u00e2u v\u1ec1 blockchain v\u00e0 th\u1ecb tr\u01b0\u1eddng ti\u1ec1n \u0111i\u1ec7n t\u1eed. Mua ngay h\u00f4m nay t\u1ea1i BitcoinVM Shop!","robots":{"index":"index","follow":"follow","max-snippet":"max-snippet:-1","max-image-preview":"max-image-preview:large","max-video-preview":"max-video-preview:-1"},"canonical":"https:\/\/bitcoinvn.io\/shop-2\/vi\/product\/cryptoeconomics\/","og_locale":"en_US","og_type":"article","og_title":"CryptoEconomics by Eric Voskuil - BitcoinVN Shop","og_description":"CryptoEconomics \u2013 cung c\u1ea5p ki\u1ebfn th\u1ee9c chuy\u00ean s\u00e2u v\u1ec1 blockchain v\u00e0 th\u1ecb tr\u01b0\u1eddng ti\u1ec1n \u0111i\u1ec7n t\u1eed. Mua ngay h\u00f4m nay t\u1ea1i BitcoinVM Shop!","og_url":"https:\/\/bitcoinvn.io\/shop-2\/vi\/product\/cryptoeconomics\/","og_site_name":"BitcoinVN Shop","article_publisher":"https:\/\/www.facebook.com\/BitcoinVNShop\/","article_modified_time":"2025-10-14T15:29:18+00:00","og_image":[{"width":1756,"height":2560,"url":"https:\/\/bitcoinvn.io\/shop-2\/wp-content\/uploads\/2023\/05\/548dd1b8525b8d05d44a.jpg","type":"image\/jpeg"}],"twitter_card":"summary_large_image","twitter_site":"@bitcoinvnshop","twitter_misc":{"Est. reading time":"2 minutes"},"schema":{"@context":"https:\/\/schema.org","@graph":[{"@type":"WebPage","@id":"https:\/\/bitcoinvn.io\/shop-2\/vi\/product\/cryptoeconomics\/","url":"https:\/\/bitcoinvn.io\/shop-2\/vi\/product\/cryptoeconomics\/","name":"CryptoEconomics by Eric Voskuil - BitcoinVN Shop","isPartOf":{"@id":"https:\/\/bitcoinvn.io\/shop-2\/#website"},"primaryImageOfPage":{"@id":"https:\/\/bitcoinvn.io\/shop-2\/vi\/product\/cryptoeconomics\/#primaryimage"},"image":{"@id":"https:\/\/bitcoinvn.io\/shop-2\/vi\/product\/cryptoeconomics\/#primaryimage"},"thumbnailUrl":"https:\/\/bitcoinvn.io\/shop-2\/wp-content\/uploads\/2023\/05\/548dd1b8525b8d05d44a.jpg","datePublished":"2025-10-14T15:25:42+00:00","dateModified":"2025-10-14T15:29:18+00:00","description":"CryptoEconomics \u2013 cung c\u1ea5p ki\u1ebfn th\u1ee9c chuy\u00ean s\u00e2u v\u1ec1 blockchain v\u00e0 th\u1ecb tr\u01b0\u1eddng ti\u1ec1n \u0111i\u1ec7n t\u1eed. Mua ngay h\u00f4m nay t\u1ea1i BitcoinVM Shop!","breadcrumb":{"@id":"https:\/\/bitcoinvn.io\/shop-2\/vi\/product\/cryptoeconomics\/#breadcrumb"},"inLanguage":"en-US","potentialAction":[{"@type":"ReadAction","target":["https:\/\/bitcoinvn.io\/shop-2\/vi\/product\/cryptoeconomics\/"]}]},{"@type":"ImageObject","inLanguage":"en-US","@id":"https:\/\/bitcoinvn.io\/shop-2\/vi\/product\/cryptoeconomics\/#primaryimage","url":"https:\/\/bitcoinvn.io\/shop-2\/wp-content\/uploads\/2023\/05\/548dd1b8525b8d05d44a.jpg","contentUrl":"https:\/\/bitcoinvn.io\/shop-2\/wp-content\/uploads\/2023\/05\/548dd1b8525b8d05d44a.jpg","width":1756,"height":2560},{"@type":"BreadcrumbList","@id":"https:\/\/bitcoinvn.io\/shop-2\/vi\/product\/cryptoeconomics\/#breadcrumb","itemListElement":[{"@type":"ListItem","position":1,"name":"Home","item":"https:\/\/bitcoinvn.io\/shop-2\/store\/"},{"@type":"ListItem","position":2,"name":"Shop","item":"https:\/\/bitcoinvn.io\/shop-2\/shop\/"},{"@type":"ListItem","position":3,"name":"C\u1ea9m nang Cryptoeconomics: Gi\u1ea3i m\u00e3 Bitcoin t\u1eeb A-Z!"}]},{"@type":"WebSite","@id":"https:\/\/bitcoinvn.io\/shop-2\/#website","url":"https:\/\/bitcoinvn.io\/shop-2\/","name":"BitcoinVN Shop","description":"Official Hardware Wallet Distributor in Vietnam","publisher":{"@id":"https:\/\/bitcoinvn.io\/shop-2\/#organization"},"potentialAction":[{"@type":"SearchAction","target":{"@type":"EntryPoint","urlTemplate":"https:\/\/bitcoinvn.io\/shop-2\/?s={search_term_string}"},"query-input":{"@type":"PropertyValueSpecification","valueRequired":true,"valueName":"search_term_string"}}],"inLanguage":"en-US"},{"@type":"Organization","@id":"https:\/\/bitcoinvn.io\/shop-2\/#organization","name":"BitcoinVN Shop","url":"https:\/\/bitcoinvn.io\/shop-2\/","logo":{"@type":"ImageObject","inLanguage":"en-US","@id":"https:\/\/bitcoinvn.io\/shop-2\/#\/schema\/logo\/image\/","url":"https:\/\/bitcoinvn.io\/shop-2\/wp-content\/uploads\/2021\/03\/logo-bitcoinvn-shop.jpg","contentUrl":"https:\/\/bitcoinvn.io\/shop-2\/wp-content\/uploads\/2021\/03\/logo-bitcoinvn-shop.jpg","width":1200,"height":675,"caption":"BitcoinVN Shop"},"image":{"@id":"https:\/\/bitcoinvn.io\/shop-2\/#\/schema\/logo\/image\/"},"sameAs":["https:\/\/www.facebook.com\/BitcoinVNShop\/","https:\/\/x.com\/bitcoinvnshop"]}]}},"lang":"vi","translations":{"vi":7587,"ru":6969,"en":4232},"pll_sync_post":[],"_links":{"self":[{"href":"https:\/\/bitcoinvn.io\/shop-2\/wp-json\/wp\/v2\/product\/7587","targetHints":{"allow":["GET"]}}],"collection":[{"href":"https:\/\/bitcoinvn.io\/shop-2\/wp-json\/wp\/v2\/product"}],"about":[{"href":"https:\/\/bitcoinvn.io\/shop-2\/wp-json\/wp\/v2\/types\/product"}],"replies":[{"embeddable":true,"href":"https:\/\/bitcoinvn.io\/shop-2\/wp-json\/wp\/v2\/comments?post=7587"}],"wp:featuredmedia":[{"embeddable":true,"href":"https:\/\/bitcoinvn.io\/shop-2\/wp-json\/wp\/v2\/media\/7588"}],"wp:attachment":[{"href":"https:\/\/bitcoinvn.io\/shop-2\/wp-json\/wp\/v2\/media?parent=7587"}],"wp:term":[{"taxonomy":"product_brand","embeddable":true,"href":"https:\/\/bitcoinvn.io\/shop-2\/wp-json\/wp\/v2\/product_brand?post=7587"},{"taxonomy":"product_cat","embeddable":true,"href":"https:\/\/bitcoinvn.io\/shop-2\/wp-json\/wp\/v2\/product_cat?post=7587"},{"taxonomy":"product_tag","embeddable":true,"href":"https:\/\/bitcoinvn.io\/shop-2\/wp-json\/wp\/v2\/product_tag?post=7587"}],"curies":[{"name":"wp","href":"https:\/\/api.w.org\/{rel}","templated":true}]}}