{"id":7040,"date":"2025-06-19T11:00:53","date_gmt":"2025-06-19T04:00:53","guid":{"rendered":"https:\/\/bitcoinvn.io\/shop-2\/?post_type=product&#038;p=7040"},"modified":"2025-08-27T11:48:05","modified_gmt":"2025-08-27T04:48:05","slug":"trezor-safe-5","status":"publish","type":"product","link":"https:\/\/bitcoinvn.io\/shop-2\/vi\/product\/trezor-safe-5\/","title":{"rendered":"Trezor Safe 5"},"content":{"rendered":"<p><i><span style=\"font-weight: 400;\">M\u00e0n h\u00ecnh c\u1ea3m \u1ee9ng l\u1edbn h\u01a1n Trezor Safe 3 &amp; c\u00f3 nhi\u1ec1u t\u00ednh n\u0103ng b\u1ea3o m\u1eadt cao c\u1ea5p, d\u00f2ng v\u00ed c\u1ee9ng Trezor Safe 5 m\u1edbi nh\u1ea5t \u0111\u00e3 chinh ph\u1ee5c nh\u1eefng ng\u01b0\u1eddi y\u00eau c\u00f4ng ngh\u1ec7. S\u1ea3n ph\u1ea9m kh\u00f4ng ch\u1ec9 b\u1ea3o m\u1eadt Bitcoin, Ethereum, token ERC-20 hay m\u00e0 c\u00f2n h\u1ed7 tr\u1ee3 h\u00e0ng ng\u00e0n lo\u1ea1i ti\u1ec1n \u0111i\u1ec7n t\u1eed kh\u00e1c \u1edf m\u1ee9c cao nh\u1ea5t.<\/span><\/i><\/p>\n<p><span style=\"font-weight: 400;\">Hi\u1ec7n Trezor Safe 5 \u0111\u00e3 \u0111\u01b0\u1ee3c nh\u1eadp kh\u1ea9u nguy\u00ean h\u1ed9p &amp; ph\u00e2n ph\u1ed1i nguy\u00ean h\u1ed9p t\u1ea1i BitcoinVN Shop.\u00a0<\/span><\/p>\n<h2><b>V\u00ec sao n\u00ean ch\u1ecdn mua v\u00ed Trezor Safe 5?<\/b><\/h2>\n<h3><b>Trang b\u1ecb chip b\u1ea3o m\u1eadt Secure Element \u0111\u1ea1t ch\u1ee9ng nh\u1eadn EAL6+<\/b><\/h3>\n<p><span style=\"font-weight: 400;\">Trezor Safe 5 \u0111\u01b0\u1ee3c trang b\u1ecb chip b\u1ea3o m\u1eadt Secure Element, \u0111\u1ea1t ch\u1ee9ng nh\u1eadn EAL6+, m\u1ed9t trong nh\u1eefng ti\u00eau chu\u1ea9n b\u1ea3o m\u1eadt cao c\u1ea5p nh\u1ea5t. C\u00f4ng ngh\u1ec7 n\u00e0y gi\u00fap b\u1ea3o v\u1ec7 thi\u1ebft b\u1ecb kh\u1ecfi c\u00e1c cu\u1ed9c t\u1ea5n c\u00f4ng v\u1eadt l\u00fd nh\u01b0 tr\u00edch xu\u1ea5t d\u1eef li\u1ec7u t\u1eeb ph\u1ea7n c\u1ee9ng, c\u0169ng nh\u01b0 t\u1ea5n c\u00f4ng ph\u1ea7n m\u1ec1m, tr\u00e1nh kh\u00f3a c\u00e1 nh\u00e2n b\u1ecb \u0111\u00e1nh c\u1eafp.<\/span><\/p>\n<h3><b>\u201cB\u1ea3o v\u1ec7 k\u00e9p\u201d<\/b><\/h3>\n<p><span style=\"font-weight: 400;\">Trezor Safe 5 cung c\u1ea5p hai l\u1edbp b\u1ea3o m\u1eadt ch\u00ednh g\u1ed3m m\u00e3 PIN c\u00e1 nh\u00e2n h\u00f3a v\u00e0 passphrase (c\u1ee5m m\u1eadt kh\u1ea9u m\u1edf r\u1ed9ng). PIN gi\u00fap ng\u0103n ch\u1eb7n truy c\u1eadp tr\u00e1i ph\u00e9p v\u00e0o v\u00ed, trong khi passphrase cung c\u1ea5p m\u1ed9t l\u1edbp b\u1ea3o v\u1ec7 b\u1ed5 sung, gi\u00fap ng\u01b0\u1eddi d\u00f9ng t\u1ea1o nhi\u1ec1u v\u00ed \u1ea9n, ch\u1ec9 c\u00f3 th\u1ec3 truy c\u1eadp khi nh\u1eadp \u0111\u00fang passphrase \u0111\u00e3 thi\u1ebft l\u1eadp.<\/span><\/p>\n<h3><b>H\u1ed7 tr\u1ee3 l\u01b0u tr\u1eef h\u01a1n 7.000 lo\u1ea1i ti\u1ec1n \u0111i\u1ec7n t\u1eed<\/b><\/h3>\n<p><span style=\"font-weight: 400;\">Trezor Safe 5 h\u1ed7 tr\u1ee3 nhi\u1ec1u lo\u1ea1i ti\u1ec1n \u0111i\u1ec7n t\u1eed, bao g\u1ed3m Bitcoin, Ethereum v\u00e0 token ERC-20. \u0110\u1ec3 xem danh s\u00e1ch \u0111\u1ea7y \u0111\u1ee7 c\u00e1c t\u00e0i s\u1ea3n \u0111\u01b0\u1ee3c h\u1ed7 tr\u1ee3, vui l\u00f2ng truy c\u1eadp <\/span><a href=\"https:\/\/trezor.io\/coins\"><span style=\"font-weight: 400;\">trang web ch\u00ednh th\u1ee9c c\u1ee7a Trezor<\/span><\/a><span style=\"font-weight: 400;\">.<\/span><\/p>\n<h3><b>Qu\u1ea3n l\u00fd ti\u1ec1n \u0111i\u1ec7n t\u1eed to\u00e0n di\u1ec7n<\/b><\/h3>\n<p><span style=\"font-weight: 400;\">Trezor Safe 5 \u0111i k\u00e8m v\u1edbi \u1ee9ng d\u1ee5ng Trezor Suite, cung c\u1ea5p giao di\u1ec7n th\u00e2n thi\u1ec7n v\u00e0 an to\u00e0n \u0111\u1ec3 qu\u1ea3n l\u00fd t\u00e0i s\u1ea3n ti\u1ec1n \u0111i\u1ec7n t\u1eed. Ng\u01b0\u1eddi d\u00f9ng c\u00f3 th\u1ec3 th\u1ef1c hi\u1ec7n giao d\u1ecbch, theo d\u00f5i danh m\u1ee5c \u0111\u1ea7u t\u01b0, v\u00e0 c\u1ea5u h\u00ecnh c\u00e1c c\u00e0i \u0111\u1eb7t b\u1ea3o m\u1eadt n\u00e2ng cao.\u00a0<\/span><\/p>\n<p><span style=\"font-weight: 400;\">\u1ee8ng d\u1ee5ng n\u00e0y c\u0169ng h\u1ed7 tr\u1ee3 Coin Control, <\/span><b>gi\u00fap ki\u1ec3m so\u00e1t \u0111\u1ea7u v\u00e0o giao d\u1ecbch <\/b><span style=\"font-weight: 400;\">nh\u1eb1m t\u0103ng c\u01b0\u1eddng quy\u1ec1n ri\u00eang t\u01b0, c\u0169ng nh\u01b0 t\u00edch h\u1ee3p Tor \u0111\u1ec3 b\u1ea3o v\u1ec7 danh t\u00ednh khi th\u1ef1c hi\u1ec7n giao d\u1ecbch tr\u1ef1c tuy\u1ebfn.<\/span><\/p>\n<h3><b>L\u1ef1a ch\u1ecdn ho\u00e0n h\u1ea3o cho thi\u1ebft l\u1eadp Multivendor Multisig<\/b><\/h3>\n<p><span style=\"font-weight: 400;\">Trezor Safe 5 l\u00e0 l\u1ef1a ch\u1ecdn l\u00fd t\u01b0\u1edfng cho ng\u01b0\u1eddi d\u00f9ng mu\u1ed1n n\u00e2ng cao b\u1ea3o m\u1eadt v\u1edbi thi\u1ebft l\u1eadp ch\u1eef k\u00fd \u0111a b\u00ean (Multisig) ti\u00ean ti\u1ebfn, ho\u1ea1t \u0111\u1ed9ng li\u1ec1n m\u1ea1ch v\u1edbi nhi\u1ec1u nh\u00e0 cung c\u1ea5p kh\u00e1c nhau.<\/span><\/p>\n<h3><b>X\u00e1c th\u1ef1c hai y\u1ebfu t\u1ed1 FIDO2<\/b><\/h3>\n<p><span style=\"font-weight: 400;\">FIDO2, m\u1ed9t ph\u01b0\u01a1ng th\u1ee9c x\u00e1c th\u1ef1c hai y\u1ebfu t\u1ed1 (2FA) ti\u00ean ti\u1ebfn, cho ph\u00e9p ng\u01b0\u1eddi d\u00f9ng \u0111\u0103ng nh\u1eadp an to\u00e0n v\u00e0o c\u00e1c t\u00e0i kho\u1ea3n tr\u1ef1c tuy\u1ebfn m\u00e0 kh\u00f4ng c\u1ea7n s\u1eed d\u1ee5ng m\u1eadt kh\u1ea9u truy\u1ec1n th\u1ed1ng.<\/span><\/p>\n<p><span style=\"font-weight: 400;\">C\u00f4ng ngh\u1ec7 n\u00e0y gi\u00fap lo\u1ea1i b\u1ecf r\u1ee7i ro b\u1ecb \u0111\u00e1nh c\u1eafp ho\u1eb7c l\u1ed9 m\u1eadt kh\u1ea9u, b\u1ea3o v\u1ec7 ng\u01b0\u1eddi d\u00f9ng kh\u1ecfi c\u00e1c cu\u1ed9c t\u1ea5n c\u00f4ng l\u1eeba \u0111\u1ea3o (phishing) v\u00e0 t\u1ea5n c\u00f4ng gi\u1ea3 m\u1ea1o (man-in-the-middle). V\u1edbi FIDO2, thi\u1ebft b\u1ecb Trezor Safe 5 ho\u1ea1t \u0111\u1ed9ng nh\u01b0 m\u1ed9t kh\u00f3a b\u1ea3o m\u1eadt ph\u1ea7n c\u1ee9ng, \u0111\u1ea3m b\u1ea3o ch\u1ec9 c\u00f3 ch\u1ee7 s\u1edf h\u1eefu h\u1ee3p ph\u00e1p m\u1edbi c\u00f3 th\u1ec3 truy c\u1eadp v\u00e0o t\u00e0i kho\u1ea3n.<\/span><\/p>\n<h3><b>Sao l\u01b0u v\u00e0 b\u1ea3o m\u1eadt an to\u00e0n<\/b><\/h3>\n<ul>\n<li style=\"font-weight: 400;\" aria-level=\"1\"><b>C\u1ee5m t\u1eeb sao l\u01b0u 12, 20 v\u00e0 24 t\u1eeb:<\/b><span style=\"font-weight: 400;\"> Cho ph\u00e9p kh\u00f4i ph\u1ee5c v\u00ed nhanh ch\u00f3ng n\u1ebfu thi\u1ebft b\u1ecb b\u1ecb m\u1ea5t ho\u1eb7c h\u1ecfng.<\/span><\/li>\n<li style=\"font-weight: 400;\" aria-level=\"1\"><b>Sao l\u01b0u chia nh\u1ecf Multi-Share:<\/b><span style=\"font-weight: 400;\"> Ph\u00e2n t\u00e1n c\u1ee5m t\u1eeb kh\u00f4i ph\u1ee5c t\u1ea1i nhi\u1ec1u v\u1ecb tr\u00ed an to\u00e0n, gi\u1ea3m r\u1ee7i ro m\u1ea5t m\u00e1t.<\/span><\/li>\n<\/ul>\n<h2><b>Th\u00f4ng s\u1ed1 k\u1ef9 thu\u1eadt v\u00ed Trezor Safe 5<\/b><\/h2>\n<table>\n<tbody>\n<tr>\n<td><b>\u0110\u1eb7c \u0111i\u1ec3m<\/b><\/td>\n<td><b>M\u00f4 t\u1ea3<\/b><\/td>\n<\/tr>\n<tr>\n<td><b>Ch\u1ea5t li\u1ec7u<\/b><\/td>\n<td><span style=\"font-weight: 400;\">Nh\u1ef1a PC-ABS, m\u1eb7t l\u01b0ng nh\u00f4m Anodized, k\u00ednh ch\u1ed1ng x\u01b0\u1edbc Gorilla Glass 3<\/span><\/td>\n<\/tr>\n<tr>\n<td><b>V\u1ecf Ch\u1ed1ng Gi\u1ea3 M\u1ea1o<\/b><\/td>\n<td><span style=\"font-weight: 400;\">\u0110\u1ea3m b\u1ea3o thi\u1ebft b\u1ecb kh\u00f4ng b\u1ecb can thi\u1ec7p tr\u01b0\u1edbc khi s\u1eed d\u1ee5ng.<\/span><\/td>\n<\/tr>\n<tr>\n<td><b>K\u00edch th\u01b0\u1edbc thi\u1ebft b\u1ecb<\/b><\/td>\n<td><span style=\"font-weight: 400;\">65.9 x 40 x 8 mm, n\u1eb7ng 23 g.<\/span><\/td>\n<\/tr>\n<tr>\n<td><b>K\u00edch th\u01b0\u1edbc h\u1ed9p<\/b><\/td>\n<td><span style=\"font-weight: 400;\">145 x 92 x 21 mm, n\u1eb7ng 75 g.<\/span><\/td>\n<\/tr>\n<tr>\n<td><b>Nhi\u1ec7t \u0110\u1ed9 Ho\u1ea1t \u0110\u1ed9ng<\/b><\/td>\n<td><span style=\"font-weight: 400;\">-20\u00b0C \u0111\u1ebfn +60\u00b0C \/ -4\u00b0F \u0111\u1ebfn +140\u00b0F.<\/span><\/td>\n<\/tr>\n<tr>\n<td><b>CPU<\/b><\/td>\n<td><span style=\"font-weight: 400;\">B\u1ed9 x\u1eed l\u00fd ARM Cortex M33, t\u1ed1c \u0111\u1ed9 160MHz.<\/span><\/td>\n<\/tr>\n<tr>\n<td><b>Thi\u1ebft b\u1ecb t\u01b0\u01a1ng th\u00edch<\/b><\/td>\n<td><span style=\"font-weight: 400;\">Windows, macOS, Linux v\u00e0 Android (ch\u1ec9 h\u1ed7 tr\u1ee3 xem tr\u00ean iOS),<\/span><\/td>\n<\/tr>\n<\/tbody>\n<\/table>\n<h2><b>B\u1ed9 s\u1ea3n ph\u1ea9m ch\u00ednh h\u00e3ng c\u1ee7a Trezor Safe 5 c\u00f3 g\u00ec?<\/b><\/h2>\n<ul>\n<li style=\"font-weight: 400;\" aria-level=\"1\"><span style=\"font-weight: 400;\">1 v\u00ed c\u1ee9ng Trezor Safe 5<\/span><\/li>\n<li style=\"font-weight: 400;\" aria-level=\"1\"><span style=\"font-weight: 400;\">C\u00e1p USB-C to USB-C<\/span><\/li>\n<li style=\"font-weight: 400;\" aria-level=\"1\"><span style=\"font-weight: 400;\">2 th\u1ebb sao l\u01b0u v\u00ed 20 t\u1eeb<\/span><\/li>\n<li style=\"font-weight: 400;\" aria-level=\"1\"><span style=\"font-weight: 400;\">1 s\u00e1ch h\u01b0\u1edbng d\u1eabn b\u1eaft \u0111\u1ea7u<\/span><\/li>\n<li style=\"font-weight: 400;\" aria-level=\"1\"><span style=\"font-weight: 400;\">Sticker<\/span><\/li>\n<\/ul>\n<figure id=\"attachment_7044\" aria-describedby=\"caption-attachment-7044\" style=\"width: 800px\" class=\"wp-caption aligncenter\"><img loading=\"lazy\" decoding=\"async\" class=\"wp-image-7044 size-full\" src=\"https:\/\/bitcoinvn.io\/shop-2\/wp-content\/uploads\/2025\/06\/trezor-safe5.jpg\" alt=\"V\u1eadt d\u1ee5ng c\u00f3 trong h\u1ed9p Trezor Safe 5 ch\u00ednh h\u00e3ng\" width=\"800\" height=\"640\" srcset=\"https:\/\/bitcoinvn.io\/shop-2\/wp-content\/uploads\/2025\/06\/trezor-safe5.jpg 800w, https:\/\/bitcoinvn.io\/shop-2\/wp-content\/uploads\/2025\/06\/trezor-safe5-300x240.jpg 300w, https:\/\/bitcoinvn.io\/shop-2\/wp-content\/uploads\/2025\/06\/trezor-safe5-768x614.jpg 768w, https:\/\/bitcoinvn.io\/shop-2\/wp-content\/uploads\/2025\/06\/trezor-safe5-600x480.jpg 600w\" sizes=\"auto, (max-width: 800px) 100vw, 800px\" \/><figcaption id=\"caption-attachment-7044\" class=\"wp-caption-text\">V\u1eadt d\u1ee5ng c\u00f3 trong h\u1ed9p Trezor Safe 5 ch\u00ednh h\u00e3ng<\/figcaption><\/figure>\n<h2><b>T\u1ea1i sao n\u00ean mua h\u00e0ng t\u1ea1i BitcoinVN Shop?<\/b><\/h2>\n<p><span style=\"font-weight: 400;\">L\u00e0 nh\u00e0 ph\u00e2n ph\u1ed1i ch\u00ednh th\u1ee9c c\u1ee7a Trezor t\u1ea1i Vi\u1ec7t Nam, BitcoinVN Shop cam k\u1ebft cung c\u1ea5p s\u1ea3n ph\u1ea9m ch\u00ednh h\u00e3ng.<\/span><\/p>\n<ul>\n<li style=\"font-weight: 400;\" aria-level=\"1\"><b>Giao nhanh v\u00e0 free ship: <\/b><span style=\"font-weight: 400;\">Mi\u1ec5n ph\u00ed ship v\u00ed <\/span><b>&amp; <\/b><span style=\"font-weight: 400;\">giao ngay \u0111\u1ed1i v\u1edbi \u0111\u01a1n h\u00e0ng t\u1ea1i TP. HCM. \u0110\u1ed1i v\u1edbi kh\u00e1ch h\u00e0ng \u1edf t\u1ec9nh kh\u00e1c,b\u1ea1n s\u1ebd nh\u1eadn \u0111\u01b0\u1ee3c s\u1ea3n ph\u1ea9m sau 2-5 ng\u00e0y.<\/span><\/li>\n<li style=\"font-weight: 400;\" aria-level=\"1\"><b>Ch\u00ednh s\u00e1ch b\u1ea3o h\u00e0nh v\u00e0 \u0111\u1ed5i tr\u1ea3: <\/b><span style=\"font-weight: 400;\">Cho ph\u00e9p ki\u1ec3m tra h\u00e0ng tr\u01b0\u1edbc khi nh\u1eadn, h\u1ed7 tr\u1ee3 \u0111\u1ed5i thi\u1ebft b\u1ecb m\u1edbi khi x\u1ea3y ra v\u1ea5n \u0111\u1ec1 k\u1ef9 thu\u1eadt trong v\u00f2ng 7 ng\u00e0y \u0111\u1ea7u ti\u00ean.<\/span><\/li>\n<li style=\"font-weight: 400;\" aria-level=\"1\"><b>Thanh to\u00e1n linh ho\u1ea1t:<\/b><span style=\"font-weight: 400;\"> D\u1ec5 d\u00e0ng v\u00e0 nhanh ch\u00f3ng thanh to\u00e1n tr\u1ef1c ti\u1ebfp khi nh\u1eadn h\u00e0ng (COD), qua Momo ho\u1eb7c t\u00e0i kho\u1ea3n ng\u00e2n h\u00e0ng.<\/span><\/li>\n<li style=\"font-weight: 400;\" aria-level=\"1\"><b>T\u1eb7ng 1 gi\u1edd t\u01b0 v\u1ea5n b\u1ea3o m\u1eadt mi\u1ec5n ph\u00ed t\u1eeb c\u00e1c chuy\u00ean gia<\/b><span style=\"font-weight: 400;\">: Gi\u00fap b\u1ea1n n\u00e2ng cao kh\u1ea3 n\u0103ng b\u1ea3o m\u1eadt cho t\u00e0i s\u1ea3n ti\u1ec1n \u0111i\u1ec7n t\u1eed c\u1ee7a m\u00ecnh khi mua Trezor Safe 5 ho\u1eb7c c\u00e1c lo\u1ea1i v\u00ed kh\u00e1c t\u1ea1i BitcoinVN Shop.<\/span><\/li>\n<\/ul>\n<p style=\"text-align: center;\"><a href=\"https:\/\/bitcoinvn.io\/shop-2\/product\/trezor-safe-5\/\"><i><span style=\"font-weight: 400;\">Mua ngay v\u00ed l\u1ea1nh Trezor Safe 5 ngay h\u00f4m ngay \u0111\u1ec3 nh\u1eadn \u01b0u \u0111\u00e3i t\u1ea1i BitcoinVN Shop!<\/span><\/i><\/a><\/p>\n","protected":false},"excerpt":{"rendered":"<ul>\n<li style=\"font-weight: 400;\" aria-level=\"1\"><span style=\"font-weight: 400;\">T\u00edch h\u1ee3p m\u00e0n h\u00ecnh c\u1ea3m \u1ee9ng l\u1edbn 1.54 inch &amp; ch\u1ebf \u0111\u1ed9 rung khi thao t\u00e1c. Nh\u1edd \u0111\u00f3, vi\u1ec7c s\u1eed d\u1ee5ng tr\u1edf n\u00ean d\u1ec5 d\u00e0ng &amp; ch\u00ednh x\u00e1c h\u01a1n.<\/span><\/li>\n<li style=\"font-weight: 400;\" aria-level=\"1\"><span style=\"font-weight: 400;\">B\u1ea3o v\u1ec7 b\u1eb1ng Chip Secure Element cao c\u1ea5p (chip b\u1ea3o m\u1eadt th\u1ebf h\u1ec7 m\u1edbi \u0111\u01b0\u1ee3c d\u00f9ng cho th\u1ebb ng\u00e2n h\u00e0ng), m\u00e3 PIN v\u00e0 passphrase.<\/span><\/li>\n<li style=\"font-weight: 400;\" aria-level=\"1\"><span style=\"font-weight: 400;\">Qu\u1ea3n l\u00fd ti\u1ec1n \u0111i\u1ec7n t\u1eed th\u00f4ng qua \u1ee9ng d\u1ee5ng <a href=\"https:\/\/trezor.io\/trezor-suite?srsltid=AfmBOoo2V_hN7wywch-NoN6L2iv0PRxFdULlB3PEVwC0LD9myu3rfcEl\" target=\"_blank\" rel=\"noopener\">Trezor Suite<\/a>.<\/span><\/li>\n<li style=\"font-weight: 400;\" aria-level=\"1\"><span style=\"font-weight: 400;\">T\u01b0\u01a1ng th\u00edch v\u1edbi Windows, macOS v\u00e0 Linux.<\/span><\/li>\n<\/ul>\n<hr \/>\n<p><span style=\"font-weight: 400;\">B\u1ea1n s\u1ed1ng \u1edf n\u01b0\u1edbc ngo\u00e0i? Mua tr\u1ef1c ti\u1ebfp t\u1ea1i c\u1eeda h\u00e0ng <a href=\"https:\/\/trezor.io\/trezor-safe-5?transaction_id=102e8e1255dfc8c309cde81e973c33&amp;offer_id=235&amp;affiliate_id=34273\" target=\"_blank\" rel=\"noopener\">Trezor<\/a><\/span><\/p>\n","protected":false},"featured_media":7041,"comment_status":"open","ping_status":"closed","template":"","meta":[],"product_brand":[],"product_cat":[144,337],"product_tag":[],"class_list":{"0":"post-7040","1":"product","2":"type-product","3":"status-publish","4":"has-post-thumbnail","6":"product_cat-trezor","7":"product_cat-hardware-wallets","9":"first","10":"instock","11":"taxable","12":"shipping-taxable","13":"purchasable","14":"product-type-simple"},"yoast_head":"<!-- This site is optimized with the Yoast SEO plugin v27.2 - https:\/\/yoast.com\/product\/yoast-seo-wordpress\/ -->\n<title>Trezor Safe 5 m\u1eabu m\u1edbi nh\u1ea5t v\u1edbi gi\u00e1 c\u1ea3 ph\u1ea3i ch\u0103ng!<\/title>\n<meta name=\"description\" content=\"S\u1edf h\u1eefu ngay v\u00ed l\u1ea1nh Trezor Safe 5 m\u1edbi nh\u1ea5t v\u1edbi c\u00e1c t\u00ednh n\u0103ng b\u1ea3o m\u1eadt n\u00e2ng cao, gi\u00e1 c\u1ea3 ph\u1ea3i ch\u0103ng. Mua ngay \u0111\u1ec3 \u0111\u01b0\u1ee3c giao h\u00e0ng nhanh ch\u00f3ng v\u00e0 mi\u1ec5n ph\u00ed!\" \/>\n<meta name=\"robots\" content=\"index, follow, max-snippet:-1, max-image-preview:large, max-video-preview:-1\" \/>\n<link rel=\"canonical\" href=\"https:\/\/bitcoinvn.io\/shop-2\/vi\/product\/trezor-safe-5\/\" \/>\n<meta property=\"og:locale\" content=\"en_US\" \/>\n<meta property=\"og:type\" content=\"article\" \/>\n<meta property=\"og:title\" content=\"Trezor Safe 5 m\u1eabu m\u1edbi nh\u1ea5t v\u1edbi gi\u00e1 c\u1ea3 ph\u1ea3i ch\u0103ng!\" \/>\n<meta property=\"og:description\" content=\"S\u1edf h\u1eefu ngay v\u00ed l\u1ea1nh Trezor Safe 5 m\u1edbi nh\u1ea5t v\u1edbi c\u00e1c t\u00ednh n\u0103ng b\u1ea3o m\u1eadt n\u00e2ng cao, gi\u00e1 c\u1ea3 ph\u1ea3i ch\u0103ng. Mua ngay \u0111\u1ec3 \u0111\u01b0\u1ee3c giao h\u00e0ng nhanh ch\u00f3ng v\u00e0 mi\u1ec5n ph\u00ed!\" \/>\n<meta property=\"og:url\" content=\"https:\/\/bitcoinvn.io\/shop-2\/vi\/product\/trezor-safe-5\/\" \/>\n<meta property=\"og:site_name\" content=\"BitcoinVN Shop\" \/>\n<meta property=\"article:publisher\" content=\"https:\/\/www.facebook.com\/BitcoinVNShop\/\" \/>\n<meta property=\"article:modified_time\" content=\"2025-08-27T04:48:05+00:00\" \/>\n<meta property=\"og:image\" content=\"https:\/\/bitcoinvn.io\/shop-2\/wp-content\/uploads\/2024\/09\/trezor-S5.jpg\" \/>\n\t<meta property=\"og:image:width\" content=\"1500\" \/>\n\t<meta property=\"og:image:height\" content=\"1500\" \/>\n\t<meta property=\"og:image:type\" content=\"image\/jpeg\" \/>\n<meta name=\"twitter:card\" content=\"summary_large_image\" \/>\n<meta name=\"twitter:site\" content=\"@bitcoinvnshop\" \/>\n<meta name=\"twitter:label1\" content=\"Est. reading time\" \/>\n\t<meta name=\"twitter:data1\" content=\"5 minutes\" \/>\n<script type=\"application\/ld+json\" class=\"yoast-schema-graph\">{\"@context\":\"https:\/\/schema.org\",\"@graph\":[{\"@type\":\"WebPage\",\"@id\":\"https:\/\/bitcoinvn.io\/shop-2\/vi\/product\/trezor-safe-5\/\",\"url\":\"https:\/\/bitcoinvn.io\/shop-2\/vi\/product\/trezor-safe-5\/\",\"name\":\"Trezor Safe 5 m\u1eabu m\u1edbi nh\u1ea5t v\u1edbi gi\u00e1 c\u1ea3 ph\u1ea3i ch\u0103ng!\",\"isPartOf\":{\"@id\":\"https:\/\/bitcoinvn.io\/shop-2\/#website\"},\"primaryImageOfPage\":{\"@id\":\"https:\/\/bitcoinvn.io\/shop-2\/vi\/product\/trezor-safe-5\/#primaryimage\"},\"image\":{\"@id\":\"https:\/\/bitcoinvn.io\/shop-2\/vi\/product\/trezor-safe-5\/#primaryimage\"},\"thumbnailUrl\":\"https:\/\/bitcoinvn.io\/shop-2\/wp-content\/uploads\/2024\/09\/trezor-S5.jpg\",\"datePublished\":\"2025-06-19T04:00:53+00:00\",\"dateModified\":\"2025-08-27T04:48:05+00:00\",\"description\":\"S\u1edf h\u1eefu ngay v\u00ed l\u1ea1nh Trezor Safe 5 m\u1edbi nh\u1ea5t v\u1edbi c\u00e1c t\u00ednh n\u0103ng b\u1ea3o m\u1eadt n\u00e2ng cao, gi\u00e1 c\u1ea3 ph\u1ea3i ch\u0103ng. Mua ngay \u0111\u1ec3 \u0111\u01b0\u1ee3c giao h\u00e0ng nhanh ch\u00f3ng v\u00e0 mi\u1ec5n ph\u00ed!\",\"breadcrumb\":{\"@id\":\"https:\/\/bitcoinvn.io\/shop-2\/vi\/product\/trezor-safe-5\/#breadcrumb\"},\"inLanguage\":\"en-US\",\"potentialAction\":[{\"@type\":\"ReadAction\",\"target\":[\"https:\/\/bitcoinvn.io\/shop-2\/vi\/product\/trezor-safe-5\/\"]}]},{\"@type\":\"ImageObject\",\"inLanguage\":\"en-US\",\"@id\":\"https:\/\/bitcoinvn.io\/shop-2\/vi\/product\/trezor-safe-5\/#primaryimage\",\"url\":\"https:\/\/bitcoinvn.io\/shop-2\/wp-content\/uploads\/2024\/09\/trezor-S5.jpg\",\"contentUrl\":\"https:\/\/bitcoinvn.io\/shop-2\/wp-content\/uploads\/2024\/09\/trezor-S5.jpg\",\"width\":1500,\"height\":1500},{\"@type\":\"BreadcrumbList\",\"@id\":\"https:\/\/bitcoinvn.io\/shop-2\/vi\/product\/trezor-safe-5\/#breadcrumb\",\"itemListElement\":[{\"@type\":\"ListItem\",\"position\":1,\"name\":\"Home\",\"item\":\"https:\/\/bitcoinvn.io\/shop-2\/store\/\"},{\"@type\":\"ListItem\",\"position\":2,\"name\":\"Shop\",\"item\":\"https:\/\/bitcoinvn.io\/shop-2\/shop\/\"},{\"@type\":\"ListItem\",\"position\":3,\"name\":\"Trezor Safe 5\"}]},{\"@type\":\"WebSite\",\"@id\":\"https:\/\/bitcoinvn.io\/shop-2\/#website\",\"url\":\"https:\/\/bitcoinvn.io\/shop-2\/\",\"name\":\"BitcoinVN Shop\",\"description\":\"Official Hardware Wallet Distributor in Vietnam\",\"publisher\":{\"@id\":\"https:\/\/bitcoinvn.io\/shop-2\/#organization\"},\"potentialAction\":[{\"@type\":\"SearchAction\",\"target\":{\"@type\":\"EntryPoint\",\"urlTemplate\":\"https:\/\/bitcoinvn.io\/shop-2\/?s={search_term_string}\"},\"query-input\":{\"@type\":\"PropertyValueSpecification\",\"valueRequired\":true,\"valueName\":\"search_term_string\"}}],\"inLanguage\":\"en-US\"},{\"@type\":\"Organization\",\"@id\":\"https:\/\/bitcoinvn.io\/shop-2\/#organization\",\"name\":\"BitcoinVN Shop\",\"url\":\"https:\/\/bitcoinvn.io\/shop-2\/\",\"logo\":{\"@type\":\"ImageObject\",\"inLanguage\":\"en-US\",\"@id\":\"https:\/\/bitcoinvn.io\/shop-2\/#\/schema\/logo\/image\/\",\"url\":\"https:\/\/bitcoinvn.io\/shop-2\/wp-content\/uploads\/2021\/03\/logo-bitcoinvn-shop.jpg\",\"contentUrl\":\"https:\/\/bitcoinvn.io\/shop-2\/wp-content\/uploads\/2021\/03\/logo-bitcoinvn-shop.jpg\",\"width\":1200,\"height\":675,\"caption\":\"BitcoinVN Shop\"},\"image\":{\"@id\":\"https:\/\/bitcoinvn.io\/shop-2\/#\/schema\/logo\/image\/\"},\"sameAs\":[\"https:\/\/www.facebook.com\/BitcoinVNShop\/\",\"https:\/\/x.com\/bitcoinvnshop\"]}]}<\/script>\n<!-- \/ Yoast SEO plugin. -->","yoast_head_json":{"title":"Trezor Safe 5 m\u1eabu m\u1edbi nh\u1ea5t v\u1edbi gi\u00e1 c\u1ea3 ph\u1ea3i ch\u0103ng!","description":"S\u1edf h\u1eefu ngay v\u00ed l\u1ea1nh Trezor Safe 5 m\u1edbi nh\u1ea5t v\u1edbi c\u00e1c t\u00ednh n\u0103ng b\u1ea3o m\u1eadt n\u00e2ng cao, gi\u00e1 c\u1ea3 ph\u1ea3i ch\u0103ng. Mua ngay \u0111\u1ec3 \u0111\u01b0\u1ee3c giao h\u00e0ng nhanh ch\u00f3ng v\u00e0 mi\u1ec5n ph\u00ed!","robots":{"index":"index","follow":"follow","max-snippet":"max-snippet:-1","max-image-preview":"max-image-preview:large","max-video-preview":"max-video-preview:-1"},"canonical":"https:\/\/bitcoinvn.io\/shop-2\/vi\/product\/trezor-safe-5\/","og_locale":"en_US","og_type":"article","og_title":"Trezor Safe 5 m\u1eabu m\u1edbi nh\u1ea5t v\u1edbi gi\u00e1 c\u1ea3 ph\u1ea3i ch\u0103ng!","og_description":"S\u1edf h\u1eefu ngay v\u00ed l\u1ea1nh Trezor Safe 5 m\u1edbi nh\u1ea5t v\u1edbi c\u00e1c t\u00ednh n\u0103ng b\u1ea3o m\u1eadt n\u00e2ng cao, gi\u00e1 c\u1ea3 ph\u1ea3i ch\u0103ng. Mua ngay \u0111\u1ec3 \u0111\u01b0\u1ee3c giao h\u00e0ng nhanh ch\u00f3ng v\u00e0 mi\u1ec5n ph\u00ed!","og_url":"https:\/\/bitcoinvn.io\/shop-2\/vi\/product\/trezor-safe-5\/","og_site_name":"BitcoinVN Shop","article_publisher":"https:\/\/www.facebook.com\/BitcoinVNShop\/","article_modified_time":"2025-08-27T04:48:05+00:00","og_image":[{"width":1500,"height":1500,"url":"https:\/\/bitcoinvn.io\/shop-2\/wp-content\/uploads\/2024\/09\/trezor-S5.jpg","type":"image\/jpeg"}],"twitter_card":"summary_large_image","twitter_site":"@bitcoinvnshop","twitter_misc":{"Est. reading time":"5 minutes"},"schema":{"@context":"https:\/\/schema.org","@graph":[{"@type":"WebPage","@id":"https:\/\/bitcoinvn.io\/shop-2\/vi\/product\/trezor-safe-5\/","url":"https:\/\/bitcoinvn.io\/shop-2\/vi\/product\/trezor-safe-5\/","name":"Trezor Safe 5 m\u1eabu m\u1edbi nh\u1ea5t v\u1edbi gi\u00e1 c\u1ea3 ph\u1ea3i ch\u0103ng!","isPartOf":{"@id":"https:\/\/bitcoinvn.io\/shop-2\/#website"},"primaryImageOfPage":{"@id":"https:\/\/bitcoinvn.io\/shop-2\/vi\/product\/trezor-safe-5\/#primaryimage"},"image":{"@id":"https:\/\/bitcoinvn.io\/shop-2\/vi\/product\/trezor-safe-5\/#primaryimage"},"thumbnailUrl":"https:\/\/bitcoinvn.io\/shop-2\/wp-content\/uploads\/2024\/09\/trezor-S5.jpg","datePublished":"2025-06-19T04:00:53+00:00","dateModified":"2025-08-27T04:48:05+00:00","description":"S\u1edf h\u1eefu ngay v\u00ed l\u1ea1nh Trezor Safe 5 m\u1edbi nh\u1ea5t v\u1edbi c\u00e1c t\u00ednh n\u0103ng b\u1ea3o m\u1eadt n\u00e2ng cao, gi\u00e1 c\u1ea3 ph\u1ea3i ch\u0103ng. Mua ngay \u0111\u1ec3 \u0111\u01b0\u1ee3c giao h\u00e0ng nhanh ch\u00f3ng v\u00e0 mi\u1ec5n ph\u00ed!","breadcrumb":{"@id":"https:\/\/bitcoinvn.io\/shop-2\/vi\/product\/trezor-safe-5\/#breadcrumb"},"inLanguage":"en-US","potentialAction":[{"@type":"ReadAction","target":["https:\/\/bitcoinvn.io\/shop-2\/vi\/product\/trezor-safe-5\/"]}]},{"@type":"ImageObject","inLanguage":"en-US","@id":"https:\/\/bitcoinvn.io\/shop-2\/vi\/product\/trezor-safe-5\/#primaryimage","url":"https:\/\/bitcoinvn.io\/shop-2\/wp-content\/uploads\/2024\/09\/trezor-S5.jpg","contentUrl":"https:\/\/bitcoinvn.io\/shop-2\/wp-content\/uploads\/2024\/09\/trezor-S5.jpg","width":1500,"height":1500},{"@type":"BreadcrumbList","@id":"https:\/\/bitcoinvn.io\/shop-2\/vi\/product\/trezor-safe-5\/#breadcrumb","itemListElement":[{"@type":"ListItem","position":1,"name":"Home","item":"https:\/\/bitcoinvn.io\/shop-2\/store\/"},{"@type":"ListItem","position":2,"name":"Shop","item":"https:\/\/bitcoinvn.io\/shop-2\/shop\/"},{"@type":"ListItem","position":3,"name":"Trezor Safe 5"}]},{"@type":"WebSite","@id":"https:\/\/bitcoinvn.io\/shop-2\/#website","url":"https:\/\/bitcoinvn.io\/shop-2\/","name":"BitcoinVN Shop","description":"Official Hardware Wallet Distributor in Vietnam","publisher":{"@id":"https:\/\/bitcoinvn.io\/shop-2\/#organization"},"potentialAction":[{"@type":"SearchAction","target":{"@type":"EntryPoint","urlTemplate":"https:\/\/bitcoinvn.io\/shop-2\/?s={search_term_string}"},"query-input":{"@type":"PropertyValueSpecification","valueRequired":true,"valueName":"search_term_string"}}],"inLanguage":"en-US"},{"@type":"Organization","@id":"https:\/\/bitcoinvn.io\/shop-2\/#organization","name":"BitcoinVN Shop","url":"https:\/\/bitcoinvn.io\/shop-2\/","logo":{"@type":"ImageObject","inLanguage":"en-US","@id":"https:\/\/bitcoinvn.io\/shop-2\/#\/schema\/logo\/image\/","url":"https:\/\/bitcoinvn.io\/shop-2\/wp-content\/uploads\/2021\/03\/logo-bitcoinvn-shop.jpg","contentUrl":"https:\/\/bitcoinvn.io\/shop-2\/wp-content\/uploads\/2021\/03\/logo-bitcoinvn-shop.jpg","width":1200,"height":675,"caption":"BitcoinVN Shop"},"image":{"@id":"https:\/\/bitcoinvn.io\/shop-2\/#\/schema\/logo\/image\/"},"sameAs":["https:\/\/www.facebook.com\/BitcoinVNShop\/","https:\/\/x.com\/bitcoinvnshop"]}]}},"lang":"vi","translations":{"vi":7040,"en":5672,"ja":6308,"ru":6799},"pll_sync_post":[],"_links":{"self":[{"href":"https:\/\/bitcoinvn.io\/shop-2\/wp-json\/wp\/v2\/product\/7040","targetHints":{"allow":["GET"]}}],"collection":[{"href":"https:\/\/bitcoinvn.io\/shop-2\/wp-json\/wp\/v2\/product"}],"about":[{"href":"https:\/\/bitcoinvn.io\/shop-2\/wp-json\/wp\/v2\/types\/product"}],"replies":[{"embeddable":true,"href":"https:\/\/bitcoinvn.io\/shop-2\/wp-json\/wp\/v2\/comments?post=7040"}],"wp:featuredmedia":[{"embeddable":true,"href":"https:\/\/bitcoinvn.io\/shop-2\/wp-json\/wp\/v2\/media\/7041"}],"wp:attachment":[{"href":"https:\/\/bitcoinvn.io\/shop-2\/wp-json\/wp\/v2\/media?parent=7040"}],"wp:term":[{"taxonomy":"product_brand","embeddable":true,"href":"https:\/\/bitcoinvn.io\/shop-2\/wp-json\/wp\/v2\/product_brand?post=7040"},{"taxonomy":"product_cat","embeddable":true,"href":"https:\/\/bitcoinvn.io\/shop-2\/wp-json\/wp\/v2\/product_cat?post=7040"},{"taxonomy":"product_tag","embeddable":true,"href":"https:\/\/bitcoinvn.io\/shop-2\/wp-json\/wp\/v2\/product_tag?post=7040"}],"curies":[{"name":"wp","href":"https:\/\/api.w.org\/{rel}","templated":true}]}}