{"id":632,"date":"2020-06-05T10:16:23","date_gmt":"2020-06-05T03:16:23","guid":{"rendered":"https:\/\/bitcoinvn.io\/shop-2\/product\/ledger-nano-x\/"},"modified":"2025-11-14T18:03:16","modified_gmt":"2025-11-14T11:03:16","slug":"ledger-nano-x","status":"publish","type":"product","link":"https:\/\/bitcoinvn.io\/shop-2\/vi\/product\/ledger-nano-x\/","title":{"rendered":"Ledger Nano X"},"content":{"rendered":"<p><i><span style=\"font-weight: 400;\">V\u00ed Ledger Nano X l\u00e0 th\u01b0\u01a1ng hi\u1ec7u v\u00ed c\u1ee9ng chuy\u00ean d\u1ee5ng \u0111\u01b0\u1ee3c d\u00e2n s\u00e0nh c\u00f4ng ngh\u1ec7 tr\u00ean to\u00e0n th\u1ebf gi\u1edbi \u01b0a chu\u1ed9ng. \u0110\u1eb7c bi\u1ec7t, thi\u1ebft b\u1ecb \u0111\u01b0\u1ee3c <strong>t\u00edch h\u1ee3p Bluetooth<\/strong>, cho ph\u00e9p k\u1ebft n\u1ed1i kh\u00f4ng d\u00e2y ti\u1ec7n l\u1ee3i m\u00e0 kh\u00f4ng c\u1ea7n d\u00f9ng c\u00e1p USB.\u00a0<\/span><\/i><\/p>\n<p><i><span style=\"font-weight: 400;\">Hi\u1ec7n t\u1ea1i, Ledger Nano X \u0111\u00e3 \u0111\u01b0\u1ee3c ph\u00e2n ph\u1ed1i ch\u00ednh h\u00e3ng t\u1ea1i BitcoinVN, cam k\u1ebft s\u1ea3n ph\u1ea9m ch\u00ednh h\u00e3ng 100%, \u0111\u1ea3m b\u1ea3o an to\u00e0n t\u1ed1i \u0111a cho nh\u00e0 \u0111\u1ea7u t\u01b0. Ngo\u00e0i ra, kh\u00e1ch h\u00e0ng c\u00f2n \u0111\u01b0\u1ee3c <strong>t\u1eb7ng 1h t\u01b0 v\u1ea5n b\u1ea3o m\u1eadt 1:1 <\/strong>\u0111\u1ec3 b\u1eaft \u0111\u1ea7u h\u00e0nh tr\u00ecnh s\u1eed d\u1ee5ng \u0111\u00fang c\u00e1ch.\u00a0<\/span><\/i><\/p>\n<h3><b>T\u1ea1i sao d\u00e2n s\u00e0nh c\u00f4ng ngh\u1ec7 chu\u1ed9ng v\u00ed Ledger Nano X?<\/b><\/h3>\n<h4><b>B\u1ea3o m\u1eadt cao<\/b><\/h4>\n<p><span style=\"font-weight: 400;\">Ledger Nano X s\u1eed d\u1ee5ng<\/span><b> chip Secure Element (CC EAL5+)<\/b> &#8211; d\u00f2ng chip th\u01b0\u1eddng chuy\u00ean d\u00f9ng cho <span style=\"font-weight: 400;\">t<\/span><b><span style=\"font-weight: 400;\">h\u1ebb ng\u00e2n h\u00e0ng v\u00e0 h\u1ed9 chi\u1ebfu. Chip n\u00e0y c\u00f3 kh\u1ea3 n\u0103ng \u0111\u1ea3m b\u1ea3o kh\u00f3a ri\u00eang lu\u00f4n an to\u00e0n tr\u01b0\u1edbc hacker &amp; ph\u1ea7n m\u1ec1m \u0111\u1ed9c h\u1ea1i. \u0110\u1eb7c bi\u1ec7t, ngay c\u1ea3 khi thi\u1ebft b\u1ecb b\u1ecb t\u1ea5n c\u00f4ng v\u1eadt l\u00fd, d\u1eef li\u1ec7u trong v\u00ed c\u1ee9ng v\u1eabn b\u1ea3o m\u1eadt t\u1ed1t.<\/span><\/b><span style=\"font-weight: 400;\">\u00a0 <\/span><\/p>\n<p><span style=\"font-weight: 400;\">Th\u00eam v\u00e0o \u0111\u00f3, v\u00ed c\u1ee9ng n\u00e0y c\u00f3 kh\u1ea3 n\u0103ng ho\u1ea1t \u0111\u1ed9ng ngo\u1ea1i tuy\u1ebfn, h\u1ed7 tr\u1ee3 m\u00e3 PIN v\u00e0 x\u00e1c th\u1ef1c hai y\u1ebfu t\u1ed1 (2FA), \u0111\u1ea3m b\u1ea3o ch\u1ec9 c\u00f3 ch\u1ee7 s\u1edf h\u1eefu m\u1edbi c\u00f3 quy\u1ec1n truy c\u1eadp.<\/span><\/p>\n<h4><b>H\u1ed7 tr\u1ee3 h\u01a1n 5.500 lo\u1ea1i ti\u1ec1n \u0111i\u1ec7n t\u1eed<\/b><\/h4>\n<p><span style=\"font-weight: 400;\">Ledger Nano X h\u1ed7 tr\u1ee3 h\u01a1n <strong>5.500 lo\u1ea1i ti\u1ec1n \u0111i\u1ec7n t\u1eed.<\/strong> V\u1edbi dung l\u01b0\u1ee3ng b\u1ed9 nh\u1edb t\u01b0\u01a1ng \u0111\u1ed1i l\u1edbn, b\u1ea1n c\u00f3 th\u1ec3 <strong>c\u00e0i \u0111\u1eb7t c\u00f9ng l\u00fac t\u1edbi 100 \u1ee9ng d\u1ee5ng<\/strong> tr\u00ean m\u1ed9t thi\u1ebft b\u1ecb duy nh\u1ea5t.<\/span><\/p>\n<h4><b>D\u1ec5 d\u00e0ng kh\u00f4i ph\u1ee5c v\u00ed<\/b><\/h4>\n<p><span style=\"font-weight: 400;\">N\u1ebfu m\u1ea5t ho\u1eb7c h\u01b0 h\u1ecfng thi\u1ebft b\u1ecb, b\u1ea1n ch\u1ec9 c\u1ea7n c\u00f3 c\u1ee5m t\u1eeb kh\u00f4i ph\u1ee5c <\/span><b>24 t\u1eeb (Seed Phrase)<\/b><span style=\"font-weight: 400;\"> v\u00e0 m\u1ed9t thi\u1ebft b\u1ecb Ledger m\u1edbi l\u00e0 \u0111\u00e3 c\u00f3 th\u1ec3 kh\u00f4i ph\u1ee5c kh\u00f3a truy c\u1eadp ti\u1ec1n \u0111i\u1ec7n t\u1eed m\u1ed9t c\u00e1ch d\u1ec5 d\u00e0ng.<\/span><\/p>\n<h4><b>Qu\u1ea3n l\u00fd ti\u1ec1n \u0111i\u1ec7n t\u1eed b\u1ea5t c\u1ee9 n\u01a1i n\u00e0o b\u1ea1n \u0111\u1ebfn<\/b><\/h4>\n<ul>\n<li style=\"font-weight: 400;\" aria-level=\"1\"><span style=\"font-weight: 400;\">V\u00ed Ledger Nano X l\u00e0 thi\u1ebft b\u1ecb <strong>h\u1ed7 tr\u1ee3 Bluetooth<\/strong>, cho ph\u00e9p b\u1ea1n giao d\u1ecbch an to\u00e0n \u1edf m\u1ecdi n\u01a1i. Ch\u1ec9 c\u1ea7n s\u1eed d\u1ee5ng \u0111i\u1ec7n tho\u1ea1i th\u00f4ng minh v\u00e0 \u1ee9ng d\u1ee5ng \u0111\u1ed3ng h\u00e0nh Ledger Live, b\u1ea1n \u0111\u00e3 c\u00f3 th\u1ec3 d\u1ec5 d\u00e0ng ki\u1ec3m tra s\u1ed1 d\u01b0, giao d\u1ecbch v\u00e0 <a href=\"https:\/\/bitcoinvn.io\/vi\/staking\" target=\"_blank\" rel=\"noopener\">staking<\/a>.\u00a0<\/span><\/li>\n<li style=\"font-weight: 400;\" aria-level=\"1\"><span style=\"font-weight: 400;\">K\u1ebft n\u1ed1i Bluetooth \u0111\u01b0\u1ee3c m\u00e3 h\u00f3a \u0111\u1ec3 \u0111\u1ea3m b\u1ea3o an to\u00e0n t\u1ed1i \u0111a cho b\u1ea1n.\u00a0<\/span><\/li>\n<li style=\"font-weight: 400;\" aria-level=\"1\"><span style=\"font-weight: 400;\">M\u00e0n h\u00ecnh OLED hi\u1ec3n th\u1ecb r\u00f5 r\u00e0ng, thao t\u00e1c d\u1ec5 d\u00e0ng.\u00a0<\/span><\/li>\n<li style=\"font-weight: 400;\" aria-level=\"1\"><span style=\"font-weight: 400;\">Dung l\u01b0\u1ee3ng pin l\u00e2u d\u00e0i, <strong>s\u1eed d\u1ee5ng li\u00ean t\u1ee5c 8 gi\u1edd<\/strong>, ch\u1ebf \u0111\u1ed9 ch\u1edd k\u00e9o d\u00e0i nhi\u1ec1u tu\u1ea7n.<\/span><\/li>\n<\/ul>\n<h4><b>T\u00edch h\u1ee3p &#8220;l\u00e1 ch\u1eafn th\u00e9p&#8221;<\/b><\/h4>\n<p><span style=\"font-weight: 400;\">V\u00ed Ledger \u0111\u01b0\u1ee3c cung c\u1ea5p b\u1edfi BOLOS, m\u1ed9t h\u1ec7 \u0111i\u1ec1u h\u00e0nh \u0111\u1ed9c quy\u1ec1n \u0111\u01b0\u1ee3c ph\u00e1t tri\u1ec3n b\u1edfi Ledger. H\u1ec7 th\u1ed1ng n\u00e0y t\u1ea1o m\u1ed9t l\u00e1 ch\u1eafn ri\u00eang xung quanh m\u1ed7i \u1ee9ng d\u1ee5ng tr\u00ean v\u00ed Ledger c\u1ee7a b\u1ea1n \u0111\u1ec3 b\u1ea3o v\u1ec7 ch\u00fang tr\u01b0\u1edbc nh\u1eefng k\u1ebb t\u1ea5n c\u00f4ng.<\/span><\/p>\n<h3><b>Th\u00f4ng s\u1ed1 k\u1ef9 thu\u1eadt c\u1ee7a v\u00ed Ledger Nano X ch\u00ednh h\u00e3ng<\/b><\/h3>\n<table>\n<tbody>\n<tr>\n<td colspan=\"2\">\n<p style=\"text-align: center;\"><b>Th\u00f4ng s\u1ed1 k\u1ef9 thu\u1eadt<\/b><\/p>\n<\/td>\n<\/tr>\n<tr>\n<td><b>K\u00edch th\u01b0\u1edbc<\/b><\/td>\n<td><span style=\"font-weight: 400;\">7,2 x 1,86 x 1,18 cm<\/span><\/td>\n<\/tr>\n<tr>\n<td><b>Tr\u1ecdng l\u01b0\u1ee3ng<\/b><\/td>\n<td><span style=\"font-weight: 400;\">31,8 g<\/span><\/td>\n<\/tr>\n<tr>\n<td><b>M\u00e0n h\u00ecnh<\/b><\/td>\n<td><span style=\"font-weight: 400;\">OLED 128&#215;64 pixel, hi\u1ec3n th\u1ecb tr\u1ef1c quan<\/span><\/td>\n<\/tr>\n<tr>\n<td><b>Thi\u1ebft b\u1ecb k\u1ebft n\u1ed1i<\/b><\/td>\n<td><span style=\"font-weight: 400;\">M\u00e1y t\u00ednh 64-bit (Windows 8+, macOS 10.10+, Linux), kh\u00f4ng d\u00f9ng ch\u01b0\u01a1ng tr\u00ecnh di\u1ec7t virus. T\u01b0\u01a1ng th\u00edch v\u1edbi smartphone Android 7+.\u00a0<\/span><\/p>\n<p><span style=\"font-weight: 400;\">Kh\u00f4ng h\u1ed7 tr\u1ee3 iPhone.<\/span><\/td>\n<\/tr>\n<tr>\n<td><b>B\u1ea3o m\u1eadt<\/b><\/td>\n<td><span style=\"font-weight: 400;\">Ch\u1ee9ng nh\u1eadn CC EAL5+, chip Secure Element<\/span><\/td>\n<\/tr>\n<tr>\n<td><b>K\u1ebft n\u1ed1i<\/b><\/td>\n<td><span style=\"font-weight: 400;\">Bluetooth &amp; USB-C<\/span><\/td>\n<\/tr>\n<tr>\n<td><b>B\u1ed9 nh\u1edb m\u1edf r\u1ed9ng<\/b><\/td>\n<td><span style=\"font-weight: 400;\">L\u01b0u tr\u1eef t\u1edbi 100 \u1ee9ng d\u1ee5ng ti\u1ec1n \u0111i\u1ec7n t\u1eed c\u00f9ng l\u00fac<\/span><\/td>\n<\/tr>\n<\/tbody>\n<\/table>\n<h3><b>Tr\u1ecdn b\u1ed9 v\u00ed c\u1ee9ng Ledger Nano X g\u1ed3m nh\u1eefng g\u00ec?<\/b><\/h3>\n<p><span style=\"font-weight: 400;\">S\u1ea3n ph\u1ea9m Ledger Nano X \u0111\u01b0\u1ee3c BitcoinVN Shop cung c\u1ea5p l\u00e0 h\u00e0ng <\/span><b>fullbox<\/b><span style=\"font-weight: 400;\">, nguy\u00ean seal ni\u00eam phong t\u1eeb nh\u00e0 s\u1ea3n xu\u1ea5t. Khi m\u1edf h\u1ed9p, b\u1ea1n s\u1ebd nh\u1eadn \u0111\u01b0\u1ee3c \u0111\u1ea7y \u0111\u1ee7 c\u00e1c ph\u1ee5 ki\u1ec7n \u0111i k\u00e8m, bao g\u1ed3m:<\/span><\/p>\n<ul>\n<li style=\"font-weight: 400;\" aria-level=\"1\"><span style=\"font-weight: 400;\">1 Ledger Nano X<\/span><\/li>\n<li style=\"font-weight: 400;\" aria-level=\"1\"><span style=\"font-weight: 400;\">1 C\u00e1p USB-A to USB-C<\/span><\/li>\n<li style=\"font-weight: 400;\" aria-level=\"1\"><span style=\"font-weight: 400;\">3 t\u1edd gi\u1ea5y ghi c\u1ee5m t\u1eeb kh\u00f4i ph\u1ee5c<\/span><\/li>\n<li style=\"font-weight: 400;\" aria-level=\"1\"><span style=\"font-weight: 400;\">1 B\u1ed9 sticker<\/span><\/li>\n<li style=\"font-weight: 400;\" aria-level=\"1\"><span style=\"font-weight: 400;\">1 M\u00f3c kh\u00f3a<\/span><\/li>\n<li style=\"font-weight: 400;\" aria-level=\"1\"><span style=\"font-weight: 400;\">H\u01b0\u1edbng d\u1eabn s\u1eed d\u1ee5ng<\/span><\/li>\n<li style=\"font-weight: 400;\" aria-level=\"1\"><span style=\"font-weight: 400;\">H\u01b0\u1edbng d\u1eabn b\u1ea3o qu\u1ea3n v\u00e0 tuy\u00ean b\u1ed1 quy \u0111\u1ecbnh<\/span><\/li>\n<\/ul>\n<figure id=\"attachment_6335\" aria-describedby=\"caption-attachment-6335\" style=\"width: 800px\" class=\"wp-caption aligncenter\"><img loading=\"lazy\" decoding=\"async\" class=\"wp-image-6335 size-full\" src=\"https:\/\/bitcoinvn.io\/shop-2\/wp-content\/uploads\/2020\/06\/Ledger-nano-x-1.jpg\" alt=\"Nh\u1eefng v\u1eadt d\u1ee5ng quan tr\u1ecdng trong v\u00ed Ledger Nano X\" width=\"800\" height=\"600\" srcset=\"https:\/\/bitcoinvn.io\/shop-2\/wp-content\/uploads\/2020\/06\/Ledger-nano-x-1.jpg 800w, https:\/\/bitcoinvn.io\/shop-2\/wp-content\/uploads\/2020\/06\/Ledger-nano-x-1-300x225.jpg 300w, https:\/\/bitcoinvn.io\/shop-2\/wp-content\/uploads\/2020\/06\/Ledger-nano-x-1-768x576.jpg 768w, https:\/\/bitcoinvn.io\/shop-2\/wp-content\/uploads\/2020\/06\/Ledger-nano-x-1-600x450.jpg 600w\" sizes=\"auto, (max-width: 800px) 100vw, 800px\" \/><figcaption id=\"caption-attachment-6335\" class=\"wp-caption-text\">Nh\u1eefng v\u1eadt d\u1ee5ng quan tr\u1ecdng khi &#8220;\u0111\u1eadp h\u1ed9p&#8221; v\u00ed Ledger Nano X<\/figcaption><\/figure>\n<h3><b>Quy\u1ec1n l\u1ee3i c\u1ee7a kh\u00e1ch h\u00e0ng khi \u0111\u1eb7t mua v\u00ed Ledger Nano X t\u1ea1i BitcoinVN Shop<\/b><\/h3>\n<p><strong>Hi\u1ec7n <a href=\"https:\/\/news.bitcoinvn.io\/nha-phan-phoi-chinh-thuc-ledger-vi-cung\/\">BitcoinVN Shop l\u00e0 \u0111\u1ea1i l\u00fd ch\u00ednh th\u1ee9c nh\u1eadp kh\u1ea9u v\u00e0 ph\u00e2n ph\u1ed1i c\u00e1c s\u1ea3n ph\u1ea9m Ledger t\u1ea1i Vi\u1ec7t Nam. <\/a><\/strong>Mua h\u00e0ng t\u1ea1i shop, b\u1ea1n s\u1ebd nh\u1eadn \u0111\u01b0\u1ee3c nhi\u1ec1u quy\u1ec1n l\u1ee3i h\u1ea5p d\u1eabn:<\/p>\n<ul>\n<li><b>S\u1ea3n ph\u1ea9m ch\u00ednh h\u00e3ng 100%:<\/b><span style=\"font-weight: 400;\"> Ph\u00e2n ph\u1ed1i tr\u1ef1c ti\u1ebfp t\u1eeb nh\u00e0 s\u1ea3n xu\u1ea5t, \u0111\u1ea3m b\u1ea3o ch\u1ea5t l\u01b0\u1ee3ng v\u00e0 b\u1ea3o m\u1eadt cao nh\u1ea5t.<\/span><\/li>\n<li style=\"font-weight: 400;\" aria-level=\"1\"><b>Giao h\u00e0ng nhanh ch\u00f3ng:<\/b><span style=\"font-weight: 400;\"> Nh\u1eadn h\u00e0ng trong ng\u00e0y t\u1ea1i TP.HCM, t\u1eeb 1-3 ng\u00e0y \u0111\u1ed1i v\u1edbi c\u00e1c t\u1ec9nh th\u00e0nh kh\u00e1c.<\/span><\/li>\n<li style=\"font-weight: 400;\" aria-level=\"1\"><b>Thanh to\u00e1n linh ho\u1ea1t:<\/b><span style=\"font-weight: 400;\"> H\u1ed7 tr\u1ee3 thanh to\u00e1n tr\u1ef1c ti\u1ebfp v\u00e0 chuy\u1ec3n kho\u1ea3n, ti\u1ec7n l\u1ee3i cho m\u1ecdi kh\u00e1ch h\u00e0ng.<\/span><\/li>\n<li style=\"font-weight: 400;\" aria-level=\"1\"><b>\u0110\u1ed9i ng\u0169 h\u1ed7 tr\u1ee3 chuy\u00ean nghi\u1ec7p:<\/b><span style=\"font-weight: 400;\"> T\u01b0 v\u1ea5n t\u1eadn t\u00ecnh, h\u01b0\u1edbng d\u1eabn c\u00e0i \u0111\u1eb7t v\u00e0 s\u1eed d\u1ee5ng s\u1ea3n ph\u1ea9m chi ti\u1ebft.<\/span><\/li>\n<\/ul>\n<p><b><i>\u0110\u1eb7c bi\u1ec7t: <\/i><\/b><i><span style=\"font-weight: 400;\">Khi mua h\u00e0ng t\u1ea1i BitcoinVN Shop, b\u1ea1n s\u1ebd \u0111\u01b0\u1ee3c t\u1eb7ng 1 gi\u1edd t\u01b0 v\u1ea5n b\u1ea3o m\u1eadt <\/span><\/i><b><i>MI\u1ec4N PH\u00cd<\/i><\/b><i><span style=\"font-weight: 400;\"> c\u00f9ng chuy\u00ean gia b\u1ea3o m\u1eadt. V\u00e0 \u0111\u01b0\u1ee3c <\/span><\/i><b><i>mi\u1ec5n ph\u00ed ship<\/i><\/b><i><span style=\"font-weight: 400;\"> trong n\u01b0\u1edbc \u0111\u1ed1i v\u1edbi \u0111\u01a1n h\u00e0ng t\u1eeb <\/span><\/i><b><i>2.100.000 tr\u1edf l\u00ean.<\/i><\/b><\/p>\n<p>C\u00f2n ch\u1ea7n ch\u1edd g\u00ec n\u1eefa, cho ngay s\u1ea3n ph\u1ea9m v\u00ed Leder Nano X v\u00e0o gi\u1ecf h\u00e0ng v\u00e0 ti\u1ebfn h\u00e0nh \u0111\u1eb7t ngay th\u00f4i!<\/p>\n<p>&nbsp;<\/p>\n<div id=\"eJOY__extension_root\" class=\"eJOY__extension_root_class\" style=\"all: unset;\">\n<hr \/>\n<p><em>N\u1ebfu b\u1ea1n hi\u1ec7n kh\u00f4ng sinh s\u1ed1ng t\u1ea1i Vi\u1ec7t Nam?<\/em><\/p>\n<p><em>Vui l\u00f2ng \u0111\u1eb7t mua v\u00ed Ledger Nano X tr\u1ef1c ti\u1ebfp t\u1eeb <a href=\"https:\/\/shop.ledger.com\/products\/ledger-nano-x\/?r=58783e684a3d\"><strong>c\u1eeda h\u00e0ng Ledger ch\u00ednh h\u00e3ng<\/strong><\/a><\/em><\/p>\n<\/div>\n","protected":false},"excerpt":{"rendered":"<ul>\n<li style=\"font-weight: 400;\" aria-level=\"1\"><span style=\"font-weight: 400;\">S\u1eed d\u1ee5ng chip Secure Element (CC EAL5+), b\u1ea3o v\u1ec7 kh\u00f3a ri\u00eang t\u01b0 kh\u1ecfi hacker, ph\u1ea7n m\u1ec1m \u0111\u1ed9c h\u1ea1i.<\/span><\/li>\n<li style=\"font-weight: 400;\" aria-level=\"1\">H\u1ed7 tr\u1ee3 h\u01a1n 5.500 lo\u1ea1i ti\u1ec1n \u0111i\u1ec7n t\u1eed: <span style=\"font-weight: 400;\">T\u01b0\u01a1ng th\u00edch v\u1edbi Bitcoin, Ethereum, USDT, BNB, Solana, Cardano v\u00e0 nhi\u1ec1u lo\u1ea1i token kh\u00e1c.<\/span><\/li>\n<li style=\"font-weight: 400;\" aria-level=\"1\"><span style=\"font-weight: 400;\">T\u00edch h\u1ee3p Bluetooth &amp; USB-C, cho ph\u00e9p qu\u1ea3n l\u00fd v\u00ed d\u1ec5 d\u00e0ng tr\u00ean c\u1ea3 \u0111i\u1ec7n tho\u1ea1i v\u00e0 m\u00e1y t\u00ednh<\/span><\/li>\n<li aria-level=\"1\">H\u00e0ng ch\u00ednh h\u00e3ng fulll box t\u1ea1i BitcoinVN shop. Giao h\u00e0ng nhanh trong v\u00f2ng 1-3 ng\u00e0y!<\/li>\n<\/ul>\n<p><em><strong>BitcoinVN Shop l\u00e0 nh\u00e0 ph\u00e2n ph\u1ed1i ch\u00ednh th\u1ee9c s\u1ea3n ph\u1ea9m Ledger Nano X t\u1ea1i Vi\u1ec7t Nam.<\/strong><\/em><\/p>\n<hr \/>\n<p><em>B\u1ea1n \u1edf n\u01b0\u1edbc ngo\u00e0i?<\/em><\/p>\n<p><em>\u0110\u1eb7t h\u00e0ng tr\u1ef1c ti\u1ebfp t\u1eeb\u00a0<a href=\"https:\/\/shop.ledger.com\/pages\/ledger-nano-x?r=58783e684a3d\" target=\"_blank\" rel=\"noopener\">c\u1eeda h\u00e0ng Ledger<\/a>.<\/em><\/p>\n","protected":false},"featured_media":5632,"comment_status":"open","ping_status":"closed","template":"","meta":[],"product_brand":[],"product_cat":[145,337],"product_tag":[],"class_list":{"0":"post-632","1":"product","2":"type-product","3":"status-publish","4":"has-post-thumbnail","6":"product_cat-ledger","7":"product_cat-hardware-wallets","9":"first","10":"instock","11":"taxable","12":"shipping-taxable","13":"purchasable","14":"product-type-variable"},"yoast_head":"<!-- This site is optimized with the Yoast SEO plugin v27.2 - https:\/\/yoast.com\/product\/yoast-seo-wordpress\/ -->\n<title>Ledger Nano X nh\u1eadp kh\u1ea9u full box, t\u1eb7ng 1h t\u01b0 v\u1ea5n b\u1ea3o m\u1eadt free!<\/title>\n<meta name=\"description\" content=\"Mua ngay Ledger Nano X nh\u1eadp kh\u1ea9u nguy\u00ean h\u1ed9p \u0111\u1ec3 nh\u1eadn \u0111\u01b0\u1ee3c 1 gi\u1edd t\u01b0 v\u1ea5n b\u1ea3o m\u1eadt mi\u1ec5n ph\u00ed t\u1ea1i BitcoinVN Shop v\u00e0 nh\u1eadn th\u00eam nhi\u1ec1u \u01b0u \u0111\u00e3i kh\u00e1c!\" \/>\n<meta name=\"robots\" content=\"index, follow, max-snippet:-1, max-image-preview:large, max-video-preview:-1\" \/>\n<link rel=\"canonical\" href=\"https:\/\/bitcoinvn.io\/shop-2\/vi\/product\/ledger-nano-x\/\" \/>\n<meta property=\"og:locale\" content=\"en_US\" \/>\n<meta property=\"og:type\" content=\"article\" \/>\n<meta property=\"og:title\" content=\"Ledger Nano X nh\u1eadp kh\u1ea9u full box, t\u1eb7ng 1h t\u01b0 v\u1ea5n b\u1ea3o m\u1eadt free!\" \/>\n<meta property=\"og:description\" content=\"Mua ngay Ledger Nano X nh\u1eadp kh\u1ea9u nguy\u00ean h\u1ed9p \u0111\u1ec3 nh\u1eadn \u0111\u01b0\u1ee3c 1 gi\u1edd t\u01b0 v\u1ea5n b\u1ea3o m\u1eadt mi\u1ec5n ph\u00ed t\u1ea1i BitcoinVN Shop v\u00e0 nh\u1eadn th\u00eam nhi\u1ec1u \u01b0u \u0111\u00e3i kh\u00e1c!\" \/>\n<meta property=\"og:url\" content=\"https:\/\/bitcoinvn.io\/shop-2\/vi\/product\/ledger-nano-x\/\" \/>\n<meta property=\"og:site_name\" content=\"BitcoinVN Shop\" \/>\n<meta property=\"article:publisher\" content=\"https:\/\/www.facebook.com\/BitcoinVNShop\/\" \/>\n<meta property=\"article:modified_time\" content=\"2025-11-14T11:03:16+00:00\" \/>\n<meta property=\"og:image\" content=\"https:\/\/bitcoinvn.io\/shop-2\/wp-content\/uploads\/2020\/06\/ledger-nano-X.jpg\" \/>\n\t<meta property=\"og:image:width\" content=\"1500\" \/>\n\t<meta property=\"og:image:height\" content=\"1500\" \/>\n\t<meta property=\"og:image:type\" content=\"image\/jpeg\" \/>\n<meta name=\"twitter:card\" content=\"summary_large_image\" \/>\n<meta name=\"twitter:site\" content=\"@bitcoinvnshop\" \/>\n<meta name=\"twitter:label1\" content=\"Est. reading time\" \/>\n\t<meta name=\"twitter:data1\" content=\"5 minutes\" \/>\n<script type=\"application\/ld+json\" class=\"yoast-schema-graph\">{\"@context\":\"https:\/\/schema.org\",\"@graph\":[{\"@type\":\"WebPage\",\"@id\":\"https:\/\/bitcoinvn.io\/shop-2\/vi\/product\/ledger-nano-x\/\",\"url\":\"https:\/\/bitcoinvn.io\/shop-2\/vi\/product\/ledger-nano-x\/\",\"name\":\"Ledger Nano X nh\u1eadp kh\u1ea9u full box, t\u1eb7ng 1h t\u01b0 v\u1ea5n b\u1ea3o m\u1eadt free!\",\"isPartOf\":{\"@id\":\"https:\/\/bitcoinvn.io\/shop-2\/#website\"},\"primaryImageOfPage\":{\"@id\":\"https:\/\/bitcoinvn.io\/shop-2\/vi\/product\/ledger-nano-x\/#primaryimage\"},\"image\":{\"@id\":\"https:\/\/bitcoinvn.io\/shop-2\/vi\/product\/ledger-nano-x\/#primaryimage\"},\"thumbnailUrl\":\"https:\/\/bitcoinvn.io\/shop-2\/wp-content\/uploads\/2020\/06\/ledger-nano-X.jpg\",\"datePublished\":\"2020-06-05T03:16:23+00:00\",\"dateModified\":\"2025-11-14T11:03:16+00:00\",\"description\":\"Mua ngay Ledger Nano X nh\u1eadp kh\u1ea9u nguy\u00ean h\u1ed9p \u0111\u1ec3 nh\u1eadn \u0111\u01b0\u1ee3c 1 gi\u1edd t\u01b0 v\u1ea5n b\u1ea3o m\u1eadt mi\u1ec5n ph\u00ed t\u1ea1i BitcoinVN Shop v\u00e0 nh\u1eadn th\u00eam nhi\u1ec1u \u01b0u \u0111\u00e3i kh\u00e1c!\",\"breadcrumb\":{\"@id\":\"https:\/\/bitcoinvn.io\/shop-2\/vi\/product\/ledger-nano-x\/#breadcrumb\"},\"inLanguage\":\"en-US\",\"potentialAction\":[{\"@type\":\"ReadAction\",\"target\":[\"https:\/\/bitcoinvn.io\/shop-2\/vi\/product\/ledger-nano-x\/\"]}]},{\"@type\":\"ImageObject\",\"inLanguage\":\"en-US\",\"@id\":\"https:\/\/bitcoinvn.io\/shop-2\/vi\/product\/ledger-nano-x\/#primaryimage\",\"url\":\"https:\/\/bitcoinvn.io\/shop-2\/wp-content\/uploads\/2020\/06\/ledger-nano-X.jpg\",\"contentUrl\":\"https:\/\/bitcoinvn.io\/shop-2\/wp-content\/uploads\/2020\/06\/ledger-nano-X.jpg\",\"width\":1500,\"height\":1500},{\"@type\":\"BreadcrumbList\",\"@id\":\"https:\/\/bitcoinvn.io\/shop-2\/vi\/product\/ledger-nano-x\/#breadcrumb\",\"itemListElement\":[{\"@type\":\"ListItem\",\"position\":1,\"name\":\"Home\",\"item\":\"https:\/\/bitcoinvn.io\/shop-2\/store\/\"},{\"@type\":\"ListItem\",\"position\":2,\"name\":\"Shop\",\"item\":\"https:\/\/bitcoinvn.io\/shop-2\/shop\/\"},{\"@type\":\"ListItem\",\"position\":3,\"name\":\"Ledger Nano X\"}]},{\"@type\":\"WebSite\",\"@id\":\"https:\/\/bitcoinvn.io\/shop-2\/#website\",\"url\":\"https:\/\/bitcoinvn.io\/shop-2\/\",\"name\":\"BitcoinVN Shop\",\"description\":\"Official Hardware Wallet Distributor in Vietnam\",\"publisher\":{\"@id\":\"https:\/\/bitcoinvn.io\/shop-2\/#organization\"},\"potentialAction\":[{\"@type\":\"SearchAction\",\"target\":{\"@type\":\"EntryPoint\",\"urlTemplate\":\"https:\/\/bitcoinvn.io\/shop-2\/?s={search_term_string}\"},\"query-input\":{\"@type\":\"PropertyValueSpecification\",\"valueRequired\":true,\"valueName\":\"search_term_string\"}}],\"inLanguage\":\"en-US\"},{\"@type\":\"Organization\",\"@id\":\"https:\/\/bitcoinvn.io\/shop-2\/#organization\",\"name\":\"BitcoinVN Shop\",\"url\":\"https:\/\/bitcoinvn.io\/shop-2\/\",\"logo\":{\"@type\":\"ImageObject\",\"inLanguage\":\"en-US\",\"@id\":\"https:\/\/bitcoinvn.io\/shop-2\/#\/schema\/logo\/image\/\",\"url\":\"https:\/\/bitcoinvn.io\/shop-2\/wp-content\/uploads\/2021\/03\/logo-bitcoinvn-shop.jpg\",\"contentUrl\":\"https:\/\/bitcoinvn.io\/shop-2\/wp-content\/uploads\/2021\/03\/logo-bitcoinvn-shop.jpg\",\"width\":1200,\"height\":675,\"caption\":\"BitcoinVN Shop\"},\"image\":{\"@id\":\"https:\/\/bitcoinvn.io\/shop-2\/#\/schema\/logo\/image\/\"},\"sameAs\":[\"https:\/\/www.facebook.com\/BitcoinVNShop\/\",\"https:\/\/x.com\/bitcoinvnshop\"]}]}<\/script>\n<!-- \/ Yoast SEO plugin. -->","yoast_head_json":{"title":"Ledger Nano X nh\u1eadp kh\u1ea9u full box, t\u1eb7ng 1h t\u01b0 v\u1ea5n b\u1ea3o m\u1eadt free!","description":"Mua ngay Ledger Nano X nh\u1eadp kh\u1ea9u nguy\u00ean h\u1ed9p \u0111\u1ec3 nh\u1eadn \u0111\u01b0\u1ee3c 1 gi\u1edd t\u01b0 v\u1ea5n b\u1ea3o m\u1eadt mi\u1ec5n ph\u00ed t\u1ea1i BitcoinVN Shop v\u00e0 nh\u1eadn th\u00eam nhi\u1ec1u \u01b0u \u0111\u00e3i kh\u00e1c!","robots":{"index":"index","follow":"follow","max-snippet":"max-snippet:-1","max-image-preview":"max-image-preview:large","max-video-preview":"max-video-preview:-1"},"canonical":"https:\/\/bitcoinvn.io\/shop-2\/vi\/product\/ledger-nano-x\/","og_locale":"en_US","og_type":"article","og_title":"Ledger Nano X nh\u1eadp kh\u1ea9u full box, t\u1eb7ng 1h t\u01b0 v\u1ea5n b\u1ea3o m\u1eadt free!","og_description":"Mua ngay Ledger Nano X nh\u1eadp kh\u1ea9u nguy\u00ean h\u1ed9p \u0111\u1ec3 nh\u1eadn \u0111\u01b0\u1ee3c 1 gi\u1edd t\u01b0 v\u1ea5n b\u1ea3o m\u1eadt mi\u1ec5n ph\u00ed t\u1ea1i BitcoinVN Shop v\u00e0 nh\u1eadn th\u00eam nhi\u1ec1u \u01b0u \u0111\u00e3i kh\u00e1c!","og_url":"https:\/\/bitcoinvn.io\/shop-2\/vi\/product\/ledger-nano-x\/","og_site_name":"BitcoinVN Shop","article_publisher":"https:\/\/www.facebook.com\/BitcoinVNShop\/","article_modified_time":"2025-11-14T11:03:16+00:00","og_image":[{"width":1500,"height":1500,"url":"https:\/\/bitcoinvn.io\/shop-2\/wp-content\/uploads\/2020\/06\/ledger-nano-X.jpg","type":"image\/jpeg"}],"twitter_card":"summary_large_image","twitter_site":"@bitcoinvnshop","twitter_misc":{"Est. reading time":"5 minutes"},"schema":{"@context":"https:\/\/schema.org","@graph":[{"@type":"WebPage","@id":"https:\/\/bitcoinvn.io\/shop-2\/vi\/product\/ledger-nano-x\/","url":"https:\/\/bitcoinvn.io\/shop-2\/vi\/product\/ledger-nano-x\/","name":"Ledger Nano X nh\u1eadp kh\u1ea9u full box, t\u1eb7ng 1h t\u01b0 v\u1ea5n b\u1ea3o m\u1eadt free!","isPartOf":{"@id":"https:\/\/bitcoinvn.io\/shop-2\/#website"},"primaryImageOfPage":{"@id":"https:\/\/bitcoinvn.io\/shop-2\/vi\/product\/ledger-nano-x\/#primaryimage"},"image":{"@id":"https:\/\/bitcoinvn.io\/shop-2\/vi\/product\/ledger-nano-x\/#primaryimage"},"thumbnailUrl":"https:\/\/bitcoinvn.io\/shop-2\/wp-content\/uploads\/2020\/06\/ledger-nano-X.jpg","datePublished":"2020-06-05T03:16:23+00:00","dateModified":"2025-11-14T11:03:16+00:00","description":"Mua ngay Ledger Nano X nh\u1eadp kh\u1ea9u nguy\u00ean h\u1ed9p \u0111\u1ec3 nh\u1eadn \u0111\u01b0\u1ee3c 1 gi\u1edd t\u01b0 v\u1ea5n b\u1ea3o m\u1eadt mi\u1ec5n ph\u00ed t\u1ea1i BitcoinVN Shop v\u00e0 nh\u1eadn th\u00eam nhi\u1ec1u \u01b0u \u0111\u00e3i kh\u00e1c!","breadcrumb":{"@id":"https:\/\/bitcoinvn.io\/shop-2\/vi\/product\/ledger-nano-x\/#breadcrumb"},"inLanguage":"en-US","potentialAction":[{"@type":"ReadAction","target":["https:\/\/bitcoinvn.io\/shop-2\/vi\/product\/ledger-nano-x\/"]}]},{"@type":"ImageObject","inLanguage":"en-US","@id":"https:\/\/bitcoinvn.io\/shop-2\/vi\/product\/ledger-nano-x\/#primaryimage","url":"https:\/\/bitcoinvn.io\/shop-2\/wp-content\/uploads\/2020\/06\/ledger-nano-X.jpg","contentUrl":"https:\/\/bitcoinvn.io\/shop-2\/wp-content\/uploads\/2020\/06\/ledger-nano-X.jpg","width":1500,"height":1500},{"@type":"BreadcrumbList","@id":"https:\/\/bitcoinvn.io\/shop-2\/vi\/product\/ledger-nano-x\/#breadcrumb","itemListElement":[{"@type":"ListItem","position":1,"name":"Home","item":"https:\/\/bitcoinvn.io\/shop-2\/store\/"},{"@type":"ListItem","position":2,"name":"Shop","item":"https:\/\/bitcoinvn.io\/shop-2\/shop\/"},{"@type":"ListItem","position":3,"name":"Ledger Nano X"}]},{"@type":"WebSite","@id":"https:\/\/bitcoinvn.io\/shop-2\/#website","url":"https:\/\/bitcoinvn.io\/shop-2\/","name":"BitcoinVN Shop","description":"Official Hardware Wallet Distributor in Vietnam","publisher":{"@id":"https:\/\/bitcoinvn.io\/shop-2\/#organization"},"potentialAction":[{"@type":"SearchAction","target":{"@type":"EntryPoint","urlTemplate":"https:\/\/bitcoinvn.io\/shop-2\/?s={search_term_string}"},"query-input":{"@type":"PropertyValueSpecification","valueRequired":true,"valueName":"search_term_string"}}],"inLanguage":"en-US"},{"@type":"Organization","@id":"https:\/\/bitcoinvn.io\/shop-2\/#organization","name":"BitcoinVN Shop","url":"https:\/\/bitcoinvn.io\/shop-2\/","logo":{"@type":"ImageObject","inLanguage":"en-US","@id":"https:\/\/bitcoinvn.io\/shop-2\/#\/schema\/logo\/image\/","url":"https:\/\/bitcoinvn.io\/shop-2\/wp-content\/uploads\/2021\/03\/logo-bitcoinvn-shop.jpg","contentUrl":"https:\/\/bitcoinvn.io\/shop-2\/wp-content\/uploads\/2021\/03\/logo-bitcoinvn-shop.jpg","width":1200,"height":675,"caption":"BitcoinVN Shop"},"image":{"@id":"https:\/\/bitcoinvn.io\/shop-2\/#\/schema\/logo\/image\/"},"sameAs":["https:\/\/www.facebook.com\/BitcoinVNShop\/","https:\/\/x.com\/bitcoinvnshop"]}]}},"lang":"vi","translations":{"vi":632,"en":129,"ja":6265,"ru":6809},"pll_sync_post":[],"_links":{"self":[{"href":"https:\/\/bitcoinvn.io\/shop-2\/wp-json\/wp\/v2\/product\/632","targetHints":{"allow":["GET"]}}],"collection":[{"href":"https:\/\/bitcoinvn.io\/shop-2\/wp-json\/wp\/v2\/product"}],"about":[{"href":"https:\/\/bitcoinvn.io\/shop-2\/wp-json\/wp\/v2\/types\/product"}],"replies":[{"embeddable":true,"href":"https:\/\/bitcoinvn.io\/shop-2\/wp-json\/wp\/v2\/comments?post=632"}],"wp:featuredmedia":[{"embeddable":true,"href":"https:\/\/bitcoinvn.io\/shop-2\/wp-json\/wp\/v2\/media\/5632"}],"wp:attachment":[{"href":"https:\/\/bitcoinvn.io\/shop-2\/wp-json\/wp\/v2\/media?parent=632"}],"wp:term":[{"taxonomy":"product_brand","embeddable":true,"href":"https:\/\/bitcoinvn.io\/shop-2\/wp-json\/wp\/v2\/product_brand?post=632"},{"taxonomy":"product_cat","embeddable":true,"href":"https:\/\/bitcoinvn.io\/shop-2\/wp-json\/wp\/v2\/product_cat?post=632"},{"taxonomy":"product_tag","embeddable":true,"href":"https:\/\/bitcoinvn.io\/shop-2\/wp-json\/wp\/v2\/product_tag?post=632"}],"curies":[{"name":"wp","href":"https:\/\/api.w.org\/{rel}","templated":true}]}}