{"id":6293,"date":"2025-03-24T08:34:17","date_gmt":"2025-03-24T01:34:17","guid":{"rendered":"https:\/\/bitcoinvn.io\/shop-2\/?post_type=product&#038;p=6293"},"modified":"2025-08-21T14:52:18","modified_gmt":"2025-08-21T07:52:18","slug":"coldcard-mk4","status":"publish","type":"product","link":"https:\/\/bitcoinvn.io\/shop-2\/ja\/product\/coldcard-mk4\/","title":{"rendered":"Coldcard Mk4 \u30cf\u30fc\u30c9\u30a6\u30a7\u30a2\u30a6\u30a9\u30ec\u30c3"},"content":{"rendered":"<p><b>\u8b66\u544a: \u3053\u306e\u30c7\u30d0\u30a4\u30b9\u306f\u30d3\u30c3\u30c8\u30b3\u30a4\u30f3\u5c02\u7528\u3067\u3059\u3002\u8cfc\u5165\u5f8c\u3001\u3042\u306a\u305f\u306e\u300c\u6bd2\u6027\u300d\u304c\u5897\u3059\u304b\u3082\u3057\u308c\u307e\u305b\u3093\u3002<\/b><\/p>\n<p><span style=\"font-weight: 400;\">\u4e00\u3064\u306e\u3053\u3068\u3092\u6975\u3081\u3001\u305d\u308c\u3092\u5b8c\u74a7\u306b\u3053\u306a\u3059\u3002<\/span><\/p>\n<p><span style=\"font-weight: 400;\">\u3053\u306e\u7cbe\u795e\u3067 Coldcard Mk4 \u30a6\u30a9\u30ec\u30c3\u30c8\u306f\u958b\u767a\u3055\u308c\u307e\u3057\u305f\u3002<\/span><\/p>\n<p><span style=\"font-weight: 400;\">Coldcard \u306e\u6240\u6709\u8005\u306f\u3001\u4f55\u3092\u624b\u306b\u3057\u3066\u3044\u308b\u306e\u304b\u3092\u77e5\u3063\u3066\u3044\u307e\u3059 \u2014\u2014 \u30af\u30e9\u30b9\u6700\u9ad8\u306e\u88fd\u54c1\u3067\u3059\u3002<\/span><\/p>\n<p><span style=\"font-weight: 400;\">\u3059\u3079\u3066\u306e\u8cfc\u5165\u306b\u306f\u3001\u30c7\u30d0\u30a4\u30b9\u306e\u30bb\u30c3\u30c8\u30a2\u30c3\u30d7\u3068\u30d0\u30c3\u30af\u30a2\u30c3\u30d7\u3092\u6b63\u3057\u304f\u884c\u3046\u305f\u3081\u306e\u30b5\u30a4\u30d0\u30fc\u30bb\u30ad\u30e5\u30ea\u30c6\u30a3\u30b3\u30f3\u30b5\u30eb\u30bf\u30f3\u30c8\u306b\u3088\u308b\u7121\u6599\u30b3\u30f3\u30b5\u30eb\u30c6\u30a3\u30f3\u30b0\u30bb\u30c3\u30b7\u30e7\u30f3\u304c\u4ed8\u5c5e\u3057\u3066\u3044\u307e\u3059\u3002<\/span><\/p>\n<p><b>\u8a73\u7d30\u60c5\u5831:<\/b><\/p>\n<p><span style=\"font-weight: 400;\">\u3053\u306e\u30a6\u30a9\u30ec\u30c3\u30c8\u306f\u3001\u3042\u306a\u305f\u306e\u30d3\u30c3\u30c8\u30b3\u30a4\u30f3\u3092\u5b8c\u5168\u306b\u7ba1\u7406\u3067\u304d\u308b\u3088\u3046\u306b\u8a2d\u8a08\u3055\u308c\u3066\u3044\u307e\u3059\u3002\u3064\u307e\u308a\u3001\u7b2c\u4e09\u8005\u304c\u8cc7\u91d1\u3092\u51cd\u7d50\u3057\u305f\u308a\u3001\u7d1b\u5931\u3057\u305f\u308a\u3059\u308b\u3053\u3068\u306f\u3042\u308a\u307e\u305b\u3093\u3002\u3057\u304b\u3057\u3001\u30a6\u30a9\u30ec\u30c3\u30c8\u306e\u30bb\u30ad\u30e5\u30ea\u30c6\u30a3\u3068\u30d0\u30c3\u30af\u30a2\u30c3\u30d7\u306f\u3001\u3042\u306a\u305f\u81ea\u8eab\u306e\u8cac\u4efb\u3068\u306a\u308a\u307e\u3059\u3002<\/span><\/p>\n<p><span style=\"font-weight: 400;\">Coldcard \u306f\u3001<\/span><a href=\"https:\/\/nunchuk.io\/\"><span style=\"font-weight: 400;\">Nunchuk<\/span><\/a><span style=\"font-weight: 400;\"> \u30c1\u30fc\u30e0\u306b\u3088\u3063\u3066\u63a1\u7528\u3055\u308c\u3001<\/span><a href=\"https:\/\/twitter.com\/hugohanoi\"><span style=\"font-weight: 400;\">Hugo Nguyen<\/span><\/a><span style=\"font-weight: 400;\">\uff08\u30d9\u30c8\u30ca\u30e0\u521d\u306e\u30d3\u30c3\u30c8\u30b3\u30a4\u30f3\u30d7\u30ed\u30c8\u30b3\u30eb\u8ca2\u732e\u8005\u3068\u3057\u3066\u77e5\u3089\u308c\u308b\uff09\u306e\u3082\u3068\u3067\u7d71\u5408\u3055\u308c\u3066\u3044\u307e\u3059\u3002<\/span><\/p>\n<p><span style=\"font-weight: 400;\">Coldcard \u306f\u3001\u4f7f\u3044\u3084\u3059\u304f\u3001\u8d85\u9ad8\u30bb\u30ad\u30e5\u30ea\u30c6\u30a3\u3067\u3001\u30aa\u30fc\u30d7\u30f3\u30bd\u30fc\u30b9\u304b\u3064\u624b\u9803\u306a\u4fa1\u683c\u306e\u30cf\u30fc\u30c9\u30a6\u30a7\u30a2\u30a6\u30a9\u30ec\u30c3\u30c8\u3067\u3059\u3002\u6697\u53f7\u5316\u3055\u308c\u305f microSD \u30ab\u30fc\u30c9\u3092\u4f7f\u7528\u3057\u3066\u7c21\u5358\u306b\u30d0\u30c3\u30af\u30a2\u30c3\u30d7\u3067\u304d\u307e\u3059\u3002\u30d7\u30e9\u30a4\u30d9\u30fc\u30c8\u30ad\u30fc\u306f\u5c02\u7528\u306e\u30bb\u30ad\u30e5\u30ea\u30c6\u30a3\u30c1\u30c3\u30d7\u306b\u4fdd\u5b58\u3055\u308c\u307e\u3059\u3002<\/span><\/p>\n<p><span style=\"font-weight: 400;\">\u3053\u306e\u30a6\u30a9\u30ec\u30c3\u30c8\u306f\u3001\u30c7\u30d0\u30a4\u30b9\u304c\u63d0\u4f9b\u3059\u308b\u5b89\u5168\u306a\u5c02\u7528\u74b0\u5883\u304b\u3089\u8aad\u307f\u8fbc\u307e\u308c\u307e\u3059\u3002\u3053\u306e\u305f\u3081\u3001\u30b3\u30f3\u30d4\u30e5\u30fc\u30bf\u30fc\u306e\u8106\u5f31\u6027\u3084\u30de\u30eb\u30a6\u30a7\u30a2\u306b\u5bfe\u3057\u3066\u975e\u5e38\u306b\u5f37\u529b\u306a\u4fdd\u8b77\u3092\u63d0\u4f9b\u3057\u3001\u3053\u306e\u74b0\u5883\u306b\u30bd\u30d5\u30c8\u30a6\u30a7\u30a2\u3092\u30a4\u30f3\u30b9\u30c8\u30fc\u30eb\u3059\u308b\u3053\u3068\u306f\u3067\u304d\u307e\u305b\u3093\u3002<\/span><\/p>\n<p><span style=\"font-weight: 400;\">\u30aa\u30ea\u30b8\u30ca\u30eb\u306e Coldcard Mk4 \u30cf\u30fc\u30c9\u30a6\u30a7\u30a2\u30a6\u30a9\u30ec\u30c3\u30c8 \u2014\u2014 \u30ab\u30ca\u30c0\u306e\u30b5\u30a4\u30d5\u30a1\u30fc\u30d1\u30f3\u30af\u5fd7\u5411\u306e\u30d3\u30c3\u30c8\u30b3\u30a4\u30f3 OG \u4f01\u696d Coinkite \u304b\u3089\u306e\u6b63\u898f\u8f38\u5165\u54c1\u3002<\/span><\/p>\n<p><i><span style=\"font-weight: 400;\">\u30d9\u30c8\u30ca\u30e0\u5168\u571f\u3078\u8fc5\u901f\u914d\u9001 \u2013 \u30db\u30fc\u30c1\u30df\u30f3\u5e02\u5185\u306f\u9001\u6599\u7121\u6599\uff01<\/span><\/i><\/p>\n","protected":false},"excerpt":{"rendered":"<p>Coldcard Mk4 \u306f\u3001Coinkite \u306b\u3088\u308b\u6700\u65b0\u306e\u30d3\u30c3\u30c8\u30b3\u30a4\u30f3 \u30cf\u30fc\u30c9\u30a6\u30a7\u30a2\u30a6\u30a9\u30ec\u30c3\u30c8\u3067\u3042\u308a\u3001Coldcard Mk3 \u3092\u57fa\u306b\u6539\u826f\u3055\u308c\u3066\u3044\u307e\u3059\u3002<\/p>\n<p>\u4e3b\u306a\u65b0\u6a5f\u80fd:<\/p>\n<ul>\n<li>USB-C \u30b3\u30cd\u30af\u30bf<\/li>\n<li>\u30d3\u30c3\u30c8\u30b3\u30a4\u30f3\u53d6\u5f15\u306e\u30b5\u30a4\u30ba\u5236\u9650\u306a\u3057<\/li>\n<li>\u8ffd\u52a0\u306e\u30bb\u30ad\u30e5\u30ea\u30c6\u30a3\u6a5f\u80fd\u306b\u3088\u308b\u5f37\u5316\u3055\u308c\u305f\u5b89\u5168\u6027<\/li>\n<li>NFC \u7d71\u5408\u3001\u30b9\u30e9\u30a4\u30c9\u30ab\u30d0\u30fc\u3001USB \u4eee\u60f3\u30c7\u30a3\u30b9\u30af\u30e2\u30fc\u30c9<\/li>\n<li>\u30aa\u30d7\u30b7\u30e7\u30f3\u306e\u62e1\u5f35 PIN \u30b3\u30fc\u30c9<\/li>\n<\/ul>\n<p>BitcoinVN Shop \u3067\u8cfc\u5165\u3059\u308b\u3068\u3001<a href=\"https:\/\/bitcoinvn.io\/shop-2\/free-consulting-session\/\">\u30cd\u30c3\u30c8\u30ef\u30fc\u30af\u30bb\u30ad\u30e5\u30ea\u30c6\u30a3\u304a\u3088\u3073\u30cf\u30fc\u30c9\u30a6\u30a7\u30a2\u30a6\u30a9\u30ec\u30c3\u30c8\u306e\u30bb\u30c3\u30c8\u30a2\u30c3\u30d7\u306b\u95a2\u3059\u308b\u7121\u6599\u30b3\u30f3\u30b5\u30eb\u30c6\u30a3\u30f3\u30b0<\/a> \u3092\u53d7\u3051\u308b\u3053\u3068\u304c\u3067\u304d\u307e\u3059\u3002<\/p>\n<hr \/>\n<p><em>\u30d9\u30c8\u30ca\u30e0\u306b\u304a\u4f4f\u307e\u3044\u3067\u306f\u3042\u308a\u307e\u305b\u3093\u304b\uff1f<\/em><\/p>\n<p><em><strong><a href=\"https:\/\/store.coinkite.com\/promo\/4E790E123AB1EA5ECAAB\" target=\"_blank\" rel=\"noopener\">Coinkite \u30b9\u30c8\u30a2<\/a><\/strong> \u304b\u3089\u76f4\u63a5\u6ce8\u6587\u3067\u304d\u307e\u3059\u3002<\/em><\/p>\n","protected":false},"featured_media":6591,"comment_status":"open","ping_status":"closed","template":"","meta":[],"product_brand":[],"product_cat":[636,614],"product_tag":[],"class_list":{"0":"post-6293","1":"product","2":"type-product","3":"status-publish","4":"has-post-thumbnail","6":"product_cat-coinkite","7":"product_cat-hardware-wallets","9":"first","10":"instock","11":"taxable","12":"shipping-taxable","13":"purchasable","14":"product-type-variable"},"yoast_head":"<!-- This site is optimized with the Yoast SEO plugin v27.2 - https:\/\/yoast.com\/product\/yoast-seo-wordpress\/ -->\n<title>Coldcard Mk4 \u30cf\u30fc\u30c9\u30a6\u30a7\u30a2\u30a6\u30a9\u30ec\u30c3 - BitcoinVN Shop<\/title>\n<meta name=\"description\" content=\"V\u00ed c\u1ee9ng Coldcard Mk4 ch\u00ednh h\u00e3ng, gi\u00e1 t\u1ed1t \u0111\u00e3 c\u00f3 t\u1ea1i BitcoinVN Shop - shop ph\u1ee5 ki\u1ec7n crypto ch\u00ednh h\u00e3ng t\u1ea1i Vi\u1ec7t Nam. T\u1eb7ng 1h t\u01b0 v\u1ea5n b\u1ea3o m\u1eadt mi\u1ec5n ph\u00ed. Mua ngay!\" \/>\n<meta name=\"robots\" content=\"index, follow, max-snippet:-1, max-image-preview:large, max-video-preview:-1\" \/>\n<link rel=\"canonical\" href=\"https:\/\/bitcoinvn.io\/shop-2\/ja\/product\/coldcard-mk4\/\" \/>\n<meta property=\"og:locale\" content=\"en_US\" \/>\n<meta property=\"og:type\" content=\"article\" \/>\n<meta property=\"og:title\" content=\"Coldcard Mk4 \u30cf\u30fc\u30c9\u30a6\u30a7\u30a2\u30a6\u30a9\u30ec\u30c3 - BitcoinVN Shop\" \/>\n<meta property=\"og:description\" content=\"V\u00ed c\u1ee9ng Coldcard Mk4 ch\u00ednh h\u00e3ng, gi\u00e1 t\u1ed1t \u0111\u00e3 c\u00f3 t\u1ea1i BitcoinVN Shop - shop ph\u1ee5 ki\u1ec7n crypto ch\u00ednh h\u00e3ng t\u1ea1i Vi\u1ec7t Nam. T\u1eb7ng 1h t\u01b0 v\u1ea5n b\u1ea3o m\u1eadt mi\u1ec5n ph\u00ed. Mua ngay!\" \/>\n<meta property=\"og:url\" content=\"https:\/\/bitcoinvn.io\/shop-2\/ja\/product\/coldcard-mk4\/\" \/>\n<meta property=\"og:site_name\" content=\"BitcoinVN Shop\" \/>\n<meta property=\"article:publisher\" content=\"https:\/\/www.facebook.com\/BitcoinVNShop\/\" \/>\n<meta property=\"article:modified_time\" content=\"2025-08-21T07:52:18+00:00\" \/>\n<meta property=\"og:image\" content=\"https:\/\/bitcoinvn.io\/shop-2\/wp-content\/uploads\/2024\/06\/Coldcard-Mk4.jpg\" \/>\n\t<meta property=\"og:image:width\" content=\"1500\" \/>\n\t<meta property=\"og:image:height\" content=\"1500\" \/>\n\t<meta property=\"og:image:type\" content=\"image\/jpeg\" \/>\n<meta name=\"twitter:card\" content=\"summary_large_image\" \/>\n<meta name=\"twitter:site\" content=\"@bitcoinvnshop\" \/>\n<meta name=\"twitter:label1\" content=\"Est. reading time\" \/>\n\t<meta name=\"twitter:data1\" content=\"1 minute\" \/>\n<script type=\"application\/ld+json\" class=\"yoast-schema-graph\">{\"@context\":\"https:\/\/schema.org\",\"@graph\":[{\"@type\":\"WebPage\",\"@id\":\"https:\/\/bitcoinvn.io\/shop-2\/ja\/product\/coldcard-mk4\/\",\"url\":\"https:\/\/bitcoinvn.io\/shop-2\/ja\/product\/coldcard-mk4\/\",\"name\":\"Coldcard Mk4 \u30cf\u30fc\u30c9\u30a6\u30a7\u30a2\u30a6\u30a9\u30ec\u30c3 - BitcoinVN Shop\",\"isPartOf\":{\"@id\":\"https:\/\/bitcoinvn.io\/shop-2\/#website\"},\"primaryImageOfPage\":{\"@id\":\"https:\/\/bitcoinvn.io\/shop-2\/ja\/product\/coldcard-mk4\/#primaryimage\"},\"image\":{\"@id\":\"https:\/\/bitcoinvn.io\/shop-2\/ja\/product\/coldcard-mk4\/#primaryimage\"},\"thumbnailUrl\":\"https:\/\/bitcoinvn.io\/shop-2\/wp-content\/uploads\/2024\/06\/Coldcard-Mk4.jpg\",\"datePublished\":\"2025-03-24T01:34:17+00:00\",\"dateModified\":\"2025-08-21T07:52:18+00:00\",\"description\":\"V\u00ed c\u1ee9ng Coldcard Mk4 ch\u00ednh h\u00e3ng, gi\u00e1 t\u1ed1t \u0111\u00e3 c\u00f3 t\u1ea1i BitcoinVN Shop - shop ph\u1ee5 ki\u1ec7n crypto ch\u00ednh h\u00e3ng t\u1ea1i Vi\u1ec7t Nam. T\u1eb7ng 1h t\u01b0 v\u1ea5n b\u1ea3o m\u1eadt mi\u1ec5n ph\u00ed. Mua ngay!\",\"breadcrumb\":{\"@id\":\"https:\/\/bitcoinvn.io\/shop-2\/ja\/product\/coldcard-mk4\/#breadcrumb\"},\"inLanguage\":\"en-US\",\"potentialAction\":[{\"@type\":\"ReadAction\",\"target\":[\"https:\/\/bitcoinvn.io\/shop-2\/ja\/product\/coldcard-mk4\/\"]}]},{\"@type\":\"ImageObject\",\"inLanguage\":\"en-US\",\"@id\":\"https:\/\/bitcoinvn.io\/shop-2\/ja\/product\/coldcard-mk4\/#primaryimage\",\"url\":\"https:\/\/bitcoinvn.io\/shop-2\/wp-content\/uploads\/2024\/06\/Coldcard-Mk4.jpg\",\"contentUrl\":\"https:\/\/bitcoinvn.io\/shop-2\/wp-content\/uploads\/2024\/06\/Coldcard-Mk4.jpg\",\"width\":1500,\"height\":1500},{\"@type\":\"BreadcrumbList\",\"@id\":\"https:\/\/bitcoinvn.io\/shop-2\/ja\/product\/coldcard-mk4\/#breadcrumb\",\"itemListElement\":[{\"@type\":\"ListItem\",\"position\":1,\"name\":\"Home\",\"item\":\"https:\/\/bitcoinvn.io\/shop-2\/store\/\"},{\"@type\":\"ListItem\",\"position\":2,\"name\":\"Shop\",\"item\":\"https:\/\/bitcoinvn.io\/shop-2\/shop\/\"},{\"@type\":\"ListItem\",\"position\":3,\"name\":\"Coldcard Mk4 \u30cf\u30fc\u30c9\u30a6\u30a7\u30a2\u30a6\u30a9\u30ec\u30c3\"}]},{\"@type\":\"WebSite\",\"@id\":\"https:\/\/bitcoinvn.io\/shop-2\/#website\",\"url\":\"https:\/\/bitcoinvn.io\/shop-2\/\",\"name\":\"BitcoinVN Shop\",\"description\":\"Official Hardware Wallet Distributor in Vietnam\",\"publisher\":{\"@id\":\"https:\/\/bitcoinvn.io\/shop-2\/#organization\"},\"potentialAction\":[{\"@type\":\"SearchAction\",\"target\":{\"@type\":\"EntryPoint\",\"urlTemplate\":\"https:\/\/bitcoinvn.io\/shop-2\/?s={search_term_string}\"},\"query-input\":{\"@type\":\"PropertyValueSpecification\",\"valueRequired\":true,\"valueName\":\"search_term_string\"}}],\"inLanguage\":\"en-US\"},{\"@type\":\"Organization\",\"@id\":\"https:\/\/bitcoinvn.io\/shop-2\/#organization\",\"name\":\"BitcoinVN Shop\",\"url\":\"https:\/\/bitcoinvn.io\/shop-2\/\",\"logo\":{\"@type\":\"ImageObject\",\"inLanguage\":\"en-US\",\"@id\":\"https:\/\/bitcoinvn.io\/shop-2\/#\/schema\/logo\/image\/\",\"url\":\"https:\/\/bitcoinvn.io\/shop-2\/wp-content\/uploads\/2021\/03\/logo-bitcoinvn-shop.jpg\",\"contentUrl\":\"https:\/\/bitcoinvn.io\/shop-2\/wp-content\/uploads\/2021\/03\/logo-bitcoinvn-shop.jpg\",\"width\":1200,\"height\":675,\"caption\":\"BitcoinVN Shop\"},\"image\":{\"@id\":\"https:\/\/bitcoinvn.io\/shop-2\/#\/schema\/logo\/image\/\"},\"sameAs\":[\"https:\/\/www.facebook.com\/BitcoinVNShop\/\",\"https:\/\/x.com\/bitcoinvnshop\"]}]}<\/script>\n<!-- \/ Yoast SEO plugin. -->","yoast_head_json":{"title":"Coldcard Mk4 \u30cf\u30fc\u30c9\u30a6\u30a7\u30a2\u30a6\u30a9\u30ec\u30c3 - BitcoinVN Shop","description":"V\u00ed c\u1ee9ng Coldcard Mk4 ch\u00ednh h\u00e3ng, gi\u00e1 t\u1ed1t \u0111\u00e3 c\u00f3 t\u1ea1i BitcoinVN Shop - shop ph\u1ee5 ki\u1ec7n crypto ch\u00ednh h\u00e3ng t\u1ea1i Vi\u1ec7t Nam. T\u1eb7ng 1h t\u01b0 v\u1ea5n b\u1ea3o m\u1eadt mi\u1ec5n ph\u00ed. Mua ngay!","robots":{"index":"index","follow":"follow","max-snippet":"max-snippet:-1","max-image-preview":"max-image-preview:large","max-video-preview":"max-video-preview:-1"},"canonical":"https:\/\/bitcoinvn.io\/shop-2\/ja\/product\/coldcard-mk4\/","og_locale":"en_US","og_type":"article","og_title":"Coldcard Mk4 \u30cf\u30fc\u30c9\u30a6\u30a7\u30a2\u30a6\u30a9\u30ec\u30c3 - BitcoinVN Shop","og_description":"V\u00ed c\u1ee9ng Coldcard Mk4 ch\u00ednh h\u00e3ng, gi\u00e1 t\u1ed1t \u0111\u00e3 c\u00f3 t\u1ea1i BitcoinVN Shop - shop ph\u1ee5 ki\u1ec7n crypto ch\u00ednh h\u00e3ng t\u1ea1i Vi\u1ec7t Nam. T\u1eb7ng 1h t\u01b0 v\u1ea5n b\u1ea3o m\u1eadt mi\u1ec5n ph\u00ed. Mua ngay!","og_url":"https:\/\/bitcoinvn.io\/shop-2\/ja\/product\/coldcard-mk4\/","og_site_name":"BitcoinVN Shop","article_publisher":"https:\/\/www.facebook.com\/BitcoinVNShop\/","article_modified_time":"2025-08-21T07:52:18+00:00","og_image":[{"width":1500,"height":1500,"url":"https:\/\/bitcoinvn.io\/shop-2\/wp-content\/uploads\/2024\/06\/Coldcard-Mk4.jpg","type":"image\/jpeg"}],"twitter_card":"summary_large_image","twitter_site":"@bitcoinvnshop","twitter_misc":{"Est. reading time":"1 minute"},"schema":{"@context":"https:\/\/schema.org","@graph":[{"@type":"WebPage","@id":"https:\/\/bitcoinvn.io\/shop-2\/ja\/product\/coldcard-mk4\/","url":"https:\/\/bitcoinvn.io\/shop-2\/ja\/product\/coldcard-mk4\/","name":"Coldcard Mk4 \u30cf\u30fc\u30c9\u30a6\u30a7\u30a2\u30a6\u30a9\u30ec\u30c3 - BitcoinVN Shop","isPartOf":{"@id":"https:\/\/bitcoinvn.io\/shop-2\/#website"},"primaryImageOfPage":{"@id":"https:\/\/bitcoinvn.io\/shop-2\/ja\/product\/coldcard-mk4\/#primaryimage"},"image":{"@id":"https:\/\/bitcoinvn.io\/shop-2\/ja\/product\/coldcard-mk4\/#primaryimage"},"thumbnailUrl":"https:\/\/bitcoinvn.io\/shop-2\/wp-content\/uploads\/2024\/06\/Coldcard-Mk4.jpg","datePublished":"2025-03-24T01:34:17+00:00","dateModified":"2025-08-21T07:52:18+00:00","description":"V\u00ed c\u1ee9ng Coldcard Mk4 ch\u00ednh h\u00e3ng, gi\u00e1 t\u1ed1t \u0111\u00e3 c\u00f3 t\u1ea1i BitcoinVN Shop - shop ph\u1ee5 ki\u1ec7n crypto ch\u00ednh h\u00e3ng t\u1ea1i Vi\u1ec7t Nam. T\u1eb7ng 1h t\u01b0 v\u1ea5n b\u1ea3o m\u1eadt mi\u1ec5n ph\u00ed. Mua ngay!","breadcrumb":{"@id":"https:\/\/bitcoinvn.io\/shop-2\/ja\/product\/coldcard-mk4\/#breadcrumb"},"inLanguage":"en-US","potentialAction":[{"@type":"ReadAction","target":["https:\/\/bitcoinvn.io\/shop-2\/ja\/product\/coldcard-mk4\/"]}]},{"@type":"ImageObject","inLanguage":"en-US","@id":"https:\/\/bitcoinvn.io\/shop-2\/ja\/product\/coldcard-mk4\/#primaryimage","url":"https:\/\/bitcoinvn.io\/shop-2\/wp-content\/uploads\/2024\/06\/Coldcard-Mk4.jpg","contentUrl":"https:\/\/bitcoinvn.io\/shop-2\/wp-content\/uploads\/2024\/06\/Coldcard-Mk4.jpg","width":1500,"height":1500},{"@type":"BreadcrumbList","@id":"https:\/\/bitcoinvn.io\/shop-2\/ja\/product\/coldcard-mk4\/#breadcrumb","itemListElement":[{"@type":"ListItem","position":1,"name":"Home","item":"https:\/\/bitcoinvn.io\/shop-2\/store\/"},{"@type":"ListItem","position":2,"name":"Shop","item":"https:\/\/bitcoinvn.io\/shop-2\/shop\/"},{"@type":"ListItem","position":3,"name":"Coldcard Mk4 \u30cf\u30fc\u30c9\u30a6\u30a7\u30a2\u30a6\u30a9\u30ec\u30c3"}]},{"@type":"WebSite","@id":"https:\/\/bitcoinvn.io\/shop-2\/#website","url":"https:\/\/bitcoinvn.io\/shop-2\/","name":"BitcoinVN Shop","description":"Official Hardware Wallet Distributor in Vietnam","publisher":{"@id":"https:\/\/bitcoinvn.io\/shop-2\/#organization"},"potentialAction":[{"@type":"SearchAction","target":{"@type":"EntryPoint","urlTemplate":"https:\/\/bitcoinvn.io\/shop-2\/?s={search_term_string}"},"query-input":{"@type":"PropertyValueSpecification","valueRequired":true,"valueName":"search_term_string"}}],"inLanguage":"en-US"},{"@type":"Organization","@id":"https:\/\/bitcoinvn.io\/shop-2\/#organization","name":"BitcoinVN Shop","url":"https:\/\/bitcoinvn.io\/shop-2\/","logo":{"@type":"ImageObject","inLanguage":"en-US","@id":"https:\/\/bitcoinvn.io\/shop-2\/#\/schema\/logo\/image\/","url":"https:\/\/bitcoinvn.io\/shop-2\/wp-content\/uploads\/2021\/03\/logo-bitcoinvn-shop.jpg","contentUrl":"https:\/\/bitcoinvn.io\/shop-2\/wp-content\/uploads\/2021\/03\/logo-bitcoinvn-shop.jpg","width":1200,"height":675,"caption":"BitcoinVN Shop"},"image":{"@id":"https:\/\/bitcoinvn.io\/shop-2\/#\/schema\/logo\/image\/"},"sameAs":["https:\/\/www.facebook.com\/BitcoinVNShop\/","https:\/\/x.com\/bitcoinvnshop"]}]}},"lang":"ja","translations":{"ja":6293,"en":3972,"vi":3973},"pll_sync_post":[],"_links":{"self":[{"href":"https:\/\/bitcoinvn.io\/shop-2\/wp-json\/wp\/v2\/product\/6293","targetHints":{"allow":["GET"]}}],"collection":[{"href":"https:\/\/bitcoinvn.io\/shop-2\/wp-json\/wp\/v2\/product"}],"about":[{"href":"https:\/\/bitcoinvn.io\/shop-2\/wp-json\/wp\/v2\/types\/product"}],"replies":[{"embeddable":true,"href":"https:\/\/bitcoinvn.io\/shop-2\/wp-json\/wp\/v2\/comments?post=6293"}],"wp:featuredmedia":[{"embeddable":true,"href":"https:\/\/bitcoinvn.io\/shop-2\/wp-json\/wp\/v2\/media\/6591"}],"wp:attachment":[{"href":"https:\/\/bitcoinvn.io\/shop-2\/wp-json\/wp\/v2\/media?parent=6293"}],"wp:term":[{"taxonomy":"product_brand","embeddable":true,"href":"https:\/\/bitcoinvn.io\/shop-2\/wp-json\/wp\/v2\/product_brand?post=6293"},{"taxonomy":"product_cat","embeddable":true,"href":"https:\/\/bitcoinvn.io\/shop-2\/wp-json\/wp\/v2\/product_cat?post=6293"},{"taxonomy":"product_tag","embeddable":true,"href":"https:\/\/bitcoinvn.io\/shop-2\/wp-json\/wp\/v2\/product_tag?post=6293"}],"curies":[{"name":"wp","href":"https:\/\/api.w.org\/{rel}","templated":true}]}}