{"id":6260,"date":"2025-03-23T08:37:24","date_gmt":"2025-03-23T01:37:24","guid":{"rendered":"https:\/\/bitcoinvn.io\/shop-2\/?post_type=product&#038;p=6260"},"modified":"2025-06-11T07:42:21","modified_gmt":"2025-06-11T00:42:21","slug":"trezor-one","status":"publish","type":"product","link":"https:\/\/bitcoinvn.io\/shop-2\/ja\/product\/trezor-one\/","title":{"rendered":"Trezor One \u30cf\u30fc\u30c9\u30a6\u30a9\u30ec\u30c3\u30c8"},"content":{"rendered":"<p class=\"\" data-start=\"81\" data-end=\"103\">Trezor One \u30a6\u30a9\u30ec\u30c3\u30c8<\/p>\n<ul data-start=\"105\" data-end=\"182\">\n<li class=\"\" data-start=\"105\" data-end=\"147\">\n<p class=\"\" data-start=\"107\" data-end=\"147\">\u5bf8\u6cd5 (\u3059\u3093\u307d\u3046, sunp\u014d): 8.1 \u00d7 1 \u00d7 8.4 cm<\/p>\n<\/li>\n<li class=\"\" data-start=\"148\" data-end=\"182\">\n<p class=\"\" data-start=\"150\" data-end=\"182\">\u91cd\u91cf (\u3058\u3085\u3046\u308a\u3087\u3046, j\u016bry\u014d): 13.6 g<\/p>\n<\/li>\n<\/ul>\n","protected":false},"excerpt":{"rendered":"<p id=\"title\" class=\"a-size-large a-spacing-none\"><span id=\"productTitle\" class=\"a-size-large\">\u6700\u3082\u4fe1\u983c\u3055\u308c\u3066\u3044\u308b\u30b3\u30fc\u30eb\u30c9\u30b9\u30c8\u30ec\u30fc\u30b8\u3067\u3001Bitcoin\u3001Ethereum\u3001ERC20\u3001\u305d\u306e\u4ed6\u591a\u304f\u306e\u30b3\u30a4\u30f3\u3092\u5b89\u5168\u306b\u4fdd\u7ba1\u3067\u304d\u307e\u3059\u3002<\/span><\/p>\n<p><strong><a href=\"https:\/\/trezor.io\/coins\/\">\u3053\u306e\u30c7\u30d0\u30a4\u30b9\u3067\u5bfe\u5fdc\u3057\u3066\u3044\u308b\u30b3\u30a4\u30f3\/\u30c8\u30fc\u30af\u30f3\u306e\u5168\u30ea\u30b9\u30c8\u306f\u3053\u3061\u3089\u3002<\/a><\/strong><\/p>\n<p>Windows\u3001macOS\u3001Linux\u306b\u5bfe\u5fdc\u3002Trezor\u306f\u3001\u30c7\u30b8\u30bf\u30eb\u8cc7\u7523\u3092\u5b89\u5168\u306b\u4fdd\u8b77\u3059\u308b\u305f\u3081\u306e\u6700\u65b0\u306e\u6697\u53f7\u6280\u8853\u3092\u6d3b\u7528\u3067\u304d\u308b\u3059\u3079\u3066\u3092\u63d0\u4f9b\u3057\u307e\u3059\u3002\u660e\u78ba\u306a\u8aac\u660e\u66f8\u3068USB\u30b1\u30fc\u30d6\u30eb\u304c\u4ed8\u5c5e\u3057\u3066\u304a\u308a\u3001\u3059\u3050\u306b\u63a5\u7d9a\u3057\u3066\u4f7f\u7528\u3067\u304d\u307e\u3059\u3002\u4eee\u60f3\u901a\u8ca8\u3092\u4f7f\u7528\u3059\u308b\u969b\u306b\u5fc5\u8981\u306a\u3001\u624b\u9803\u306a\u4fa1\u683c\u306e\u4fdd\u8b77\u30bd\u30ea\u30e5\u30fc\u30b7\u30e7\u30f3\u3067\u3059\u3002<\/p>\n<p>\u30cf\u30c3\u30ab\u30fc\u3084\u30de\u30eb\u30a6\u30a7\u30a2\u306b\u3088\u308b\u8cc7\u7523\u306e\u4e0d\u6b63\u30a2\u30af\u30bb\u30b9\u3092\u5fc3\u914d\u305b\u305a\u306b\u3001\u5b89\u5168\u306a\u4eee\u60f3\u901a\u8ca8\u53d6\u5f15\u3092\u884c\u3048\u307e\u3059\u3002\u4eee\u60f3\u901a\u8ca8\u8cc7\u7523\u306e\u79d8\u5bc6\u9375\u306f\u30c7\u30d0\u30a4\u30b9\u304b\u3089\u6c7a\u3057\u3066\u96e2\u308c\u307e\u305b\u3093\u3002<\/p>\n<p>\u4e0d\u6b63\u30a2\u30af\u30bb\u30b9\u306b\u3088\u308b\u30c8\u30e9\u30d6\u30eb\u3084\u9577\u6642\u9593\u306e\u5fa9\u65e7\u4f5c\u696d\u306e\u60a9\u307f\u3092\u89e3\u6d88\u3057\u307e\u3059\u3002\u30cf\u30fc\u30c9\u30a6\u30a7\u30a2\u30a6\u30a9\u30ec\u30c3\u30c8\u306f\u3001\u5b89\u5168\u306a\u30aa\u30d5\u30e9\u30a4\u30f3\u74b0\u5883\u3092\u4f5c\u6210\u3057\u3001\u30a4\u30f3\u30bf\u30fc\u30cd\u30c3\u30c8\u3068\u305d\u306e\u8105\u5a01\u304b\u3089\u5b8c\u5168\u306b\u9694\u96e2\u3055\u308c\u307e\u3059\u3002Trezor\u306e\u753b\u9762\u3092\u4f7f\u7528\u3057\u3066\u3001\u3059\u3079\u3066\u306e\u64cd\u4f5c\u3092\u8996\u899a\u7684\u306b\u78ba\u8a8d\u3057\u3001\u624b\u52d5\u3067\u627f\u8a8d\u3067\u304d\u307e\u3059\u3002<\/p>\n<p><a href=\"https:\/\/news.bitcoinvn.io\/bitcoinvn-shop-official-reseller-trezor-vietnam\/\"><em><strong>BitcoinVN Shop\u306f\u3001Trezor\u88fd\u54c1\u306e\u30d9\u30c8\u30ca\u30e0\u6b63\u898f\u8f38\u5165\u8ca9\u58f2\u4ee3\u7406\u5e97\u3067\u3059\u3002<\/strong><\/em><\/a><\/p>\n<hr \/>\n<p><em>\u30d9\u30c8\u30ca\u30e0\u56fd\u5916\u306b\u304a\u4f4f\u307e\u3044\u306e\u65b9\u3078<\/em><\/p>\n<p><em>\u76f4\u63a5 <strong><a href=\"https:\/\/affil.trezor.io\/aff_c?offer_id=135&amp;aff_id=34273\">Trezor\u516c\u5f0f\u30b9\u30c8\u30a2<\/a><\/strong> \u304b\u3089\u3054\u6ce8\u6587\u3044\u305f\u3060\u3051\u307e\u3059\u3002<\/em><\/p>\n","protected":false},"featured_media":6623,"comment_status":"open","ping_status":"closed","template":"","meta":[],"product_brand":[],"product_cat":[616,614],"product_tag":[],"class_list":{"0":"post-6260","1":"product","2":"type-product","3":"status-publish","4":"has-post-thumbnail","6":"product_cat-trezor","7":"product_cat-hardware-wallets","9":"first","10":"instock","11":"sale","12":"taxable","13":"shipping-taxable","14":"purchasable","15":"product-type-simple"},"yoast_head":"<!-- This site is optimized with the Yoast SEO plugin v27.2 - https:\/\/yoast.com\/product\/yoast-seo-wordpress\/ -->\n<title>High-security Trezor One cold wallet, great price, official - BitcoinVN Shop<\/title>\n<meta name=\"description\" content=\"Protect your digital assets with the official Trezor One cold wallet at an excellent price. Order now to get a free security consultation!\" \/>\n<meta name=\"robots\" content=\"index, follow, max-snippet:-1, max-image-preview:large, max-video-preview:-1\" \/>\n<link rel=\"canonical\" href=\"https:\/\/bitcoinvn.io\/shop-2\/ja\/product\/trezor-one\/\" \/>\n<meta property=\"og:locale\" content=\"en_US\" \/>\n<meta property=\"og:type\" content=\"article\" \/>\n<meta property=\"og:title\" content=\"High-security Trezor One cold wallet, great price, official - BitcoinVN Shop\" \/>\n<meta property=\"og:description\" content=\"Protect your digital assets with the official Trezor One cold wallet at an excellent price. Order now to get a free security consultation!\" \/>\n<meta property=\"og:url\" content=\"https:\/\/bitcoinvn.io\/shop-2\/ja\/product\/trezor-one\/\" \/>\n<meta property=\"og:site_name\" content=\"BitcoinVN Shop\" \/>\n<meta property=\"article:publisher\" content=\"https:\/\/www.facebook.com\/BitcoinVNShop\/\" \/>\n<meta property=\"article:modified_time\" content=\"2025-06-11T00:42:21+00:00\" \/>\n<meta property=\"og:image\" content=\"https:\/\/bitcoinvn.io\/shop-2\/wp-content\/uploads\/2024\/06\/trezor-one.jpg\" \/>\n\t<meta property=\"og:image:width\" content=\"1500\" \/>\n\t<meta property=\"og:image:height\" content=\"1500\" \/>\n\t<meta property=\"og:image:type\" content=\"image\/jpeg\" \/>\n<meta name=\"twitter:card\" content=\"summary_large_image\" \/>\n<meta name=\"twitter:site\" content=\"@bitcoinvnshop\" \/>\n<meta name=\"twitter:label1\" content=\"Est. reading time\" \/>\n\t<meta name=\"twitter:data1\" content=\"1 minute\" \/>\n<script type=\"application\/ld+json\" class=\"yoast-schema-graph\">{\"@context\":\"https:\/\/schema.org\",\"@graph\":[{\"@type\":\"WebPage\",\"@id\":\"https:\/\/bitcoinvn.io\/shop-2\/ja\/product\/trezor-one\/\",\"url\":\"https:\/\/bitcoinvn.io\/shop-2\/ja\/product\/trezor-one\/\",\"name\":\"High-security Trezor One cold wallet, great price, official - BitcoinVN Shop\",\"isPartOf\":{\"@id\":\"https:\/\/bitcoinvn.io\/shop-2\/#website\"},\"primaryImageOfPage\":{\"@id\":\"https:\/\/bitcoinvn.io\/shop-2\/ja\/product\/trezor-one\/#primaryimage\"},\"image\":{\"@id\":\"https:\/\/bitcoinvn.io\/shop-2\/ja\/product\/trezor-one\/#primaryimage\"},\"thumbnailUrl\":\"https:\/\/bitcoinvn.io\/shop-2\/wp-content\/uploads\/2024\/06\/trezor-one.jpg\",\"datePublished\":\"2025-03-23T01:37:24+00:00\",\"dateModified\":\"2025-06-11T00:42:21+00:00\",\"description\":\"Protect your digital assets with the official Trezor One cold wallet at an excellent price. Order now to get a free security consultation!\",\"breadcrumb\":{\"@id\":\"https:\/\/bitcoinvn.io\/shop-2\/ja\/product\/trezor-one\/#breadcrumb\"},\"inLanguage\":\"en-US\",\"potentialAction\":[{\"@type\":\"ReadAction\",\"target\":[\"https:\/\/bitcoinvn.io\/shop-2\/ja\/product\/trezor-one\/\"]}]},{\"@type\":\"ImageObject\",\"inLanguage\":\"en-US\",\"@id\":\"https:\/\/bitcoinvn.io\/shop-2\/ja\/product\/trezor-one\/#primaryimage\",\"url\":\"https:\/\/bitcoinvn.io\/shop-2\/wp-content\/uploads\/2024\/06\/trezor-one.jpg\",\"contentUrl\":\"https:\/\/bitcoinvn.io\/shop-2\/wp-content\/uploads\/2024\/06\/trezor-one.jpg\",\"width\":1500,\"height\":1500},{\"@type\":\"BreadcrumbList\",\"@id\":\"https:\/\/bitcoinvn.io\/shop-2\/ja\/product\/trezor-one\/#breadcrumb\",\"itemListElement\":[{\"@type\":\"ListItem\",\"position\":1,\"name\":\"Home\",\"item\":\"https:\/\/bitcoinvn.io\/shop-2\/store\/\"},{\"@type\":\"ListItem\",\"position\":2,\"name\":\"Shop\",\"item\":\"https:\/\/bitcoinvn.io\/shop-2\/shop\/\"},{\"@type\":\"ListItem\",\"position\":3,\"name\":\"Trezor One \u30cf\u30fc\u30c9\u30a6\u30a9\u30ec\u30c3\u30c8\"}]},{\"@type\":\"WebSite\",\"@id\":\"https:\/\/bitcoinvn.io\/shop-2\/#website\",\"url\":\"https:\/\/bitcoinvn.io\/shop-2\/\",\"name\":\"BitcoinVN Shop\",\"description\":\"Official Hardware Wallet Distributor in Vietnam\",\"publisher\":{\"@id\":\"https:\/\/bitcoinvn.io\/shop-2\/#organization\"},\"potentialAction\":[{\"@type\":\"SearchAction\",\"target\":{\"@type\":\"EntryPoint\",\"urlTemplate\":\"https:\/\/bitcoinvn.io\/shop-2\/?s={search_term_string}\"},\"query-input\":{\"@type\":\"PropertyValueSpecification\",\"valueRequired\":true,\"valueName\":\"search_term_string\"}}],\"inLanguage\":\"en-US\"},{\"@type\":\"Organization\",\"@id\":\"https:\/\/bitcoinvn.io\/shop-2\/#organization\",\"name\":\"BitcoinVN Shop\",\"url\":\"https:\/\/bitcoinvn.io\/shop-2\/\",\"logo\":{\"@type\":\"ImageObject\",\"inLanguage\":\"en-US\",\"@id\":\"https:\/\/bitcoinvn.io\/shop-2\/#\/schema\/logo\/image\/\",\"url\":\"https:\/\/bitcoinvn.io\/shop-2\/wp-content\/uploads\/2021\/03\/logo-bitcoinvn-shop.jpg\",\"contentUrl\":\"https:\/\/bitcoinvn.io\/shop-2\/wp-content\/uploads\/2021\/03\/logo-bitcoinvn-shop.jpg\",\"width\":1200,\"height\":675,\"caption\":\"BitcoinVN Shop\"},\"image\":{\"@id\":\"https:\/\/bitcoinvn.io\/shop-2\/#\/schema\/logo\/image\/\"},\"sameAs\":[\"https:\/\/www.facebook.com\/BitcoinVNShop\/\",\"https:\/\/x.com\/bitcoinvnshop\"]}]}<\/script>\n<!-- \/ Yoast SEO plugin. -->","yoast_head_json":{"title":"High-security Trezor One cold wallet, great price, official - BitcoinVN Shop","description":"Protect your digital assets with the official Trezor One cold wallet at an excellent price. Order now to get a free security consultation!","robots":{"index":"index","follow":"follow","max-snippet":"max-snippet:-1","max-image-preview":"max-image-preview:large","max-video-preview":"max-video-preview:-1"},"canonical":"https:\/\/bitcoinvn.io\/shop-2\/ja\/product\/trezor-one\/","og_locale":"en_US","og_type":"article","og_title":"High-security Trezor One cold wallet, great price, official - BitcoinVN Shop","og_description":"Protect your digital assets with the official Trezor One cold wallet at an excellent price. Order now to get a free security consultation!","og_url":"https:\/\/bitcoinvn.io\/shop-2\/ja\/product\/trezor-one\/","og_site_name":"BitcoinVN Shop","article_publisher":"https:\/\/www.facebook.com\/BitcoinVNShop\/","article_modified_time":"2025-06-11T00:42:21+00:00","og_image":[{"width":1500,"height":1500,"url":"https:\/\/bitcoinvn.io\/shop-2\/wp-content\/uploads\/2024\/06\/trezor-one.jpg","type":"image\/jpeg"}],"twitter_card":"summary_large_image","twitter_site":"@bitcoinvnshop","twitter_misc":{"Est. reading time":"1 minute"},"schema":{"@context":"https:\/\/schema.org","@graph":[{"@type":"WebPage","@id":"https:\/\/bitcoinvn.io\/shop-2\/ja\/product\/trezor-one\/","url":"https:\/\/bitcoinvn.io\/shop-2\/ja\/product\/trezor-one\/","name":"High-security Trezor One cold wallet, great price, official - BitcoinVN Shop","isPartOf":{"@id":"https:\/\/bitcoinvn.io\/shop-2\/#website"},"primaryImageOfPage":{"@id":"https:\/\/bitcoinvn.io\/shop-2\/ja\/product\/trezor-one\/#primaryimage"},"image":{"@id":"https:\/\/bitcoinvn.io\/shop-2\/ja\/product\/trezor-one\/#primaryimage"},"thumbnailUrl":"https:\/\/bitcoinvn.io\/shop-2\/wp-content\/uploads\/2024\/06\/trezor-one.jpg","datePublished":"2025-03-23T01:37:24+00:00","dateModified":"2025-06-11T00:42:21+00:00","description":"Protect your digital assets with the official Trezor One cold wallet at an excellent price. Order now to get a free security consultation!","breadcrumb":{"@id":"https:\/\/bitcoinvn.io\/shop-2\/ja\/product\/trezor-one\/#breadcrumb"},"inLanguage":"en-US","potentialAction":[{"@type":"ReadAction","target":["https:\/\/bitcoinvn.io\/shop-2\/ja\/product\/trezor-one\/"]}]},{"@type":"ImageObject","inLanguage":"en-US","@id":"https:\/\/bitcoinvn.io\/shop-2\/ja\/product\/trezor-one\/#primaryimage","url":"https:\/\/bitcoinvn.io\/shop-2\/wp-content\/uploads\/2024\/06\/trezor-one.jpg","contentUrl":"https:\/\/bitcoinvn.io\/shop-2\/wp-content\/uploads\/2024\/06\/trezor-one.jpg","width":1500,"height":1500},{"@type":"BreadcrumbList","@id":"https:\/\/bitcoinvn.io\/shop-2\/ja\/product\/trezor-one\/#breadcrumb","itemListElement":[{"@type":"ListItem","position":1,"name":"Home","item":"https:\/\/bitcoinvn.io\/shop-2\/store\/"},{"@type":"ListItem","position":2,"name":"Shop","item":"https:\/\/bitcoinvn.io\/shop-2\/shop\/"},{"@type":"ListItem","position":3,"name":"Trezor One \u30cf\u30fc\u30c9\u30a6\u30a9\u30ec\u30c3\u30c8"}]},{"@type":"WebSite","@id":"https:\/\/bitcoinvn.io\/shop-2\/#website","url":"https:\/\/bitcoinvn.io\/shop-2\/","name":"BitcoinVN Shop","description":"Official Hardware Wallet Distributor in Vietnam","publisher":{"@id":"https:\/\/bitcoinvn.io\/shop-2\/#organization"},"potentialAction":[{"@type":"SearchAction","target":{"@type":"EntryPoint","urlTemplate":"https:\/\/bitcoinvn.io\/shop-2\/?s={search_term_string}"},"query-input":{"@type":"PropertyValueSpecification","valueRequired":true,"valueName":"search_term_string"}}],"inLanguage":"en-US"},{"@type":"Organization","@id":"https:\/\/bitcoinvn.io\/shop-2\/#organization","name":"BitcoinVN Shop","url":"https:\/\/bitcoinvn.io\/shop-2\/","logo":{"@type":"ImageObject","inLanguage":"en-US","@id":"https:\/\/bitcoinvn.io\/shop-2\/#\/schema\/logo\/image\/","url":"https:\/\/bitcoinvn.io\/shop-2\/wp-content\/uploads\/2021\/03\/logo-bitcoinvn-shop.jpg","contentUrl":"https:\/\/bitcoinvn.io\/shop-2\/wp-content\/uploads\/2021\/03\/logo-bitcoinvn-shop.jpg","width":1200,"height":675,"caption":"BitcoinVN Shop"},"image":{"@id":"https:\/\/bitcoinvn.io\/shop-2\/#\/schema\/logo\/image\/"},"sameAs":["https:\/\/www.facebook.com\/BitcoinVNShop\/","https:\/\/x.com\/bitcoinvnshop"]}]}},"lang":"ja","translations":{"ja":6260,"en":78,"vi":629,"ru":6783},"pll_sync_post":[],"_links":{"self":[{"href":"https:\/\/bitcoinvn.io\/shop-2\/wp-json\/wp\/v2\/product\/6260","targetHints":{"allow":["GET"]}}],"collection":[{"href":"https:\/\/bitcoinvn.io\/shop-2\/wp-json\/wp\/v2\/product"}],"about":[{"href":"https:\/\/bitcoinvn.io\/shop-2\/wp-json\/wp\/v2\/types\/product"}],"replies":[{"embeddable":true,"href":"https:\/\/bitcoinvn.io\/shop-2\/wp-json\/wp\/v2\/comments?post=6260"}],"wp:featuredmedia":[{"embeddable":true,"href":"https:\/\/bitcoinvn.io\/shop-2\/wp-json\/wp\/v2\/media\/6623"}],"wp:attachment":[{"href":"https:\/\/bitcoinvn.io\/shop-2\/wp-json\/wp\/v2\/media?parent=6260"}],"wp:term":[{"taxonomy":"product_brand","embeddable":true,"href":"https:\/\/bitcoinvn.io\/shop-2\/wp-json\/wp\/v2\/product_brand?post=6260"},{"taxonomy":"product_cat","embeddable":true,"href":"https:\/\/bitcoinvn.io\/shop-2\/wp-json\/wp\/v2\/product_cat?post=6260"},{"taxonomy":"product_tag","embeddable":true,"href":"https:\/\/bitcoinvn.io\/shop-2\/wp-json\/wp\/v2\/product_tag?post=6260"}],"curies":[{"name":"wp","href":"https:\/\/api.w.org\/{rel}","templated":true}]}}