{"id":5103,"date":"2023-12-31T00:33:32","date_gmt":"2023-12-30T17:33:32","guid":{"rendered":"https:\/\/bitcoinvn.io\/shop-2\/?post_type=product&#038;p=5103"},"modified":"2025-08-19T16:17:02","modified_gmt":"2025-08-19T09:17:02","slug":"ledger-nano-s-plus","status":"publish","type":"product","link":"https:\/\/bitcoinvn.io\/shop-2\/vi\/product\/ledger-nano-s-plus\/","title":{"rendered":"V\u00ed l\u1ea1nh Ledger Nano S Plus"},"content":{"rendered":"<p><i><span style=\"font-weight: 400;\"><a href=\"https:\/\/bitcoinvn.io\/shop-2\/product\/vi-lanh-ledger-nano-s-plus\/\">V\u00ed l\u1ea1nh Ledger Nano S Plus<\/a> l\u00e0 phi\u00ean b\u1ea3n n\u00e2ng c\u1ea5p c\u1ee7a Ledger Nano S, v\u1edbi b\u1ed9 nh\u1edb l\u1edbn h\u01a1n v\u00e0 kh\u1ea3 n\u0103ng qu\u1ea3n l\u00fd nhi\u1ec1u t\u00e0i s\u1ea3n h\u01a1n. S\u1ea3n ph\u1ea9m hi\u1ec7n \u0111\u01b0\u1ee3c ph\u00e2n ph\u1ed1i ch\u00ednh h\u00e3ng t\u1ea1i BitcoinVN.<\/span><\/i><\/p>\n<h3><b>V\u00ec sao v\u00ed l\u1ea1nh Ledger Nano S Plus \u0111\u01b0\u1ee3c nhi\u1ec1u nh\u00e0 \u0111\u1ea7u t\u01b0 l\u1ef1a ch\u1ecdn?<\/b><\/h3>\n<h4><b>T\u0103ng c\u01b0\u1eddng b\u1ea3o m\u1eadt<\/b><\/h4>\n<p><span style=\"font-weight: 400;\">Ledger Nano S Plus <strong>s\u1eed d\u1ee5ng chip Secure Element<\/strong>, \u0111\u1ea1t ti\u00eau chu\u1ea9n CC EAL5+. \u0110\u00e2y l\u00e0 ti\u00eau chu\u1ea9n b\u1ea3o m\u1eadt cao c\u1ea5p, th\u01b0\u1eddng \u0111\u01b0\u1ee3c s\u1eed d\u1ee5ng trong th\u1ebb ng\u00e2n h\u00e0ng v\u00e0 h\u1ed9 chi\u1ebfu. <\/span><\/p>\n<p><span style=\"font-weight: 400;\">Ti\u00eau chu\u1ea9n n\u00e0y \u0111\u1ea3m b\u1ea3o thi\u1ebft b\u1ecb c\u00f3 kh\u1ea3 n\u0103ng<strong> ch\u1ed1ng l\u1ea1i c\u00e1c cu\u1ed9c t\u1ea5n c\u00f4ng v\u1eadt l\u00fd v\u00e0 b\u1ea3o v\u1ec7 d\u1eef li\u1ec7u quan tr\u1ecdng<\/strong>, gi\u00fap v\u00ed l\u1ea1nh Ledger an to\u00e0n tr\u01b0\u1edbc hacker v\u00e0 ph\u1ea7n m\u1ec1m \u0111\u1ed9c h\u1ea1i.<\/span><\/p>\n<h4><b>Dung l\u01b0\u1ee3ng b\u1ed9 nh\u1edb \u201ckh\u1ee7ng\u201d &amp; H\u1ed7 tr\u1ee3 h\u01a1n 5.500 lo\u1ea1i t\u00e0i s\u1ea3n s\u1ed1\u00a0<\/b><\/h4>\n<p><span style=\"font-weight: 400;\">V\u00ed t\u01b0\u01a1ng th\u00edch v\u1edbi <\/span><a href=\"https:\/\/bitcoinvn.io\/vi\/?deposit=vnd&amp;settle=btc&amp;utm_source=Google&amp;utm_medium=ledger-nano-s-plus&amp;utm_id=SEO2025\" target=\"_blank\" rel=\"noopener\"><span style=\"font-weight: 400;\">Bitcoin<\/span><\/a><span style=\"font-weight: 400;\">, <\/span><a href=\"https:\/\/bitcoinvn.io\/vi\/?deposit=vnd&amp;settle=eth&amp;utm_source=Google&amp;utm_medium=ledger-nano-s-plus&amp;utm_id=SEO2025\" target=\"_blank\" rel=\"noopener\"><span style=\"font-weight: 400;\">Ethereum<\/span><\/a><span style=\"font-weight: 400;\">, <\/span><a href=\"https:\/\/bitcoinvn.io\/vi\/?deposit=vnd&amp;settle=usdttrc20&amp;utm_source=Google&amp;utm_medium=ledger-nano-s-plus&amp;utm_id=SEO2025\" target=\"_blank\" rel=\"noopener\"><span style=\"font-weight: 400;\">USDT<\/span><\/a><span style=\"font-weight: 400;\">, <\/span><a href=\"https:\/\/bitcoinvn.io\/vi\/?deposit=vnd&amp;settle=bnb&amp;utm_source=Google&amp;utm_medium=ledger-nano-s-plus&amp;utm_id=SEO2025\" target=\"_blank\" rel=\"noopener\"><span style=\"font-weight: 400;\">BNB<\/span><\/a><span style=\"font-weight: 400;\">, <\/span><a href=\"https:\/\/bitcoinvn.io\/vi\/?deposit=vnd&amp;settle=sol&amp;utm_source=Google&amp;utm_medium=ledger-nano-s-plus&amp;utm_id=SEO2025\" target=\"_blank\" rel=\"noopener\"><span style=\"font-weight: 400;\">Solana<\/span><\/a><span style=\"font-weight: 400;\">, <\/span><a href=\"https:\/\/bitcoinvn.io\/vi\/?deposit=vnd&amp;settle=ada&amp;utm_source=Google&amp;utm_medium=ledger-nano-s-plus&amp;utm_id=SEO2025\" target=\"_blank\" rel=\"noopener\"><span style=\"font-weight: 400;\">Cardano<\/span><\/a><span style=\"font-weight: 400;\">, c\u00f9ng h\u00e0ng ngh\u00ecn <\/span><a href=\"https:\/\/bitcoinvn.io\/news\/erc-20-ethereum-la-gi\/?utm_source=Google&amp;utm_medium=ledger-nano-s-plus&amp;utm_id=SEO2025\" target=\"_blank\" rel=\"noopener\"><span style=\"font-weight: 400;\">token ERC-20<\/span><\/a><span style=\"font-weight: 400;\">, <\/span><a href=\"https:\/\/bitcoinvn.io\/news\/tieu-chuan-bep20-la-gi\/?utm_source=Google&amp;utm_medium=ledger-nano-s-plus&amp;utm_id=SEO2025\" target=\"_blank\" rel=\"noopener\"><span style=\"font-weight: 400;\">BEP-20<\/span><\/a><span style=\"font-weight: 400;\"> kh\u00e1c.\u00a0<\/span><\/p>\n<p><span style=\"font-weight: 400;\">V\u1edbi <\/span><b>b\u1ed9 nh\u1edb m\u1edf r\u1ed9ng<\/b><span style=\"font-weight: 400;\">, b\u1ea1n c\u00f3 th\u1ec3 l\u01b0u tr\u1eef c\u00f9ng l\u00fac h\u01a1n <\/span><b>100 \u1ee9ng d\u1ee5ng ti\u1ec1n \u0111i\u1ec7n t\u1eed <\/b><span style=\"font-weight: 400;\">m\u00e0 kh\u00f4ng c\u1ea7n g\u1ee1 c\u00e0i \u0111\u1eb7t.<\/span><\/p>\n<h4><b>H\u1ed7 tr\u1ee3 DeFi &amp; NFT, qu\u1ea3n l\u00fd d\u1ec5 d\u00e0ng tr\u00ean Ledger Live<\/b><\/h4>\n<p><span style=\"font-weight: 400;\">V\u00ed l\u1ea1nh Ledger Nano S Plus cho ph\u00e9p b\u1ea1n qu\u1ea3n l\u00fd v\u00e0 g\u1eedi NFT tr\u1ef1c ti\u1ebfp tr\u00ean \u1ee9ng d\u1ee5ng Ledger Live m\u00e0 kh\u00f4ng c\u1ea7n k\u1ebft n\u1ed1i v\u00ed n\u00f3ng. Nh\u1edd \u0111\u00f3, b\u1ea1n s\u1ebd giao d\u1ecbch DeFi an to\u00e0n, tr\u00e1nh r\u1ee7i ro l\u1eeba \u0111\u1ea3o v\u00e0 \u0111\u00e1nh c\u1eafp t\u00e0i s\u1ea3n s\u1ed1.<\/span><\/p>\n<h4><b>M\u00e0n h\u00ecnh l\u1edbn, hi\u1ec3n th\u1ecb r\u00f5 r\u00e0ng h\u01a1n<\/b><\/h4>\n<p><span style=\"font-weight: 400;\">So v\u1edbi phi\u00ean b\u1ea3n Nano S, v\u00ed Leder Nano S Plus \u0111\u01b0\u1ee3c trang b\u1ecb m\u00e0n h\u00ecnh l\u1edbn h\u01a1n, gi\u00fap hi\u1ec3n th\u1ecb th\u00f4ng tin giao d\u1ecbch r\u00f5 r\u00e0ng, h\u1ed7 tr\u1ee3 thao t\u00e1c d\u1ec5 d\u00e0ng h\u01a1n.<\/span><\/p>\n<h3><b>S\u1ed1 li\u1ec7u k\u1ef9 thu\u1eadt c\u1ee7a v\u00ed Ledger Nano S Plus ch\u00ednh h\u00e3ng<\/b><\/h3>\n<table>\n<tbody>\n<tr>\n<td colspan=\"2\"><b>Th\u00f4ng s\u1ed1 k\u1ef9 thu\u1eadt<\/b><\/td>\n<\/tr>\n<tr>\n<td><b>K\u00edch th\u01b0\u1edbc<\/b><\/td>\n<td><span style=\"font-weight: 400;\">62.39 x 17.40 x 8.24 mm<\/span><\/td>\n<\/tr>\n<tr>\n<td><b>Tr\u1ecdng l\u01b0\u1ee3ng<\/b><\/td>\n<td><span style=\"font-weight: 400;\">21g<\/span><\/td>\n<\/tr>\n<tr>\n<td><b>M\u00e0n h\u00ecnh<\/b><\/td>\n<td><span style=\"font-weight: 400;\">OLED 128&#215;64 pixel<\/span><\/td>\n<\/tr>\n<tr>\n<td><b>H\u1ec7 \u0111i\u1ec1u h\u00e0nh h\u1ed7 tr\u1ee3<\/b><\/td>\n<td><span style=\"font-weight: 400;\">Windows 10+, macOS 11+, Linux, Android<\/span><\/td>\n<\/tr>\n<tr>\n<td><b>B\u1ea3o m\u1eadt<\/b><\/td>\n<td><span style=\"font-weight: 400;\">Secure Element (CC EAL5+)<\/span><\/td>\n<\/tr>\n<tr>\n<td><b>K\u1ebft n\u1ed1i<\/b><\/td>\n<td><span style=\"font-weight: 400;\">USB-C<\/span><\/td>\n<\/tr>\n<tr>\n<td><b>Dung l\u01b0\u1ee3ng l\u01b0u tr\u1eef<\/b><\/td>\n<td><span style=\"font-weight: 400;\">L\u01b0u tr\u1eef \u0111\u1ed3ng th\u1eddi h\u01a1n 100 \u1ee9ng d\u1ee5ng ti\u1ec1n \u0111i\u1ec7n t\u1eed<\/span><\/td>\n<\/tr>\n<\/tbody>\n<\/table>\n<h3><b>Tr\u1ecdn b\u1ed9 v\u00ed Ledger Nano S Plus khi unbox c\u00f3 g\u00ec?<\/b><\/h3>\n<p><span style=\"font-weight: 400;\">BitcoinVN Shop l\u00e0 \u0111\u01a1n v\u1ecb ph\u00e2n ph\u1ed1i ch\u00ednh h\u00e3ng v\u00ed c\u1ee9ng Ledger t\u1ea1i Vi\u1ec7t Nam, cam k\u1ebft s\u1ea3n ph\u1ea9m <strong>nguy\u00ean seal, fullbox t\u1eeb nh\u00e0 s\u1ea3n xu\u1ea5t<\/strong>. Khi m\u1edf h\u1ed9p, b\u1ea1n s\u1ebd nh\u1eadn \u0111\u01b0\u1ee3c \u0111\u1ea7y \u0111\u1ee7 ph\u1ee5 ki\u1ec7n \u0111i k\u00e8m, bao g\u1ed3m:<\/span><\/p>\n<ul>\n<li style=\"font-weight: 400;\" aria-level=\"1\"><span style=\"font-weight: 400;\">1 v\u00ed Ledger Nano S Plus<\/span><\/li>\n<li style=\"font-weight: 400;\" aria-level=\"1\"><span style=\"font-weight: 400;\">1 d\u00e2y \u0111eo m\u00f3c kh\u00f3a\u00a0<\/span><\/li>\n<li style=\"font-weight: 400;\" aria-level=\"1\"><span style=\"font-weight: 400;\">1 c\u00e1p USB-C<\/span><\/li>\n<li style=\"font-weight: 400;\" aria-level=\"1\"><span style=\"font-weight: 400;\">3 t\u1edd gi\u1ea5y ghi c\u1ee5m t\u1eeb kh\u00f4i ph\u1ee5c (seed phrase)<\/span><\/li>\n<li style=\"font-weight: 400;\" aria-level=\"1\"><span style=\"font-weight: 400;\">1 s\u00e1ch h\u01b0\u1edbng d\u1eabn s\u1eed d\u1ee5ng nhanh<\/span><\/li>\n<li style=\"font-weight: 400;\" aria-level=\"1\"><span style=\"font-weight: 400;\">1 t\u1ea5m b\u00eca b\u1ea1c c\u00f3 d\u00f2ng ch\u1eef \u201cTrust Yourself&#8221;<\/span><\/li>\n<\/ul>\n<figure id=\"attachment_6370\" aria-describedby=\"caption-attachment-6370\" style=\"width: 800px\" class=\"wp-caption aligncenter\"><img loading=\"lazy\" decoding=\"async\" class=\"wp-image-6370\" src=\"https:\/\/bitcoinvn.io\/shop-2\/wp-content\/uploads\/2023\/12\/Vi-lanh-ledger-nano-s-plus.jpg\" alt=\"B\u1ed9 s\u1ea3n ph\u1ea9m c\u1ee7a B\u1ed9 s\u1ea3n ph\u1ea9m v\u00ed l\u1ea1nh Ledger Nano S Plus khi unbox\" width=\"800\" height=\"533\" srcset=\"https:\/\/bitcoinvn.io\/shop-2\/wp-content\/uploads\/2023\/12\/Vi-lanh-ledger-nano-s-plus.jpg 1536w, https:\/\/bitcoinvn.io\/shop-2\/wp-content\/uploads\/2023\/12\/Vi-lanh-ledger-nano-s-plus-300x200.jpg 300w, https:\/\/bitcoinvn.io\/shop-2\/wp-content\/uploads\/2023\/12\/Vi-lanh-ledger-nano-s-plus-1024x683.jpg 1024w, https:\/\/bitcoinvn.io\/shop-2\/wp-content\/uploads\/2023\/12\/Vi-lanh-ledger-nano-s-plus-768x512.jpg 768w, https:\/\/bitcoinvn.io\/shop-2\/wp-content\/uploads\/2023\/12\/Vi-lanh-ledger-nano-s-plus-600x400.jpg 600w\" sizes=\"auto, (max-width: 800px) 100vw, 800px\" \/><figcaption id=\"caption-attachment-6370\" class=\"wp-caption-text\">B\u1ed9 s\u1ea3n ph\u1ea9m c\u1ee7a B\u1ed9 s\u1ea3n ph\u1ea9m v\u00ed l\u1ea1nh Ledger Nano S Plus khi unbox<\/figcaption><\/figure>\n<h3><b>T\u1ea1i sao n\u00ean mua v\u00ed l\u1ea1nh Ledger Nano S Plus t\u1ea1i BitcoinVN Shop?<\/b><\/h3>\n<p><span style=\"font-weight: 400;\">BitcoinVN Shop l\u00e0 nh\u00e0 nh\u1eadp kh\u1ea9u v\u00e0 \u0111\u1ea1i l\u00fd ch\u00ednh th\u1ee9c c\u1ee7a Ledger t\u1ea1i Vi\u1ec7t Nam. Khi mua h\u00e0ng t\u1ea1i \u0111\u00e2y, qu\u00fd kh\u00e1ch s\u1ebd nh\u1eadn \u0111\u01b0\u1ee3c nhi\u1ec1u quy\u1ec1n l\u1ee3i h\u1ea5p d\u1eabn:<\/span><\/p>\n<ul>\n<li style=\"font-weight: 400;\" aria-level=\"1\"><b>S\u1ea3n ph\u1ea9m ch\u00ednh h\u00e3ng, nguy\u00ean seal:<\/b><span style=\"font-weight: 400;\"> Ph\u00e2n ph\u1ed1i tr\u1ef1c ti\u1ebfp t\u1eeb Ledger, b\u1ea3o \u0111\u1ea3m ch\u1ea5t l\u01b0\u1ee3ng.<\/span><\/li>\n<li style=\"font-weight: 400;\" aria-level=\"1\"><b>B\u1ea3o h\u00e0nh 1 \u0111\u1ed5i 1 trong 12 th\u00e1ng:<\/b><span style=\"font-weight: 400;\"> H\u1ed7 tr\u1ee3 \u0111\u1ed5i m\u1edbi n\u1ebfu c\u00f3 l\u1ed7i k\u1ef9 thu\u1eadt.<\/span><\/li>\n<li style=\"font-weight: 400;\" aria-level=\"1\"><b>Giao h\u00e0ng nhanh ch\u00f3ng:<\/b><span style=\"font-weight: 400;\"> Nh\u1eadn h\u00e0ng trong ng\u00e0y t\u1ea1i TP.HCM, t\u1eeb 2-5 ng\u00e0y v\u1edbi c\u00e1c t\u1ec9nh th\u00e0nh kh\u00e1c v\u00e0 freeship \u0111\u1ed1i v\u1edbi \u0111\u01a1n h\u00e0ng c\u00f3 gi\u00e1 tr\u1ecb tr\u1eeb 2.100.000 VND tr\u1edf l\u00ean.<\/span><\/li>\n<li style=\"font-weight: 400;\" aria-level=\"1\"><b>Thanh to\u00e1n linh ho\u1ea1t: <\/b><span style=\"font-weight: 400;\">H\u1ed7 tr\u1ee3 thanh to\u00e1n tr\u1ef1c ti\u1ebfp b\u1eb1ng ti\u1ec1n m\u1eb7t khi giao h\u00e0ng ho\u1eb7c chuy\u1ec3n kho\u1ea3n nhanh ch\u00f3ng.<\/span><\/li>\n<li style=\"font-weight: 400;\" aria-level=\"1\"><b>H\u1ed7 tr\u1ee3 kh\u00e1ch h\u00e0ng chuy\u00ean nghi\u1ec7p:<\/b><span style=\"font-weight: 400;\"> T\u01b0 v\u1ea5n t\u1eadn t\u00ecnh, h\u01b0\u1edbng d\u1eabn s\u1eed d\u1ee5ng chi ti\u1ebft.<\/span><\/li>\n<li style=\"font-weight: 400;\" aria-level=\"1\"><span style=\"font-weight: 400;\"><strong>T\u1eb7ng 1 gi\u1edd t\u01b0 v\u1ea5n b\u1ea3o m\u1eadt mi\u1ec5n ph\u00ed<\/strong> khi mua <\/span><b>v\u00ed l\u1ea1nh Ledger Nano S Plus<\/b><span style=\"font-weight: 400;\"> t\u1ea1i BitcoinVN Shop. T\u1eeb \u0111\u00f3 gi\u00fap b\u1ea1n t\u1ef1 tin s\u1eed d\u1ee5ng s\u1ea3n ph\u1ea9m \u0111\u00fang c\u00e1ch \u0111\u1ec3 b\u1ea3o m\u1eadt ti\u1ec1n \u0111i\u1ec7n t\u1eed c\u1ee7a m\u00ecnh.<\/span><\/li>\n<\/ul>\n<p>Ch\u1ea7n ch\u1edd g\u00ec n\u1eefa? Cho ngay v\u00ed l\u1ea1nh Ledger Nano S Plus v\u00e0o gi\u1ecf h\u00e0ng v\u00e0 ti\u1ebfn h\u00e0nh \u0111\u1eb7t mua ngay th\u00f4i!<\/p>\n","protected":false},"excerpt":{"rendered":"<p><span class=\"Y2IQFc\" lang=\"vi\">V\u00ed l\u1ea1nh Nano S Plus phi\u00ean b\u1ea3n m\u1edbi \u0111\u01b0\u1ee3c n\u00e2ng c\u1ea5p t\u1eeb Nano S v\u1edbi nhi\u1ec1u \u01b0u \u0111i\u1ec3m v\u01b0\u1ee3t tr\u1ed9i:<\/span><\/p>\n<ul>\n<li style=\"font-weight: 400;\" aria-level=\"1\"><b>H\u1ed7 tr\u1ee3 h\u01a1n 5.500 lo\u1ea1i t\u00e0i s\u1ea3n s\u1ed1<\/b><\/li>\n<li style=\"font-weight: 400;\" aria-level=\"1\"><strong>Dung l\u01b0\u1ee3ng l\u1edbn h\u01a1n:<\/strong> c\u00f3 th\u1ec3 l<span style=\"font-weight: 400;\">\u01b0u tr\u1eef \u0111\u1ed3ng th\u1eddi h\u01a1n 100 \u1ee9ng d\u1ee5ng ti\u1ec1n \u0111i\u1ec7n t\u1eed.<\/span><\/li>\n<li style=\"font-weight: 400;\" aria-level=\"1\"><b>M\u00e0n h\u00ecnh l\u1edbn h\u01a1n:<\/b><span style=\"font-weight: 400;\"> Hi\u1ec3n th\u1ecb n\u1ed9i dung r\u00f5 r\u00e0ng h\u01a1n, gi\u00fap thao t\u00e1c d\u1ec5 d\u00e0ng.<\/span><\/li>\n<li style=\"font-weight: 400;\" aria-level=\"1\"><strong>H\u1ed7 tr\u1ee3 q<\/strong><span style=\"font-weight: 400;\"><strong>u\u1ea3n l\u00fd v\u00e0 g\u1eedi NFT<\/strong> tr\u1ef1c ti\u1ebfp tr\u00ean Ledger Live.<\/span><\/li>\n<\/ul>\n<p><span class=\"Y2IQFc\" lang=\"vi\">Hi\u1ec7n s\u1ea3n ph\u1ea9m ch\u00ednh h\u00e3ng \u0111\u00e3 v\u1ec1 h\u00e0ng t\u1ea1i BitcoinVN. Cam k\u1ebft s\u1ea3n ph\u1ea9m nguy\u00ean seal 100%, <strong>b\u1ea3o h\u00e0nh 1 \u0111\u1ed5i 1 trong 12 th\u00e1ng<\/strong> cho t\u1ea5t c\u1ea3 c\u00e1c l\u1ed7i k\u1ef9 thu\u1eadt t\u1eeb ph\u00eda nh\u00e0 s\u1ea3n xu\u1ea5t! Mua ngay!<\/span><\/p>\n<p><em><strong>BitcoinVN Shop l\u00e0 nh\u00e0 ph\u00e2n ph\u1ed1i ch\u00ednh th\u1ee9c s\u1ea3n ph\u1ea9m Ledger Nano S Plus t\u1ea1i Vi\u1ec7t Nam.<\/strong><\/em><\/p>\n<hr \/>\n<p><em>B\u1ea1n \u1edf n\u01b0\u1edbc ngo\u00e0i?<\/em><\/p>\n<p><em>\u0110\u1eb7t h\u00e0ng tr\u1ef1c ti\u1ebfp t\u1eeb <a href=\"https:\/\/shop.ledger.com\/products\/ledger-nano-s-plus\/?r=58783e684a3d\" target=\"_blank\" rel=\"noopener\">c\u1eeda h\u00e0ng Ledger<\/a>.<\/em><\/p>\n","protected":false},"featured_media":6610,"comment_status":"open","ping_status":"closed","template":"","meta":[],"product_brand":[],"product_cat":[145,337],"product_tag":[654],"class_list":{"0":"post-5103","1":"product","2":"type-product","3":"status-publish","4":"has-post-thumbnail","6":"product_cat-ledger","7":"product_cat-hardware-wallets","8":"product_tag-vi-cung","10":"first","11":"instock","12":"sale","13":"taxable","14":"shipping-taxable","15":"purchasable","16":"product-type-simple"},"yoast_head":"<!-- This site is optimized with the Yoast SEO plugin v27.2 - https:\/\/yoast.com\/product\/yoast-seo-wordpress\/ -->\n<title>V\u00ed l\u1ea1nh Ledger Nano S Plus - BitcoinVN Shop<\/title>\n<meta name=\"description\" content=\"V\u00ed l\u1ea1nh Ledger Nano S Plus ch\u00ednh h\u00e3ng phi\u00ean b\u1ea3n n\u00e2ng c\u1ea5p \u0111\u00e3 c\u00f3 m\u1eb7t t\u1ea1i BitcoinVN Shop. B\u1ea3o h\u00e0nh 1 \u0111\u1ed5i 1 trong 12 th\u00e1ng. Mua ngay!\" \/>\n<meta name=\"robots\" content=\"index, follow, max-snippet:-1, max-image-preview:large, max-video-preview:-1\" \/>\n<link rel=\"canonical\" href=\"https:\/\/bitcoinvn.io\/shop-2\/vi\/product\/ledger-nano-s-plus\/\" \/>\n<meta property=\"og:locale\" content=\"en_US\" \/>\n<meta property=\"og:type\" content=\"article\" \/>\n<meta property=\"og:title\" content=\"V\u00ed l\u1ea1nh Ledger Nano S Plus - BitcoinVN Shop\" \/>\n<meta property=\"og:description\" content=\"V\u00ed l\u1ea1nh Ledger Nano S Plus ch\u00ednh h\u00e3ng phi\u00ean b\u1ea3n n\u00e2ng c\u1ea5p \u0111\u00e3 c\u00f3 m\u1eb7t t\u1ea1i BitcoinVN Shop. B\u1ea3o h\u00e0nh 1 \u0111\u1ed5i 1 trong 12 th\u00e1ng. Mua ngay!\" \/>\n<meta property=\"og:url\" content=\"https:\/\/bitcoinvn.io\/shop-2\/vi\/product\/ledger-nano-s-plus\/\" \/>\n<meta property=\"og:site_name\" content=\"BitcoinVN Shop\" \/>\n<meta property=\"article:publisher\" content=\"https:\/\/www.facebook.com\/BitcoinVNShop\/\" \/>\n<meta property=\"article:modified_time\" content=\"2025-08-19T09:17:02+00:00\" \/>\n<meta property=\"og:image\" content=\"https:\/\/bitcoinvn.io\/shop-2\/wp-content\/uploads\/2024\/06\/ledger-nano-s-plus.jpg\" \/>\n\t<meta property=\"og:image:width\" content=\"1500\" \/>\n\t<meta property=\"og:image:height\" content=\"1500\" \/>\n\t<meta property=\"og:image:type\" content=\"image\/jpeg\" \/>\n<meta name=\"twitter:card\" content=\"summary_large_image\" \/>\n<meta name=\"twitter:site\" content=\"@bitcoinvnshop\" \/>\n<meta name=\"twitter:label1\" content=\"Est. reading time\" \/>\n\t<meta name=\"twitter:data1\" content=\"4 minutes\" \/>\n<script type=\"application\/ld+json\" class=\"yoast-schema-graph\">{\"@context\":\"https:\/\/schema.org\",\"@graph\":[{\"@type\":\"WebPage\",\"@id\":\"https:\/\/bitcoinvn.io\/shop-2\/vi\/product\/ledger-nano-s-plus\/\",\"url\":\"https:\/\/bitcoinvn.io\/shop-2\/vi\/product\/ledger-nano-s-plus\/\",\"name\":\"V\u00ed l\u1ea1nh Ledger Nano S Plus - BitcoinVN Shop\",\"isPartOf\":{\"@id\":\"https:\/\/bitcoinvn.io\/shop-2\/#website\"},\"primaryImageOfPage\":{\"@id\":\"https:\/\/bitcoinvn.io\/shop-2\/vi\/product\/ledger-nano-s-plus\/#primaryimage\"},\"image\":{\"@id\":\"https:\/\/bitcoinvn.io\/shop-2\/vi\/product\/ledger-nano-s-plus\/#primaryimage\"},\"thumbnailUrl\":\"https:\/\/bitcoinvn.io\/shop-2\/wp-content\/uploads\/2024\/06\/ledger-nano-s-plus.jpg\",\"datePublished\":\"2023-12-30T17:33:32+00:00\",\"dateModified\":\"2025-08-19T09:17:02+00:00\",\"description\":\"V\u00ed l\u1ea1nh Ledger Nano S Plus ch\u00ednh h\u00e3ng phi\u00ean b\u1ea3n n\u00e2ng c\u1ea5p \u0111\u00e3 c\u00f3 m\u1eb7t t\u1ea1i BitcoinVN Shop. B\u1ea3o h\u00e0nh 1 \u0111\u1ed5i 1 trong 12 th\u00e1ng. Mua ngay!\",\"breadcrumb\":{\"@id\":\"https:\/\/bitcoinvn.io\/shop-2\/vi\/product\/ledger-nano-s-plus\/#breadcrumb\"},\"inLanguage\":\"en-US\",\"potentialAction\":[{\"@type\":\"ReadAction\",\"target\":[\"https:\/\/bitcoinvn.io\/shop-2\/vi\/product\/ledger-nano-s-plus\/\"]}]},{\"@type\":\"ImageObject\",\"inLanguage\":\"en-US\",\"@id\":\"https:\/\/bitcoinvn.io\/shop-2\/vi\/product\/ledger-nano-s-plus\/#primaryimage\",\"url\":\"https:\/\/bitcoinvn.io\/shop-2\/wp-content\/uploads\/2024\/06\/ledger-nano-s-plus.jpg\",\"contentUrl\":\"https:\/\/bitcoinvn.io\/shop-2\/wp-content\/uploads\/2024\/06\/ledger-nano-s-plus.jpg\",\"width\":1500,\"height\":1500},{\"@type\":\"BreadcrumbList\",\"@id\":\"https:\/\/bitcoinvn.io\/shop-2\/vi\/product\/ledger-nano-s-plus\/#breadcrumb\",\"itemListElement\":[{\"@type\":\"ListItem\",\"position\":1,\"name\":\"Home\",\"item\":\"https:\/\/bitcoinvn.io\/shop-2\/store\/\"},{\"@type\":\"ListItem\",\"position\":2,\"name\":\"Shop\",\"item\":\"https:\/\/bitcoinvn.io\/shop-2\/shop\/\"},{\"@type\":\"ListItem\",\"position\":3,\"name\":\"V\u00ed l\u1ea1nh Ledger Nano S Plus\"}]},{\"@type\":\"WebSite\",\"@id\":\"https:\/\/bitcoinvn.io\/shop-2\/#website\",\"url\":\"https:\/\/bitcoinvn.io\/shop-2\/\",\"name\":\"BitcoinVN Shop\",\"description\":\"Official Hardware Wallet Distributor in Vietnam\",\"publisher\":{\"@id\":\"https:\/\/bitcoinvn.io\/shop-2\/#organization\"},\"potentialAction\":[{\"@type\":\"SearchAction\",\"target\":{\"@type\":\"EntryPoint\",\"urlTemplate\":\"https:\/\/bitcoinvn.io\/shop-2\/?s={search_term_string}\"},\"query-input\":{\"@type\":\"PropertyValueSpecification\",\"valueRequired\":true,\"valueName\":\"search_term_string\"}}],\"inLanguage\":\"en-US\"},{\"@type\":\"Organization\",\"@id\":\"https:\/\/bitcoinvn.io\/shop-2\/#organization\",\"name\":\"BitcoinVN Shop\",\"url\":\"https:\/\/bitcoinvn.io\/shop-2\/\",\"logo\":{\"@type\":\"ImageObject\",\"inLanguage\":\"en-US\",\"@id\":\"https:\/\/bitcoinvn.io\/shop-2\/#\/schema\/logo\/image\/\",\"url\":\"https:\/\/bitcoinvn.io\/shop-2\/wp-content\/uploads\/2021\/03\/logo-bitcoinvn-shop.jpg\",\"contentUrl\":\"https:\/\/bitcoinvn.io\/shop-2\/wp-content\/uploads\/2021\/03\/logo-bitcoinvn-shop.jpg\",\"width\":1200,\"height\":675,\"caption\":\"BitcoinVN Shop\"},\"image\":{\"@id\":\"https:\/\/bitcoinvn.io\/shop-2\/#\/schema\/logo\/image\/\"},\"sameAs\":[\"https:\/\/www.facebook.com\/BitcoinVNShop\/\",\"https:\/\/x.com\/bitcoinvnshop\"]}]}<\/script>\n<!-- \/ Yoast SEO plugin. -->","yoast_head_json":{"title":"V\u00ed l\u1ea1nh Ledger Nano S Plus - BitcoinVN Shop","description":"V\u00ed l\u1ea1nh Ledger Nano S Plus ch\u00ednh h\u00e3ng phi\u00ean b\u1ea3n n\u00e2ng c\u1ea5p \u0111\u00e3 c\u00f3 m\u1eb7t t\u1ea1i BitcoinVN Shop. B\u1ea3o h\u00e0nh 1 \u0111\u1ed5i 1 trong 12 th\u00e1ng. Mua ngay!","robots":{"index":"index","follow":"follow","max-snippet":"max-snippet:-1","max-image-preview":"max-image-preview:large","max-video-preview":"max-video-preview:-1"},"canonical":"https:\/\/bitcoinvn.io\/shop-2\/vi\/product\/ledger-nano-s-plus\/","og_locale":"en_US","og_type":"article","og_title":"V\u00ed l\u1ea1nh Ledger Nano S Plus - BitcoinVN Shop","og_description":"V\u00ed l\u1ea1nh Ledger Nano S Plus ch\u00ednh h\u00e3ng phi\u00ean b\u1ea3n n\u00e2ng c\u1ea5p \u0111\u00e3 c\u00f3 m\u1eb7t t\u1ea1i BitcoinVN Shop. B\u1ea3o h\u00e0nh 1 \u0111\u1ed5i 1 trong 12 th\u00e1ng. Mua ngay!","og_url":"https:\/\/bitcoinvn.io\/shop-2\/vi\/product\/ledger-nano-s-plus\/","og_site_name":"BitcoinVN Shop","article_publisher":"https:\/\/www.facebook.com\/BitcoinVNShop\/","article_modified_time":"2025-08-19T09:17:02+00:00","og_image":[{"width":1500,"height":1500,"url":"https:\/\/bitcoinvn.io\/shop-2\/wp-content\/uploads\/2024\/06\/ledger-nano-s-plus.jpg","type":"image\/jpeg"}],"twitter_card":"summary_large_image","twitter_site":"@bitcoinvnshop","twitter_misc":{"Est. reading time":"4 minutes"},"schema":{"@context":"https:\/\/schema.org","@graph":[{"@type":"WebPage","@id":"https:\/\/bitcoinvn.io\/shop-2\/vi\/product\/ledger-nano-s-plus\/","url":"https:\/\/bitcoinvn.io\/shop-2\/vi\/product\/ledger-nano-s-plus\/","name":"V\u00ed l\u1ea1nh Ledger Nano S Plus - BitcoinVN Shop","isPartOf":{"@id":"https:\/\/bitcoinvn.io\/shop-2\/#website"},"primaryImageOfPage":{"@id":"https:\/\/bitcoinvn.io\/shop-2\/vi\/product\/ledger-nano-s-plus\/#primaryimage"},"image":{"@id":"https:\/\/bitcoinvn.io\/shop-2\/vi\/product\/ledger-nano-s-plus\/#primaryimage"},"thumbnailUrl":"https:\/\/bitcoinvn.io\/shop-2\/wp-content\/uploads\/2024\/06\/ledger-nano-s-plus.jpg","datePublished":"2023-12-30T17:33:32+00:00","dateModified":"2025-08-19T09:17:02+00:00","description":"V\u00ed l\u1ea1nh Ledger Nano S Plus ch\u00ednh h\u00e3ng phi\u00ean b\u1ea3n n\u00e2ng c\u1ea5p \u0111\u00e3 c\u00f3 m\u1eb7t t\u1ea1i BitcoinVN Shop. B\u1ea3o h\u00e0nh 1 \u0111\u1ed5i 1 trong 12 th\u00e1ng. Mua ngay!","breadcrumb":{"@id":"https:\/\/bitcoinvn.io\/shop-2\/vi\/product\/ledger-nano-s-plus\/#breadcrumb"},"inLanguage":"en-US","potentialAction":[{"@type":"ReadAction","target":["https:\/\/bitcoinvn.io\/shop-2\/vi\/product\/ledger-nano-s-plus\/"]}]},{"@type":"ImageObject","inLanguage":"en-US","@id":"https:\/\/bitcoinvn.io\/shop-2\/vi\/product\/ledger-nano-s-plus\/#primaryimage","url":"https:\/\/bitcoinvn.io\/shop-2\/wp-content\/uploads\/2024\/06\/ledger-nano-s-plus.jpg","contentUrl":"https:\/\/bitcoinvn.io\/shop-2\/wp-content\/uploads\/2024\/06\/ledger-nano-s-plus.jpg","width":1500,"height":1500},{"@type":"BreadcrumbList","@id":"https:\/\/bitcoinvn.io\/shop-2\/vi\/product\/ledger-nano-s-plus\/#breadcrumb","itemListElement":[{"@type":"ListItem","position":1,"name":"Home","item":"https:\/\/bitcoinvn.io\/shop-2\/store\/"},{"@type":"ListItem","position":2,"name":"Shop","item":"https:\/\/bitcoinvn.io\/shop-2\/shop\/"},{"@type":"ListItem","position":3,"name":"V\u00ed l\u1ea1nh Ledger Nano S Plus"}]},{"@type":"WebSite","@id":"https:\/\/bitcoinvn.io\/shop-2\/#website","url":"https:\/\/bitcoinvn.io\/shop-2\/","name":"BitcoinVN Shop","description":"Official Hardware Wallet Distributor in Vietnam","publisher":{"@id":"https:\/\/bitcoinvn.io\/shop-2\/#organization"},"potentialAction":[{"@type":"SearchAction","target":{"@type":"EntryPoint","urlTemplate":"https:\/\/bitcoinvn.io\/shop-2\/?s={search_term_string}"},"query-input":{"@type":"PropertyValueSpecification","valueRequired":true,"valueName":"search_term_string"}}],"inLanguage":"en-US"},{"@type":"Organization","@id":"https:\/\/bitcoinvn.io\/shop-2\/#organization","name":"BitcoinVN Shop","url":"https:\/\/bitcoinvn.io\/shop-2\/","logo":{"@type":"ImageObject","inLanguage":"en-US","@id":"https:\/\/bitcoinvn.io\/shop-2\/#\/schema\/logo\/image\/","url":"https:\/\/bitcoinvn.io\/shop-2\/wp-content\/uploads\/2021\/03\/logo-bitcoinvn-shop.jpg","contentUrl":"https:\/\/bitcoinvn.io\/shop-2\/wp-content\/uploads\/2021\/03\/logo-bitcoinvn-shop.jpg","width":1200,"height":675,"caption":"BitcoinVN Shop"},"image":{"@id":"https:\/\/bitcoinvn.io\/shop-2\/#\/schema\/logo\/image\/"},"sameAs":["https:\/\/www.facebook.com\/BitcoinVNShop\/","https:\/\/x.com\/bitcoinvnshop"]}]}},"lang":"vi","translations":{"vi":5103,"en":3481,"ja":6284,"ru":6810},"pll_sync_post":[],"_links":{"self":[{"href":"https:\/\/bitcoinvn.io\/shop-2\/wp-json\/wp\/v2\/product\/5103","targetHints":{"allow":["GET"]}}],"collection":[{"href":"https:\/\/bitcoinvn.io\/shop-2\/wp-json\/wp\/v2\/product"}],"about":[{"href":"https:\/\/bitcoinvn.io\/shop-2\/wp-json\/wp\/v2\/types\/product"}],"replies":[{"embeddable":true,"href":"https:\/\/bitcoinvn.io\/shop-2\/wp-json\/wp\/v2\/comments?post=5103"}],"wp:featuredmedia":[{"embeddable":true,"href":"https:\/\/bitcoinvn.io\/shop-2\/wp-json\/wp\/v2\/media\/6610"}],"wp:attachment":[{"href":"https:\/\/bitcoinvn.io\/shop-2\/wp-json\/wp\/v2\/media?parent=5103"}],"wp:term":[{"taxonomy":"product_brand","embeddable":true,"href":"https:\/\/bitcoinvn.io\/shop-2\/wp-json\/wp\/v2\/product_brand?post=5103"},{"taxonomy":"product_cat","embeddable":true,"href":"https:\/\/bitcoinvn.io\/shop-2\/wp-json\/wp\/v2\/product_cat?post=5103"},{"taxonomy":"product_tag","embeddable":true,"href":"https:\/\/bitcoinvn.io\/shop-2\/wp-json\/wp\/v2\/product_tag?post=5103"}],"curies":[{"name":"wp","href":"https:\/\/api.w.org\/{rel}","templated":true}]}}