{"id":5100,"date":"2023-12-31T00:25:35","date_gmt":"2023-12-30T17:25:35","guid":{"rendered":"https:\/\/bitcoinvn.io\/shop-2\/?post_type=product&#038;p=5100"},"modified":"2025-08-21T14:58:13","modified_gmt":"2025-08-21T07:58:13","slug":"satscard","status":"publish","type":"product","link":"https:\/\/bitcoinvn.io\/shop-2\/vi\/product\/satscard\/","title":{"rendered":"Th\u1ebb Satscard"},"content":{"rendered":"<h2 class=\"entry-title\">Satscard &#8211; Th\u1ebb H\u1ed7 Tr\u1ee3 Giao D\u1ecbch Bitcoin \u1ea8n Danh, Ngo\u00e0i Chu\u1ed7i<\/h2>\n<h2><b>Th\u1ebb Satscard l\u00e0 g\u00ec?<\/b><\/h2>\n<figure id=\"attachment_4899\" class=\"wp-caption alignright\" aria-describedby=\"caption-attachment-4899\"><figcaption id=\"caption-attachment-4899\" class=\"wp-caption-text\"><\/figcaption><\/figure>\n<p>Satscard l\u00e0 m\u1ed9t trong nh\u1eefng t\u1ea5m th\u1ebb Bitcoin \u0111\u01b0\u1ee3c t\u1ea1o ra b\u1edfi c\u00e1c \u201cb\u1eadc th\u1ea7y\u201d t\u1ea1i c\u00f4ng ty Coinkite.\u2013 \u201c\u0111\u1ea7u n\u00e3o\u201d \u0111\u1ee9ng sau th\u00e0nh c\u00f4ng c\u1ee7a\u00a0<a href=\"https:\/\/bitcoinvn.io\/shop-2\/product\/coldcard-mk4\/\" target=\"_blank\" rel=\"noopener\">v\u00ed c\u1ee9ng Coldcard<\/a>. S\u1ef1 xu\u1ea5t hi\u1ec7n c\u1ee7a t\u1ea5m th\u1ebb n\u00e0y s\u1ebd gi\u00fap b\u1ea1n khai th\u00e1c t\u1ed1i \u0111a.nh\u1eefng tr\u1ea3i nghi\u1ec7m tuy\u1ec7t v\u1eddi v\u1ec1 Bitcoin.<\/p>\n<p>Sau khi l\u01b0u tr\u1eef Bitcoin tr\u00ean Satscard, b\u1ea1n c\u00f3 th\u1ec3 chuy\u1ec3n Bitcoin cho m\u1ecdi ng\u01b0\u1eddi.gi\u1ed1ng nh\u01b0 c\u00e1ch b\u1ea1n chuy\u1ec3n ti\u1ec1n m\u1eb7t ho\u1eb7c v\u00e0ng. Ai gi\u1eef th\u1ebb Satscard \u2013 ng\u01b0\u1eddi \u0111\u00f3 s\u1ebd to\u00e0n quy\u1ec1n s\u1edf h\u1eefu s\u1ed1 ti\u1ec1n n\u00e0y.<\/p>\n<h2><b>L\u1ee3i \u00edch c\u1ee7a th\u1ebb Satscard<\/b><\/h2>\n<p>N\u1ebfu b\u1ea1n mu\u1ed1n giao d\u1ecbch\u00a0<a href=\"https:\/\/bitcoinvn.io\/vi\/?deposit=vnd&amp;settle=btc&amp;utm_source=Google&amp;utm_medium=the-satscard&amp;utm_id=SEO2023\" target=\"_blank\" rel=\"noopener\">BTC<\/a>\u00a0v\u1edbi b\u1ea1n b\u00e8.ho\u1eb7c mu\u1ed1n tri\u1ec3n khai c\u00f4ng vi\u1ec7c kinh doanh c\u1ee7a m\u00ecnh m\u00e0 kh\u00f4ng truy\u1ec1n d\u1eef li\u1ec7u giao d\u1ecbch n\u00e0y \u0111\u1ebfn m\u00e1y ch\u1ee7.c\u1ee7a c\u00e1c c\u00f4ng ty ph\u00e2n t\u00edch chu\u1ed7i th\u00ec Satscard m\u1ed9t l\u1ef1a ch\u1ecdn th\u00f4ng minh. N\u00f3i c\u00e1ch kh\u00e1c,<b>\u00a0to\u00e0n b\u1ed9 d\u1eef li\u1ec7u giao d\u1ecbch BTC c\u1ee7a b\u1ea1n th\u00f4ng qua Satscard s\u1ebd kh\u00f4ng xu\u1ea5t hi\u1ec7n tr\u00ean Blockchain<\/b>.<\/p>\n<h2><b>S\u1eed d\u1ee5ng Satscard c\u00f3 kh\u00f3 kh\u00f4ng?<\/b><\/h2>\n<p>C\u00e2u tr\u1ea3 l\u1eddi l\u00e0 c\u1ef1c k\u00ec \u0111\u01a1n gi\u1ea3n! Nh\u00f3m Coinkite \u0111\u00e3 gi\u1ea3i \u0111\u00e1p to\u00e0n b\u1ed9 ki\u1ebfn th\u1ee9c n\u1ec1n t\u1ea3ng v\u1ec1 Satscard th\u00f4ng qua b\u1ed9\u00a0<a href=\"https:\/\/satscard.com\/faq\" target=\"_blank\" rel=\"noopener\">c\u00e2u h\u1ecfi th\u01b0\u1eddng g\u1eb7p<\/a><b>.\u00a0<\/b>Ch\u1ec9 c\u1ea7n \u0111\u1ecdc k\u1ef9 c\u00e1c n\u1ed9i dung n\u00e0y, b\u1ea1n ho\u00e0n to\u00e0n c\u00f3 th\u1ec3 s\u1eed d\u1ee5ng n\u00f3 m\u1ed9t c\u00e1ch d\u1ec5 d\u00e0ng.<\/p>\n<p>V\u00e0 n\u1ebfu b\u1ea1n mu\u1ed1n \u0111\u01b0\u1ee3c c\u00e1c chuy\u00ean gia b\u1ea3o m\u1eadt h\u00e0ng \u0111\u1ea7u Vi\u1ec7t Nam \u201cc\u1ea7m tay ch\u1ec9 vi\u1ec7c\u201d \u0111\u1ec3 b\u1ea3o qu\u1ea3n t\u00e0i s\u1ea3n Bitcoin c\u1ee7a m\u00ecnh m\u1ed9t c\u00e1ch khoa h\u1ecdc v\u00e0 ti\u1ec7n l\u1ee3i nh\u1ea5t \u2013 h\u00e3y li\u00ean h\u1ec7 BitcoinVN\u00a0<a href=\"https:\/\/bitcoinvn.io\/consulting\/\" target=\"_blank\" rel=\"noopener\">t\u1ea1i \u0111\u00e2y<\/a>. Ch\u00fang t\u00f4i lu\u00f4n s\u1eb5n s\u00e0ng \u0111\u1ed3ng h\u00e0nh gi\u1ea3i \u0111\u00e1p m\u1ecdi ki\u1ebfn th\u1ee9c b\u1ea3o m\u1eadt cho b\u1ea1n.<\/p>\n<p>Trong tr\u01b0\u1eddng h\u1ee3p b\u1ea1n mu\u1ed1n r\u00fat ti\u1ec1n kh\u1ecfi Satscard \u2013 b\u1ea1n c\u1ea7n c\u00f3 m\u1ed9t \u1ee9ng d\u1ee5ng b\u1ed5 tr\u1ee3 nh\u01b0 Nunchuk. Trong nhi\u1ec1u n\u0103m qua, \u1ee9ng d\u1ee5ng n\u00e0y \u0111\u00e3 tr\u1edf th\u00e0nh m\u1ed9t trong nh\u1eefng \u1ee9ng d\u1ee5ng m\u0169i nh\u1ecdn trong l\u0129nh v\u1ef1c t\u1ef1 qu\u1ea3n l\u00fd BTC.<\/p>\n","protected":false},"excerpt":{"rendered":"<h2 class=\"entry-title\">Satscard &#8211; Th\u1ebb H\u1ed7 Tr\u1ee3 Giao D\u1ecbch Bitcoin \u1ea8n Danh, Ngo\u00e0i Chu\u1ed7i<\/h2>\n<h4><i>B\u1ea1n mu\u1ed1n ch\u1ecdn Satscard l\u00e0m th\u1ebb qu\u00e0 Bitcoin \u1ea9n danh?<\/i><b>\u00a0<\/b><\/h4>\n<h4><a href=\"https:\/\/bitcoinvn.io\/shop-2\/product\/satscard\/\"><b>\u0110\u1eb7t mua Satscard ch\u00ednh h\u00e3ng ngay t\u1ea1i BitcoinVNShop!<\/b><\/a><\/h4>\n<h2><b>Th\u1ebb Satscard l\u00e0 g\u00ec?<\/b><\/h2>\n<figure id=\"attachment_4899\" class=\"wp-caption alignright\" aria-describedby=\"caption-attachment-4899\"><figcaption id=\"caption-attachment-4899\" class=\"wp-caption-text\"><\/figcaption><\/figure>\n<p>Satscard l\u00e0 m\u1ed9t trong nh\u1eefng t\u1ea5m th\u1ebb Bitcoin \u0111\u01b0\u1ee3c t\u1ea1o ra b\u1edfi c\u00e1c \u201cb\u1eadc th\u1ea7y\u201d t\u1ea1i c\u00f4ng ty Coinkite.\u2013 \u201c\u0111\u1ea7u n\u00e3o\u201d \u0111\u1ee9ng sau th\u00e0nh c\u00f4ng c\u1ee7a\u00a0<a href=\"https:\/\/bitcoinvn.io\/shop-2\/product\/coldcard-mk4\/\" target=\"_blank\" rel=\"noopener\">v\u00ed c\u1ee9ng Coldcard<\/a>. S\u1ef1 xu\u1ea5t hi\u1ec7n c\u1ee7a t\u1ea5m th\u1ebb n\u00e0y s\u1ebd gi\u00fap b\u1ea1n khai th\u00e1c t\u1ed1i \u0111a.nh\u1eefng tr\u1ea3i nghi\u1ec7m tuy\u1ec7t v\u1eddi v\u1ec1 Bitcoin.<\/p>\n<p>Sau khi l\u01b0u tr\u1eef Bitcoin tr\u00ean Satscard, b\u1ea1n c\u00f3 th\u1ec3 chuy\u1ec3n Bitcoin cho m\u1ecdi ng\u01b0\u1eddi.gi\u1ed1ng nh\u01b0 c\u00e1ch b\u1ea1n chuy\u1ec3n ti\u1ec1n m\u1eb7t ho\u1eb7c v\u00e0ng. Ai gi\u1eef th\u1ebb Satscard \u2013 ng\u01b0\u1eddi \u0111\u00f3 s\u1ebd to\u00e0n quy\u1ec1n s\u1edf h\u1eefu s\u1ed1 ti\u1ec1n n\u00e0y.<\/p>\n<h2><b>L\u1ee3i \u00edch c\u1ee7a th\u1ebb Satscard<\/b><\/h2>\n<p>N\u1ebfu b\u1ea1n mu\u1ed1n giao d\u1ecbch\u00a0<a href=\"https:\/\/bitcoinvn.io\/vi\/?deposit=vnd&amp;settle=btc&amp;utm_source=Google&amp;utm_medium=the-satscard&amp;utm_id=SEO2023\" target=\"_blank\" rel=\"noopener\">BTC<\/a>\u00a0v\u1edbi b\u1ea1n b\u00e8.ho\u1eb7c mu\u1ed1n tri\u1ec3n khai c\u00f4ng vi\u1ec7c kinh doanh c\u1ee7a m\u00ecnh m\u00e0 kh\u00f4ng truy\u1ec1n d\u1eef li\u1ec7u giao d\u1ecbch n\u00e0y \u0111\u1ebfn m\u00e1y ch\u1ee7.c\u1ee7a c\u00e1c c\u00f4ng ty ph\u00e2n t\u00edch chu\u1ed7i th\u00ec Satscard m\u1ed9t l\u1ef1a ch\u1ecdn th\u00f4ng minh. N\u00f3i c\u00e1ch kh\u00e1c,<b>\u00a0to\u00e0n b\u1ed9 d\u1eef li\u1ec7u giao d\u1ecbch BTC c\u1ee7a b\u1ea1n th\u00f4ng qua Satscard s\u1ebd kh\u00f4ng xu\u1ea5t hi\u1ec7n tr\u00ean Blockchain<\/b>.<\/p>\n<hr \/>\n<p><em>B\u1ea1n kh\u00f4ng s\u1ed1ng t\u1ea1i Vi\u1ec7t Nam?<\/em><\/p>\n<p><em>\u0110\u1eb7t h\u00e0ng tr\u1ef1c ti\u1ebfp t\u1eeb <strong><a href=\"https:\/\/store.coinkite.com\/promo\/4E790E123AB1EA5ECAAB\" target=\"_blank\" rel=\"noopener\">c\u1eeda h\u00e0ng Coinkite<\/a><\/strong>.<\/em><\/p>\n","protected":false},"featured_media":5101,"comment_status":"open","ping_status":"closed","template":"","meta":[],"product_brand":[],"product_cat":[143,337],"product_tag":[],"class_list":{"0":"post-5100","1":"product","2":"type-product","3":"status-publish","4":"has-post-thumbnail","6":"product_cat-coinkite","7":"product_cat-hardware-wallets","9":"first","10":"instock","11":"taxable","12":"shipping-taxable","13":"purchasable","14":"product-type-variable"},"yoast_head":"<!-- This site is optimized with the Yoast SEO plugin v27.2 - https:\/\/yoast.com\/product\/yoast-seo-wordpress\/ -->\n<title>Th\u1ebb Satscard ch\u00ednh h\u00e3ng, gi\u00e1 t\u1ed1t, giao nhanh 24h - BitcoinVN Shop<\/title>\n<meta name=\"description\" content=\"Th\u1ebb Satscard ch\u00ednh h\u00e3ng \u0111\u00e3 \u0111\u01b0\u1ee3c ph\u00e2n ph\u1ed1i t\u1ea1i BitcoinVN Shop - c\u1eeda h\u00e0ng v\u00ed c\u1ee9ng v\u00e0 ph\u1ee5 ki\u1ec7n crypto h\u00e0ng \u0111\u1ea7u Vi\u1ec7t Nam. Mua ngay!\" \/>\n<meta name=\"robots\" content=\"index, follow, max-snippet:-1, max-image-preview:large, max-video-preview:-1\" \/>\n<link rel=\"canonical\" href=\"https:\/\/bitcoinvn.io\/shop-2\/vi\/product\/satscard\/\" \/>\n<meta property=\"og:locale\" content=\"en_US\" \/>\n<meta property=\"og:type\" content=\"article\" \/>\n<meta property=\"og:title\" content=\"Th\u1ebb Satscard ch\u00ednh h\u00e3ng, gi\u00e1 t\u1ed1t, giao nhanh 24h - BitcoinVN Shop\" \/>\n<meta property=\"og:description\" content=\"Th\u1ebb Satscard ch\u00ednh h\u00e3ng \u0111\u00e3 \u0111\u01b0\u1ee3c ph\u00e2n ph\u1ed1i t\u1ea1i BitcoinVN Shop - c\u1eeda h\u00e0ng v\u00ed c\u1ee9ng v\u00e0 ph\u1ee5 ki\u1ec7n crypto h\u00e0ng \u0111\u1ea7u Vi\u1ec7t Nam. Mua ngay!\" \/>\n<meta property=\"og:url\" content=\"https:\/\/bitcoinvn.io\/shop-2\/vi\/product\/satscard\/\" \/>\n<meta property=\"og:site_name\" content=\"BitcoinVN Shop\" \/>\n<meta property=\"article:publisher\" content=\"https:\/\/www.facebook.com\/BitcoinVNShop\/\" \/>\n<meta property=\"article:modified_time\" content=\"2025-08-21T07:58:13+00:00\" \/>\n<meta property=\"og:image\" content=\"https:\/\/bitcoinvn.io\/shop-2\/wp-content\/uploads\/2023\/10\/photo_6163197823047284412_y.jpg\" \/>\n\t<meta property=\"og:image:width\" content=\"1280\" \/>\n\t<meta property=\"og:image:height\" content=\"1269\" \/>\n\t<meta property=\"og:image:type\" content=\"image\/jpeg\" \/>\n<meta name=\"twitter:card\" content=\"summary_large_image\" \/>\n<meta name=\"twitter:site\" content=\"@bitcoinvnshop\" \/>\n<meta name=\"twitter:label1\" content=\"Est. reading time\" \/>\n\t<meta name=\"twitter:data1\" content=\"2 minutes\" \/>\n<script type=\"application\/ld+json\" class=\"yoast-schema-graph\">{\"@context\":\"https:\/\/schema.org\",\"@graph\":[{\"@type\":\"WebPage\",\"@id\":\"https:\/\/bitcoinvn.io\/shop-2\/vi\/product\/satscard\/\",\"url\":\"https:\/\/bitcoinvn.io\/shop-2\/vi\/product\/satscard\/\",\"name\":\"Th\u1ebb Satscard ch\u00ednh h\u00e3ng, gi\u00e1 t\u1ed1t, giao nhanh 24h - BitcoinVN Shop\",\"isPartOf\":{\"@id\":\"https:\/\/bitcoinvn.io\/shop-2\/#website\"},\"primaryImageOfPage\":{\"@id\":\"https:\/\/bitcoinvn.io\/shop-2\/vi\/product\/satscard\/#primaryimage\"},\"image\":{\"@id\":\"https:\/\/bitcoinvn.io\/shop-2\/vi\/product\/satscard\/#primaryimage\"},\"thumbnailUrl\":\"https:\/\/bitcoinvn.io\/shop-2\/wp-content\/uploads\/2023\/10\/photo_6163197823047284412_y.jpg\",\"datePublished\":\"2023-12-30T17:25:35+00:00\",\"dateModified\":\"2025-08-21T07:58:13+00:00\",\"description\":\"Th\u1ebb Satscard ch\u00ednh h\u00e3ng \u0111\u00e3 \u0111\u01b0\u1ee3c ph\u00e2n ph\u1ed1i t\u1ea1i BitcoinVN Shop - c\u1eeda h\u00e0ng v\u00ed c\u1ee9ng v\u00e0 ph\u1ee5 ki\u1ec7n crypto h\u00e0ng \u0111\u1ea7u Vi\u1ec7t Nam. Mua ngay!\",\"breadcrumb\":{\"@id\":\"https:\/\/bitcoinvn.io\/shop-2\/vi\/product\/satscard\/#breadcrumb\"},\"inLanguage\":\"en-US\",\"potentialAction\":[{\"@type\":\"ReadAction\",\"target\":[\"https:\/\/bitcoinvn.io\/shop-2\/vi\/product\/satscard\/\"]}]},{\"@type\":\"ImageObject\",\"inLanguage\":\"en-US\",\"@id\":\"https:\/\/bitcoinvn.io\/shop-2\/vi\/product\/satscard\/#primaryimage\",\"url\":\"https:\/\/bitcoinvn.io\/shop-2\/wp-content\/uploads\/2023\/10\/photo_6163197823047284412_y.jpg\",\"contentUrl\":\"https:\/\/bitcoinvn.io\/shop-2\/wp-content\/uploads\/2023\/10\/photo_6163197823047284412_y.jpg\",\"width\":1280,\"height\":1269},{\"@type\":\"BreadcrumbList\",\"@id\":\"https:\/\/bitcoinvn.io\/shop-2\/vi\/product\/satscard\/#breadcrumb\",\"itemListElement\":[{\"@type\":\"ListItem\",\"position\":1,\"name\":\"Home\",\"item\":\"https:\/\/bitcoinvn.io\/shop-2\/store\/\"},{\"@type\":\"ListItem\",\"position\":2,\"name\":\"Shop\",\"item\":\"https:\/\/bitcoinvn.io\/shop-2\/shop\/\"},{\"@type\":\"ListItem\",\"position\":3,\"name\":\"Th\u1ebb Satscard\"}]},{\"@type\":\"WebSite\",\"@id\":\"https:\/\/bitcoinvn.io\/shop-2\/#website\",\"url\":\"https:\/\/bitcoinvn.io\/shop-2\/\",\"name\":\"BitcoinVN Shop\",\"description\":\"Official Hardware Wallet Distributor in Vietnam\",\"publisher\":{\"@id\":\"https:\/\/bitcoinvn.io\/shop-2\/#organization\"},\"potentialAction\":[{\"@type\":\"SearchAction\",\"target\":{\"@type\":\"EntryPoint\",\"urlTemplate\":\"https:\/\/bitcoinvn.io\/shop-2\/?s={search_term_string}\"},\"query-input\":{\"@type\":\"PropertyValueSpecification\",\"valueRequired\":true,\"valueName\":\"search_term_string\"}}],\"inLanguage\":\"en-US\"},{\"@type\":\"Organization\",\"@id\":\"https:\/\/bitcoinvn.io\/shop-2\/#organization\",\"name\":\"BitcoinVN Shop\",\"url\":\"https:\/\/bitcoinvn.io\/shop-2\/\",\"logo\":{\"@type\":\"ImageObject\",\"inLanguage\":\"en-US\",\"@id\":\"https:\/\/bitcoinvn.io\/shop-2\/#\/schema\/logo\/image\/\",\"url\":\"https:\/\/bitcoinvn.io\/shop-2\/wp-content\/uploads\/2021\/03\/logo-bitcoinvn-shop.jpg\",\"contentUrl\":\"https:\/\/bitcoinvn.io\/shop-2\/wp-content\/uploads\/2021\/03\/logo-bitcoinvn-shop.jpg\",\"width\":1200,\"height\":675,\"caption\":\"BitcoinVN Shop\"},\"image\":{\"@id\":\"https:\/\/bitcoinvn.io\/shop-2\/#\/schema\/logo\/image\/\"},\"sameAs\":[\"https:\/\/www.facebook.com\/BitcoinVNShop\/\",\"https:\/\/x.com\/bitcoinvnshop\"]}]}<\/script>\n<!-- \/ Yoast SEO plugin. -->","yoast_head_json":{"title":"Th\u1ebb Satscard ch\u00ednh h\u00e3ng, gi\u00e1 t\u1ed1t, giao nhanh 24h - BitcoinVN Shop","description":"Th\u1ebb Satscard ch\u00ednh h\u00e3ng \u0111\u00e3 \u0111\u01b0\u1ee3c ph\u00e2n ph\u1ed1i t\u1ea1i BitcoinVN Shop - c\u1eeda h\u00e0ng v\u00ed c\u1ee9ng v\u00e0 ph\u1ee5 ki\u1ec7n crypto h\u00e0ng \u0111\u1ea7u Vi\u1ec7t Nam. Mua ngay!","robots":{"index":"index","follow":"follow","max-snippet":"max-snippet:-1","max-image-preview":"max-image-preview:large","max-video-preview":"max-video-preview:-1"},"canonical":"https:\/\/bitcoinvn.io\/shop-2\/vi\/product\/satscard\/","og_locale":"en_US","og_type":"article","og_title":"Th\u1ebb Satscard ch\u00ednh h\u00e3ng, gi\u00e1 t\u1ed1t, giao nhanh 24h - BitcoinVN Shop","og_description":"Th\u1ebb Satscard ch\u00ednh h\u00e3ng \u0111\u00e3 \u0111\u01b0\u1ee3c ph\u00e2n ph\u1ed1i t\u1ea1i BitcoinVN Shop - c\u1eeda h\u00e0ng v\u00ed c\u1ee9ng v\u00e0 ph\u1ee5 ki\u1ec7n crypto h\u00e0ng \u0111\u1ea7u Vi\u1ec7t Nam. Mua ngay!","og_url":"https:\/\/bitcoinvn.io\/shop-2\/vi\/product\/satscard\/","og_site_name":"BitcoinVN Shop","article_publisher":"https:\/\/www.facebook.com\/BitcoinVNShop\/","article_modified_time":"2025-08-21T07:58:13+00:00","og_image":[{"width":1280,"height":1269,"url":"https:\/\/bitcoinvn.io\/shop-2\/wp-content\/uploads\/2023\/10\/photo_6163197823047284412_y.jpg","type":"image\/jpeg"}],"twitter_card":"summary_large_image","twitter_site":"@bitcoinvnshop","twitter_misc":{"Est. reading time":"2 minutes"},"schema":{"@context":"https:\/\/schema.org","@graph":[{"@type":"WebPage","@id":"https:\/\/bitcoinvn.io\/shop-2\/vi\/product\/satscard\/","url":"https:\/\/bitcoinvn.io\/shop-2\/vi\/product\/satscard\/","name":"Th\u1ebb Satscard ch\u00ednh h\u00e3ng, gi\u00e1 t\u1ed1t, giao nhanh 24h - BitcoinVN Shop","isPartOf":{"@id":"https:\/\/bitcoinvn.io\/shop-2\/#website"},"primaryImageOfPage":{"@id":"https:\/\/bitcoinvn.io\/shop-2\/vi\/product\/satscard\/#primaryimage"},"image":{"@id":"https:\/\/bitcoinvn.io\/shop-2\/vi\/product\/satscard\/#primaryimage"},"thumbnailUrl":"https:\/\/bitcoinvn.io\/shop-2\/wp-content\/uploads\/2023\/10\/photo_6163197823047284412_y.jpg","datePublished":"2023-12-30T17:25:35+00:00","dateModified":"2025-08-21T07:58:13+00:00","description":"Th\u1ebb Satscard ch\u00ednh h\u00e3ng \u0111\u00e3 \u0111\u01b0\u1ee3c ph\u00e2n ph\u1ed1i t\u1ea1i BitcoinVN Shop - c\u1eeda h\u00e0ng v\u00ed c\u1ee9ng v\u00e0 ph\u1ee5 ki\u1ec7n crypto h\u00e0ng \u0111\u1ea7u Vi\u1ec7t Nam. Mua ngay!","breadcrumb":{"@id":"https:\/\/bitcoinvn.io\/shop-2\/vi\/product\/satscard\/#breadcrumb"},"inLanguage":"en-US","potentialAction":[{"@type":"ReadAction","target":["https:\/\/bitcoinvn.io\/shop-2\/vi\/product\/satscard\/"]}]},{"@type":"ImageObject","inLanguage":"en-US","@id":"https:\/\/bitcoinvn.io\/shop-2\/vi\/product\/satscard\/#primaryimage","url":"https:\/\/bitcoinvn.io\/shop-2\/wp-content\/uploads\/2023\/10\/photo_6163197823047284412_y.jpg","contentUrl":"https:\/\/bitcoinvn.io\/shop-2\/wp-content\/uploads\/2023\/10\/photo_6163197823047284412_y.jpg","width":1280,"height":1269},{"@type":"BreadcrumbList","@id":"https:\/\/bitcoinvn.io\/shop-2\/vi\/product\/satscard\/#breadcrumb","itemListElement":[{"@type":"ListItem","position":1,"name":"Home","item":"https:\/\/bitcoinvn.io\/shop-2\/store\/"},{"@type":"ListItem","position":2,"name":"Shop","item":"https:\/\/bitcoinvn.io\/shop-2\/shop\/"},{"@type":"ListItem","position":3,"name":"Th\u1ebb Satscard"}]},{"@type":"WebSite","@id":"https:\/\/bitcoinvn.io\/shop-2\/#website","url":"https:\/\/bitcoinvn.io\/shop-2\/","name":"BitcoinVN Shop","description":"Official Hardware Wallet Distributor in Vietnam","publisher":{"@id":"https:\/\/bitcoinvn.io\/shop-2\/#organization"},"potentialAction":[{"@type":"SearchAction","target":{"@type":"EntryPoint","urlTemplate":"https:\/\/bitcoinvn.io\/shop-2\/?s={search_term_string}"},"query-input":{"@type":"PropertyValueSpecification","valueRequired":true,"valueName":"search_term_string"}}],"inLanguage":"en-US"},{"@type":"Organization","@id":"https:\/\/bitcoinvn.io\/shop-2\/#organization","name":"BitcoinVN Shop","url":"https:\/\/bitcoinvn.io\/shop-2\/","logo":{"@type":"ImageObject","inLanguage":"en-US","@id":"https:\/\/bitcoinvn.io\/shop-2\/#\/schema\/logo\/image\/","url":"https:\/\/bitcoinvn.io\/shop-2\/wp-content\/uploads\/2021\/03\/logo-bitcoinvn-shop.jpg","contentUrl":"https:\/\/bitcoinvn.io\/shop-2\/wp-content\/uploads\/2021\/03\/logo-bitcoinvn-shop.jpg","width":1200,"height":675,"caption":"BitcoinVN Shop"},"image":{"@id":"https:\/\/bitcoinvn.io\/shop-2\/#\/schema\/logo\/image\/"},"sameAs":["https:\/\/www.facebook.com\/BitcoinVNShop\/","https:\/\/x.com\/bitcoinvnshop"]}]}},"lang":"vi","translations":{"vi":5100,"en":4892,"ja":6303,"ru":6847},"pll_sync_post":[],"_links":{"self":[{"href":"https:\/\/bitcoinvn.io\/shop-2\/wp-json\/wp\/v2\/product\/5100","targetHints":{"allow":["GET"]}}],"collection":[{"href":"https:\/\/bitcoinvn.io\/shop-2\/wp-json\/wp\/v2\/product"}],"about":[{"href":"https:\/\/bitcoinvn.io\/shop-2\/wp-json\/wp\/v2\/types\/product"}],"replies":[{"embeddable":true,"href":"https:\/\/bitcoinvn.io\/shop-2\/wp-json\/wp\/v2\/comments?post=5100"}],"wp:featuredmedia":[{"embeddable":true,"href":"https:\/\/bitcoinvn.io\/shop-2\/wp-json\/wp\/v2\/media\/5101"}],"wp:attachment":[{"href":"https:\/\/bitcoinvn.io\/shop-2\/wp-json\/wp\/v2\/media?parent=5100"}],"wp:term":[{"taxonomy":"product_brand","embeddable":true,"href":"https:\/\/bitcoinvn.io\/shop-2\/wp-json\/wp\/v2\/product_brand?post=5100"},{"taxonomy":"product_cat","embeddable":true,"href":"https:\/\/bitcoinvn.io\/shop-2\/wp-json\/wp\/v2\/product_cat?post=5100"},{"taxonomy":"product_tag","embeddable":true,"href":"https:\/\/bitcoinvn.io\/shop-2\/wp-json\/wp\/v2\/product_tag?post=5100"}],"curies":[{"name":"wp","href":"https:\/\/api.w.org\/{rel}","templated":true}]}}