{"id":5012,"date":"2023-12-04T14:51:12","date_gmt":"2023-12-04T07:51:12","guid":{"rendered":"https:\/\/bitcoinvn.io\/shop-2\/?post_type=product&#038;p=5012"},"modified":"2026-03-02T14:57:29","modified_gmt":"2026-03-02T07:57:29","slug":"the-luu-tru-bao-mat-tu-khoa-hat-giong-crypto","status":"publish","type":"product","link":"https:\/\/bitcoinvn.io\/shop-2\/vi\/product\/the-luu-tru-bao-mat-tu-khoa-hat-giong-crypto\/","title":{"rendered":"Th\u1ebb L\u01b0u Tr\u1eef (B\u1ea3o m\u1eadt t\u1eeb kho\u00e1 h\u1ea1t gi\u1ed1ng crypto)"},"content":{"rendered":"<ul>\n<li style=\"list-style-type: none;\">\n<ul>\n<li style=\"font-weight: 400;\" aria-level=\"1\"><span style=\"font-weight: 400;\">H\u1ed7 tr\u1ee3 12 \/ 24 ch\u1eef cho t\u1eeb kho\u00e1 h\u1ea1t gi\u1ed1ng (Chu\u1ea9n BIP-39)<\/span><\/li>\n<li style=\"font-weight: 400;\" aria-level=\"1\"><span style=\"font-weight: 400;\">Ph\u00f9 h\u1ee3p l\u00e0m thi\u1ebft b\u1ecb d\u1ef1 ph\u00f2ng cho ph\u01b0\u01a1ng \u00e1n b\u1ea3o m\u1eadt \u0111a ch\u1eef k\u00ed \u0111a thi\u1ebft b\u1ecb (<\/span><span style=\"font-weight: 400;\">Multivendor Multisig).<\/span><\/li>\n<li style=\"font-weight: 400;\" aria-level=\"1\"><span style=\"font-weight: 400;\">Tr\u1ecdng l\u01b0\u1ee3ng: 208 g \/ 0,46 lb.<\/span><\/li>\n<li style=\"font-weight: 400;\" aria-level=\"1\"><span style=\"font-weight: 400;\">K\u00edch th\u01b0\u1edbc: 105 x 60 x 5,7 mm \/ 4,1 x 2,4 x 0,22 in.<\/span><\/li>\n<li style=\"font-weight: 400;\" aria-level=\"1\"><span style=\"font-weight: 400;\">Giao h\u00e0ng tr\u1ef1c ti\u1ebfp t\u1ea1i Vi\u1ec7t Nam.<\/span><\/li>\n<\/ul>\n<\/li>\n<\/ul>\n<p>BitcoinVN Shop nay ra m\u1eaft phi\u00ean b\u1ea3n m\u1edbi \u0111\u01b0\u1ee3c thi\u1ebft k\u1ebf logo ri\u00eang, v\u1edbi b\u1ed9 k\u00fd t\u1ef1 kh\u1eafc tinh x\u1ea3o h\u01a1n phi\u00ean b\u1ea3n tr\u01b0\u1edbc \u0111\u00e2y.<\/p>\n","protected":false},"excerpt":{"rendered":"<h2><span style=\"font-weight: 400;\">Sao l\u01b0u t\u1eeb kho\u00e1 ph\u1ee5c h\u1ed3i c\u1ee7a b\u1ea1n!!<\/span><\/h2>\n<p><span style=\"font-weight: 400;\">\u2026v\u00e0 th\u1ef1c hi\u1ec7n qu\u00e1 tr\u00ecnh ho\u00e0n to\u00e0n offline \u0111\u1ec3 gi\u1ea3m thi\u1ec3u r\u1ee7i ro.<\/span><\/p>\n<p>&nbsp;<\/p>\n<p><span style=\"font-weight: 400;\">Nh\u1eefng g\u00ec b\u1eaft \u0111\u1ea7u v\u1edbi v\u00ed gi\u1ea5y \u0111\u00e3 ph\u00e1t tri\u1ec3n qua nhi\u1ec1u n\u0103m:<\/span><\/p>\n<p><span style=\"font-weight: 400;\">Ph\u01b0\u01a1ng \u00e1n chu\u1ea9n m\u1ef1c nh\u1ea5t l\u00e0 l\u01b0u gi\u1eef t\u1eeb kho\u00e1 ph\u1ee5c h\u1ed3i c\u1ee7a b\u1ea1n, b\u1eb1ng M\u1ed8T M\u1ea2NH TH\u00c9P.<\/span><\/p>\n<p>&nbsp;<\/p>\n<p><span style=\"font-weight: 400;\">Ch\u1ed1ng l\u1eeda.<\/span><\/p>\n<p><span style=\"font-weight: 400;\">Ch\u1ed1ng n\u01b0\u1edbc.<\/span><\/p>\n<p><span style=\"font-weight: 400;\">Kh\u00f4ng b\u1ecb h\u01b0 h\u1ea1i r\u00e1ch n\u00e1t.<\/span><\/p>\n<p>&nbsp;<\/p>\n<p><span style=\"font-weight: 400;\">\u0110\u1ea3m b\u1ea3o Bitcoin v\u00e0 crypto c\u1ee7a b\u1ea1n an to\u00e0n, l\u00e2u d\u00e0i cho th\u1ebf h\u1ec7 mai sau.<\/span><\/p>\n<ul>\n<li style=\"list-style-type: none;\">\n<ul>\n<li style=\"font-weight: 400;\" aria-level=\"1\"><span style=\"font-weight: 400;\">H\u1ed7 tr\u1ee3 12 \/ 24 ch\u1eef cho t\u1eeb kho\u00e1 h\u1ea1t gi\u1ed1ng (Chu\u1ea9n BIP-39)<\/span><\/li>\n<li style=\"font-weight: 400;\" aria-level=\"1\"><span style=\"font-weight: 400;\">Ph\u00f9 h\u1ee3p l\u00e0m thi\u1ebft b\u1ecb d\u1ef1 ph\u00f2ng cho ph\u01b0\u01a1ng \u00e1n b\u1ea3o m\u1eadt \u0111a ch\u1eef k\u00ed \u0111a thi\u1ebft b\u1ecb (<\/span><span style=\"font-weight: 400;\">Multivendor Multisig).<\/span><\/li>\n<li style=\"font-weight: 400;\" aria-level=\"1\"><span style=\"font-weight: 400;\">Tr\u1ecdng l\u01b0\u1ee3ng: 208 g \/ 0,46 lb.<\/span><\/li>\n<li style=\"font-weight: 400;\" aria-level=\"1\"><span style=\"font-weight: 400;\">K\u00edch th\u01b0\u1edbc: 105 x 60 x 5,7 mm \/ 4,1 x 2,4 x 0,22 in.<\/span><\/li>\n<li style=\"font-weight: 400;\" aria-level=\"1\"><span style=\"font-weight: 400;\">Giao h\u00e0ng tr\u1ef1c ti\u1ebfp t\u1ea1i Vi\u1ec7t Nam.<\/span><\/li>\n<\/ul>\n<\/li>\n<\/ul>\n<p>BitcoinVN Shop nay ra m\u1eaft phi\u00ean b\u1ea3n m\u1edbi \u0111\u01b0\u1ee3c thi\u1ebft k\u1ebf logo ri\u00eang, v\u1edbi b\u1ed9 k\u00fd t\u1ef1 kh\u1eafc tinh x\u1ea3o h\u01a1n phi\u00ean b\u1ea3n tr\u01b0\u1edbc \u0111\u00e2y.<\/p>\n","protected":false},"featured_media":5391,"comment_status":"open","ping_status":"closed","template":"","meta":[],"product_brand":[],"product_cat":[477,337],"product_tag":[],"class_list":{"0":"post-5012","1":"product","2":"type-product","3":"status-publish","4":"has-post-thumbnail","6":"product_cat-steel-backup","7":"product_cat-hardware-wallets","9":"first","10":"instock","11":"taxable","12":"shipping-taxable","13":"purchasable","14":"product-type-simple"},"yoast_head":"<!-- This site is optimized with the Yoast SEO plugin v27.2 - https:\/\/yoast.com\/product\/yoast-seo-wordpress\/ -->\n<title>Th\u1ebb L\u01b0u Tr\u1eef (B\u1ea3o m\u1eadt t\u1eeb kho\u00e1 h\u1ea1t gi\u1ed1ng crypto) - BitcoinVN Shop<\/title>\n<meta name=\"description\" content=\"Th\u1ebb l\u01b0u tr\u1eef seed phrase b\u1eb1ng th\u00e9p ch\u00ednh h\u00e3ng \u0111\u00e3 c\u00f3 m\u1eb7t t\u1ea1i BitcoinVN Shop Vi\u1ec7t Nam. Ship COD to\u00e0n qu\u1ed1c, t\u1eb7ng 1h t\u01b0 v\u1ea5n b\u1ea3o m\u1eadt mi\u1ec5n ph\u00ed. Xem ngay!\" \/>\n<meta name=\"robots\" content=\"index, follow, max-snippet:-1, max-image-preview:large, max-video-preview:-1\" \/>\n<link rel=\"canonical\" href=\"https:\/\/bitcoinvn.io\/shop-2\/vi\/product\/the-luu-tru-bao-mat-tu-khoa-hat-giong-crypto\/\" \/>\n<meta property=\"og:locale\" content=\"en_US\" \/>\n<meta property=\"og:type\" content=\"article\" \/>\n<meta property=\"og:title\" content=\"Th\u1ebb L\u01b0u Tr\u1eef (B\u1ea3o m\u1eadt t\u1eeb kho\u00e1 h\u1ea1t gi\u1ed1ng crypto) - BitcoinVN Shop\" \/>\n<meta property=\"og:description\" content=\"Th\u1ebb l\u01b0u tr\u1eef seed phrase b\u1eb1ng th\u00e9p ch\u00ednh h\u00e3ng \u0111\u00e3 c\u00f3 m\u1eb7t t\u1ea1i BitcoinVN Shop Vi\u1ec7t Nam. Ship COD to\u00e0n qu\u1ed1c, t\u1eb7ng 1h t\u01b0 v\u1ea5n b\u1ea3o m\u1eadt mi\u1ec5n ph\u00ed. Xem ngay!\" \/>\n<meta property=\"og:url\" content=\"https:\/\/bitcoinvn.io\/shop-2\/vi\/product\/the-luu-tru-bao-mat-tu-khoa-hat-giong-crypto\/\" \/>\n<meta property=\"og:site_name\" content=\"BitcoinVN Shop\" \/>\n<meta property=\"article:publisher\" content=\"https:\/\/www.facebook.com\/BitcoinVNShop\/\" \/>\n<meta property=\"article:modified_time\" content=\"2026-03-02T07:57:29+00:00\" \/>\n<meta property=\"og:image\" content=\"https:\/\/bitcoinvn.io\/shop-2\/wp-content\/uploads\/2023\/12\/IMG_20240412_093404-2.jpg\" \/>\n\t<meta property=\"og:image:width\" content=\"480\" \/>\n\t<meta property=\"og:image:height\" content=\"480\" \/>\n\t<meta property=\"og:image:type\" content=\"image\/jpeg\" \/>\n<meta name=\"twitter:card\" content=\"summary_large_image\" \/>\n<meta name=\"twitter:site\" content=\"@bitcoinvnshop\" \/>\n<meta name=\"twitter:label1\" content=\"Est. reading time\" \/>\n\t<meta name=\"twitter:data1\" content=\"1 minute\" \/>\n<script type=\"application\/ld+json\" class=\"yoast-schema-graph\">{\"@context\":\"https:\/\/schema.org\",\"@graph\":[{\"@type\":\"WebPage\",\"@id\":\"https:\/\/bitcoinvn.io\/shop-2\/vi\/product\/the-luu-tru-bao-mat-tu-khoa-hat-giong-crypto\/\",\"url\":\"https:\/\/bitcoinvn.io\/shop-2\/vi\/product\/the-luu-tru-bao-mat-tu-khoa-hat-giong-crypto\/\",\"name\":\"Th\u1ebb L\u01b0u Tr\u1eef (B\u1ea3o m\u1eadt t\u1eeb kho\u00e1 h\u1ea1t gi\u1ed1ng crypto) - BitcoinVN Shop\",\"isPartOf\":{\"@id\":\"https:\/\/bitcoinvn.io\/shop-2\/#website\"},\"primaryImageOfPage\":{\"@id\":\"https:\/\/bitcoinvn.io\/shop-2\/vi\/product\/the-luu-tru-bao-mat-tu-khoa-hat-giong-crypto\/#primaryimage\"},\"image\":{\"@id\":\"https:\/\/bitcoinvn.io\/shop-2\/vi\/product\/the-luu-tru-bao-mat-tu-khoa-hat-giong-crypto\/#primaryimage\"},\"thumbnailUrl\":\"https:\/\/bitcoinvn.io\/shop-2\/wp-content\/uploads\/2023\/12\/IMG_20240412_093404-2.jpg\",\"datePublished\":\"2023-12-04T07:51:12+00:00\",\"dateModified\":\"2026-03-02T07:57:29+00:00\",\"description\":\"Th\u1ebb l\u01b0u tr\u1eef seed phrase b\u1eb1ng th\u00e9p ch\u00ednh h\u00e3ng \u0111\u00e3 c\u00f3 m\u1eb7t t\u1ea1i BitcoinVN Shop Vi\u1ec7t Nam. Ship COD to\u00e0n qu\u1ed1c, t\u1eb7ng 1h t\u01b0 v\u1ea5n b\u1ea3o m\u1eadt mi\u1ec5n ph\u00ed. Xem ngay!\",\"breadcrumb\":{\"@id\":\"https:\/\/bitcoinvn.io\/shop-2\/vi\/product\/the-luu-tru-bao-mat-tu-khoa-hat-giong-crypto\/#breadcrumb\"},\"inLanguage\":\"en-US\",\"potentialAction\":[{\"@type\":\"ReadAction\",\"target\":[\"https:\/\/bitcoinvn.io\/shop-2\/vi\/product\/the-luu-tru-bao-mat-tu-khoa-hat-giong-crypto\/\"]}]},{\"@type\":\"ImageObject\",\"inLanguage\":\"en-US\",\"@id\":\"https:\/\/bitcoinvn.io\/shop-2\/vi\/product\/the-luu-tru-bao-mat-tu-khoa-hat-giong-crypto\/#primaryimage\",\"url\":\"https:\/\/bitcoinvn.io\/shop-2\/wp-content\/uploads\/2023\/12\/IMG_20240412_093404-2.jpg\",\"contentUrl\":\"https:\/\/bitcoinvn.io\/shop-2\/wp-content\/uploads\/2023\/12\/IMG_20240412_093404-2.jpg\",\"width\":480,\"height\":480},{\"@type\":\"BreadcrumbList\",\"@id\":\"https:\/\/bitcoinvn.io\/shop-2\/vi\/product\/the-luu-tru-bao-mat-tu-khoa-hat-giong-crypto\/#breadcrumb\",\"itemListElement\":[{\"@type\":\"ListItem\",\"position\":1,\"name\":\"Home\",\"item\":\"https:\/\/bitcoinvn.io\/shop-2\/store\/\"},{\"@type\":\"ListItem\",\"position\":2,\"name\":\"Shop\",\"item\":\"https:\/\/bitcoinvn.io\/shop-2\/shop\/\"},{\"@type\":\"ListItem\",\"position\":3,\"name\":\"Th\u1ebb L\u01b0u Tr\u1eef (B\u1ea3o m\u1eadt t\u1eeb kho\u00e1 h\u1ea1t gi\u1ed1ng crypto)\"}]},{\"@type\":\"WebSite\",\"@id\":\"https:\/\/bitcoinvn.io\/shop-2\/#website\",\"url\":\"https:\/\/bitcoinvn.io\/shop-2\/\",\"name\":\"BitcoinVN Shop\",\"description\":\"Official Hardware Wallet Distributor in Vietnam\",\"publisher\":{\"@id\":\"https:\/\/bitcoinvn.io\/shop-2\/#organization\"},\"potentialAction\":[{\"@type\":\"SearchAction\",\"target\":{\"@type\":\"EntryPoint\",\"urlTemplate\":\"https:\/\/bitcoinvn.io\/shop-2\/?s={search_term_string}\"},\"query-input\":{\"@type\":\"PropertyValueSpecification\",\"valueRequired\":true,\"valueName\":\"search_term_string\"}}],\"inLanguage\":\"en-US\"},{\"@type\":\"Organization\",\"@id\":\"https:\/\/bitcoinvn.io\/shop-2\/#organization\",\"name\":\"BitcoinVN Shop\",\"url\":\"https:\/\/bitcoinvn.io\/shop-2\/\",\"logo\":{\"@type\":\"ImageObject\",\"inLanguage\":\"en-US\",\"@id\":\"https:\/\/bitcoinvn.io\/shop-2\/#\/schema\/logo\/image\/\",\"url\":\"https:\/\/bitcoinvn.io\/shop-2\/wp-content\/uploads\/2021\/03\/logo-bitcoinvn-shop.jpg\",\"contentUrl\":\"https:\/\/bitcoinvn.io\/shop-2\/wp-content\/uploads\/2021\/03\/logo-bitcoinvn-shop.jpg\",\"width\":1200,\"height\":675,\"caption\":\"BitcoinVN Shop\"},\"image\":{\"@id\":\"https:\/\/bitcoinvn.io\/shop-2\/#\/schema\/logo\/image\/\"},\"sameAs\":[\"https:\/\/www.facebook.com\/BitcoinVNShop\/\",\"https:\/\/x.com\/bitcoinvnshop\"]}]}<\/script>\n<!-- \/ Yoast SEO plugin. -->","yoast_head_json":{"title":"Th\u1ebb L\u01b0u Tr\u1eef (B\u1ea3o m\u1eadt t\u1eeb kho\u00e1 h\u1ea1t gi\u1ed1ng crypto) - BitcoinVN Shop","description":"Th\u1ebb l\u01b0u tr\u1eef seed phrase b\u1eb1ng th\u00e9p ch\u00ednh h\u00e3ng \u0111\u00e3 c\u00f3 m\u1eb7t t\u1ea1i BitcoinVN Shop Vi\u1ec7t Nam. Ship COD to\u00e0n qu\u1ed1c, t\u1eb7ng 1h t\u01b0 v\u1ea5n b\u1ea3o m\u1eadt mi\u1ec5n ph\u00ed. Xem ngay!","robots":{"index":"index","follow":"follow","max-snippet":"max-snippet:-1","max-image-preview":"max-image-preview:large","max-video-preview":"max-video-preview:-1"},"canonical":"https:\/\/bitcoinvn.io\/shop-2\/vi\/product\/the-luu-tru-bao-mat-tu-khoa-hat-giong-crypto\/","og_locale":"en_US","og_type":"article","og_title":"Th\u1ebb L\u01b0u Tr\u1eef (B\u1ea3o m\u1eadt t\u1eeb kho\u00e1 h\u1ea1t gi\u1ed1ng crypto) - BitcoinVN Shop","og_description":"Th\u1ebb l\u01b0u tr\u1eef seed phrase b\u1eb1ng th\u00e9p ch\u00ednh h\u00e3ng \u0111\u00e3 c\u00f3 m\u1eb7t t\u1ea1i BitcoinVN Shop Vi\u1ec7t Nam. Ship COD to\u00e0n qu\u1ed1c, t\u1eb7ng 1h t\u01b0 v\u1ea5n b\u1ea3o m\u1eadt mi\u1ec5n ph\u00ed. Xem ngay!","og_url":"https:\/\/bitcoinvn.io\/shop-2\/vi\/product\/the-luu-tru-bao-mat-tu-khoa-hat-giong-crypto\/","og_site_name":"BitcoinVN Shop","article_publisher":"https:\/\/www.facebook.com\/BitcoinVNShop\/","article_modified_time":"2026-03-02T07:57:29+00:00","og_image":[{"width":480,"height":480,"url":"https:\/\/bitcoinvn.io\/shop-2\/wp-content\/uploads\/2023\/12\/IMG_20240412_093404-2.jpg","type":"image\/jpeg"}],"twitter_card":"summary_large_image","twitter_site":"@bitcoinvnshop","twitter_misc":{"Est. reading time":"1 minute"},"schema":{"@context":"https:\/\/schema.org","@graph":[{"@type":"WebPage","@id":"https:\/\/bitcoinvn.io\/shop-2\/vi\/product\/the-luu-tru-bao-mat-tu-khoa-hat-giong-crypto\/","url":"https:\/\/bitcoinvn.io\/shop-2\/vi\/product\/the-luu-tru-bao-mat-tu-khoa-hat-giong-crypto\/","name":"Th\u1ebb L\u01b0u Tr\u1eef (B\u1ea3o m\u1eadt t\u1eeb kho\u00e1 h\u1ea1t gi\u1ed1ng crypto) - BitcoinVN Shop","isPartOf":{"@id":"https:\/\/bitcoinvn.io\/shop-2\/#website"},"primaryImageOfPage":{"@id":"https:\/\/bitcoinvn.io\/shop-2\/vi\/product\/the-luu-tru-bao-mat-tu-khoa-hat-giong-crypto\/#primaryimage"},"image":{"@id":"https:\/\/bitcoinvn.io\/shop-2\/vi\/product\/the-luu-tru-bao-mat-tu-khoa-hat-giong-crypto\/#primaryimage"},"thumbnailUrl":"https:\/\/bitcoinvn.io\/shop-2\/wp-content\/uploads\/2023\/12\/IMG_20240412_093404-2.jpg","datePublished":"2023-12-04T07:51:12+00:00","dateModified":"2026-03-02T07:57:29+00:00","description":"Th\u1ebb l\u01b0u tr\u1eef seed phrase b\u1eb1ng th\u00e9p ch\u00ednh h\u00e3ng \u0111\u00e3 c\u00f3 m\u1eb7t t\u1ea1i BitcoinVN Shop Vi\u1ec7t Nam. Ship COD to\u00e0n qu\u1ed1c, t\u1eb7ng 1h t\u01b0 v\u1ea5n b\u1ea3o m\u1eadt mi\u1ec5n ph\u00ed. Xem ngay!","breadcrumb":{"@id":"https:\/\/bitcoinvn.io\/shop-2\/vi\/product\/the-luu-tru-bao-mat-tu-khoa-hat-giong-crypto\/#breadcrumb"},"inLanguage":"en-US","potentialAction":[{"@type":"ReadAction","target":["https:\/\/bitcoinvn.io\/shop-2\/vi\/product\/the-luu-tru-bao-mat-tu-khoa-hat-giong-crypto\/"]}]},{"@type":"ImageObject","inLanguage":"en-US","@id":"https:\/\/bitcoinvn.io\/shop-2\/vi\/product\/the-luu-tru-bao-mat-tu-khoa-hat-giong-crypto\/#primaryimage","url":"https:\/\/bitcoinvn.io\/shop-2\/wp-content\/uploads\/2023\/12\/IMG_20240412_093404-2.jpg","contentUrl":"https:\/\/bitcoinvn.io\/shop-2\/wp-content\/uploads\/2023\/12\/IMG_20240412_093404-2.jpg","width":480,"height":480},{"@type":"BreadcrumbList","@id":"https:\/\/bitcoinvn.io\/shop-2\/vi\/product\/the-luu-tru-bao-mat-tu-khoa-hat-giong-crypto\/#breadcrumb","itemListElement":[{"@type":"ListItem","position":1,"name":"Home","item":"https:\/\/bitcoinvn.io\/shop-2\/store\/"},{"@type":"ListItem","position":2,"name":"Shop","item":"https:\/\/bitcoinvn.io\/shop-2\/shop\/"},{"@type":"ListItem","position":3,"name":"Th\u1ebb L\u01b0u Tr\u1eef (B\u1ea3o m\u1eadt t\u1eeb kho\u00e1 h\u1ea1t gi\u1ed1ng crypto)"}]},{"@type":"WebSite","@id":"https:\/\/bitcoinvn.io\/shop-2\/#website","url":"https:\/\/bitcoinvn.io\/shop-2\/","name":"BitcoinVN Shop","description":"Official Hardware Wallet Distributor in Vietnam","publisher":{"@id":"https:\/\/bitcoinvn.io\/shop-2\/#organization"},"potentialAction":[{"@type":"SearchAction","target":{"@type":"EntryPoint","urlTemplate":"https:\/\/bitcoinvn.io\/shop-2\/?s={search_term_string}"},"query-input":{"@type":"PropertyValueSpecification","valueRequired":true,"valueName":"search_term_string"}}],"inLanguage":"en-US"},{"@type":"Organization","@id":"https:\/\/bitcoinvn.io\/shop-2\/#organization","name":"BitcoinVN Shop","url":"https:\/\/bitcoinvn.io\/shop-2\/","logo":{"@type":"ImageObject","inLanguage":"en-US","@id":"https:\/\/bitcoinvn.io\/shop-2\/#\/schema\/logo\/image\/","url":"https:\/\/bitcoinvn.io\/shop-2\/wp-content\/uploads\/2021\/03\/logo-bitcoinvn-shop.jpg","contentUrl":"https:\/\/bitcoinvn.io\/shop-2\/wp-content\/uploads\/2021\/03\/logo-bitcoinvn-shop.jpg","width":1200,"height":675,"caption":"BitcoinVN Shop"},"image":{"@id":"https:\/\/bitcoinvn.io\/shop-2\/#\/schema\/logo\/image\/"},"sameAs":["https:\/\/www.facebook.com\/BitcoinVNShop\/","https:\/\/x.com\/bitcoinvnshop"]}]}},"lang":"vi","translations":{"vi":5012,"en":5005,"ja":6310,"ru":6868},"pll_sync_post":[],"_links":{"self":[{"href":"https:\/\/bitcoinvn.io\/shop-2\/wp-json\/wp\/v2\/product\/5012","targetHints":{"allow":["GET"]}}],"collection":[{"href":"https:\/\/bitcoinvn.io\/shop-2\/wp-json\/wp\/v2\/product"}],"about":[{"href":"https:\/\/bitcoinvn.io\/shop-2\/wp-json\/wp\/v2\/types\/product"}],"replies":[{"embeddable":true,"href":"https:\/\/bitcoinvn.io\/shop-2\/wp-json\/wp\/v2\/comments?post=5012"}],"wp:featuredmedia":[{"embeddable":true,"href":"https:\/\/bitcoinvn.io\/shop-2\/wp-json\/wp\/v2\/media\/5391"}],"wp:attachment":[{"href":"https:\/\/bitcoinvn.io\/shop-2\/wp-json\/wp\/v2\/media?parent=5012"}],"wp:term":[{"taxonomy":"product_brand","embeddable":true,"href":"https:\/\/bitcoinvn.io\/shop-2\/wp-json\/wp\/v2\/product_brand?post=5012"},{"taxonomy":"product_cat","embeddable":true,"href":"https:\/\/bitcoinvn.io\/shop-2\/wp-json\/wp\/v2\/product_cat?post=5012"},{"taxonomy":"product_tag","embeddable":true,"href":"https:\/\/bitcoinvn.io\/shop-2\/wp-json\/wp\/v2\/product_tag?post=5012"}],"curies":[{"name":"wp","href":"https:\/\/api.w.org\/{rel}","templated":true}]}}