{"id":4055,"date":"2023-04-03T15:44:36","date_gmt":"2023-04-03T08:44:36","guid":{"rendered":"https:\/\/bitcoinvn.io\/shop-2\/?post_type=product&#038;p=4055"},"modified":"2025-06-11T07:46:48","modified_gmt":"2025-06-11T00:46:48","slug":"sticker-pepe-crusader-large-100-pcs","status":"publish","type":"product","link":"https:\/\/bitcoinvn.io\/shop-2\/product\/sticker-pepe-crusader-large-100-pcs\/","title":{"rendered":"Pepe Crusader Sticker (Large &#8211; 100pcs)"},"content":{"rendered":"<p><span style=\"font-weight: 400;\">The ferocious wrath of Crusader Pepe will send shivers down the spines of Bitcoins enemies <\/span><span style=\"font-weight: 400;\">&#8211; paper Bitcoin peddlers who try to convince that self-custody is not the right choice for you.<\/span><\/p>\n<ul>\n<li><span style=\"font-weight: 400;\">\u20ab500,000 per 100 pieces<\/span><\/li>\n<li><span style=\"font-weight: 400;\">No mercy with the enemies of Bitcoin &#8211; <a href=\"https:\/\/bitcoinvn.io\/shop-2\/product\/pepe-crusader-sticker-large\/\" target=\"_blank\" rel=\"noopener\">Pepe Crusader<\/a> ain\u2019t playing no games.<\/span><\/li>\n<li><span style=\"font-weight: 400;\">Size: 20x20cm<\/span><\/li>\n<li><span style=\"font-weight: 400;\">Material: Decal<\/span><\/li>\n<\/ul>\n","protected":false},"excerpt":{"rendered":"<p><span style=\"font-weight: 400;\">The ferocious wrath of Crusader Pepe will send shivers down the spines of Bitcoins enemies <\/span><span style=\"font-weight: 400;\">&#8211; paper Bitcoin peddlers who try to convince that self-custody is not the right choice for you.<\/span><\/p>\n<ul>\n<li><span style=\"font-weight: 400;\">\u20ab500,000 per 100 pieces<\/span><\/li>\n<li><span style=\"font-weight: 400;\">No mercy with the enemies of Bitcoin &#8211; Pepe Crusader ain\u2019t playing no games.<\/span><\/li>\n<li><span style=\"font-weight: 400;\">Size: 20x20cm<\/span><\/li>\n<li><span style=\"font-weight: 400;\">Material: Decal<\/span><\/li>\n<\/ul>\n","protected":false},"featured_media":6958,"comment_status":"open","ping_status":"closed","template":"","meta":[],"product_brand":[],"product_cat":[125,137,15],"product_tag":[],"class_list":{"0":"post-4055","1":"product","2":"type-product","3":"status-publish","4":"has-post-thumbnail","6":"product_cat-gear","7":"product_cat-stickers","8":"product_cat-uncategorized","10":"first","11":"instock","12":"taxable","13":"shipping-taxable","14":"purchasable","15":"product-type-simple"},"yoast_head":"<!-- This site is optimized with the Yoast SEO plugin v27.2 - https:\/\/yoast.com\/product\/yoast-seo-wordpress\/ -->\n<title>Pepe Crusader Sticker (Large - 100pcs) - BitcoinVN Shop<\/title>\n<meta name=\"description\" content=\"Nh\u00e3n d\u00e1n Pepe Crusader \u2013 Ph\u1ee5 ki\u1ec7n nh\u00e3n d\u00e1n \u0111\u1ed9c \u0111\u00e1o v\u00e0 th\u00fa v\u1ecb! Mua ngay \u0111\u1ec3 trang tr\u00ed v\u00e0 th\u1ec3 hi\u1ec7n phong c\u00e1ch s\u1ed1ng c\u1ee7a b\u1ea1n!\" \/>\n<meta name=\"robots\" content=\"index, follow, max-snippet:-1, max-image-preview:large, max-video-preview:-1\" \/>\n<link rel=\"canonical\" href=\"https:\/\/bitcoinvn.io\/shop-2\/product\/sticker-pepe-crusader-large-100-pcs\/\" \/>\n<meta property=\"og:locale\" content=\"en_US\" \/>\n<meta property=\"og:type\" content=\"article\" \/>\n<meta property=\"og:title\" content=\"Pepe Crusader Sticker (Large - 100pcs) - BitcoinVN Shop\" \/>\n<meta property=\"og:description\" content=\"Nh\u00e3n d\u00e1n Pepe Crusader \u2013 Ph\u1ee5 ki\u1ec7n nh\u00e3n d\u00e1n \u0111\u1ed9c \u0111\u00e1o v\u00e0 th\u00fa v\u1ecb! Mua ngay \u0111\u1ec3 trang tr\u00ed v\u00e0 th\u1ec3 hi\u1ec7n phong c\u00e1ch s\u1ed1ng c\u1ee7a b\u1ea1n!\" \/>\n<meta property=\"og:url\" content=\"https:\/\/bitcoinvn.io\/shop-2\/product\/sticker-pepe-crusader-large-100-pcs\/\" \/>\n<meta property=\"og:site_name\" content=\"BitcoinVN Shop\" \/>\n<meta property=\"article:publisher\" content=\"https:\/\/www.facebook.com\/BitcoinVNShop\/\" \/>\n<meta property=\"article:modified_time\" content=\"2025-06-11T00:46:48+00:00\" \/>\n<meta property=\"og:image\" content=\"https:\/\/bitcoinvn.io\/shop-2\/wp-content\/uploads\/2023\/04\/pepe-crusader-sticker-large-1-scaled.jpg\" \/>\n\t<meta property=\"og:image:width\" content=\"2560\" \/>\n\t<meta property=\"og:image:height\" content=\"2560\" \/>\n\t<meta property=\"og:image:type\" content=\"image\/jpeg\" \/>\n<meta name=\"twitter:card\" content=\"summary_large_image\" \/>\n<meta name=\"twitter:site\" content=\"@bitcoinvnshop\" \/>\n<meta name=\"twitter:label1\" content=\"Est. reading time\" \/>\n\t<meta name=\"twitter:data1\" content=\"1 minute\" \/>\n<script type=\"application\/ld+json\" class=\"yoast-schema-graph\">{\"@context\":\"https:\/\/schema.org\",\"@graph\":[{\"@type\":\"WebPage\",\"@id\":\"https:\/\/bitcoinvn.io\/shop-2\/product\/sticker-pepe-crusader-large-100-pcs\/\",\"url\":\"https:\/\/bitcoinvn.io\/shop-2\/product\/sticker-pepe-crusader-large-100-pcs\/\",\"name\":\"Pepe Crusader Sticker (Large - 100pcs) - BitcoinVN Shop\",\"isPartOf\":{\"@id\":\"https:\/\/bitcoinvn.io\/shop-2\/#website\"},\"primaryImageOfPage\":{\"@id\":\"https:\/\/bitcoinvn.io\/shop-2\/product\/sticker-pepe-crusader-large-100-pcs\/#primaryimage\"},\"image\":{\"@id\":\"https:\/\/bitcoinvn.io\/shop-2\/product\/sticker-pepe-crusader-large-100-pcs\/#primaryimage\"},\"thumbnailUrl\":\"https:\/\/bitcoinvn.io\/shop-2\/wp-content\/uploads\/2023\/04\/pepe-crusader-sticker-large-1-scaled.jpg\",\"datePublished\":\"2023-04-03T08:44:36+00:00\",\"dateModified\":\"2025-06-11T00:46:48+00:00\",\"description\":\"Nh\u00e3n d\u00e1n Pepe Crusader \u2013 Ph\u1ee5 ki\u1ec7n nh\u00e3n d\u00e1n \u0111\u1ed9c \u0111\u00e1o v\u00e0 th\u00fa v\u1ecb! Mua ngay \u0111\u1ec3 trang tr\u00ed v\u00e0 th\u1ec3 hi\u1ec7n phong c\u00e1ch s\u1ed1ng c\u1ee7a b\u1ea1n!\",\"breadcrumb\":{\"@id\":\"https:\/\/bitcoinvn.io\/shop-2\/product\/sticker-pepe-crusader-large-100-pcs\/#breadcrumb\"},\"inLanguage\":\"en-US\",\"potentialAction\":[{\"@type\":\"ReadAction\",\"target\":[\"https:\/\/bitcoinvn.io\/shop-2\/product\/sticker-pepe-crusader-large-100-pcs\/\"]}]},{\"@type\":\"ImageObject\",\"inLanguage\":\"en-US\",\"@id\":\"https:\/\/bitcoinvn.io\/shop-2\/product\/sticker-pepe-crusader-large-100-pcs\/#primaryimage\",\"url\":\"https:\/\/bitcoinvn.io\/shop-2\/wp-content\/uploads\/2023\/04\/pepe-crusader-sticker-large-1-scaled.jpg\",\"contentUrl\":\"https:\/\/bitcoinvn.io\/shop-2\/wp-content\/uploads\/2023\/04\/pepe-crusader-sticker-large-1-scaled.jpg\",\"width\":2560,\"height\":2560,\"caption\":\"Pepe Crusader Sticker (large)\"},{\"@type\":\"BreadcrumbList\",\"@id\":\"https:\/\/bitcoinvn.io\/shop-2\/product\/sticker-pepe-crusader-large-100-pcs\/#breadcrumb\",\"itemListElement\":[{\"@type\":\"ListItem\",\"position\":1,\"name\":\"Home\",\"item\":\"https:\/\/bitcoinvn.io\/shop-2\/store\/\"},{\"@type\":\"ListItem\",\"position\":2,\"name\":\"Shop\",\"item\":\"https:\/\/bitcoinvn.io\/shop-2\/shop\/\"},{\"@type\":\"ListItem\",\"position\":3,\"name\":\"Pepe Crusader Sticker (Large &#8211; 100pcs)\"}]},{\"@type\":\"WebSite\",\"@id\":\"https:\/\/bitcoinvn.io\/shop-2\/#website\",\"url\":\"https:\/\/bitcoinvn.io\/shop-2\/\",\"name\":\"BitcoinVN Shop\",\"description\":\"Official Hardware Wallet Distributor in Vietnam\",\"publisher\":{\"@id\":\"https:\/\/bitcoinvn.io\/shop-2\/#organization\"},\"potentialAction\":[{\"@type\":\"SearchAction\",\"target\":{\"@type\":\"EntryPoint\",\"urlTemplate\":\"https:\/\/bitcoinvn.io\/shop-2\/?s={search_term_string}\"},\"query-input\":{\"@type\":\"PropertyValueSpecification\",\"valueRequired\":true,\"valueName\":\"search_term_string\"}}],\"inLanguage\":\"en-US\"},{\"@type\":\"Organization\",\"@id\":\"https:\/\/bitcoinvn.io\/shop-2\/#organization\",\"name\":\"BitcoinVN Shop\",\"url\":\"https:\/\/bitcoinvn.io\/shop-2\/\",\"logo\":{\"@type\":\"ImageObject\",\"inLanguage\":\"en-US\",\"@id\":\"https:\/\/bitcoinvn.io\/shop-2\/#\/schema\/logo\/image\/\",\"url\":\"https:\/\/bitcoinvn.io\/shop-2\/wp-content\/uploads\/2021\/03\/logo-bitcoinvn-shop.jpg\",\"contentUrl\":\"https:\/\/bitcoinvn.io\/shop-2\/wp-content\/uploads\/2021\/03\/logo-bitcoinvn-shop.jpg\",\"width\":1200,\"height\":675,\"caption\":\"BitcoinVN Shop\"},\"image\":{\"@id\":\"https:\/\/bitcoinvn.io\/shop-2\/#\/schema\/logo\/image\/\"},\"sameAs\":[\"https:\/\/www.facebook.com\/BitcoinVNShop\/\",\"https:\/\/x.com\/bitcoinvnshop\"]}]}<\/script>\n<!-- \/ Yoast SEO plugin. -->","yoast_head_json":{"title":"Pepe Crusader Sticker (Large - 100pcs) - BitcoinVN Shop","description":"Nh\u00e3n d\u00e1n Pepe Crusader \u2013 Ph\u1ee5 ki\u1ec7n nh\u00e3n d\u00e1n \u0111\u1ed9c \u0111\u00e1o v\u00e0 th\u00fa v\u1ecb! Mua ngay \u0111\u1ec3 trang tr\u00ed v\u00e0 th\u1ec3 hi\u1ec7n phong c\u00e1ch s\u1ed1ng c\u1ee7a b\u1ea1n!","robots":{"index":"index","follow":"follow","max-snippet":"max-snippet:-1","max-image-preview":"max-image-preview:large","max-video-preview":"max-video-preview:-1"},"canonical":"https:\/\/bitcoinvn.io\/shop-2\/product\/sticker-pepe-crusader-large-100-pcs\/","og_locale":"en_US","og_type":"article","og_title":"Pepe Crusader Sticker (Large - 100pcs) - BitcoinVN Shop","og_description":"Nh\u00e3n d\u00e1n Pepe Crusader \u2013 Ph\u1ee5 ki\u1ec7n nh\u00e3n d\u00e1n \u0111\u1ed9c \u0111\u00e1o v\u00e0 th\u00fa v\u1ecb! Mua ngay \u0111\u1ec3 trang tr\u00ed v\u00e0 th\u1ec3 hi\u1ec7n phong c\u00e1ch s\u1ed1ng c\u1ee7a b\u1ea1n!","og_url":"https:\/\/bitcoinvn.io\/shop-2\/product\/sticker-pepe-crusader-large-100-pcs\/","og_site_name":"BitcoinVN Shop","article_publisher":"https:\/\/www.facebook.com\/BitcoinVNShop\/","article_modified_time":"2025-06-11T00:46:48+00:00","og_image":[{"width":2560,"height":2560,"url":"https:\/\/bitcoinvn.io\/shop-2\/wp-content\/uploads\/2023\/04\/pepe-crusader-sticker-large-1-scaled.jpg","type":"image\/jpeg"}],"twitter_card":"summary_large_image","twitter_site":"@bitcoinvnshop","twitter_misc":{"Est. reading time":"1 minute"},"schema":{"@context":"https:\/\/schema.org","@graph":[{"@type":"WebPage","@id":"https:\/\/bitcoinvn.io\/shop-2\/product\/sticker-pepe-crusader-large-100-pcs\/","url":"https:\/\/bitcoinvn.io\/shop-2\/product\/sticker-pepe-crusader-large-100-pcs\/","name":"Pepe Crusader Sticker (Large - 100pcs) - BitcoinVN Shop","isPartOf":{"@id":"https:\/\/bitcoinvn.io\/shop-2\/#website"},"primaryImageOfPage":{"@id":"https:\/\/bitcoinvn.io\/shop-2\/product\/sticker-pepe-crusader-large-100-pcs\/#primaryimage"},"image":{"@id":"https:\/\/bitcoinvn.io\/shop-2\/product\/sticker-pepe-crusader-large-100-pcs\/#primaryimage"},"thumbnailUrl":"https:\/\/bitcoinvn.io\/shop-2\/wp-content\/uploads\/2023\/04\/pepe-crusader-sticker-large-1-scaled.jpg","datePublished":"2023-04-03T08:44:36+00:00","dateModified":"2025-06-11T00:46:48+00:00","description":"Nh\u00e3n d\u00e1n Pepe Crusader \u2013 Ph\u1ee5 ki\u1ec7n nh\u00e3n d\u00e1n \u0111\u1ed9c \u0111\u00e1o v\u00e0 th\u00fa v\u1ecb! Mua ngay \u0111\u1ec3 trang tr\u00ed v\u00e0 th\u1ec3 hi\u1ec7n phong c\u00e1ch s\u1ed1ng c\u1ee7a b\u1ea1n!","breadcrumb":{"@id":"https:\/\/bitcoinvn.io\/shop-2\/product\/sticker-pepe-crusader-large-100-pcs\/#breadcrumb"},"inLanguage":"en-US","potentialAction":[{"@type":"ReadAction","target":["https:\/\/bitcoinvn.io\/shop-2\/product\/sticker-pepe-crusader-large-100-pcs\/"]}]},{"@type":"ImageObject","inLanguage":"en-US","@id":"https:\/\/bitcoinvn.io\/shop-2\/product\/sticker-pepe-crusader-large-100-pcs\/#primaryimage","url":"https:\/\/bitcoinvn.io\/shop-2\/wp-content\/uploads\/2023\/04\/pepe-crusader-sticker-large-1-scaled.jpg","contentUrl":"https:\/\/bitcoinvn.io\/shop-2\/wp-content\/uploads\/2023\/04\/pepe-crusader-sticker-large-1-scaled.jpg","width":2560,"height":2560,"caption":"Pepe Crusader Sticker (large)"},{"@type":"BreadcrumbList","@id":"https:\/\/bitcoinvn.io\/shop-2\/product\/sticker-pepe-crusader-large-100-pcs\/#breadcrumb","itemListElement":[{"@type":"ListItem","position":1,"name":"Home","item":"https:\/\/bitcoinvn.io\/shop-2\/store\/"},{"@type":"ListItem","position":2,"name":"Shop","item":"https:\/\/bitcoinvn.io\/shop-2\/shop\/"},{"@type":"ListItem","position":3,"name":"Pepe Crusader Sticker (Large &#8211; 100pcs)"}]},{"@type":"WebSite","@id":"https:\/\/bitcoinvn.io\/shop-2\/#website","url":"https:\/\/bitcoinvn.io\/shop-2\/","name":"BitcoinVN Shop","description":"Official Hardware Wallet Distributor in Vietnam","publisher":{"@id":"https:\/\/bitcoinvn.io\/shop-2\/#organization"},"potentialAction":[{"@type":"SearchAction","target":{"@type":"EntryPoint","urlTemplate":"https:\/\/bitcoinvn.io\/shop-2\/?s={search_term_string}"},"query-input":{"@type":"PropertyValueSpecification","valueRequired":true,"valueName":"search_term_string"}}],"inLanguage":"en-US"},{"@type":"Organization","@id":"https:\/\/bitcoinvn.io\/shop-2\/#organization","name":"BitcoinVN Shop","url":"https:\/\/bitcoinvn.io\/shop-2\/","logo":{"@type":"ImageObject","inLanguage":"en-US","@id":"https:\/\/bitcoinvn.io\/shop-2\/#\/schema\/logo\/image\/","url":"https:\/\/bitcoinvn.io\/shop-2\/wp-content\/uploads\/2021\/03\/logo-bitcoinvn-shop.jpg","contentUrl":"https:\/\/bitcoinvn.io\/shop-2\/wp-content\/uploads\/2021\/03\/logo-bitcoinvn-shop.jpg","width":1200,"height":675,"caption":"BitcoinVN Shop"},"image":{"@id":"https:\/\/bitcoinvn.io\/shop-2\/#\/schema\/logo\/image\/"},"sameAs":["https:\/\/www.facebook.com\/BitcoinVNShop\/","https:\/\/x.com\/bitcoinvnshop"]}]}},"lang":"en","translations":{"en":4055,"vi":4059,"ru":6956},"pll_sync_post":[],"_links":{"self":[{"href":"https:\/\/bitcoinvn.io\/shop-2\/wp-json\/wp\/v2\/product\/4055","targetHints":{"allow":["GET"]}}],"collection":[{"href":"https:\/\/bitcoinvn.io\/shop-2\/wp-json\/wp\/v2\/product"}],"about":[{"href":"https:\/\/bitcoinvn.io\/shop-2\/wp-json\/wp\/v2\/types\/product"}],"replies":[{"embeddable":true,"href":"https:\/\/bitcoinvn.io\/shop-2\/wp-json\/wp\/v2\/comments?post=4055"}],"wp:featuredmedia":[{"embeddable":true,"href":"https:\/\/bitcoinvn.io\/shop-2\/wp-json\/wp\/v2\/media\/6958"}],"wp:attachment":[{"href":"https:\/\/bitcoinvn.io\/shop-2\/wp-json\/wp\/v2\/media?parent=4055"}],"wp:term":[{"taxonomy":"product_brand","embeddable":true,"href":"https:\/\/bitcoinvn.io\/shop-2\/wp-json\/wp\/v2\/product_brand?post=4055"},{"taxonomy":"product_cat","embeddable":true,"href":"https:\/\/bitcoinvn.io\/shop-2\/wp-json\/wp\/v2\/product_cat?post=4055"},{"taxonomy":"product_tag","embeddable":true,"href":"https:\/\/bitcoinvn.io\/shop-2\/wp-json\/wp\/v2\/product_tag?post=4055"}],"curies":[{"name":"wp","href":"https:\/\/api.w.org\/{rel}","templated":true}]}}