{"id":6210,"date":"2025-03-21T09:12:23","date_gmt":"2025-03-21T02:12:23","guid":{"rendered":"https:\/\/bitcoinvn.io\/shop-2\/?page_id=6210"},"modified":"2025-06-11T08:05:59","modified_gmt":"2025-06-11T01:05:59","slug":"faq","status":"publish","type":"page","link":"https:\/\/bitcoinvn.io\/shop-2\/ja\/faq\/","title":{"rendered":"\u3088\u304f\u3042\u308b\u8cea\u554f (FAQ)"},"content":{"rendered":"<ul>\n<li aria-level=\"1\"><a href=\"#voucher\"><b>\u3069\u3046\u3084\u3063\u3066\u30d0\u30a6\u30c1\u30e3\u30fc\uff0f\u7279\u5225\u5272\u5f15\u3092\u53d7\u3051\u53d6\u308c\u307e\u3059\u304b\uff1f<\/b><\/a><\/li>\n<li aria-level=\"1\"><a href=\"#discount\"><b>\u5927\u91cf\u8cfc\u5165\u306e\u5272\u5f15\u306f\u3042\u308a\u307e\u3059\u304b\uff1f<\/b><\/a><\/li>\n<li aria-level=\"1\"><a href=\"#purchase\"><b>\u5546\u54c1\u3092\u8cfc\u5165\u3059\u308b\u306b\u306f\u3069\u3046\u3059\u308c\u3070\u3088\u3044\u3067\u3059\u304b\uff1f<\/b><\/a><\/li>\n<li aria-level=\"1\"><a href=\"#shipping_fee\"><b>\u9001\u6599\u306f\u3044\u304f\u3089\u3067\u3059\u304b\uff1f<\/b><\/a><\/li>\n<li aria-level=\"1\"><a href=\"#payment_method\"><b>\u652f\u6255\u3044\u65b9\u6cd5\u306f\uff1f<\/b><\/a><\/li>\n<li aria-level=\"1\"><a href=\"#offline_purchase\"><b>\u76f4\u63a5\u8cfc\u5165\u3067\u304d\u307e\u3059\u304b\uff1f<\/b><\/a><\/li>\n<li aria-level=\"1\"><a href=\"#privacy\"><b>\u30d7\u30e9\u30a4\u30d0\u30b7\u30fc\u306b\u3064\u3044\u3066<\/b><\/a><\/li>\n<li aria-level=\"1\"><a href=\"#warranty\"><b>\u88fd\u54c1\u4fdd\u8a3c\u306b\u3064\u3044\u3066<\/b><\/a><\/li>\n<li aria-level=\"1\"><a href=\"#coinkite_warranty\"><strong>Coinkite\u306e\u4fdd\u8a3c\u30dd\u30ea\u30b7\u30fc<\/strong><\/a><\/li>\n<li aria-level=\"1\"><a href=\"#review\"><b>\u30b5\u30fc\u30d3\u30b9\u306e\u30ec\u30d3\u30e5\u30fc<\/b><\/a><\/li>\n<li aria-level=\"1\"><a href=\"#official_channels\"><strong>\u516c\u5f0f\u8ca9\u58f2\u30c1\u30e3\u30cd\u30eb\u4e00\u89a7<\/strong><\/a><\/li>\n<li aria-level=\"1\"><strong><a href=\"#delivery_time\">\u914d\u9001\uff08\u767a\u9001\uff09\u306b\u306f\u3069\u308c\u304f\u3089\u3044\u6642\u9593\u304c\u304b\u304b\u308a\u307e\u3059\u304b\uff1f<\/a><\/strong><\/li>\n<li aria-level=\"1\"><strong><a href=\"\" rel=\"noopener\">\u8fd4\u54c1\u30dd\u30ea\u30b7\u30fc<\/a><\/strong><\/li>\n<\/ul>\n<h4 id=\"voucher\"><b>\u30b7\u30e7\u30c3\u30d7\u306e\u30d0\u30a6\u30c1\u30e3\u30fc\u3084\u7279\u5225\u5272\u5f15\u3092\u53d7\u3051\u53d6\u308b\u306b\u306f\u3069\u3046\u3059\u308c\u3070\u3088\u3044\u3067\u3059\u304b\uff1f<\/b><\/h4>\n<p><a href=\"https:\/\/newsletter.bitcoinvn.io\/\">\u30cb\u30e5\u30fc\u30b9\u30ec\u30bf\u30fc\u3092\u767b\u9332<\/a> \u3059\u308b\u3060\u3051\u3067\u3001\u30d0\u30a6\u30c1\u30e3\u30fc\u3001\u7279\u5225\u5272\u5f15\u3001\u6708\u520a\u30cb\u30e5\u30fc\u30b9\u30ec\u30bf\u30fc\u3092\u53d7\u3051\u53d6\u308c\u307e\u3059\u3002<\/p>\n<h4 id=\"discount\"><b>\u5927\u91cf\u8cfc\u5165\u6642\u306e\u5272\u5f15\u306f\u3042\u308a\u307e\u3059\u304b\uff1f<\/b><\/h4>\n<p>\u5927\u91cf\u8cfc\u5165\u3092\u3054\u5e0c\u671b\u306e\u65b9\u306f\u3001<em><b>support@bitcoinvn.io<\/b><\/em> \u307e\u3067\u304a\u554f\u3044\u5408\u308f\u305b\u304f\u3060\u3055\u3044\u3002\u6700\u9069\u306a\u5272\u5f15\u3092\u63d0\u4f9b\u3044\u305f\u3057\u307e\u3059\u3002<\/p>\n<h4 id=\"purchase\"><b>\u5546\u54c1\u3092\u8cfc\u5165\u3059\u308b\u65b9\u6cd5\u306f\uff1f<\/b><\/h4>\n<p>\u5546\u54c1\u3092\u30ab\u30fc\u30c8\u306b\u8ffd\u52a0\u3057\u3001<a href=\"https:\/\/bitcoinvn.io\/shop-2\/cart\/\">\u300c\u30c1\u30a7\u30c3\u30af\u30a2\u30a6\u30c8\u300d<\/a> \u30dc\u30bf\u30f3\u3092\u30af\u30ea\u30c3\u30af\u3057\u3066\u304f\u3060\u3055\u3044\u3002\u305d\u306e\u5f8c\u3001\u304a\u5c4a\u3051\u5148\u60c5\u5831\u3068\u304a\u652f\u6255\u3044\u65b9\u6cd5\u3092\u9078\u629e\u3057\u3066\u304f\u3060\u3055\u3044\u3002<\/p>\n<h4 id=\"shipping_fee\"><b>\u9001\u6599\u306f\u3069\u306e\u304f\u3089\u3044\u304b\u304b\u308a\u307e\u3059\u304b\uff1f<\/b><\/h4>\n<p>2,100,000 VND \u4ee5\u4e0a\u306e\u3054\u6ce8\u6587\u306f\u9001\u6599\u7121\u6599\u3067\u3059\u3002<\/p>\n<h4 id=\"payment_method\"><b>\u5229\u7528\u3067\u304d\u308b\u652f\u6255\u3044\u65b9\u6cd5\u306f\uff1f<\/b><\/h4>\n<p><a href=\"https:\/\/news.bitcoinvn.io\/bitcoinvn-shop-accepts-lightning-payments\/\">\u30d3\u30c3\u30c8\u30b3\u30a4\u30f3<\/a>\u3001\u4ee3\u5f15\u304d\u3001\u56fd\u5185\u9280\u884c\u632f\u8fbc\uff08\u30d9\u30c8\u30ca\u30e0\uff09\u3067\u306e\u304a\u652f\u6255\u3044\u304c\u53ef\u80fd\u3067\u3059\u3002<\/p>\n<h4 id=\"offline_purchase\"><b>\u4f4f\u6240\u3092\u660e\u304b\u3055\u305a\u306b\u76f4\u63a5\u8cfc\u5165\u3067\u304d\u307e\u3059\u304b\uff1f<\/b><\/h4>\n<p>\u73fe\u5728\u3001BitcoinVN Shop \u3067\u306f\u5b9f\u5e97\u8217\u3067\u306e\u8ca9\u58f2\u3092\u884c\u3063\u3066\u304a\u308a\u307e\u305b\u3093\u3002\u305f\u3060\u3057\u3001\u30db\u30fc\u30c1\u30df\u30f3\u5e02\u306b\u304a\u4f4f\u307e\u3044\u306e\u65b9\u306f\u3001<em><b>support@bitcoinvn.io<\/b><\/em> \u307e\u3067\u304a\u554f\u3044\u5408\u308f\u305b\u304f\u3060\u3055\u3044\u3002<\/p>\n<h4 id=\"privacy\"><b>\u30a2\u30ab\u30a6\u30f3\u30c8\u767b\u9332\u306a\u3057\u3067\u3082\u8cfc\u5165\u3067\u304d\u307e\u3059\u304b\uff1f<\/b><\/h4>\n<p>\u306f\u3044\u3001\u53ef\u80fd\u3067\u3059\uff01<em><b>support@bitcoinvn.io<\/b><\/em> \u307e\u3067\u304a\u554f\u3044\u5408\u308f\u305b\u304f\u3060\u3055\u3044\u3002<\/p>\n<h4 id=\"warranty\"><b>\u30b7\u30e7\u30c3\u30d7\u306e\u4fdd\u8a3c\u30dd\u30ea\u30b7\u30fc\u306f\uff1f<\/b><\/h4>\n<p>BitcoinVN Shop \u306f <a href=\"https:\/\/news.bitcoinvn.io\/bitcoinvn-shop-official-reseller-trezor-vietnam\/\">Trezor<\/a>\u3001<a href=\"https:\/\/news.bitcoinvn.io\/official-reseller-ledger-hardware-vietnam\/\">Ledger<\/a>\u3001<a href=\"https:\/\/bitcoinvn.io\/news\/bitcoinvn-shop-tro-thanh-dai-ly-chinh-thuc-cua-blockstream-jade\/\">Blockstream<\/a> \u306e\u516c\u5f0f\u4ee3\u7406\u5e97\u3067\u3042\u308a\u3001\u5404\u30c7\u30d0\u30a4\u30b9\u306b\u306f 1 \u5e74\u9593\u306e\u4fdd\u8a3c\u304c\u4ed8\u3044\u3066\u3044\u307e\u3059\u3002<\/p>\n<h4 id=\"coinkite_warranty\"><b>Coinkite \u306e\u4fdd\u8a3c\u30dd\u30ea\u30b7\u30fc\u306f\uff1f<\/b><\/h4>\n<p><a href=\"https:\/\/bitcoinvn.io\/shop-2\/vi\/product-category\/coinkite\/\">Coinkite<\/a> \u88fd\u54c1\u306f\u300c\u73fe\u72b6\u8ca9\u58f2\u300d\u3068\u306a\u308a\u3001\u4fdd\u8a3c\u304c\u63d0\u4f9b\u3055\u308c\u307e\u305b\u3093\u3002<\/p>\n<h4 id=\"review\"><b>\u30b5\u30fc\u30d3\u30b9\u306b\u6e80\u8db3\u3057\u3066\u3044\u307e\u3059\u3002\u30ec\u30d3\u30e5\u30fc\u3092\u6295\u7a3f\u3067\u304d\u307e\u3059\u304b\uff1f<\/b><\/h4>\n<p>\u305c\u3072\u3001<a href=\"mailto:shop@bitcoinvn.io\">\u30a6\u30a7\u30d6\u30b5\u30a4\u30c8<\/a>\u3001<a href=\"https:\/\/www.trustpilot.com\/review\/bitcoinvn.io\">Trustpilot<\/a>\u3001<a href=\"https:\/\/www.facebook.com\/BitcoinVNShop\">Facebook<\/a> \u306b\u3054\u610f\u898b\u3092\u304a\u5bc4\u305b\u304f\u3060\u3055\u3044\u3002<\/p>\n<h4><b>\u30b5\u30fc\u30d3\u30b9\u306b\u4e0d\u6e80\u304c\u3042\u308b\u5834\u5408\u3001\u3069\u3053\u3067\u30d5\u30a3\u30fc\u30c9\u30d0\u30c3\u30af\u3067\u304d\u307e\u3059\u304b\uff1f<\/b><\/h4>\n<p><em><b>support@bitcoinvn.io<\/b><\/em> \u307e\u3067\u3054\u9023\u7d61\u304f\u3060\u3055\u3044\u3002\u554f\u984c\u89e3\u6c7a\u306e\u304a\u624b\u4f1d\u3044\u3092\u3057\u3001\u30b5\u30fc\u30d3\u30b9\u306e\u5411\u4e0a\u306b\u52aa\u3081\u307e\u3059\u3002<\/p>\n<h4 id=\"official_channels\"><strong>BV Shop \u306e\u516c\u5f0f\u8ca9\u58f2\u30c1\u30e3\u30cd\u30eb\u306f\uff1f<\/strong><\/h4>\n<p><a href=\"https:\/\/bitcoinvn.io\/shop-2\/vi\/danh-sach-kenh-chinh-thuc\/\">\u516c\u5f0f\u30c1\u30e3\u30cd\u30eb\u4e00\u89a7\u306f\u3053\u3061\u3089<\/a>\u3002<\/p>\n<h4 id=\"delivery_time\"><b>\u914d\u9001\u306b\u306f\u3069\u306e\u304f\u3089\u3044\u6642\u9593\u304c\u304b\u304b\u308a\u307e\u3059\u304b\uff1f<\/b><\/h4>\n<p>\u30db\u30fc\u30c1\u30df\u30f3\u5e02\u5185\u306f\u7d04 1 \u55b6\u696d\u65e5\u3001\u305d\u306e\u4ed6\u306e\u5730\u57df\u306f 3\uff5e4 \u55b6\u696d\u65e5\u7a0b\u5ea6\u3067\u3059\u3002<\/p>\n<h4 id=\"delivery_time\"><b>\u8fd4\u54c1\u30dd\u30ea\u30b7\u30fc<\/b><\/h4>\n<p>\u5546\u54c1\u53d7\u3051\u53d6\u308a\u6642\u3001\u914d\u9001\u54e1\u3068\u3068\u3082\u306b\u958b\u5c01\u3057\u3001\u30d3\u30c7\u30aa\u64ae\u5f71\u3092\u63a8\u5968\u3057\u307e\u3059\u3002\u958b\u5c01\u5f8c\u3001\u30b7\u30fc\u30eb\u304c\u7121\u50b7\u3067\u3042\u308a\u3001\u5546\u54c1\u306b\u30cf\u30fc\u30c9\u30a6\u30a7\u30a2\u3084\u6280\u8853\u7684\u306a\u6b20\u9665\u304c\u306a\u3044\u5834\u5408\u3001\u8fd4\u54c1\u306f\u3067\u304d\u307e\u305b\u3093\u3002<\/p>\n<p>\u30b5\u30dd\u30fc\u30c8\u304c\u5fc5\u8981\u306a\u5834\u5408\u306f\u3001<a href=\"https:\/\/www.facebook.com\/BitcoinVNShop\/?locale=vi_VN\" target=\"_blank\" rel=\"noopener\"><strong>Vilanh BTC BitcoinVN Shop<\/strong><\/a> \u306e Facebook \u307e\u305f\u306f <strong>098 345 8907<\/strong> \u307e\u3067\u304a\u554f\u3044\u5408\u308f\u305b\u304f\u3060\u3055\u3044\u3002<\/p>\n","protected":false},"excerpt":{"rendered":"<p>\u3069\u3046\u3084\u3063\u3066\u30d0\u30a6\u30c1\u30e3\u30fc\uff0f\u7279\u5225\u5272\u5f15\u3092\u53d7\u3051\u53d6\u308c\u307e\u3059\u304b\uff1f \u5927\u91cf\u8cfc\u5165\u306e\u5272\u5f15\u306f\u3042\u308a\u307e\u3059\u304b\uff1f \u5546\u54c1\u3092\u8cfc\u5165\u3059\u308b\u306b\u306f\u3069\u3046\u3059\u308c\u3070\u3088\u3044\u3067\u3059\u304b\uff1f \u9001\u6599\u306f\u3044\u304f\u3089\u3067\u3059\u304b\uff1f \u652f\u6255\u3044\u65b9\u6cd5\u306f\uff1f \u76f4\u63a5\u8cfc\u5165\u3067\u304d\u307e\u3059\u304b\uff1f \u30d7\u30e9\u30a4\u30d0\u30b7\u30fc\u306b\u3064\u3044\u3066 \u88fd\u54c1\u4fdd\u8a3c\u306b\u3064\u3044\u3066 Coinkite\u306e\u4fdd\u8a3c\u30dd\u30ea\u30b7\u30fc \u30b5\u30fc\u30d3\u30b9\u306e\u30ec\u30d3\u30e5\u30fc \u516c\u5f0f\u8ca9\u58f2\u30c1\u30e3\u30cd\u30eb\u4e00\u89a7 \u914d\u9001\uff08\u767a\u9001\uff09\u306b\u306f\u3069\u308c\u304f\u3089\u3044\u6642\u9593\u304c\u304b\u304b\u308a\u307e\u3059\u304b\uff1f \u8fd4\u54c1\u30dd\u30ea\u30b7\u30fc \u30b7\u30e7\u30c3\u30d7\u306e\u30d0\u30a6\u30c1\u30e3\u30fc\u3084\u7279\u5225\u5272\u5f15\u3092\u53d7\u3051\u53d6\u308b\u306b\u306f\u3069\u3046\u3059\u308c\u3070\u3088\u3044\u3067\u3059\u304b\uff1f \u30cb\u30e5\u30fc\u30b9\u30ec\u30bf\u30fc\u3092\u767b\u9332 \u3059\u308b\u3060\u3051\u3067\u3001\u30d0\u30a6\u30c1\u30e3\u30fc\u3001\u7279\u5225\u5272\u5f15\u3001\u6708\u520a\u30cb\u30e5\u30fc\u30b9\u30ec\u30bf\u30fc\u3092\u53d7\u3051\u53d6\u308c\u307e\u3059\u3002 \u5927\u91cf\u8cfc\u5165\u6642\u306e\u5272\u5f15\u306f\u3042\u308a\u307e\u3059\u304b\uff1f \u5927\u91cf\u8cfc\u5165\u3092\u3054\u5e0c\u671b\u306e\u65b9\u306f\u3001support@bitcoinvn.io \u307e\u3067\u304a\u554f\u3044\u5408\u308f\u305b\u304f\u3060\u3055\u3044\u3002\u6700\u9069\u306a\u5272\u5f15\u3092\u63d0\u4f9b\u3044\u305f\u3057\u307e\u3059\u3002 \u5546\u54c1\u3092\u8cfc\u5165\u3059\u308b\u65b9\u6cd5\u306f\uff1f \u5546\u54c1\u3092\u30ab\u30fc\u30c8\u306b\u8ffd\u52a0\u3057\u3001\u300c\u30c1\u30a7\u30c3\u30af\u30a2\u30a6\u30c8\u300d \u30dc\u30bf\u30f3\u3092\u30af\u30ea\u30c3\u30af\u3057\u3066\u304f\u3060\u3055\u3044\u3002\u305d\u306e\u5f8c\u3001\u304a\u5c4a\u3051\u5148\u60c5\u5831\u3068\u304a\u652f\u6255\u3044\u65b9\u6cd5\u3092\u9078\u629e\u3057\u3066\u304f\u3060\u3055\u3044\u3002 \u9001\u6599\u306f\u3069\u306e\u304f\u3089\u3044\u304b\u304b\u308a\u307e\u3059\u304b\uff1f 2,100,000 VND \u4ee5\u4e0a\u306e\u3054\u6ce8\u6587\u306f\u9001\u6599\u7121\u6599\u3067\u3059\u3002 \u5229\u7528\u3067\u304d\u308b\u652f\u6255\u3044\u65b9\u6cd5\u306f\uff1f \u30d3\u30c3\u30c8\u30b3\u30a4\u30f3\u3001\u4ee3\u5f15\u304d\u3001\u56fd\u5185\u9280\u884c\u632f\u8fbc\uff08\u30d9\u30c8\u30ca\u30e0\uff09\u3067\u306e\u304a\u652f\u6255\u3044\u304c\u53ef\u80fd\u3067\u3059\u3002 \u4f4f\u6240\u3092\u660e\u304b\u3055\u305a\u306b\u76f4\u63a5\u8cfc\u5165\u3067\u304d\u307e\u3059\u304b\uff1f \u73fe\u5728\u3001BitcoinVN Shop \u3067\u306f\u5b9f\u5e97\u8217\u3067\u306e\u8ca9\u58f2\u3092\u884c\u3063\u3066\u304a\u308a\u307e\u305b\u3093\u3002\u305f\u3060\u3057\u3001\u30db\u30fc\u30c1\u30df\u30f3\u5e02\u306b\u304a\u4f4f\u307e\u3044\u306e\u65b9\u306f\u3001support@bitcoinvn.io \u307e\u3067\u304a\u554f\u3044\u5408\u308f\u305b\u304f\u3060\u3055\u3044\u3002 \u30a2\u30ab\u30a6\u30f3\u30c8\u767b\u9332\u306a\u3057\u3067\u3082\u8cfc\u5165\u3067\u304d\u307e\u3059\u304b\uff1f \u306f\u3044\u3001\u53ef\u80fd\u3067\u3059\uff01support@bitcoinvn.io \u307e\u3067\u304a\u554f\u3044\u5408\u308f\u305b\u304f\u3060\u3055\u3044\u3002 \u30b7\u30e7\u30c3\u30d7\u306e\u4fdd\u8a3c\u30dd\u30ea\u30b7\u30fc\u306f\uff1f BitcoinVN Shop \u306f Trezor\u3001Ledger\u3001Blockstream \u306e\u516c\u5f0f\u4ee3\u7406\u5e97\u3067\u3042\u308a\u3001\u5404\u30c7\u30d0\u30a4\u30b9\u306b\u306f 1 \u5e74\u9593\u306e\u4fdd\u8a3c\u304c\u4ed8\u3044\u3066\u3044\u307e\u3059\u3002 Coinkite \u306e\u4fdd\u8a3c\u30dd\u30ea\u30b7\u30fc\u306f\uff1f Coinkite \u88fd\u54c1\u306f\u300c\u73fe\u72b6\u8ca9\u58f2\u300d\u3068\u306a\u308a\u3001\u4fdd\u8a3c\u304c\u63d0\u4f9b\u3055\u308c\u307e\u305b\u3093\u3002 \u30b5\u30fc\u30d3\u30b9\u306b\u6e80\u8db3\u3057\u3066\u3044\u307e\u3059\u3002\u30ec\u30d3\u30e5\u30fc\u3092\u6295\u7a3f\u3067\u304d\u307e\u3059\u304b\uff1f \u305c\u3072\u3001\u30a6\u30a7\u30d6\u30b5\u30a4\u30c8\u3001Trustpilot\u3001Facebook \u306b\u3054\u610f\u898b\u3092\u304a\u5bc4\u305b\u304f\u3060\u3055\u3044\u3002 \u30b5\u30fc\u30d3\u30b9\u306b\u4e0d\u6e80\u304c\u3042\u308b\u5834\u5408\u3001\u3069\u3053\u3067\u30d5\u30a3\u30fc\u30c9\u30d0\u30c3\u30af\u3067\u304d\u307e\u3059\u304b\uff1f support@bitcoinvn.io \u307e\u3067\u3054\u9023\u7d61\u304f\u3060\u3055\u3044\u3002\u554f\u984c\u89e3\u6c7a\u306e\u304a\u624b\u4f1d\u3044\u3092\u3057\u3001\u30b5\u30fc\u30d3\u30b9\u306e\u5411\u4e0a\u306b\u52aa\u3081\u307e\u3059\u3002 BV [&hellip;]<\/p>\n","protected":false},"author":4,"featured_media":0,"parent":0,"menu_order":0,"comment_status":"closed","ping_status":"closed","template":"","meta":{"footnotes":""},"class_list":["post-6210","page","type-page","status-publish","hentry"],"yoast_head":"<!-- This site is optimized with the Yoast SEO plugin v27.2 - https:\/\/yoast.com\/product\/yoast-seo-wordpress\/ -->\n<title>\u3088\u304f\u3042\u308b\u8cea\u554f (FAQ) - BitcoinVN Shop<\/title>\n<meta name=\"description\" content=\"Voucher\/\u01afu \u0111\u00e3i? Gi\u1ea3m gi\u00e1 mua s\u1ed1 l\u01b0\u1ee3ng l\u1edbn? L\u00e0m th\u1ebf n\u00e0o \u0111\u1ec3 mua? Ph\u00ed v\u1eadn chuy\u1ec3n? Ph\u01b0\u01a1ng th\u1ee9c thanh to\u00e1n? Mua tr\u1ef1c ti\u1ebfp? S\u1ef1 ri\u00eang t\u01b0? B\u1ea3o h\u00e0nh s\u1ea3n ph\u1ea9m? \u0110\u00e1nh gi\u00e1 d\u1ecbch v\u1ee5?\" \/>\n<meta name=\"robots\" content=\"index, follow, max-snippet:-1, max-image-preview:large, max-video-preview:-1\" \/>\n<link rel=\"canonical\" href=\"https:\/\/bitcoinvn.io\/shop-2\/ja\/faq\/\" \/>\n<meta property=\"og:locale\" content=\"en_US\" \/>\n<meta property=\"og:type\" content=\"article\" \/>\n<meta property=\"og:title\" content=\"\u3088\u304f\u3042\u308b\u8cea\u554f (FAQ) - BitcoinVN Shop\" \/>\n<meta property=\"og:description\" content=\"Voucher\/\u01afu \u0111\u00e3i? Gi\u1ea3m gi\u00e1 mua s\u1ed1 l\u01b0\u1ee3ng l\u1edbn? L\u00e0m th\u1ebf n\u00e0o \u0111\u1ec3 mua? Ph\u00ed v\u1eadn chuy\u1ec3n? Ph\u01b0\u01a1ng th\u1ee9c thanh to\u00e1n? Mua tr\u1ef1c ti\u1ebfp? S\u1ef1 ri\u00eang t\u01b0? B\u1ea3o h\u00e0nh s\u1ea3n ph\u1ea9m? \u0110\u00e1nh gi\u00e1 d\u1ecbch v\u1ee5?\" \/>\n<meta property=\"og:url\" content=\"https:\/\/bitcoinvn.io\/shop-2\/ja\/faq\/\" \/>\n<meta property=\"og:site_name\" content=\"BitcoinVN Shop\" \/>\n<meta property=\"article:publisher\" content=\"https:\/\/www.facebook.com\/BitcoinVNShop\/\" \/>\n<meta property=\"article:modified_time\" content=\"2025-06-11T01:05:59+00:00\" \/>\n<meta property=\"og:image\" content=\"https:\/\/bitcoinvn.io\/shop-2\/wp-content\/uploads\/2023\/08\/bvshop-twitter-card.jpg\" \/>\n\t<meta property=\"og:image:width\" content=\"1200\" \/>\n\t<meta property=\"og:image:height\" content=\"675\" \/>\n\t<meta property=\"og:image:type\" content=\"image\/jpeg\" \/>\n<meta name=\"twitter:card\" content=\"summary_large_image\" \/>\n<meta name=\"twitter:site\" content=\"@bitcoinvnshop\" \/>\n<meta name=\"twitter:label1\" content=\"Est. reading time\" \/>\n\t<meta name=\"twitter:data1\" content=\"1 minute\" \/>\n<script type=\"application\/ld+json\" class=\"yoast-schema-graph\">{\"@context\":\"https:\/\/schema.org\",\"@graph\":[{\"@type\":\"WebPage\",\"@id\":\"https:\/\/bitcoinvn.io\/shop-2\/ja\/faq\/\",\"url\":\"https:\/\/bitcoinvn.io\/shop-2\/ja\/faq\/\",\"name\":\"\u3088\u304f\u3042\u308b\u8cea\u554f (FAQ) - BitcoinVN Shop\",\"isPartOf\":{\"@id\":\"https:\/\/bitcoinvn.io\/shop-2\/#website\"},\"datePublished\":\"2025-03-21T02:12:23+00:00\",\"dateModified\":\"2025-06-11T01:05:59+00:00\",\"description\":\"Voucher\/\u01afu \u0111\u00e3i? Gi\u1ea3m gi\u00e1 mua s\u1ed1 l\u01b0\u1ee3ng l\u1edbn? L\u00e0m th\u1ebf n\u00e0o \u0111\u1ec3 mua? Ph\u00ed v\u1eadn chuy\u1ec3n? Ph\u01b0\u01a1ng th\u1ee9c thanh to\u00e1n? Mua tr\u1ef1c ti\u1ebfp? S\u1ef1 ri\u00eang t\u01b0? B\u1ea3o h\u00e0nh s\u1ea3n ph\u1ea9m? \u0110\u00e1nh gi\u00e1 d\u1ecbch v\u1ee5?\",\"breadcrumb\":{\"@id\":\"https:\/\/bitcoinvn.io\/shop-2\/ja\/faq\/#breadcrumb\"},\"inLanguage\":\"en-US\",\"potentialAction\":[{\"@type\":\"ReadAction\",\"target\":[\"https:\/\/bitcoinvn.io\/shop-2\/ja\/faq\/\"]}]},{\"@type\":\"BreadcrumbList\",\"@id\":\"https:\/\/bitcoinvn.io\/shop-2\/ja\/faq\/#breadcrumb\",\"itemListElement\":[{\"@type\":\"ListItem\",\"position\":1,\"name\":\"Home\",\"item\":\"https:\/\/bitcoinvn.io\/shop-2\/store\/\"},{\"@type\":\"ListItem\",\"position\":2,\"name\":\"\u3088\u304f\u3042\u308b\u8cea\u554f (FAQ)\"}]},{\"@type\":\"WebSite\",\"@id\":\"https:\/\/bitcoinvn.io\/shop-2\/#website\",\"url\":\"https:\/\/bitcoinvn.io\/shop-2\/\",\"name\":\"BitcoinVN Shop\",\"description\":\"Official Hardware Wallet Distributor in Vietnam\",\"publisher\":{\"@id\":\"https:\/\/bitcoinvn.io\/shop-2\/#organization\"},\"potentialAction\":[{\"@type\":\"SearchAction\",\"target\":{\"@type\":\"EntryPoint\",\"urlTemplate\":\"https:\/\/bitcoinvn.io\/shop-2\/?s={search_term_string}\"},\"query-input\":{\"@type\":\"PropertyValueSpecification\",\"valueRequired\":true,\"valueName\":\"search_term_string\"}}],\"inLanguage\":\"en-US\"},{\"@type\":\"Organization\",\"@id\":\"https:\/\/bitcoinvn.io\/shop-2\/#organization\",\"name\":\"BitcoinVN Shop\",\"url\":\"https:\/\/bitcoinvn.io\/shop-2\/\",\"logo\":{\"@type\":\"ImageObject\",\"inLanguage\":\"en-US\",\"@id\":\"https:\/\/bitcoinvn.io\/shop-2\/#\/schema\/logo\/image\/\",\"url\":\"https:\/\/bitcoinvn.io\/shop-2\/wp-content\/uploads\/2021\/03\/logo-bitcoinvn-shop.jpg\",\"contentUrl\":\"https:\/\/bitcoinvn.io\/shop-2\/wp-content\/uploads\/2021\/03\/logo-bitcoinvn-shop.jpg\",\"width\":1200,\"height\":675,\"caption\":\"BitcoinVN Shop\"},\"image\":{\"@id\":\"https:\/\/bitcoinvn.io\/shop-2\/#\/schema\/logo\/image\/\"},\"sameAs\":[\"https:\/\/www.facebook.com\/BitcoinVNShop\/\",\"https:\/\/x.com\/bitcoinvnshop\"]}]}<\/script>\n<!-- \/ Yoast SEO plugin. -->","yoast_head_json":{"title":"\u3088\u304f\u3042\u308b\u8cea\u554f (FAQ) - BitcoinVN Shop","description":"Voucher\/\u01afu \u0111\u00e3i? Gi\u1ea3m gi\u00e1 mua s\u1ed1 l\u01b0\u1ee3ng l\u1edbn? L\u00e0m th\u1ebf n\u00e0o \u0111\u1ec3 mua? Ph\u00ed v\u1eadn chuy\u1ec3n? Ph\u01b0\u01a1ng th\u1ee9c thanh to\u00e1n? Mua tr\u1ef1c ti\u1ebfp? S\u1ef1 ri\u00eang t\u01b0? B\u1ea3o h\u00e0nh s\u1ea3n ph\u1ea9m? \u0110\u00e1nh gi\u00e1 d\u1ecbch v\u1ee5?","robots":{"index":"index","follow":"follow","max-snippet":"max-snippet:-1","max-image-preview":"max-image-preview:large","max-video-preview":"max-video-preview:-1"},"canonical":"https:\/\/bitcoinvn.io\/shop-2\/ja\/faq\/","og_locale":"en_US","og_type":"article","og_title":"\u3088\u304f\u3042\u308b\u8cea\u554f (FAQ) - BitcoinVN Shop","og_description":"Voucher\/\u01afu \u0111\u00e3i? Gi\u1ea3m gi\u00e1 mua s\u1ed1 l\u01b0\u1ee3ng l\u1edbn? L\u00e0m th\u1ebf n\u00e0o \u0111\u1ec3 mua? Ph\u00ed v\u1eadn chuy\u1ec3n? Ph\u01b0\u01a1ng th\u1ee9c thanh to\u00e1n? Mua tr\u1ef1c ti\u1ebfp? S\u1ef1 ri\u00eang t\u01b0? B\u1ea3o h\u00e0nh s\u1ea3n ph\u1ea9m? \u0110\u00e1nh gi\u00e1 d\u1ecbch v\u1ee5?","og_url":"https:\/\/bitcoinvn.io\/shop-2\/ja\/faq\/","og_site_name":"BitcoinVN Shop","article_publisher":"https:\/\/www.facebook.com\/BitcoinVNShop\/","article_modified_time":"2025-06-11T01:05:59+00:00","og_image":[{"width":1200,"height":675,"url":"https:\/\/bitcoinvn.io\/shop-2\/wp-content\/uploads\/2023\/08\/bvshop-twitter-card.jpg","type":"image\/jpeg"}],"twitter_card":"summary_large_image","twitter_site":"@bitcoinvnshop","twitter_misc":{"Est. reading time":"1 minute"},"schema":{"@context":"https:\/\/schema.org","@graph":[{"@type":"WebPage","@id":"https:\/\/bitcoinvn.io\/shop-2\/ja\/faq\/","url":"https:\/\/bitcoinvn.io\/shop-2\/ja\/faq\/","name":"\u3088\u304f\u3042\u308b\u8cea\u554f (FAQ) - BitcoinVN Shop","isPartOf":{"@id":"https:\/\/bitcoinvn.io\/shop-2\/#website"},"datePublished":"2025-03-21T02:12:23+00:00","dateModified":"2025-06-11T01:05:59+00:00","description":"Voucher\/\u01afu \u0111\u00e3i? Gi\u1ea3m gi\u00e1 mua s\u1ed1 l\u01b0\u1ee3ng l\u1edbn? L\u00e0m th\u1ebf n\u00e0o \u0111\u1ec3 mua? Ph\u00ed v\u1eadn chuy\u1ec3n? Ph\u01b0\u01a1ng th\u1ee9c thanh to\u00e1n? Mua tr\u1ef1c ti\u1ebfp? S\u1ef1 ri\u00eang t\u01b0? B\u1ea3o h\u00e0nh s\u1ea3n ph\u1ea9m? \u0110\u00e1nh gi\u00e1 d\u1ecbch v\u1ee5?","breadcrumb":{"@id":"https:\/\/bitcoinvn.io\/shop-2\/ja\/faq\/#breadcrumb"},"inLanguage":"en-US","potentialAction":[{"@type":"ReadAction","target":["https:\/\/bitcoinvn.io\/shop-2\/ja\/faq\/"]}]},{"@type":"BreadcrumbList","@id":"https:\/\/bitcoinvn.io\/shop-2\/ja\/faq\/#breadcrumb","itemListElement":[{"@type":"ListItem","position":1,"name":"Home","item":"https:\/\/bitcoinvn.io\/shop-2\/store\/"},{"@type":"ListItem","position":2,"name":"\u3088\u304f\u3042\u308b\u8cea\u554f (FAQ)"}]},{"@type":"WebSite","@id":"https:\/\/bitcoinvn.io\/shop-2\/#website","url":"https:\/\/bitcoinvn.io\/shop-2\/","name":"BitcoinVN Shop","description":"Official Hardware Wallet Distributor in Vietnam","publisher":{"@id":"https:\/\/bitcoinvn.io\/shop-2\/#organization"},"potentialAction":[{"@type":"SearchAction","target":{"@type":"EntryPoint","urlTemplate":"https:\/\/bitcoinvn.io\/shop-2\/?s={search_term_string}"},"query-input":{"@type":"PropertyValueSpecification","valueRequired":true,"valueName":"search_term_string"}}],"inLanguage":"en-US"},{"@type":"Organization","@id":"https:\/\/bitcoinvn.io\/shop-2\/#organization","name":"BitcoinVN Shop","url":"https:\/\/bitcoinvn.io\/shop-2\/","logo":{"@type":"ImageObject","inLanguage":"en-US","@id":"https:\/\/bitcoinvn.io\/shop-2\/#\/schema\/logo\/image\/","url":"https:\/\/bitcoinvn.io\/shop-2\/wp-content\/uploads\/2021\/03\/logo-bitcoinvn-shop.jpg","contentUrl":"https:\/\/bitcoinvn.io\/shop-2\/wp-content\/uploads\/2021\/03\/logo-bitcoinvn-shop.jpg","width":1200,"height":675,"caption":"BitcoinVN Shop"},"image":{"@id":"https:\/\/bitcoinvn.io\/shop-2\/#\/schema\/logo\/image\/"},"sameAs":["https:\/\/www.facebook.com\/BitcoinVNShop\/","https:\/\/x.com\/bitcoinvnshop"]}]}},"lang":"ja","translations":{"ja":6210,"vi":3876,"en":3868},"pll_sync_post":[],"_links":{"self":[{"href":"https:\/\/bitcoinvn.io\/shop-2\/wp-json\/wp\/v2\/pages\/6210","targetHints":{"allow":["GET"]}}],"collection":[{"href":"https:\/\/bitcoinvn.io\/shop-2\/wp-json\/wp\/v2\/pages"}],"about":[{"href":"https:\/\/bitcoinvn.io\/shop-2\/wp-json\/wp\/v2\/types\/page"}],"author":[{"embeddable":true,"href":"https:\/\/bitcoinvn.io\/shop-2\/wp-json\/wp\/v2\/users\/4"}],"replies":[{"embeddable":true,"href":"https:\/\/bitcoinvn.io\/shop-2\/wp-json\/wp\/v2\/comments?post=6210"}],"version-history":[{"count":4,"href":"https:\/\/bitcoinvn.io\/shop-2\/wp-json\/wp\/v2\/pages\/6210\/revisions"}],"predecessor-version":[{"id":6214,"href":"https:\/\/bitcoinvn.io\/shop-2\/wp-json\/wp\/v2\/pages\/6210\/revisions\/6214"}],"wp:attachment":[{"href":"https:\/\/bitcoinvn.io\/shop-2\/wp-json\/wp\/v2\/media?parent=6210"}],"curies":[{"name":"wp","href":"https:\/\/api.w.org\/{rel}","templated":true}]}}