{"id":3897,"date":"2022-12-20T10:46:16","date_gmt":"2022-12-20T03:46:16","guid":{"rendered":"https:\/\/bitcoinvn.io\/shop-2\/?page_id=3897"},"modified":"2025-06-11T08:04:53","modified_gmt":"2025-06-11T01:04:53","slug":"official-channels","status":"publish","type":"page","link":"https:\/\/bitcoinvn.io\/shop-2\/vi\/official-channels\/","title":{"rendered":"Danh S\u00e1ch K\u00eanh Ch\u00ednh Th\u1ee9c"},"content":{"rendered":"<p><strong><span class=\"jCAhz ChMk0b\"><span class=\"ryNqvb\">D\u01b0\u1edbi \u0111\u00e2y l\u00e0 c\u00e1c k\u00eanh ch\u00ednh th\u1ee9c c\u1ee7a BV Shop.<\/span><\/span> <span class=\"jCAhz ChMk0b\"><span class=\"ryNqvb\">Ch\u00fang t\u00f4i ch\u1ec9 ho\u1ea1t \u0111\u1ed9ng tr\u00ean c\u00e1c trang web v\u00e0 n\u1ec1n t\u1ea3ng n\u00e0y.<\/span><\/span> <span class=\"jCAhz ChMk0b\"><span class=\"ryNqvb\">B\u1ea5t k\u1ef3 \u0111\u01a1n v\u1ecb n\u00e0o kh\u00f4ng \u0111\u01b0\u1ee3c \u0111\u1ec1 c\u1eadp \u0111\u1ec1u kh\u00f4ng thu\u1ed9c th\u01b0\u01a1ng hi\u1ec7u c\u1ee7a ch\u00fang t\u00f4i v\u00e0 c\u00f3 th\u1ec3 l\u00e0 gi\u1ea3 m\u1ea1o ho\u1eb7c t\u1eeb nh\u1eefng ng\u01b0\u1eddi b\u00e1n tr\u00e1i ph\u00e9p.<\/span><\/span><\/strong><\/p>\n<h2><strong>1. Website<\/strong><\/h2>\n<p><a href=\"https:\/\/bitcoinvn.io\/shop-2\/faq\/\">https:\/\/bitcoinvn.io\/shop-2\/faq\/<\/a><\/p>\n<h2><strong>2. Shopee:<\/strong><\/h2>\n<p><a href=\"https:\/\/shopee.vn\/bitcoinvn.io\">https:\/\/shopee.vn\/bitcoinvn.io<\/a><\/p>\n<h2><strong>3. Lazada:<\/strong><\/h2>\n<p><a href=\"https:\/\/www.lazada.vn\/shop\/vi-lanh-btc-bitcoinvn-shop-16160623602.\">https:\/\/www.lazada.vn\/shop\/vi-lanh-btc-bitcoinvn-shop-16160623602.<\/a><\/p>\n<h2><strong>4. Facebook:<\/strong><\/h2>\n<p><a href=\"https:\/\/www.facebook.com\/BitcoinVNShop\">https:\/\/www.facebook.com\/BitcoinVNShop<\/a><\/p>\n","protected":false},"excerpt":{"rendered":"<p>D\u01b0\u1edbi \u0111\u00e2y l\u00e0 c\u00e1c k\u00eanh ch\u00ednh th\u1ee9c c\u1ee7a BV Shop. Ch\u00fang t\u00f4i ch\u1ec9 ho\u1ea1t \u0111\u1ed9ng tr\u00ean c\u00e1c trang web v\u00e0 n\u1ec1n t\u1ea3ng n\u00e0y. B\u1ea5t k\u1ef3 \u0111\u01a1n v\u1ecb n\u00e0o kh\u00f4ng \u0111\u01b0\u1ee3c \u0111\u1ec1 c\u1eadp \u0111\u1ec1u kh\u00f4ng thu\u1ed9c th\u01b0\u01a1ng hi\u1ec7u c\u1ee7a ch\u00fang t\u00f4i v\u00e0 c\u00f3 th\u1ec3 l\u00e0 gi\u1ea3 m\u1ea1o ho\u1eb7c t\u1eeb nh\u1eefng ng\u01b0\u1eddi b\u00e1n tr\u00e1i ph\u00e9p. 1. Website [&hellip;]<\/p>\n","protected":false},"author":4,"featured_media":0,"parent":0,"menu_order":0,"comment_status":"closed","ping_status":"closed","template":"","meta":{"footnotes":""},"class_list":["post-3897","page","type-page","status-publish","hentry"],"yoast_head":"<!-- This site is optimized with the Yoast SEO plugin v27.2 - https:\/\/yoast.com\/product\/yoast-seo-wordpress\/ -->\n<title>Danh S\u00e1ch K\u00eanh Ch\u00ednh Th\u1ee9c - BitcoinVN Shop<\/title>\n<meta name=\"description\" content=\"C\u00e1c k\u00eanh ch\u00ednh th\u1ee9c c\u1ee7a BV Shop. B\u1ea5t k\u1ef3 \u0111\u01a1n v\u1ecb n\u00e0o kh\u00f4ng \u0111\u01b0\u1ee3c \u0111\u1ec1 c\u1eadp \u0111\u1ec1u kh\u00f4ng thu\u1ed9c th\u01b0\u01a1ng hi\u1ec7u c\u1ee7a ch\u00fang t\u00f4i v\u00e0 c\u00f3 th\u1ec3 l\u00e0 gi\u1ea3 m\u1ea1o ho\u1eb7c b\u00e1n tr\u00e1i ph\u00e9p.\" \/>\n<meta name=\"robots\" content=\"index, follow, max-snippet:-1, max-image-preview:large, max-video-preview:-1\" \/>\n<link rel=\"canonical\" href=\"https:\/\/bitcoinvn.io\/shop-2\/vi\/official-channels\/\" \/>\n<meta property=\"og:locale\" content=\"en_US\" \/>\n<meta property=\"og:type\" content=\"article\" \/>\n<meta property=\"og:title\" content=\"Danh S\u00e1ch K\u00eanh Ch\u00ednh Th\u1ee9c - BitcoinVN Shop\" \/>\n<meta property=\"og:description\" content=\"C\u00e1c k\u00eanh ch\u00ednh th\u1ee9c c\u1ee7a BV Shop. B\u1ea5t k\u1ef3 \u0111\u01a1n v\u1ecb n\u00e0o kh\u00f4ng \u0111\u01b0\u1ee3c \u0111\u1ec1 c\u1eadp \u0111\u1ec1u kh\u00f4ng thu\u1ed9c th\u01b0\u01a1ng hi\u1ec7u c\u1ee7a ch\u00fang t\u00f4i v\u00e0 c\u00f3 th\u1ec3 l\u00e0 gi\u1ea3 m\u1ea1o ho\u1eb7c b\u00e1n tr\u00e1i ph\u00e9p.\" \/>\n<meta property=\"og:url\" content=\"https:\/\/bitcoinvn.io\/shop-2\/vi\/official-channels\/\" \/>\n<meta property=\"og:site_name\" content=\"BitcoinVN Shop\" \/>\n<meta property=\"article:publisher\" content=\"https:\/\/www.facebook.com\/BitcoinVNShop\/\" \/>\n<meta property=\"article:modified_time\" content=\"2025-06-11T01:04:53+00:00\" \/>\n<meta property=\"og:image\" content=\"https:\/\/bitcoinvn.io\/shop-2\/wp-content\/uploads\/2023\/08\/bvshop-twitter-card.jpg\" \/>\n\t<meta property=\"og:image:width\" content=\"1200\" \/>\n\t<meta property=\"og:image:height\" content=\"675\" \/>\n\t<meta property=\"og:image:type\" content=\"image\/jpeg\" \/>\n<meta name=\"twitter:card\" content=\"summary_large_image\" \/>\n<meta name=\"twitter:site\" content=\"@bitcoinvnshop\" \/>\n<meta name=\"twitter:label1\" content=\"Est. reading time\" \/>\n\t<meta name=\"twitter:data1\" content=\"1 minute\" \/>\n<script type=\"application\/ld+json\" class=\"yoast-schema-graph\">{\"@context\":\"https:\/\/schema.org\",\"@graph\":[{\"@type\":\"WebPage\",\"@id\":\"https:\/\/bitcoinvn.io\/shop-2\/vi\/official-channels\/\",\"url\":\"https:\/\/bitcoinvn.io\/shop-2\/vi\/official-channels\/\",\"name\":\"Danh S\u00e1ch K\u00eanh Ch\u00ednh Th\u1ee9c - BitcoinVN Shop\",\"isPartOf\":{\"@id\":\"https:\/\/bitcoinvn.io\/shop-2\/#website\"},\"datePublished\":\"2022-12-20T03:46:16+00:00\",\"dateModified\":\"2025-06-11T01:04:53+00:00\",\"description\":\"C\u00e1c k\u00eanh ch\u00ednh th\u1ee9c c\u1ee7a BV Shop. B\u1ea5t k\u1ef3 \u0111\u01a1n v\u1ecb n\u00e0o kh\u00f4ng \u0111\u01b0\u1ee3c \u0111\u1ec1 c\u1eadp \u0111\u1ec1u kh\u00f4ng thu\u1ed9c th\u01b0\u01a1ng hi\u1ec7u c\u1ee7a ch\u00fang t\u00f4i v\u00e0 c\u00f3 th\u1ec3 l\u00e0 gi\u1ea3 m\u1ea1o ho\u1eb7c b\u00e1n tr\u00e1i ph\u00e9p.\",\"breadcrumb\":{\"@id\":\"https:\/\/bitcoinvn.io\/shop-2\/vi\/official-channels\/#breadcrumb\"},\"inLanguage\":\"en-US\",\"potentialAction\":[{\"@type\":\"ReadAction\",\"target\":[\"https:\/\/bitcoinvn.io\/shop-2\/vi\/official-channels\/\"]}]},{\"@type\":\"BreadcrumbList\",\"@id\":\"https:\/\/bitcoinvn.io\/shop-2\/vi\/official-channels\/#breadcrumb\",\"itemListElement\":[{\"@type\":\"ListItem\",\"position\":1,\"name\":\"Home\",\"item\":\"https:\/\/bitcoinvn.io\/shop-2\/store\/\"},{\"@type\":\"ListItem\",\"position\":2,\"name\":\"Danh S\u00e1ch K\u00eanh Ch\u00ednh Th\u1ee9c\"}]},{\"@type\":\"WebSite\",\"@id\":\"https:\/\/bitcoinvn.io\/shop-2\/#website\",\"url\":\"https:\/\/bitcoinvn.io\/shop-2\/\",\"name\":\"BitcoinVN Shop\",\"description\":\"Official Hardware Wallet Distributor in Vietnam\",\"publisher\":{\"@id\":\"https:\/\/bitcoinvn.io\/shop-2\/#organization\"},\"potentialAction\":[{\"@type\":\"SearchAction\",\"target\":{\"@type\":\"EntryPoint\",\"urlTemplate\":\"https:\/\/bitcoinvn.io\/shop-2\/?s={search_term_string}\"},\"query-input\":{\"@type\":\"PropertyValueSpecification\",\"valueRequired\":true,\"valueName\":\"search_term_string\"}}],\"inLanguage\":\"en-US\"},{\"@type\":\"Organization\",\"@id\":\"https:\/\/bitcoinvn.io\/shop-2\/#organization\",\"name\":\"BitcoinVN Shop\",\"url\":\"https:\/\/bitcoinvn.io\/shop-2\/\",\"logo\":{\"@type\":\"ImageObject\",\"inLanguage\":\"en-US\",\"@id\":\"https:\/\/bitcoinvn.io\/shop-2\/#\/schema\/logo\/image\/\",\"url\":\"https:\/\/bitcoinvn.io\/shop-2\/wp-content\/uploads\/2021\/03\/logo-bitcoinvn-shop.jpg\",\"contentUrl\":\"https:\/\/bitcoinvn.io\/shop-2\/wp-content\/uploads\/2021\/03\/logo-bitcoinvn-shop.jpg\",\"width\":1200,\"height\":675,\"caption\":\"BitcoinVN Shop\"},\"image\":{\"@id\":\"https:\/\/bitcoinvn.io\/shop-2\/#\/schema\/logo\/image\/\"},\"sameAs\":[\"https:\/\/www.facebook.com\/BitcoinVNShop\/\",\"https:\/\/x.com\/bitcoinvnshop\"]}]}<\/script>\n<!-- \/ Yoast SEO plugin. -->","yoast_head_json":{"title":"Danh S\u00e1ch K\u00eanh Ch\u00ednh Th\u1ee9c - BitcoinVN Shop","description":"C\u00e1c k\u00eanh ch\u00ednh th\u1ee9c c\u1ee7a BV Shop. B\u1ea5t k\u1ef3 \u0111\u01a1n v\u1ecb n\u00e0o kh\u00f4ng \u0111\u01b0\u1ee3c \u0111\u1ec1 c\u1eadp \u0111\u1ec1u kh\u00f4ng thu\u1ed9c th\u01b0\u01a1ng hi\u1ec7u c\u1ee7a ch\u00fang t\u00f4i v\u00e0 c\u00f3 th\u1ec3 l\u00e0 gi\u1ea3 m\u1ea1o ho\u1eb7c b\u00e1n tr\u00e1i ph\u00e9p.","robots":{"index":"index","follow":"follow","max-snippet":"max-snippet:-1","max-image-preview":"max-image-preview:large","max-video-preview":"max-video-preview:-1"},"canonical":"https:\/\/bitcoinvn.io\/shop-2\/vi\/official-channels\/","og_locale":"en_US","og_type":"article","og_title":"Danh S\u00e1ch K\u00eanh Ch\u00ednh Th\u1ee9c - BitcoinVN Shop","og_description":"C\u00e1c k\u00eanh ch\u00ednh th\u1ee9c c\u1ee7a BV Shop. B\u1ea5t k\u1ef3 \u0111\u01a1n v\u1ecb n\u00e0o kh\u00f4ng \u0111\u01b0\u1ee3c \u0111\u1ec1 c\u1eadp \u0111\u1ec1u kh\u00f4ng thu\u1ed9c th\u01b0\u01a1ng hi\u1ec7u c\u1ee7a ch\u00fang t\u00f4i v\u00e0 c\u00f3 th\u1ec3 l\u00e0 gi\u1ea3 m\u1ea1o ho\u1eb7c b\u00e1n tr\u00e1i ph\u00e9p.","og_url":"https:\/\/bitcoinvn.io\/shop-2\/vi\/official-channels\/","og_site_name":"BitcoinVN Shop","article_publisher":"https:\/\/www.facebook.com\/BitcoinVNShop\/","article_modified_time":"2025-06-11T01:04:53+00:00","og_image":[{"width":1200,"height":675,"url":"https:\/\/bitcoinvn.io\/shop-2\/wp-content\/uploads\/2023\/08\/bvshop-twitter-card.jpg","type":"image\/jpeg"}],"twitter_card":"summary_large_image","twitter_site":"@bitcoinvnshop","twitter_misc":{"Est. reading time":"1 minute"},"schema":{"@context":"https:\/\/schema.org","@graph":[{"@type":"WebPage","@id":"https:\/\/bitcoinvn.io\/shop-2\/vi\/official-channels\/","url":"https:\/\/bitcoinvn.io\/shop-2\/vi\/official-channels\/","name":"Danh S\u00e1ch K\u00eanh Ch\u00ednh Th\u1ee9c - BitcoinVN Shop","isPartOf":{"@id":"https:\/\/bitcoinvn.io\/shop-2\/#website"},"datePublished":"2022-12-20T03:46:16+00:00","dateModified":"2025-06-11T01:04:53+00:00","description":"C\u00e1c k\u00eanh ch\u00ednh th\u1ee9c c\u1ee7a BV Shop. B\u1ea5t k\u1ef3 \u0111\u01a1n v\u1ecb n\u00e0o kh\u00f4ng \u0111\u01b0\u1ee3c \u0111\u1ec1 c\u1eadp \u0111\u1ec1u kh\u00f4ng thu\u1ed9c th\u01b0\u01a1ng hi\u1ec7u c\u1ee7a ch\u00fang t\u00f4i v\u00e0 c\u00f3 th\u1ec3 l\u00e0 gi\u1ea3 m\u1ea1o ho\u1eb7c b\u00e1n tr\u00e1i ph\u00e9p.","breadcrumb":{"@id":"https:\/\/bitcoinvn.io\/shop-2\/vi\/official-channels\/#breadcrumb"},"inLanguage":"en-US","potentialAction":[{"@type":"ReadAction","target":["https:\/\/bitcoinvn.io\/shop-2\/vi\/official-channels\/"]}]},{"@type":"BreadcrumbList","@id":"https:\/\/bitcoinvn.io\/shop-2\/vi\/official-channels\/#breadcrumb","itemListElement":[{"@type":"ListItem","position":1,"name":"Home","item":"https:\/\/bitcoinvn.io\/shop-2\/store\/"},{"@type":"ListItem","position":2,"name":"Danh S\u00e1ch K\u00eanh Ch\u00ednh Th\u1ee9c"}]},{"@type":"WebSite","@id":"https:\/\/bitcoinvn.io\/shop-2\/#website","url":"https:\/\/bitcoinvn.io\/shop-2\/","name":"BitcoinVN Shop","description":"Official Hardware Wallet Distributor in Vietnam","publisher":{"@id":"https:\/\/bitcoinvn.io\/shop-2\/#organization"},"potentialAction":[{"@type":"SearchAction","target":{"@type":"EntryPoint","urlTemplate":"https:\/\/bitcoinvn.io\/shop-2\/?s={search_term_string}"},"query-input":{"@type":"PropertyValueSpecification","valueRequired":true,"valueName":"search_term_string"}}],"inLanguage":"en-US"},{"@type":"Organization","@id":"https:\/\/bitcoinvn.io\/shop-2\/#organization","name":"BitcoinVN Shop","url":"https:\/\/bitcoinvn.io\/shop-2\/","logo":{"@type":"ImageObject","inLanguage":"en-US","@id":"https:\/\/bitcoinvn.io\/shop-2\/#\/schema\/logo\/image\/","url":"https:\/\/bitcoinvn.io\/shop-2\/wp-content\/uploads\/2021\/03\/logo-bitcoinvn-shop.jpg","contentUrl":"https:\/\/bitcoinvn.io\/shop-2\/wp-content\/uploads\/2021\/03\/logo-bitcoinvn-shop.jpg","width":1200,"height":675,"caption":"BitcoinVN Shop"},"image":{"@id":"https:\/\/bitcoinvn.io\/shop-2\/#\/schema\/logo\/image\/"},"sameAs":["https:\/\/www.facebook.com\/BitcoinVNShop\/","https:\/\/x.com\/bitcoinvnshop"]}]}},"lang":"vi","translations":{"vi":3897,"en":3894},"pll_sync_post":[],"_links":{"self":[{"href":"https:\/\/bitcoinvn.io\/shop-2\/wp-json\/wp\/v2\/pages\/3897","targetHints":{"allow":["GET"]}}],"collection":[{"href":"https:\/\/bitcoinvn.io\/shop-2\/wp-json\/wp\/v2\/pages"}],"about":[{"href":"https:\/\/bitcoinvn.io\/shop-2\/wp-json\/wp\/v2\/types\/page"}],"author":[{"embeddable":true,"href":"https:\/\/bitcoinvn.io\/shop-2\/wp-json\/wp\/v2\/users\/4"}],"replies":[{"embeddable":true,"href":"https:\/\/bitcoinvn.io\/shop-2\/wp-json\/wp\/v2\/comments?post=3897"}],"version-history":[{"count":2,"href":"https:\/\/bitcoinvn.io\/shop-2\/wp-json\/wp\/v2\/pages\/3897\/revisions"}],"predecessor-version":[{"id":6131,"href":"https:\/\/bitcoinvn.io\/shop-2\/wp-json\/wp\/v2\/pages\/3897\/revisions\/6131"}],"wp:attachment":[{"href":"https:\/\/bitcoinvn.io\/shop-2\/wp-json\/wp\/v2\/media?parent=3897"}],"curies":[{"name":"wp","href":"https:\/\/api.w.org\/{rel}","templated":true}]}}