{"id":3876,"date":"2022-12-15T11:00:35","date_gmt":"2022-12-15T04:00:35","guid":{"rendered":"https:\/\/bitcoinvn.io\/shop-2\/faq\/"},"modified":"2025-06-11T08:04:46","modified_gmt":"2025-06-11T01:04:46","slug":"faq","status":"publish","type":"page","link":"https:\/\/bitcoinvn.io\/shop-2\/vi\/faq\/","title":{"rendered":"C\u00e2u H\u1ecfi Th\u01b0\u1eddng G\u1eb7p"},"content":{"rendered":"<ul>\n<li aria-level=\"1\"><a href=\"https:\/\/bitcoinvn.io\/shop-2\/vi\/cau-hoi-thuong-gap\/#voucher\"><b>L\u00e0m sao nh\u1eadn Voucher\/\u01afu \u0110\u00e3i?<\/b><\/a><\/li>\n<li aria-level=\"1\"><a href=\"https:\/\/bitcoinvn.io\/shop-2\/vi\/cau-hoi-thuong-gap\/#discount\"><b>Mua s\u1ed1 l\u01b0\u1ee3ng l\u1edbn c\u00f3 chi\u1ebft kh\u1ea5u g\u00ec kh\u00f4ng?<\/b><\/a><\/li>\n<li aria-level=\"1\"><a href=\"https:\/\/bitcoinvn.io\/shop-2\/vi\/cau-hoi-thuong-gap\/#purchase\"><b>L\u00e0m th\u1ebf n\u00e0o \u0111\u1ec3 mua h\u00e0ng?<\/b><\/a><\/li>\n<li aria-level=\"1\"><a href=\"https:\/\/bitcoinvn.io\/shop-2\/vi\/cau-hoi-thuong-gap\/#shipping_fee\"><b>Ph\u00ed v\u1eadn chuy\u1ec3n bao nhi\u00eau?<\/b><\/a><\/li>\n<li aria-level=\"1\"><a href=\"https:\/\/bitcoinvn.io\/shop-2\/vi\/cau-hoi-thuong-gap\/#payment_method\"><b>Ph\u01b0\u01a1ng th\u1ee9c thanh to\u00e1n?<\/b><\/a><\/li>\n<li aria-level=\"1\"><a href=\"https:\/\/bitcoinvn.io\/shop-2\/vi\/cau-hoi-thuong-gap\/#offline_purchase\"><b>Mua tr\u1ef1c ti\u1ebfp?<\/b><\/a><\/li>\n<li aria-level=\"1\"><a href=\"https:\/\/bitcoinvn.io\/shop-2\/vi\/cau-hoi-thuong-gap\/#privacy\"><b>Quy\u1ec1n ri\u00eang t\u01b0?<\/b><\/a><\/li>\n<li aria-level=\"1\"><a href=\"https:\/\/bitcoinvn.io\/shop-2\/vi\/cau-hoi-thuong-gap\/#warranty\"><b>B\u1ea3o h\u00e0nh s\u1ea3n ph\u1ea9m?<\/b><\/a><\/li>\n<li aria-level=\"1\"><a href=\"https:\/\/bitcoinvn.io\/shop-2\/vi\/cau-hoi-thuong-gap\/#coinkite_warranty\"><strong>Ch\u00ednh s\u00e1ch b\u1ea3o h\u00e0nh c\u1ee7a Coinkite<\/strong><\/a><\/li>\n<li aria-level=\"1\"><a href=\"https:\/\/bitcoinvn.io\/shop-2\/vi\/cau-hoi-thuong-gap\/#review\"><b>\u0110\u00e1nh gi\u00e1 d\u1ecbch v\u1ee5<\/b><\/a><\/li>\n<li aria-level=\"1\"><a href=\"https:\/\/bitcoinvn.io\/shop-2\/vi\/cau-hoi-thuong-gap\/#official_channels\"><strong>Danh s\u00e1ch k\u00eanh b\u00e1n h\u00e0ng ch\u00ednh th\u1ee9c<\/strong><\/a><\/li>\n<li aria-level=\"1\"><strong><a href=\"https:\/\/bitcoinvn.io\/shop-2\/vi\/cau-hoi-thuong-gap\/#delivery_time\">Th\u1eddi gian v\u1eadn chuy\u1ec3n (ship) bao l\u00e2u?<\/a><\/strong><\/li>\n<li aria-level=\"1\"><strong><a href=\"https:\/\/bitcoinvn.io\/shop-2\/vi\/quy-dinh-doi-tra\/\" rel=\"noopener\">Quy \u0111\u1ecbnh \u0111\u1ed5i tr\u1ea3 s\u1ea3n ph\u1ea9m<\/a><\/strong><\/li>\n<\/ul>\n<h4 id=\"voucher\"><b>L\u00e0m th\u1ebf n\u00e0o \u0111\u1ec3 t\u00f4i nh\u1eadn \u0111\u01b0\u1ee3c phi\u1ebfu gi\u1ea3m gi\u00e1 v\u00e0 \u01b0u \u0111\u00e3i \u0111\u1eb7c bi\u1ec7t c\u1ee7a shop?<\/b><\/h4>\n<p><span style=\"font-weight: 400;\">Ch\u1ec9 c\u1ea7n<\/span><a href=\"https:\/\/newsletter.bitcoinvn.io\/\"> <span style=\"font-weight: 400;\">\u0111\u0103ng k\u00fd nh\u1eadn tin c\u1ee7a ch\u00fang t\u00f4i<\/span><\/a><span style=\"font-weight: 400;\">, b\u1ea1n \u0111\u00e3 \u0111\u1ee7 \u0111i\u1ec1u ki\u1ec7n nh\u1eadn phi\u1ebfu gi\u1ea3m gi\u00e1, \u01b0u \u0111\u00e3i \u0111\u1eb7c bi\u1ec7t v\u00e0 b\u1ea3n tin h\u00e0ng th\u00e1ng c\u1ee7a Shop BitcoinVN\u00a0<\/span><\/p>\n<h4 id=\"discount\"><b>Khi mua h\u00e0ng s\u1ed1 l\u01b0\u1ee3ng l\u1edbn, shop c\u00f3 \u01b0u \u0111\u00e3i g\u00ec kh\u00f4ng?<\/b><\/h4>\n<p><span style=\"font-weight: 400;\">Vui l\u00f2ng li\u00ean h\u1ec7 v\u1edbi nh\u00f3m <\/span><em><b>support@bitcoinvn.io<\/b><\/em><span style=\"font-weight: 400;\"> \u0111\u1ec3 mua h\u00e0ng s\u1ed1 l\u01b0\u1ee3ng l\u1edbn v\u1edbi chi\u1ebft kh\u1ea5u t\u1ed1t nh\u1ea5t.<\/span><\/p>\n<h4 id=\"purchase\"><b>L\u00e0m th\u1ebf n\u00e0o \u0111\u1ec3 mua h\u00e0ng?<\/b><\/h4>\n<p><span style=\"font-weight: 400;\">B\u1ea1n ch\u1ec9 c\u1ea7n th\u00eam c\u00e1c m\u1eb7t h\u00e0ng b\u1ea1n mu\u1ed1n mua v\u00e0o gi\u1ecf h\u00e0ng c\u1ee7a m\u00ecnh v\u00e0 nh\u1ea5n n\u00fat <\/span><a href=\"https:\/\/bitcoinvn.io\/shop-2\/cart\/\"><span style=\"font-weight: 400;\">TI\u1ebeN H\u00c0NH THANH TO\u00c1N<\/span><\/a><span style=\"font-weight: 400;\">.<\/span><\/p>\n<p><span style=\"font-weight: 400;\">L\u00fac n\u00e0y, b\u1ea1n s\u1ebd \u0111\u01b0\u1ee3c y\u00eau c\u1ea7u cung c\u1ea5p th\u00f4ng tin nh\u1eadn h\u00e0ng v\u00e0 ph\u01b0\u01a1ng th\u1ee9c thanh to\u00e1n b\u1ea1n mu\u1ed1n s\u1eed d\u1ee5ng.<\/span><\/p>\n<p><span style=\"font-weight: 400;\">\u00a0N\u1ebfu g\u1eb7p ph\u1ea3i b\u1ea5t k\u1ef3 v\u1ea5n \u0111\u1ec1 n\u00e0o v\u1edbi \u0111\u01a1n \u0111\u1eb7t h\u00e0ng c\u1ee7a m\u00ecnh, b\u1ea1n vui l\u00f2ng li\u00ean h\u1ec7 v\u1edbi <em><b>support@bitcoinvn.io<\/b><\/em><\/span><span style=\"font-weight: 400;\">. Ch\u00fang t\u00f4i s\u1ebd gi\u1ea3i quy\u1ebft v\u1ea5n \u0111\u1ec1 c\u1ee7a b\u1ea1n ngay l\u1eadp t\u1ee9c.<\/span><\/p>\n<h4 id=\"shipping_fee\"><b>Ph\u00ed v\u1eadn chuy\u1ec3n nh\u01b0 th\u1ebf n\u00e0o?<\/b><\/h4>\n<p>Mi\u1ec5n ph\u00ed giao h\u00e0ng cho \u0111\u01a1n h\u00e0ng c\u00f3 gi\u00e1 tr\u1ecb t\u1ed1i thi\u1ec3u t\u1eeb 2.100.000 VN\u0110.<\/p>\n<h4 id=\"payment_method\"><b>B\u1ea1n c\u00f3 th\u1ec3 ch\u1ecdn h\u00ecnh th\u1ee9c thanh to\u00e1n n\u00e0o?<\/b><\/h4>\n<p><span style=\"font-weight: 400;\">B\u1ea1n c\u00f3 th\u1ec3 <\/span><a href=\"https:\/\/news.bitcoinvn.io\/bitcoinvn-shop-accepts-lightning-payments\/\"><span style=\"font-weight: 400;\">thanh to\u00e1n b\u1eb1ng Bitcoin<\/span><\/a><span style=\"font-weight: 400;\">, tr\u1ea3 ti\u1ec1n m\u1eb7t khi nh\u1eadn h\u00e0ng ho\u1eb7c chuy\u1ec3n kho\u1ea3n ng\u00e2n h\u00e0ng n\u1ed9i \u0111\u1ecba (Vi\u1ec7t Nam).<\/span><\/p>\n<h4 id=\"offline_purchase\"><b>T\u00f4i mu\u1ed1n mua tr\u1ef1c ti\u1ebfp t\u1ea1i c\u1eeda h\u00e0ng \u0111\u01b0\u1ee3c kh\u00f4ng, \u0111\u1ec3 tr\u00e1nh l\u1ed9 th\u00f4ng tin \u0111\u1ecba ch\u1ec9?<\/b><\/h4>\n<p><span style=\"font-weight: 400;\">BitcoinVN Shop hi\u1ec7n ch\u01b0a v\u1eadn h\u00e0nh c\u1eeda h\u00e0ng offline.<\/span><\/p>\n<p><span style=\"font-weight: 400;\">Tuy nhi\u00ean, n\u1ebfu b\u1ea1n \u1edf TP. H\u1ed3 Ch\u00ed Minh v\u00e0 mu\u1ed1n mua tr\u1ef1c ti\u1ebfp, vui l\u00f2ng li\u00ean h\u1ec7 v\u1edbi <em><b>support@bitcoinvn.io<\/b><\/em><\/span><span style=\"font-weight: 400;\">\u00a0\u0111\u1ec3 \u0111\u01b0\u1ee3c h\u1ed7 tr\u1ee3 nhanh nh\u1ea5t.<\/span><\/p>\n<h4 id=\"privacy\"><b>N\u1ebfu kh\u00f4ng \u0111\u0103ng k\u00fd t\u00e0i kho\u1ea3n qua trang web c\u1ee7a shop, t\u00f4i v\u1eabn c\u00f3 th\u1ec3 mua h\u00e0ng ch\u1ee9?<\/b><\/h4>\n<p><span style=\"font-weight: 400;\">D\u0129 nhi\u00ean l\u00e0 c\u00f3!<\/span><\/p>\n<p><span style=\"font-weight: 400;\">Vui l\u00f2ng li\u00ean h\u1ec7 v\u1edbi <em><b>support@bitcoinvn.io<\/b><\/em><\/span><span style=\"font-weight: 400;\">\u00a0\u0111\u1ec3 \u0111\u01b0\u1ee3c h\u1ed7 tr\u1ee3 nh\u00e9!<\/span><\/p>\n<h4 id=\"warranty\"><b>Ch\u00ednh s\u00e1ch b\u1ea3o h\u00e0nh c\u1ee7a shop nh\u01b0 th\u1ebf n\u00e0o?<\/b><\/h4>\n<p><span style=\"font-weight: 400;\">BitcoinVN Shop l\u00e0 \u0111\u1ea1i l\u00fd ch\u00ednh th\u1ee9c c\u1ee7a v\u00ed c\u1ee9ng <\/span><a href=\"https:\/\/news.bitcoinvn.io\/bitcoinvn-shop-official-reseller-trezor-vietnam\/\"><span style=\"font-weight: 400;\">Trezor<\/span><\/a>,<span style=\"font-weight: 400;\">\u00a0<\/span><a href=\"https:\/\/news.bitcoinvn.io\/official-reseller-ledger-hardware-vietnam\/?_gl=1*c7y7o4*_ga*MjEwMzgzNzYyMS4xNjYyMzg0MzA0*_ga_KRG4QPNKQS*MTY3MDcyOTM4Ny44OC4xLjE2NzA3MzA0OTIuMC4wLjA.\"><span style=\"font-weight: 400;\">Ledger<\/span><\/a>\u00a0v\u00e0 <a href=\"https:\/\/bitcoinvn.io\/news\/bitcoinvn-shop-tro-thanh-dai-ly-chinh-thuc-cua-blockstream-jade\/\">Blockstream<\/a><span style=\"font-weight: 400;\">\u00a0t\u1ea1i Vi\u1ec7t Nam. V\u00ec v\u1eady, m\u1ed7i thi\u1ebft b\u1ecb b\u00e1n ra \u0111\u1ec1u \u0111\u01b0\u1ee3c b\u1ea3o h\u00e0nh 1 n\u0103m.<\/span><\/p>\n<p><span style=\"font-weight: 400;\">Vui l\u00f2ng li\u00ean h\u1ec7 v\u1edbi <em><b>support@bitcoinvn.io<\/b><\/em><\/span><span style=\"font-weight: 400;\">\u00a0n\u1ebfu v\u00ed Trezor ho\u1eb7c Ledger c\u1ee7a b\u1ea1n b\u1ecb l\u1ed7i trong th\u1eddi h\u1ea1n b\u1ea3o h\u00e0nh \u0111\u1ec3 \u0111\u01b0\u1ee3c h\u1ed7 tr\u1ee3 k\u1ecbp th\u1eddi.<\/span><\/p>\n<h4 id=\"coinkite_warranty\"><b>Ch\u00ednh s\u00e1ch b\u1ea3o h\u00e0nh c\u1ee7a Coinkite nh\u01b0 th\u1ebf n\u00e0o?<\/b><\/h4>\n<p><span class=\"jCAhz ChMk0b\"><span class=\"ryNqvb\"><a href=\"https:\/\/bitcoinvn.io\/shop-2\/vi\/product-category\/coinkite\/\">Coinkite<\/a> kh\u00f4ng cung c\u1ea5p b\u1ea3o h\u00e0nh cho c\u00e1c s\u1ea3n ph\u1ea9m c\u1ee7a h\u1ecd v\u00e0 ch\u00fang \u0111\u01b0\u1ee3c mua d\u01b0\u1edbi d\u1ea1ng &#8220;nguy\u00ean tr\u1ea1ng&#8221;. <\/span><\/span><span class=\"jCAhz ChMk0b\"><span class=\"ryNqvb\">V\u00ec l\u00ed do \u0111\u00f3, BitcoinVN Shop r\u1ea5t ti\u1ebfc kh\u00f4ng th\u1ec3 cung c\u1ea5p b\u1ea3o h\u00e0nh cho b\u1ea5t k\u1ef3 s\u1ea3n ph\u1ea9m Coinkite n\u00e0o \u0111\u01b0\u1ee3c mua th\u00f4ng qua c\u1eeda h\u00e0ng c\u1ee7a ch\u00fang t\u00f4i.<\/span><\/span><\/p>\n<p><span class=\"jCAhz ChMk0b\"><span class=\"ryNqvb\">Vui l\u00f2ng l\u01b0u \u00fd nh\u1eefng tr\u01b0\u1eddng h\u1ee3p n\u00e0y v\u00e0 c\u00e2n nh\u1eafc khi \u0111\u01b0a ra quy\u1ebft \u0111\u1ecbnh mua h\u00e0ng c\u1ee7a b\u1ea1n.<\/span><\/span><\/p>\n<h4 id=\"review\"><span style=\"font-weight: 400;\">\u00a0<\/span><b>T\u00f4i th\u1ef1c s\u1ef1 h\u00e0i l\u00f2ng v\u1edbi d\u1ecbch v\u1ee5 c\u1ee7a shop v\u00e0 mu\u1ed1n \u0111\u1ec3 l\u1ea1i \u0111\u00e1nh gi\u00e1 \u0111\u1ec3 gi\u00fap ng\u01b0\u1eddi mua sau ch\u1ecdn \u0111\u01b0\u1ee3c s\u1ea3n ph\u1ea9m t\u1ed1t! T\u00f4i c\u00f3 th\u1ec3 \u0111\u00e1nh gi\u00e1 \u1edf \u0111\u00e2u?<\/b><\/h4>\n<p><span style=\"font-weight: 400;\">M\u1ed7i \u0111\u00e1nh gi\u00e1 t\u00edch c\u1ef1c c\u1ee7a b\u1ea1n l\u00e0 \u0111\u1ed9ng l\u1ef1c to l\u1edbn c\u1ee7a ch\u00fang t\u00f4i.<\/span><\/p>\n<p><span style=\"font-weight: 400;\">H\u00e3y \u0111\u1ec3 l\u1ea1i \u00fd ki\u1ebfn c\u1ee7a b\u1ea1n tr\u00ean<\/span><a href=\"mailto:shop@bitcoinvn.io\"><span style=\"font-weight: 400;\"> trang web,<\/span><\/a> <a href=\"https:\/\/www.trustpilot.com\/review\/bitcoinvn.io?\"><span style=\"font-weight: 400;\">Trustpilot<\/span><\/a><span style=\"font-weight: 400;\"> ho\u1eb7c trang <\/span><a href=\"https:\/\/www.facebook.com\/BitcoinVNShop\"><span style=\"font-weight: 400;\">Facebook<\/span><\/a><span style=\"font-weight: 400;\"> c\u1ee7a shop.<\/span><\/p>\n<h4><b>N\u1ebfu kh\u00f4ng h\u00e0i l\u00f2ng v\u1edbi d\u1ecbch v\u1ee5 c\u1ee7a b\u1ea1n, t\u00f4i c\u00f3 th\u1ec3 g\u00f3p \u00fd v\u1edbi shop \u1edf \u0111\u00e2u?<\/b><\/h4>\n<p><span style=\"font-weight: 400;\">Ch\u00fang t\u00f4i r\u1ea5t mong nh\u1eadn \u0111\u01b0\u1ee3c \u00fd ki\u1ebfn c\u1ee7a b\u1ea1n t\u1ea1i <em><b>support@bitcoinvn.io<\/b><\/em><\/span><span style=\"font-weight: 400;\">\u00a0\u0111\u1ec3 nhanh ch\u00f3ng gi\u00fap b\u1ea1n kh\u1eafc ph\u1ee5c s\u1ef1 c\u1ed1 (n\u1ebfu c\u00f3) v\u00e0 c\u1ea3i thi\u1ec7n ch\u1ea5t l\u01b0\u1ee3ng d\u1ecbch v\u1ee5 t\u1ed1t h\u01a1n m\u1ed7i ng\u00e0y. Ho\u1eb7c b\u1ea1n c\u00f3 th\u1ec3 \u0111\u1ec3 l\u1ea1i \u0111\u00e1nh gi\u00e1 \u1edf c\u00e1c n\u1ec1n t\u1ea3ng n\u00eau tr\u00ean.<\/span><\/p>\n<h4 id=\"official_channels\"><strong>Danh s\u00e1ch k\u00eanh b\u00e1n h\u00e0ng ch\u00ednh th\u1ee9c c\u1ee7a BV Shop?<\/strong><\/h4>\n<p>B\u1ea1n c\u00f3 th\u1ec3 xem <a href=\"https:\/\/bitcoinvn.io\/shop-2\/vi\/danh-sach-kenh-chinh-thuc\/\">danh s\u00e1ch k\u00eanh ch\u00ednh th\u1ee9c c\u1ee7a BV Shop t\u1ea1i \u0111\u00e2y<\/a>.<\/p>\n<h4 id=\"delivery_time\">Th\u1eddi gian v\u1eadn chuy\u1ec3n (ship h\u00e0ng) bao l\u00e2u?<\/h4>\n<p>Th\u1eddi gian giao h\u00e0ng kho\u1ea3ng 1 ng\u00e0y l\u00e0m vi\u1ec7c t\u1ea1i TP. H\u1ed3 Ch\u00ed Minh, v\u00e0 kho\u1ea3ng 3-4 ng\u00e0y l\u00e0m vi\u1ec7c \u0111\u1ed1i v\u1edbi nh\u1eefng t\u1ec9nh th\u00e0nh kh\u00e1c.<\/p>\n<h4 id=\"delivery_time\">Quy \u0111\u1ecbnh \u0111\u1ed5i tr\u1ea3 s\u1ea3n ph\u1ea9m t\u1ea1i BitcoinVN Shop<\/h4>\n<p>Khi nh\u1eadn h\u00e0ng, qu\u00fd kh\u00e1ch vui l\u00f2ng y\u00eau c\u1ea7u nh\u00e2n vi\u00ean giao h\u00e0ng quay video \u0111\u1ed3ng ki\u1ec3m s\u1ea3n ph\u1ea9m. Qu\u00fd kh\u00e1ch c\u00f3 th\u1ec3 m\u1edf h\u1ed9p carton \u0111\u1ec3 ki\u1ec3m tra t\u00ecnh tr\u1ea1ng seal c\u1ee7a h\u1ed9p s\u1ea3n ph\u1ea9m, \u0111\u1ea3m b\u1ea3o seal v\u1eabn c\u00f2n nguy\u00ean v\u1eb9n. Trong tr\u01b0\u1eddng h\u1ee3p shop \u0111\u00e3 giao \u0111\u00fang s\u1ea3n ph\u1ea9m, seal c\u00f2n nguy\u00ean v\u1eb9n v\u00e0 s\u1ea3n ph\u1ea9m kh\u00f4ng c\u00f3 l\u1ed7i ph\u1ea7n c\u1ee9ng hay k\u1ef9 thu\u1eadt, BitcoinVN Shop xin ph\u00e9p kh\u00f4ng nh\u1eadn \u0111\u1ed5i tr\u1ea3 h\u00e0ng v\u00ec b\u1ea5t k\u1ef3 l\u00fd do n\u00e0o.<\/p>\n<p>N\u1ebfu qu\u00fd kh\u00e1ch c\u1ea7n h\u1ed7 tr\u1ee3 th\u00eam, vui l\u00f2ng li\u00ean h\u1ec7 v\u1edbi fanpage <strong><a href=\"https:\/\/www.facebook.com\/BitcoinVNShop\/?locale=vi_VN\" target=\"_blank\" rel=\"noopener\">Vilanh BTC BitcoinVN Shop<\/a> <\/strong>\u00a0ho\u1eb7c g\u1ecdi s\u1ed1 \u0111i\u1ec7n tho\u1ea1i <strong>098 345 8907<\/strong> \u0111\u1ec3 \u0111\u01b0\u1ee3c h\u1ed7 tr\u1ee3.<\/p>\n","protected":false},"excerpt":{"rendered":"<p>L\u00e0m sao nh\u1eadn Voucher\/\u01afu \u0110\u00e3i? Mua s\u1ed1 l\u01b0\u1ee3ng l\u1edbn c\u00f3 chi\u1ebft kh\u1ea5u g\u00ec kh\u00f4ng? L\u00e0m th\u1ebf n\u00e0o \u0111\u1ec3 mua h\u00e0ng? Ph\u00ed v\u1eadn chuy\u1ec3n bao nhi\u00eau? Ph\u01b0\u01a1ng th\u1ee9c thanh to\u00e1n? Mua tr\u1ef1c ti\u1ebfp? Quy\u1ec1n ri\u00eang t\u01b0? B\u1ea3o h\u00e0nh s\u1ea3n ph\u1ea9m? Ch\u00ednh s\u00e1ch b\u1ea3o h\u00e0nh c\u1ee7a Coinkite \u0110\u00e1nh gi\u00e1 d\u1ecbch v\u1ee5 Danh s\u00e1ch k\u00eanh b\u00e1n h\u00e0ng ch\u00ednh [&hellip;]<\/p>\n","protected":false},"author":4,"featured_media":0,"parent":0,"menu_order":0,"comment_status":"closed","ping_status":"closed","template":"","meta":{"footnotes":""},"class_list":["post-3876","page","type-page","status-publish","hentry"],"yoast_head":"<!-- This site is optimized with the Yoast SEO plugin v27.2 - https:\/\/yoast.com\/product\/yoast-seo-wordpress\/ -->\n<title>C\u00e2u H\u1ecfi Th\u01b0\u1eddng G\u1eb7p - BitcoinVN Shop<\/title>\n<meta name=\"description\" content=\"Voucher\/\u01afu \u0111\u00e3i? Gi\u1ea3m gi\u00e1 mua s\u1ed1 l\u01b0\u1ee3ng l\u1edbn? L\u00e0m th\u1ebf n\u00e0o \u0111\u1ec3 mua? Ph\u00ed v\u1eadn chuy\u1ec3n? Ph\u01b0\u01a1ng th\u1ee9c thanh to\u00e1n? Mua tr\u1ef1c ti\u1ebfp? S\u1ef1 ri\u00eang t\u01b0? B\u1ea3o h\u00e0nh s\u1ea3n ph\u1ea9m? \u0110\u00e1nh gi\u00e1 d\u1ecbch v\u1ee5?\" \/>\n<meta name=\"robots\" content=\"index, follow, max-snippet:-1, max-image-preview:large, max-video-preview:-1\" \/>\n<link rel=\"canonical\" href=\"https:\/\/bitcoinvn.io\/shop-2\/vi\/faq\/\" \/>\n<meta property=\"og:locale\" content=\"en_US\" \/>\n<meta property=\"og:type\" content=\"article\" \/>\n<meta property=\"og:title\" content=\"C\u00e2u H\u1ecfi Th\u01b0\u1eddng G\u1eb7p - BitcoinVN Shop\" \/>\n<meta property=\"og:description\" content=\"Voucher\/\u01afu \u0111\u00e3i? Gi\u1ea3m gi\u00e1 mua s\u1ed1 l\u01b0\u1ee3ng l\u1edbn? L\u00e0m th\u1ebf n\u00e0o \u0111\u1ec3 mua? Ph\u00ed v\u1eadn chuy\u1ec3n? Ph\u01b0\u01a1ng th\u1ee9c thanh to\u00e1n? Mua tr\u1ef1c ti\u1ebfp? S\u1ef1 ri\u00eang t\u01b0? B\u1ea3o h\u00e0nh s\u1ea3n ph\u1ea9m? \u0110\u00e1nh gi\u00e1 d\u1ecbch v\u1ee5?\" \/>\n<meta property=\"og:url\" content=\"https:\/\/bitcoinvn.io\/shop-2\/vi\/faq\/\" \/>\n<meta property=\"og:site_name\" content=\"BitcoinVN Shop\" \/>\n<meta property=\"article:publisher\" content=\"https:\/\/www.facebook.com\/BitcoinVNShop\/\" \/>\n<meta property=\"article:modified_time\" content=\"2025-06-11T01:04:46+00:00\" \/>\n<meta property=\"og:image\" content=\"https:\/\/bitcoinvn.io\/shop-2\/wp-content\/uploads\/2023\/08\/bvshop-twitter-card.jpg\" \/>\n\t<meta property=\"og:image:width\" content=\"1200\" \/>\n\t<meta property=\"og:image:height\" content=\"675\" \/>\n\t<meta property=\"og:image:type\" content=\"image\/jpeg\" \/>\n<meta name=\"twitter:card\" content=\"summary_large_image\" \/>\n<meta name=\"twitter:site\" content=\"@bitcoinvnshop\" \/>\n<meta name=\"twitter:label1\" content=\"Est. reading time\" \/>\n\t<meta name=\"twitter:data1\" content=\"4 minutes\" \/>\n<script type=\"application\/ld+json\" class=\"yoast-schema-graph\">{\"@context\":\"https:\/\/schema.org\",\"@graph\":[{\"@type\":\"WebPage\",\"@id\":\"https:\/\/bitcoinvn.io\/shop-2\/vi\/faq\/\",\"url\":\"https:\/\/bitcoinvn.io\/shop-2\/vi\/faq\/\",\"name\":\"C\u00e2u H\u1ecfi Th\u01b0\u1eddng G\u1eb7p - BitcoinVN Shop\",\"isPartOf\":{\"@id\":\"https:\/\/bitcoinvn.io\/shop-2\/#website\"},\"datePublished\":\"2022-12-15T04:00:35+00:00\",\"dateModified\":\"2025-06-11T01:04:46+00:00\",\"description\":\"Voucher\/\u01afu \u0111\u00e3i? Gi\u1ea3m gi\u00e1 mua s\u1ed1 l\u01b0\u1ee3ng l\u1edbn? L\u00e0m th\u1ebf n\u00e0o \u0111\u1ec3 mua? Ph\u00ed v\u1eadn chuy\u1ec3n? Ph\u01b0\u01a1ng th\u1ee9c thanh to\u00e1n? Mua tr\u1ef1c ti\u1ebfp? S\u1ef1 ri\u00eang t\u01b0? B\u1ea3o h\u00e0nh s\u1ea3n ph\u1ea9m? \u0110\u00e1nh gi\u00e1 d\u1ecbch v\u1ee5?\",\"breadcrumb\":{\"@id\":\"https:\/\/bitcoinvn.io\/shop-2\/vi\/faq\/#breadcrumb\"},\"inLanguage\":\"en-US\",\"potentialAction\":[{\"@type\":\"ReadAction\",\"target\":[\"https:\/\/bitcoinvn.io\/shop-2\/vi\/faq\/\"]}]},{\"@type\":\"BreadcrumbList\",\"@id\":\"https:\/\/bitcoinvn.io\/shop-2\/vi\/faq\/#breadcrumb\",\"itemListElement\":[{\"@type\":\"ListItem\",\"position\":1,\"name\":\"Home\",\"item\":\"https:\/\/bitcoinvn.io\/shop-2\/store\/\"},{\"@type\":\"ListItem\",\"position\":2,\"name\":\"C\u00e2u H\u1ecfi Th\u01b0\u1eddng G\u1eb7p\"}]},{\"@type\":\"WebSite\",\"@id\":\"https:\/\/bitcoinvn.io\/shop-2\/#website\",\"url\":\"https:\/\/bitcoinvn.io\/shop-2\/\",\"name\":\"BitcoinVN Shop\",\"description\":\"Official Hardware Wallet Distributor in Vietnam\",\"publisher\":{\"@id\":\"https:\/\/bitcoinvn.io\/shop-2\/#organization\"},\"potentialAction\":[{\"@type\":\"SearchAction\",\"target\":{\"@type\":\"EntryPoint\",\"urlTemplate\":\"https:\/\/bitcoinvn.io\/shop-2\/?s={search_term_string}\"},\"query-input\":{\"@type\":\"PropertyValueSpecification\",\"valueRequired\":true,\"valueName\":\"search_term_string\"}}],\"inLanguage\":\"en-US\"},{\"@type\":\"Organization\",\"@id\":\"https:\/\/bitcoinvn.io\/shop-2\/#organization\",\"name\":\"BitcoinVN Shop\",\"url\":\"https:\/\/bitcoinvn.io\/shop-2\/\",\"logo\":{\"@type\":\"ImageObject\",\"inLanguage\":\"en-US\",\"@id\":\"https:\/\/bitcoinvn.io\/shop-2\/#\/schema\/logo\/image\/\",\"url\":\"https:\/\/bitcoinvn.io\/shop-2\/wp-content\/uploads\/2021\/03\/logo-bitcoinvn-shop.jpg\",\"contentUrl\":\"https:\/\/bitcoinvn.io\/shop-2\/wp-content\/uploads\/2021\/03\/logo-bitcoinvn-shop.jpg\",\"width\":1200,\"height\":675,\"caption\":\"BitcoinVN Shop\"},\"image\":{\"@id\":\"https:\/\/bitcoinvn.io\/shop-2\/#\/schema\/logo\/image\/\"},\"sameAs\":[\"https:\/\/www.facebook.com\/BitcoinVNShop\/\",\"https:\/\/x.com\/bitcoinvnshop\"]}]}<\/script>\n<!-- \/ Yoast SEO plugin. -->","yoast_head_json":{"title":"C\u00e2u H\u1ecfi Th\u01b0\u1eddng G\u1eb7p - BitcoinVN Shop","description":"Voucher\/\u01afu \u0111\u00e3i? Gi\u1ea3m gi\u00e1 mua s\u1ed1 l\u01b0\u1ee3ng l\u1edbn? L\u00e0m th\u1ebf n\u00e0o \u0111\u1ec3 mua? Ph\u00ed v\u1eadn chuy\u1ec3n? Ph\u01b0\u01a1ng th\u1ee9c thanh to\u00e1n? Mua tr\u1ef1c ti\u1ebfp? S\u1ef1 ri\u00eang t\u01b0? B\u1ea3o h\u00e0nh s\u1ea3n ph\u1ea9m? \u0110\u00e1nh gi\u00e1 d\u1ecbch v\u1ee5?","robots":{"index":"index","follow":"follow","max-snippet":"max-snippet:-1","max-image-preview":"max-image-preview:large","max-video-preview":"max-video-preview:-1"},"canonical":"https:\/\/bitcoinvn.io\/shop-2\/vi\/faq\/","og_locale":"en_US","og_type":"article","og_title":"C\u00e2u H\u1ecfi Th\u01b0\u1eddng G\u1eb7p - BitcoinVN Shop","og_description":"Voucher\/\u01afu \u0111\u00e3i? Gi\u1ea3m gi\u00e1 mua s\u1ed1 l\u01b0\u1ee3ng l\u1edbn? L\u00e0m th\u1ebf n\u00e0o \u0111\u1ec3 mua? Ph\u00ed v\u1eadn chuy\u1ec3n? Ph\u01b0\u01a1ng th\u1ee9c thanh to\u00e1n? Mua tr\u1ef1c ti\u1ebfp? S\u1ef1 ri\u00eang t\u01b0? B\u1ea3o h\u00e0nh s\u1ea3n ph\u1ea9m? \u0110\u00e1nh gi\u00e1 d\u1ecbch v\u1ee5?","og_url":"https:\/\/bitcoinvn.io\/shop-2\/vi\/faq\/","og_site_name":"BitcoinVN Shop","article_publisher":"https:\/\/www.facebook.com\/BitcoinVNShop\/","article_modified_time":"2025-06-11T01:04:46+00:00","og_image":[{"width":1200,"height":675,"url":"https:\/\/bitcoinvn.io\/shop-2\/wp-content\/uploads\/2023\/08\/bvshop-twitter-card.jpg","type":"image\/jpeg"}],"twitter_card":"summary_large_image","twitter_site":"@bitcoinvnshop","twitter_misc":{"Est. reading time":"4 minutes"},"schema":{"@context":"https:\/\/schema.org","@graph":[{"@type":"WebPage","@id":"https:\/\/bitcoinvn.io\/shop-2\/vi\/faq\/","url":"https:\/\/bitcoinvn.io\/shop-2\/vi\/faq\/","name":"C\u00e2u H\u1ecfi Th\u01b0\u1eddng G\u1eb7p - BitcoinVN Shop","isPartOf":{"@id":"https:\/\/bitcoinvn.io\/shop-2\/#website"},"datePublished":"2022-12-15T04:00:35+00:00","dateModified":"2025-06-11T01:04:46+00:00","description":"Voucher\/\u01afu \u0111\u00e3i? Gi\u1ea3m gi\u00e1 mua s\u1ed1 l\u01b0\u1ee3ng l\u1edbn? L\u00e0m th\u1ebf n\u00e0o \u0111\u1ec3 mua? Ph\u00ed v\u1eadn chuy\u1ec3n? Ph\u01b0\u01a1ng th\u1ee9c thanh to\u00e1n? Mua tr\u1ef1c ti\u1ebfp? S\u1ef1 ri\u00eang t\u01b0? B\u1ea3o h\u00e0nh s\u1ea3n ph\u1ea9m? \u0110\u00e1nh gi\u00e1 d\u1ecbch v\u1ee5?","breadcrumb":{"@id":"https:\/\/bitcoinvn.io\/shop-2\/vi\/faq\/#breadcrumb"},"inLanguage":"en-US","potentialAction":[{"@type":"ReadAction","target":["https:\/\/bitcoinvn.io\/shop-2\/vi\/faq\/"]}]},{"@type":"BreadcrumbList","@id":"https:\/\/bitcoinvn.io\/shop-2\/vi\/faq\/#breadcrumb","itemListElement":[{"@type":"ListItem","position":1,"name":"Home","item":"https:\/\/bitcoinvn.io\/shop-2\/store\/"},{"@type":"ListItem","position":2,"name":"C\u00e2u H\u1ecfi Th\u01b0\u1eddng G\u1eb7p"}]},{"@type":"WebSite","@id":"https:\/\/bitcoinvn.io\/shop-2\/#website","url":"https:\/\/bitcoinvn.io\/shop-2\/","name":"BitcoinVN Shop","description":"Official Hardware Wallet Distributor in Vietnam","publisher":{"@id":"https:\/\/bitcoinvn.io\/shop-2\/#organization"},"potentialAction":[{"@type":"SearchAction","target":{"@type":"EntryPoint","urlTemplate":"https:\/\/bitcoinvn.io\/shop-2\/?s={search_term_string}"},"query-input":{"@type":"PropertyValueSpecification","valueRequired":true,"valueName":"search_term_string"}}],"inLanguage":"en-US"},{"@type":"Organization","@id":"https:\/\/bitcoinvn.io\/shop-2\/#organization","name":"BitcoinVN Shop","url":"https:\/\/bitcoinvn.io\/shop-2\/","logo":{"@type":"ImageObject","inLanguage":"en-US","@id":"https:\/\/bitcoinvn.io\/shop-2\/#\/schema\/logo\/image\/","url":"https:\/\/bitcoinvn.io\/shop-2\/wp-content\/uploads\/2021\/03\/logo-bitcoinvn-shop.jpg","contentUrl":"https:\/\/bitcoinvn.io\/shop-2\/wp-content\/uploads\/2021\/03\/logo-bitcoinvn-shop.jpg","width":1200,"height":675,"caption":"BitcoinVN Shop"},"image":{"@id":"https:\/\/bitcoinvn.io\/shop-2\/#\/schema\/logo\/image\/"},"sameAs":["https:\/\/www.facebook.com\/BitcoinVNShop\/","https:\/\/x.com\/bitcoinvnshop"]}]}},"lang":"vi","translations":{"vi":3876,"en":3868,"ja":6210},"pll_sync_post":[],"_links":{"self":[{"href":"https:\/\/bitcoinvn.io\/shop-2\/wp-json\/wp\/v2\/pages\/3876","targetHints":{"allow":["GET"]}}],"collection":[{"href":"https:\/\/bitcoinvn.io\/shop-2\/wp-json\/wp\/v2\/pages"}],"about":[{"href":"https:\/\/bitcoinvn.io\/shop-2\/wp-json\/wp\/v2\/types\/page"}],"author":[{"embeddable":true,"href":"https:\/\/bitcoinvn.io\/shop-2\/wp-json\/wp\/v2\/users\/4"}],"replies":[{"embeddable":true,"href":"https:\/\/bitcoinvn.io\/shop-2\/wp-json\/wp\/v2\/comments?post=3876"}],"version-history":[{"count":20,"href":"https:\/\/bitcoinvn.io\/shop-2\/wp-json\/wp\/v2\/pages\/3876\/revisions"}],"predecessor-version":[{"id":6132,"href":"https:\/\/bitcoinvn.io\/shop-2\/wp-json\/wp\/v2\/pages\/3876\/revisions\/6132"}],"wp:attachment":[{"href":"https:\/\/bitcoinvn.io\/shop-2\/wp-json\/wp\/v2\/media?parent=3876"}],"curies":[{"name":"wp","href":"https:\/\/api.w.org\/{rel}","templated":true}]}}